{"id":10720,"date":"2024-04-04T11:08:50","date_gmt":"2024-04-04T09:08:50","guid":{"rendered":"https:\/\/oenobiol.com\/produits\/sun-expert-preparateur-solaire-peau-sensible\/"},"modified":"2024-06-27T16:48:06","modified_gmt":"2024-06-27T14:48:06","slug":"sun-expert-solar-preparator-sensitive-skin","status":"publish","type":"product","link":"https:\/\/oenobiol.com\/en_fr\/products\/sun-expert-solar-preparator-sensitive-skin\/","title":{"rendered":"Sun expert solar preparator Sensitive Skin"},"content":{"rendered":"<p>SUN EXPERT Solar Peparator is adapted for all skins sensitive to the sun, with an adapted antioxidant4 cellular protection to ensure optimum preparation before sun exposure and to sublimate and intensify your tan\u00b3.<\/p>\n<p>At the heart of its overactivated formula\u00b9, OENOBIOL innovates with Grape Pomace, an exclusive and tested ingredient rich in natural polyphenols, combined with Carotenoids of plant origin and Selenium &amp; Copper.<\/p>\n<p>Supplemented with beneficial antioxidants\u2074 offering an active cellular protection, the skin is ideally prepared for the sun to reveal a sublime and intense tan\u00b3.<\/p>\n","protected":false},"excerpt":{"rendered":"<p>Prepare sensitive skin before sun exposure<\/p>\n","protected":false},"featured_media":10722,"template":"","meta":{"_acf_changed":false,"inline_featured_image":false},"class_list":["post-10720","product","type-product","status-publish","has-post-thumbnail","hentry","product_category-sun-preparators"],"acf":[],"yoast_head":"<!-- This site is optimized with the Yoast SEO plugin v27.4 - https:\/\/yoast.com\/product\/yoast-seo-wordpress\/ -->\n<title>SUN EXPERT Pr\u00e9paration solaire peau sensible - OENOBIOL<\/title>\n<meta name=\"description\" content=\"Pr\u00e9parez votre peau sensible au soleil pour un bronzage sublim\u00e9 et prolong\u00e9 avec les compl\u00e9ments alimentaires OENOBIOL SUN EXPERT Peau Sensible.\" \/>\n<meta name=\"robots\" content=\"index, follow, max-snippet:-1, max-image-preview:large, max-video-preview:-1\" \/>\n<link rel=\"canonical\" href=\"https:\/\/oenobiol.com\/en_fr\/products\/sun-expert-solar-preparator-sensitive-skin\/\" \/>\n<meta property=\"og:locale\" content=\"en_US\" \/>\n<meta property=\"og:type\" content=\"article\" \/>\n<meta property=\"og:title\" content=\"SUN EXPERT Pr\u00e9paration solaire peau sensible - OENOBIOL\" \/>\n<meta property=\"og:description\" content=\"Pr\u00e9parez votre peau sensible au soleil pour un bronzage sublim\u00e9 et prolong\u00e9 avec les compl\u00e9ments alimentaires OENOBIOL SUN EXPERT Peau Sensible.\" \/>\n<meta property=\"og:url\" content=\"https:\/\/oenobiol.com\/en_fr\/products\/sun-expert-solar-preparator-sensitive-skin\/\" \/>\n<meta property=\"og:site_name\" content=\"Oenobiol\" \/>\n<meta property=\"article:modified_time\" content=\"2024-06-27T14:48:06+00:00\" \/>\n<meta property=\"og:image\" content=\"https:\/\/oenobiol.com\/app\/uploads\/2024\/04\/packshot-produit-350x350px-5.png\" \/>\n\t<meta property=\"og:image:width\" content=\"350\" \/>\n\t<meta property=\"og:image:height\" content=\"350\" \/>\n\t<meta property=\"og:image:type\" content=\"image\/png\" \/>\n<meta name=\"twitter:card\" content=\"summary_large_image\" \/>\n<meta name=\"twitter:label1\" content=\"Est. reading time\" \/>\n\t<meta name=\"twitter:data1\" content=\"1 minute\" \/>\n<script type=\"application\/ld+json\" class=\"yoast-schema-graph\">{\"@context\":\"https:\\\/\\\/schema.org\",\"@graph\":[{\"@type\":\"WebPage\",\"@id\":\"https:\\\/\\\/oenobiol.com\\\/en_fr\\\/products\\\/sun-expert-solar-preparator-sensitive-skin\\\/\",\"url\":\"https:\\\/\\\/oenobiol.com\\\/en_fr\\\/products\\\/sun-expert-solar-preparator-sensitive-skin\\\/\",\"name\":\"SUN EXPERT Pr\u00e9paration solaire peau sensible - OENOBIOL\",\"isPartOf\":{\"@id\":\"https:\\\/\\\/oenobiol.com\\\/en_fr\\\/#website\"},\"primaryImageOfPage\":{\"@id\":\"https:\\\/\\\/oenobiol.com\\\/en_fr\\\/products\\\/sun-expert-solar-preparator-sensitive-skin\\\/#primaryimage\"},\"image\":{\"@id\":\"https:\\\/\\\/oenobiol.com\\\/en_fr\\\/products\\\/sun-expert-solar-preparator-sensitive-skin\\\/#primaryimage\"},\"thumbnailUrl\":\"https:\\\/\\\/oenobiol.com\\\/app\\\/uploads\\\/2024\\\/04\\\/packshot-produit-350x350px-5.png\",\"datePublished\":\"2024-04-04T09:08:50+00:00\",\"dateModified\":\"2024-06-27T14:48:06+00:00\",\"description\":\"Pr\u00e9parez votre peau sensible au soleil pour un bronzage sublim\u00e9 et prolong\u00e9 avec les compl\u00e9ments alimentaires OENOBIOL SUN EXPERT Peau Sensible.\",\"breadcrumb\":{\"@id\":\"https:\\\/\\\/oenobiol.com\\\/en_fr\\\/products\\\/sun-expert-solar-preparator-sensitive-skin\\\/#breadcrumb\"},\"inLanguage\":\"en-FR-\",\"potentialAction\":[{\"@type\":\"ReadAction\",\"target\":[\"https:\\\/\\\/oenobiol.com\\\/en_fr\\\/products\\\/sun-expert-solar-preparator-sensitive-skin\\\/\"]}]},{\"@type\":\"ImageObject\",\"inLanguage\":\"en-FR-\",\"@id\":\"https:\\\/\\\/oenobiol.com\\\/en_fr\\\/products\\\/sun-expert-solar-preparator-sensitive-skin\\\/#primaryimage\",\"url\":\"https:\\\/\\\/oenobiol.com\\\/app\\\/uploads\\\/2024\\\/04\\\/packshot-produit-350x350px-5.png\",\"contentUrl\":\"https:\\\/\\\/oenobiol.com\\\/app\\\/uploads\\\/2024\\\/04\\\/packshot-produit-350x350px-5.png\",\"width\":350,\"height\":350,\"caption\":\"packshot sun expert pr\u00e9parateur solaire peaux sensibles\"},{\"@type\":\"BreadcrumbList\",\"@id\":\"https:\\\/\\\/oenobiol.com\\\/en_fr\\\/products\\\/sun-expert-solar-preparator-sensitive-skin\\\/#breadcrumb\",\"itemListElement\":[{\"@type\":\"ListItem\",\"position\":1,\"name\":\"Homepage\",\"item\":\"https:\\\/\\\/oenobiol.com\\\/en_fr\\\/\"},{\"@type\":\"ListItem\",\"position\":2,\"name\":\"Sun preparators\",\"item\":\"https:\\\/\\\/oenobiol.com\\\/en_fr\\\/product-range\\\/sun-preparators\\\/\"},{\"@type\":\"ListItem\",\"position\":3,\"name\":\"Sun expert solar preparator Sensitive Skin\"}]},{\"@type\":\"WebSite\",\"@id\":\"https:\\\/\\\/oenobiol.com\\\/en_fr\\\/#website\",\"url\":\"https:\\\/\\\/oenobiol.com\\\/en_fr\\\/\",\"name\":\"Oenobiol\",\"description\":\"\",\"publisher\":{\"@id\":\"https:\\\/\\\/oenobiol.com\\\/en_fr\\\/#organization\"},\"potentialAction\":[{\"@type\":\"SearchAction\",\"target\":{\"@type\":\"EntryPoint\",\"urlTemplate\":\"https:\\\/\\\/oenobiol.com\\\/en_fr\\\/?s={search_term_string}\"},\"query-input\":{\"@type\":\"PropertyValueSpecification\",\"valueRequired\":true,\"valueName\":\"search_term_string\"}}],\"inLanguage\":\"en-FR-\"},{\"@type\":\"Organization\",\"@id\":\"https:\\\/\\\/oenobiol.com\\\/en_fr\\\/#organization\",\"name\":\"Oenobiol\",\"url\":\"https:\\\/\\\/oenobiol.com\\\/en_fr\\\/\",\"logo\":{\"@type\":\"ImageObject\",\"inLanguage\":\"en-FR-\",\"@id\":\"https:\\\/\\\/oenobiol.com\\\/en_fr\\\/#\\\/schema\\\/logo\\\/image\\\/\",\"url\":\"https:\\\/\\\/oenobiol.com\\\/app\\\/uploads\\\/2024\\\/05\\\/logo-en-2.svg\",\"contentUrl\":\"https:\\\/\\\/oenobiol.com\\\/app\\\/uploads\\\/2024\\\/05\\\/logo-en-2.svg\",\"caption\":\"Oenobiol\"},\"image\":{\"@id\":\"https:\\\/\\\/oenobiol.com\\\/en_fr\\\/#\\\/schema\\\/logo\\\/image\\\/\"}}]}<\/script>\n<!-- \/ Yoast SEO plugin. -->","yoast_head_json":{"title":"SUN EXPERT Pr\u00e9paration solaire peau sensible - OENOBIOL","description":"Pr\u00e9parez votre peau sensible au soleil pour un bronzage sublim\u00e9 et prolong\u00e9 avec les compl\u00e9ments alimentaires OENOBIOL SUN EXPERT Peau Sensible.","robots":{"index":"index","follow":"follow","max-snippet":"max-snippet:-1","max-image-preview":"max-image-preview:large","max-video-preview":"max-video-preview:-1"},"canonical":"https:\/\/oenobiol.com\/en_fr\/products\/sun-expert-solar-preparator-sensitive-skin\/","og_locale":"en_US","og_type":"article","og_title":"SUN EXPERT Pr\u00e9paration solaire peau sensible - OENOBIOL","og_description":"Pr\u00e9parez votre peau sensible au soleil pour un bronzage sublim\u00e9 et prolong\u00e9 avec les compl\u00e9ments alimentaires OENOBIOL SUN EXPERT Peau Sensible.","og_url":"https:\/\/oenobiol.com\/en_fr\/products\/sun-expert-solar-preparator-sensitive-skin\/","og_site_name":"Oenobiol","article_modified_time":"2024-06-27T14:48:06+00:00","og_image":[{"width":350,"height":350,"url":"https:\/\/oenobiol.com\/app\/uploads\/2024\/04\/packshot-produit-350x350px-5.png","type":"image\/png"}],"twitter_card":"summary_large_image","twitter_misc":{"Est. reading time":"1 minute"},"schema":{"@context":"https:\/\/schema.org","@graph":[{"@type":"WebPage","@id":"https:\/\/oenobiol.com\/en_fr\/products\/sun-expert-solar-preparator-sensitive-skin\/","url":"https:\/\/oenobiol.com\/en_fr\/products\/sun-expert-solar-preparator-sensitive-skin\/","name":"SUN EXPERT Pr\u00e9paration solaire peau sensible - OENOBIOL","isPartOf":{"@id":"https:\/\/oenobiol.com\/en_fr\/#website"},"primaryImageOfPage":{"@id":"https:\/\/oenobiol.com\/en_fr\/products\/sun-expert-solar-preparator-sensitive-skin\/#primaryimage"},"image":{"@id":"https:\/\/oenobiol.com\/en_fr\/products\/sun-expert-solar-preparator-sensitive-skin\/#primaryimage"},"thumbnailUrl":"https:\/\/oenobiol.com\/app\/uploads\/2024\/04\/packshot-produit-350x350px-5.png","datePublished":"2024-04-04T09:08:50+00:00","dateModified":"2024-06-27T14:48:06+00:00","description":"Pr\u00e9parez votre peau sensible au soleil pour un bronzage sublim\u00e9 et prolong\u00e9 avec les compl\u00e9ments alimentaires OENOBIOL SUN EXPERT Peau Sensible.","breadcrumb":{"@id":"https:\/\/oenobiol.com\/en_fr\/products\/sun-expert-solar-preparator-sensitive-skin\/#breadcrumb"},"inLanguage":"en-FR-","potentialAction":[{"@type":"ReadAction","target":["https:\/\/oenobiol.com\/en_fr\/products\/sun-expert-solar-preparator-sensitive-skin\/"]}]},{"@type":"ImageObject","inLanguage":"en-FR-","@id":"https:\/\/oenobiol.com\/en_fr\/products\/sun-expert-solar-preparator-sensitive-skin\/#primaryimage","url":"https:\/\/oenobiol.com\/app\/uploads\/2024\/04\/packshot-produit-350x350px-5.png","contentUrl":"https:\/\/oenobiol.com\/app\/uploads\/2024\/04\/packshot-produit-350x350px-5.png","width":350,"height":350,"caption":"packshot sun expert pr\u00e9parateur solaire peaux sensibles"},{"@type":"BreadcrumbList","@id":"https:\/\/oenobiol.com\/en_fr\/products\/sun-expert-solar-preparator-sensitive-skin\/#breadcrumb","itemListElement":[{"@type":"ListItem","position":1,"name":"Homepage","item":"https:\/\/oenobiol.com\/en_fr\/"},{"@type":"ListItem","position":2,"name":"Sun preparators","item":"https:\/\/oenobiol.com\/en_fr\/product-range\/sun-preparators\/"},{"@type":"ListItem","position":3,"name":"Sun expert solar preparator Sensitive Skin"}]},{"@type":"WebSite","@id":"https:\/\/oenobiol.com\/en_fr\/#website","url":"https:\/\/oenobiol.com\/en_fr\/","name":"Oenobiol","description":"","publisher":{"@id":"https:\/\/oenobiol.com\/en_fr\/#organization"},"potentialAction":[{"@type":"SearchAction","target":{"@type":"EntryPoint","urlTemplate":"https:\/\/oenobiol.com\/en_fr\/?s={search_term_string}"},"query-input":{"@type":"PropertyValueSpecification","valueRequired":true,"valueName":"search_term_string"}}],"inLanguage":"en-FR-"},{"@type":"Organization","@id":"https:\/\/oenobiol.com\/en_fr\/#organization","name":"Oenobiol","url":"https:\/\/oenobiol.com\/en_fr\/","logo":{"@type":"ImageObject","inLanguage":"en-FR-","@id":"https:\/\/oenobiol.com\/en_fr\/#\/schema\/logo\/image\/","url":"https:\/\/oenobiol.com\/app\/uploads\/2024\/05\/logo-en-2.svg","contentUrl":"https:\/\/oenobiol.com\/app\/uploads\/2024\/05\/logo-en-2.svg","caption":"Oenobiol"},"image":{"@id":"https:\/\/oenobiol.com\/en_fr\/#\/schema\/logo\/image\/"}}]}},"_links":{"self":[{"href":"https:\/\/oenobiol.com\/en_fr\/wp-json\/wp\/v2\/product\/10720","targetHints":{"allow":["GET"]}}],"collection":[{"href":"https:\/\/oenobiol.com\/en_fr\/wp-json\/wp\/v2\/product"}],"about":[{"href":"https:\/\/oenobiol.com\/en_fr\/wp-json\/wp\/v2\/types\/product"}],"wp:featuredmedia":[{"embeddable":true,"href":"https:\/\/oenobiol.com\/en_fr\/wp-json\/wp\/v2\/media\/10722"}],"wp:attachment":[{"href":"https:\/\/oenobiol.com\/en_fr\/wp-json\/wp\/v2\/media?parent=10720"}],"curies":[{"name":"wp","href":"https:\/\/api.w.org\/{rel}","templated":true}]}}