{"id":11816,"date":"2024-04-12T16:21:47","date_gmt":"2024-04-12T14:21:47","guid":{"rendered":"https:\/\/oenobiol.com\/descubrir-oenobiol\/"},"modified":"2024-06-11T12:23:25","modified_gmt":"2024-06-11T10:23:25","slug":"descubrir-oenobiol","status":"publish","type":"page","link":"https:\/\/oenobiol.com\/es_es\/descubrir-oenobiol\/","title":{"rendered":"Descubrir Oenobiol"},"content":{"rendered":"<p>Pionera en complementos alimenticios, la marca OENOBIOL naci\u00f3 en 1985 de la experiencia m\u00e9dica de Marie B\u00e9jot, m\u00e9dico nutricionista, con un ADN \u00fanico arraigado en la Ciencia y la belleza.<\/p>\n","protected":false},"excerpt":{"rendered":"<p>Pionera en complementos alimenticios, la marca OENOBIOL naci\u00f3 en 1985 de la experiencia m\u00e9dica de Marie B\u00e9jot, m\u00e9dico nutricionista, con un ADN \u00fanico arraigado en la Ciencia y la belleza.<\/p>\n","protected":false},"author":2,"featured_media":11818,"parent":0,"menu_order":0,"comment_status":"closed","ping_status":"closed","template":"template-multifocus.php","meta":{"_acf_changed":false,"inline_featured_image":false,"footnotes":""},"class_list":["post-11816","page","type-page","status-publish","has-post-thumbnail","hentry"],"acf":[],"yoast_head":"<!-- This site is optimized with the Yoast SEO plugin v27.0 - https:\/\/yoast.com\/product\/yoast-seo-wordpress\/ -->\n<title>Sitio web oficial de OENOBIOL - complementos alimenticios<\/title>\n<meta name=\"description\" content=\"OENOBIOL es una marca francesa de complementos alimenticios para potenciar su belleza: productos solares, autobronceadores, t\u00f3nicos capilares, etc.\" \/>\n<meta name=\"robots\" content=\"index, follow, max-snippet:-1, max-image-preview:large, max-video-preview:-1\" \/>\n<link rel=\"canonical\" href=\"https:\/\/oenobiol.com\/es_es\/descubrir-oenobiol\/\" \/>\n<meta property=\"og:locale\" content=\"es_ES\" \/>\n<meta property=\"og:type\" content=\"article\" \/>\n<meta property=\"og:title\" content=\"Sitio web oficial de OENOBIOL - complementos alimenticios\" \/>\n<meta property=\"og:description\" content=\"OENOBIOL es una marca francesa de complementos alimenticios para potenciar su belleza: productos solares, autobronceadores, t\u00f3nicos capilares, etc.\" \/>\n<meta property=\"og:url\" content=\"https:\/\/oenobiol.com\/es_es\/descubrir-oenobiol\/\" \/>\n<meta property=\"og:site_name\" content=\"Oenobiol\" \/>\n<meta property=\"article:modified_time\" content=\"2024-06-11T10:23:25+00:00\" \/>\n<meta property=\"og:image\" content=\"https:\/\/oenobiol.com\/app\/uploads\/2024\/04\/visuel-fiche-produit-1-1.png\" \/>\n\t<meta property=\"og:image:width\" content=\"850\" \/>\n\t<meta property=\"og:image:height\" content=\"850\" \/>\n\t<meta property=\"og:image:type\" content=\"image\/png\" \/>\n<meta name=\"twitter:card\" content=\"summary_large_image\" \/>\n<meta name=\"twitter:label1\" content=\"Est. reading time\" \/>\n\t<meta name=\"twitter:data1\" content=\"1 minute\" \/>\n<script type=\"application\/ld+json\" class=\"yoast-schema-graph\">{\"@context\":\"https:\/\/schema.org\",\"@graph\":[{\"@type\":\"WebPage\",\"@id\":\"https:\/\/oenobiol.com\/es_es\/descubrir-oenobiol\/\",\"url\":\"https:\/\/oenobiol.com\/es_es\/descubrir-oenobiol\/\",\"name\":\"Sitio web oficial de OENOBIOL - complementos alimenticios\",\"isPartOf\":{\"@id\":\"https:\/\/oenobiol.com\/es_es\/#website\"},\"primaryImageOfPage\":{\"@id\":\"https:\/\/oenobiol.com\/es_es\/descubrir-oenobiol\/#primaryimage\"},\"image\":{\"@id\":\"https:\/\/oenobiol.com\/es_es\/descubrir-oenobiol\/#primaryimage\"},\"thumbnailUrl\":\"https:\/\/oenobiol.com\/app\/uploads\/2024\/04\/visuel-fiche-produit-1-1.png\",\"datePublished\":\"2024-04-12T14:21:47+00:00\",\"dateModified\":\"2024-06-11T10:23:25+00:00\",\"description\":\"OENOBIOL es una marca francesa de complementos alimenticios para potenciar su belleza: productos solares, autobronceadores, t\u00f3nicos capilares, etc.\",\"breadcrumb\":{\"@id\":\"https:\/\/oenobiol.com\/es_es\/descubrir-oenobiol\/#breadcrumb\"},\"inLanguage\":\"es-ES-\",\"potentialAction\":[{\"@type\":\"ReadAction\",\"target\":[\"https:\/\/oenobiol.com\/es_es\/descubrir-oenobiol\/\"]}]},{\"@type\":\"ImageObject\",\"inLanguage\":\"es-ES-\",\"@id\":\"https:\/\/oenobiol.com\/es_es\/descubrir-oenobiol\/#primaryimage\",\"url\":\"https:\/\/oenobiol.com\/app\/uploads\/2024\/04\/visuel-fiche-produit-1-1.png\",\"contentUrl\":\"https:\/\/oenobiol.com\/app\/uploads\/2024\/04\/visuel-fiche-produit-1-1.png\",\"width\":850,\"height\":850,\"caption\":\"Mannequin Sun Expert\"},{\"@type\":\"BreadcrumbList\",\"@id\":\"https:\/\/oenobiol.com\/es_es\/descubrir-oenobiol\/#breadcrumb\",\"itemListElement\":[{\"@type\":\"ListItem\",\"position\":1,\"name\":\"Inicio\",\"item\":\"https:\/\/oenobiol.com\/es_es\/\"},{\"@type\":\"ListItem\",\"position\":2,\"name\":\"Descubrir Oenobiol\"}]},{\"@type\":\"WebSite\",\"@id\":\"https:\/\/oenobiol.com\/es_es\/#website\",\"url\":\"https:\/\/oenobiol.com\/es_es\/\",\"name\":\"Oenobiol\",\"description\":\"\",\"publisher\":{\"@id\":\"https:\/\/oenobiol.com\/es_es\/#organization\"},\"potentialAction\":[{\"@type\":\"SearchAction\",\"target\":{\"@type\":\"EntryPoint\",\"urlTemplate\":\"https:\/\/oenobiol.com\/es_es\/?s={search_term_string}\"},\"query-input\":{\"@type\":\"PropertyValueSpecification\",\"valueRequired\":true,\"valueName\":\"search_term_string\"}}],\"inLanguage\":\"es-ES-\"},{\"@type\":\"Organization\",\"@id\":\"https:\/\/oenobiol.com\/es_es\/#organization\",\"name\":\"Oenobiol\",\"url\":\"https:\/\/oenobiol.com\/es_es\/\",\"logo\":{\"@type\":\"ImageObject\",\"inLanguage\":\"es-ES-\",\"@id\":\"https:\/\/oenobiol.com\/es_es\/#\/schema\/logo\/image\/\",\"url\":\"https:\/\/oenobiol.com\/app\/uploads\/2024\/05\/logo-baseline-2-1.svg\",\"contentUrl\":\"https:\/\/oenobiol.com\/app\/uploads\/2024\/05\/logo-baseline-2-1.svg\",\"width\":131,\"height\":41,\"caption\":\"Oenobiol\"},\"image\":{\"@id\":\"https:\/\/oenobiol.com\/es_es\/#\/schema\/logo\/image\/\"}}]}<\/script>\n<!-- \/ Yoast SEO plugin. -->","yoast_head_json":{"title":"Sitio web oficial de OENOBIOL - complementos alimenticios","description":"OENOBIOL es una marca francesa de complementos alimenticios para potenciar su belleza: productos solares, autobronceadores, t\u00f3nicos capilares, etc.","robots":{"index":"index","follow":"follow","max-snippet":"max-snippet:-1","max-image-preview":"max-image-preview:large","max-video-preview":"max-video-preview:-1"},"canonical":"https:\/\/oenobiol.com\/es_es\/descubrir-oenobiol\/","og_locale":"es_ES","og_type":"article","og_title":"Sitio web oficial de OENOBIOL - complementos alimenticios","og_description":"OENOBIOL es una marca francesa de complementos alimenticios para potenciar su belleza: productos solares, autobronceadores, t\u00f3nicos capilares, etc.","og_url":"https:\/\/oenobiol.com\/es_es\/descubrir-oenobiol\/","og_site_name":"Oenobiol","article_modified_time":"2024-06-11T10:23:25+00:00","og_image":[{"width":850,"height":850,"url":"https:\/\/oenobiol.com\/app\/uploads\/2024\/04\/visuel-fiche-produit-1-1.png","type":"image\/png"}],"twitter_card":"summary_large_image","twitter_misc":{"Est. reading time":"1 minute"},"schema":{"@context":"https:\/\/schema.org","@graph":[{"@type":"WebPage","@id":"https:\/\/oenobiol.com\/es_es\/descubrir-oenobiol\/","url":"https:\/\/oenobiol.com\/es_es\/descubrir-oenobiol\/","name":"Sitio web oficial de OENOBIOL - complementos alimenticios","isPartOf":{"@id":"https:\/\/oenobiol.com\/es_es\/#website"},"primaryImageOfPage":{"@id":"https:\/\/oenobiol.com\/es_es\/descubrir-oenobiol\/#primaryimage"},"image":{"@id":"https:\/\/oenobiol.com\/es_es\/descubrir-oenobiol\/#primaryimage"},"thumbnailUrl":"https:\/\/oenobiol.com\/app\/uploads\/2024\/04\/visuel-fiche-produit-1-1.png","datePublished":"2024-04-12T14:21:47+00:00","dateModified":"2024-06-11T10:23:25+00:00","description":"OENOBIOL es una marca francesa de complementos alimenticios para potenciar su belleza: productos solares, autobronceadores, t\u00f3nicos capilares, etc.","breadcrumb":{"@id":"https:\/\/oenobiol.com\/es_es\/descubrir-oenobiol\/#breadcrumb"},"inLanguage":"es-ES-","potentialAction":[{"@type":"ReadAction","target":["https:\/\/oenobiol.com\/es_es\/descubrir-oenobiol\/"]}]},{"@type":"ImageObject","inLanguage":"es-ES-","@id":"https:\/\/oenobiol.com\/es_es\/descubrir-oenobiol\/#primaryimage","url":"https:\/\/oenobiol.com\/app\/uploads\/2024\/04\/visuel-fiche-produit-1-1.png","contentUrl":"https:\/\/oenobiol.com\/app\/uploads\/2024\/04\/visuel-fiche-produit-1-1.png","width":850,"height":850,"caption":"Mannequin Sun Expert"},{"@type":"BreadcrumbList","@id":"https:\/\/oenobiol.com\/es_es\/descubrir-oenobiol\/#breadcrumb","itemListElement":[{"@type":"ListItem","position":1,"name":"Inicio","item":"https:\/\/oenobiol.com\/es_es\/"},{"@type":"ListItem","position":2,"name":"Descubrir Oenobiol"}]},{"@type":"WebSite","@id":"https:\/\/oenobiol.com\/es_es\/#website","url":"https:\/\/oenobiol.com\/es_es\/","name":"Oenobiol","description":"","publisher":{"@id":"https:\/\/oenobiol.com\/es_es\/#organization"},"potentialAction":[{"@type":"SearchAction","target":{"@type":"EntryPoint","urlTemplate":"https:\/\/oenobiol.com\/es_es\/?s={search_term_string}"},"query-input":{"@type":"PropertyValueSpecification","valueRequired":true,"valueName":"search_term_string"}}],"inLanguage":"es-ES-"},{"@type":"Organization","@id":"https:\/\/oenobiol.com\/es_es\/#organization","name":"Oenobiol","url":"https:\/\/oenobiol.com\/es_es\/","logo":{"@type":"ImageObject","inLanguage":"es-ES-","@id":"https:\/\/oenobiol.com\/es_es\/#\/schema\/logo\/image\/","url":"https:\/\/oenobiol.com\/app\/uploads\/2024\/05\/logo-baseline-2-1.svg","contentUrl":"https:\/\/oenobiol.com\/app\/uploads\/2024\/05\/logo-baseline-2-1.svg","width":131,"height":41,"caption":"Oenobiol"},"image":{"@id":"https:\/\/oenobiol.com\/es_es\/#\/schema\/logo\/image\/"}}]}},"_links":{"self":[{"href":"https:\/\/oenobiol.com\/es_es\/wp-json\/wp\/v2\/pages\/11816","targetHints":{"allow":["GET"]}}],"collection":[{"href":"https:\/\/oenobiol.com\/es_es\/wp-json\/wp\/v2\/pages"}],"about":[{"href":"https:\/\/oenobiol.com\/es_es\/wp-json\/wp\/v2\/types\/page"}],"author":[{"embeddable":true,"href":"https:\/\/oenobiol.com\/es_es\/wp-json\/wp\/v2\/users\/2"}],"replies":[{"embeddable":true,"href":"https:\/\/oenobiol.com\/es_es\/wp-json\/wp\/v2\/comments?post=11816"}],"version-history":[{"count":6,"href":"https:\/\/oenobiol.com\/es_es\/wp-json\/wp\/v2\/pages\/11816\/revisions"}],"predecessor-version":[{"id":14648,"href":"https:\/\/oenobiol.com\/es_es\/wp-json\/wp\/v2\/pages\/11816\/revisions\/14648"}],"wp:featuredmedia":[{"embeddable":true,"href":"https:\/\/oenobiol.com\/es_es\/wp-json\/wp\/v2\/media\/11818"}],"wp:attachment":[{"href":"https:\/\/oenobiol.com\/es_es\/wp-json\/wp\/v2\/media?parent=11816"}],"curies":[{"name":"wp","href":"https:\/\/api.w.org\/{rel}","templated":true}]}}