{"id":11882,"date":"2024-04-05T00:23:50","date_gmt":"2024-04-04T22:23:50","guid":{"rendered":"https:\/\/oenobiol.com\/contactanos\/"},"modified":"2024-06-05T10:03:36","modified_gmt":"2024-06-05T08:03:36","slug":"contactanos","status":"publish","type":"page","link":"https:\/\/oenobiol.com\/es_es\/contactanos\/","title":{"rendered":"Cont\u00e1ctanos"},"content":{"rendered":"<p>\u00bfAlg\u00fan comentario, alguna pregunta? Todo el equipo de Oenobiol est\u00e1 aqu\u00ed para ayudarte.<\/p>\n","protected":false},"excerpt":{"rendered":"<p>Cont\u00e1ctanos completando el formulario a continuaci\u00f3n:<\/p>\n","protected":false},"author":1,"featured_media":11884,"parent":0,"menu_order":0,"comment_status":"closed","ping_status":"closed","template":"template-contact.php","meta":{"_acf_changed":false,"inline_featured_image":false,"footnotes":""},"class_list":["post-11882","page","type-page","status-publish","has-post-thumbnail","hentry"],"acf":[],"yoast_head":"<!-- This site is optimized with the Yoast SEO plugin v27.0 - https:\/\/yoast.com\/product\/yoast-seo-wordpress\/ -->\n<title>Cont\u00e1ctanos - Oenobiol - complemento alimenticio<\/title>\n<meta name=\"description\" content=\"\u00a1El equipo de Oenobiol est\u00e1 aqu\u00ed para responder a todas tus preguntas sobre cualquier tema! \u00bfNecesitas ayuda? \u00a1Completa el formulario!\" \/>\n<meta name=\"robots\" content=\"index, follow, max-snippet:-1, max-image-preview:large, max-video-preview:-1\" \/>\n<link rel=\"canonical\" href=\"https:\/\/oenobiol.com\/es_es\/contactanos\/\" \/>\n<meta property=\"og:locale\" content=\"es_ES\" \/>\n<meta property=\"og:type\" content=\"article\" \/>\n<meta property=\"og:title\" content=\"Cont\u00e1ctanos - Oenobiol - complemento alimenticio\" \/>\n<meta property=\"og:description\" content=\"\u00a1El equipo de Oenobiol est\u00e1 aqu\u00ed para responder a todas tus preguntas sobre cualquier tema! \u00bfNecesitas ayuda? \u00a1Completa el formulario!\" \/>\n<meta property=\"og:url\" content=\"https:\/\/oenobiol.com\/es_es\/contactanos\/\" \/>\n<meta property=\"og:site_name\" content=\"Oenobiol\" \/>\n<meta property=\"article:modified_time\" content=\"2024-06-05T08:03:36+00:00\" \/>\n<meta property=\"og:image\" content=\"https:\/\/oenobiol.com\/app\/uploads\/2024\/04\/contact-thumbnail.jpg\" \/>\n\t<meta property=\"og:image:width\" content=\"375\" \/>\n\t<meta property=\"og:image:height\" content=\"369\" \/>\n\t<meta property=\"og:image:type\" content=\"image\/jpeg\" \/>\n<meta name=\"twitter:card\" content=\"summary_large_image\" \/>\n<meta name=\"twitter:label1\" content=\"Est. reading time\" \/>\n\t<meta name=\"twitter:data1\" content=\"1 minute\" \/>\n<script type=\"application\/ld+json\" class=\"yoast-schema-graph\">{\"@context\":\"https:\/\/schema.org\",\"@graph\":[{\"@type\":\"WebPage\",\"@id\":\"https:\/\/oenobiol.com\/es_es\/contactanos\/\",\"url\":\"https:\/\/oenobiol.com\/es_es\/contactanos\/\",\"name\":\"Cont\u00e1ctanos - Oenobiol - complemento alimenticio\",\"isPartOf\":{\"@id\":\"https:\/\/oenobiol.com\/es_es\/#website\"},\"primaryImageOfPage\":{\"@id\":\"https:\/\/oenobiol.com\/es_es\/contactanos\/#primaryimage\"},\"image\":{\"@id\":\"https:\/\/oenobiol.com\/es_es\/contactanos\/#primaryimage\"},\"thumbnailUrl\":\"https:\/\/oenobiol.com\/app\/uploads\/2024\/04\/contact-thumbnail.jpg\",\"datePublished\":\"2024-04-04T22:23:50+00:00\",\"dateModified\":\"2024-06-05T08:03:36+00:00\",\"description\":\"\u00a1El equipo de Oenobiol est\u00e1 aqu\u00ed para responder a todas tus preguntas sobre cualquier tema! \u00bfNecesitas ayuda? \u00a1Completa el formulario!\",\"breadcrumb\":{\"@id\":\"https:\/\/oenobiol.com\/es_es\/contactanos\/#breadcrumb\"},\"inLanguage\":\"es-ES-\",\"potentialAction\":[{\"@type\":\"ReadAction\",\"target\":[\"https:\/\/oenobiol.com\/es_es\/contactanos\/\"]}]},{\"@type\":\"ImageObject\",\"inLanguage\":\"es-ES-\",\"@id\":\"https:\/\/oenobiol.com\/es_es\/contactanos\/#primaryimage\",\"url\":\"https:\/\/oenobiol.com\/app\/uploads\/2024\/04\/contact-thumbnail.jpg\",\"contentUrl\":\"https:\/\/oenobiol.com\/app\/uploads\/2024\/04\/contact-thumbnail.jpg\",\"width\":375,\"height\":369,\"caption\":\"Contact - Oenobiol - illustration\"},{\"@type\":\"BreadcrumbList\",\"@id\":\"https:\/\/oenobiol.com\/es_es\/contactanos\/#breadcrumb\",\"itemListElement\":[{\"@type\":\"ListItem\",\"position\":1,\"name\":\"Inicio\",\"item\":\"https:\/\/oenobiol.com\/es_es\/\"},{\"@type\":\"ListItem\",\"position\":2,\"name\":\"Cont\u00e1ctanos\"}]},{\"@type\":\"WebSite\",\"@id\":\"https:\/\/oenobiol.com\/es_es\/#website\",\"url\":\"https:\/\/oenobiol.com\/es_es\/\",\"name\":\"Oenobiol\",\"description\":\"\",\"publisher\":{\"@id\":\"https:\/\/oenobiol.com\/es_es\/#organization\"},\"potentialAction\":[{\"@type\":\"SearchAction\",\"target\":{\"@type\":\"EntryPoint\",\"urlTemplate\":\"https:\/\/oenobiol.com\/es_es\/?s={search_term_string}\"},\"query-input\":{\"@type\":\"PropertyValueSpecification\",\"valueRequired\":true,\"valueName\":\"search_term_string\"}}],\"inLanguage\":\"es-ES-\"},{\"@type\":\"Organization\",\"@id\":\"https:\/\/oenobiol.com\/es_es\/#organization\",\"name\":\"Oenobiol\",\"url\":\"https:\/\/oenobiol.com\/es_es\/\",\"logo\":{\"@type\":\"ImageObject\",\"inLanguage\":\"es-ES-\",\"@id\":\"https:\/\/oenobiol.com\/es_es\/#\/schema\/logo\/image\/\",\"url\":\"https:\/\/oenobiol.com\/app\/uploads\/2024\/05\/logo-baseline-2-1.svg\",\"contentUrl\":\"https:\/\/oenobiol.com\/app\/uploads\/2024\/05\/logo-baseline-2-1.svg\",\"width\":131,\"height\":41,\"caption\":\"Oenobiol\"},\"image\":{\"@id\":\"https:\/\/oenobiol.com\/es_es\/#\/schema\/logo\/image\/\"}}]}<\/script>\n<!-- \/ Yoast SEO plugin. -->","yoast_head_json":{"title":"Cont\u00e1ctanos - Oenobiol - complemento alimenticio","description":"\u00a1El equipo de Oenobiol est\u00e1 aqu\u00ed para responder a todas tus preguntas sobre cualquier tema! \u00bfNecesitas ayuda? \u00a1Completa el formulario!","robots":{"index":"index","follow":"follow","max-snippet":"max-snippet:-1","max-image-preview":"max-image-preview:large","max-video-preview":"max-video-preview:-1"},"canonical":"https:\/\/oenobiol.com\/es_es\/contactanos\/","og_locale":"es_ES","og_type":"article","og_title":"Cont\u00e1ctanos - Oenobiol - complemento alimenticio","og_description":"\u00a1El equipo de Oenobiol est\u00e1 aqu\u00ed para responder a todas tus preguntas sobre cualquier tema! \u00bfNecesitas ayuda? \u00a1Completa el formulario!","og_url":"https:\/\/oenobiol.com\/es_es\/contactanos\/","og_site_name":"Oenobiol","article_modified_time":"2024-06-05T08:03:36+00:00","og_image":[{"width":375,"height":369,"url":"https:\/\/oenobiol.com\/app\/uploads\/2024\/04\/contact-thumbnail.jpg","type":"image\/jpeg"}],"twitter_card":"summary_large_image","twitter_misc":{"Est. reading time":"1 minute"},"schema":{"@context":"https:\/\/schema.org","@graph":[{"@type":"WebPage","@id":"https:\/\/oenobiol.com\/es_es\/contactanos\/","url":"https:\/\/oenobiol.com\/es_es\/contactanos\/","name":"Cont\u00e1ctanos - Oenobiol - complemento alimenticio","isPartOf":{"@id":"https:\/\/oenobiol.com\/es_es\/#website"},"primaryImageOfPage":{"@id":"https:\/\/oenobiol.com\/es_es\/contactanos\/#primaryimage"},"image":{"@id":"https:\/\/oenobiol.com\/es_es\/contactanos\/#primaryimage"},"thumbnailUrl":"https:\/\/oenobiol.com\/app\/uploads\/2024\/04\/contact-thumbnail.jpg","datePublished":"2024-04-04T22:23:50+00:00","dateModified":"2024-06-05T08:03:36+00:00","description":"\u00a1El equipo de Oenobiol est\u00e1 aqu\u00ed para responder a todas tus preguntas sobre cualquier tema! \u00bfNecesitas ayuda? \u00a1Completa el formulario!","breadcrumb":{"@id":"https:\/\/oenobiol.com\/es_es\/contactanos\/#breadcrumb"},"inLanguage":"es-ES-","potentialAction":[{"@type":"ReadAction","target":["https:\/\/oenobiol.com\/es_es\/contactanos\/"]}]},{"@type":"ImageObject","inLanguage":"es-ES-","@id":"https:\/\/oenobiol.com\/es_es\/contactanos\/#primaryimage","url":"https:\/\/oenobiol.com\/app\/uploads\/2024\/04\/contact-thumbnail.jpg","contentUrl":"https:\/\/oenobiol.com\/app\/uploads\/2024\/04\/contact-thumbnail.jpg","width":375,"height":369,"caption":"Contact - Oenobiol - illustration"},{"@type":"BreadcrumbList","@id":"https:\/\/oenobiol.com\/es_es\/contactanos\/#breadcrumb","itemListElement":[{"@type":"ListItem","position":1,"name":"Inicio","item":"https:\/\/oenobiol.com\/es_es\/"},{"@type":"ListItem","position":2,"name":"Cont\u00e1ctanos"}]},{"@type":"WebSite","@id":"https:\/\/oenobiol.com\/es_es\/#website","url":"https:\/\/oenobiol.com\/es_es\/","name":"Oenobiol","description":"","publisher":{"@id":"https:\/\/oenobiol.com\/es_es\/#organization"},"potentialAction":[{"@type":"SearchAction","target":{"@type":"EntryPoint","urlTemplate":"https:\/\/oenobiol.com\/es_es\/?s={search_term_string}"},"query-input":{"@type":"PropertyValueSpecification","valueRequired":true,"valueName":"search_term_string"}}],"inLanguage":"es-ES-"},{"@type":"Organization","@id":"https:\/\/oenobiol.com\/es_es\/#organization","name":"Oenobiol","url":"https:\/\/oenobiol.com\/es_es\/","logo":{"@type":"ImageObject","inLanguage":"es-ES-","@id":"https:\/\/oenobiol.com\/es_es\/#\/schema\/logo\/image\/","url":"https:\/\/oenobiol.com\/app\/uploads\/2024\/05\/logo-baseline-2-1.svg","contentUrl":"https:\/\/oenobiol.com\/app\/uploads\/2024\/05\/logo-baseline-2-1.svg","width":131,"height":41,"caption":"Oenobiol"},"image":{"@id":"https:\/\/oenobiol.com\/es_es\/#\/schema\/logo\/image\/"}}]}},"_links":{"self":[{"href":"https:\/\/oenobiol.com\/es_es\/wp-json\/wp\/v2\/pages\/11882","targetHints":{"allow":["GET"]}}],"collection":[{"href":"https:\/\/oenobiol.com\/es_es\/wp-json\/wp\/v2\/pages"}],"about":[{"href":"https:\/\/oenobiol.com\/es_es\/wp-json\/wp\/v2\/types\/page"}],"author":[{"embeddable":true,"href":"https:\/\/oenobiol.com\/es_es\/wp-json\/wp\/v2\/users\/1"}],"replies":[{"embeddable":true,"href":"https:\/\/oenobiol.com\/es_es\/wp-json\/wp\/v2\/comments?post=11882"}],"version-history":[{"count":2,"href":"https:\/\/oenobiol.com\/es_es\/wp-json\/wp\/v2\/pages\/11882\/revisions"}],"predecessor-version":[{"id":14499,"href":"https:\/\/oenobiol.com\/es_es\/wp-json\/wp\/v2\/pages\/11882\/revisions\/14499"}],"wp:featuredmedia":[{"embeddable":true,"href":"https:\/\/oenobiol.com\/es_es\/wp-json\/wp\/v2\/media\/11884"}],"wp:attachment":[{"href":"https:\/\/oenobiol.com\/es_es\/wp-json\/wp\/v2\/media?parent=11882"}],"curies":[{"name":"wp","href":"https:\/\/api.w.org\/{rel}","templated":true}]}}