{"id":11660,"date":"2024-04-17T18:34:41","date_gmt":"2024-04-17T16:34:41","guid":{"rendered":"https:\/\/oenobiol.com\/produits\/perdida-de-cabello\/"},"modified":"2024-11-19T15:35:09","modified_gmt":"2024-11-19T14:35:09","slug":"perdida-de-cabello","status":"publish","type":"product","link":"https:\/\/oenobiol.com\/es_es\/productos\/perdida-de-cabello\/","title":{"rendered":"P\u00e9rdida de cabello"},"content":{"rendered":"<p>Perdemos entre 40 y 150 cabellos al d\u00eda. Pero, \u00bfsab\u00edas que cuando un pelo se cae, tiene la incre\u00edble capacidad de volver a crecer hasta 20 veces en la vida? Sin embargo, a veces el ritmo de ca\u00edda del cabello aumenta y necesita un est\u00edmulo para volver a crecer.<\/p>\n<p>&nbsp;<\/p>\n<p>Prueba Oenobiol P\u00e9rdida de Cabello. Su exclusiva f\u00f3rmula compuesta por cola de caballo, biotina y vitaminas B y C, ayuda a mantener el cabello* y favorece su crecimiento**. Ayuda a mantener la densidad del cabello* y te hace sentir fuerte de la cabeza a los pies.<\/p>\n","protected":false},"excerpt":{"rendered":"<p> \u00a1 Estimula la fuerza de tu pelo !<\/p>\n","protected":false},"featured_media":11662,"template":"","meta":{"_acf_changed":false,"inline_featured_image":false},"class_list":["post-11660","product","type-product","status-publish","has-post-thumbnail","hentry","product_category-cabello"],"acf":[],"yoast_head":"<!-- This site is optimized with the Yoast SEO plugin v27.0 - https:\/\/yoast.com\/product\/yoast-seo-wordpress\/ -->\n<title>P\u00e9rdida de cabello - Oenobiol<\/title>\n<meta name=\"description\" content=\"Estimula la fuerza de tu pelo gracias a la exclusiva f\u00f3rmula del producto Perdida de cabello Oenobiol\" \/>\n<meta name=\"robots\" content=\"index, follow, max-snippet:-1, max-image-preview:large, max-video-preview:-1\" \/>\n<link rel=\"canonical\" href=\"https:\/\/oenobiol.com\/es_es\/productos\/perdida-de-cabello\/\" \/>\n<meta property=\"og:locale\" content=\"es_ES\" \/>\n<meta property=\"og:type\" content=\"article\" \/>\n<meta property=\"og:title\" content=\"P\u00e9rdida de cabello - Oenobiol\" \/>\n<meta property=\"og:description\" content=\"Estimula la fuerza de tu pelo gracias a la exclusiva f\u00f3rmula del producto Perdida de cabello Oenobiol\" \/>\n<meta property=\"og:url\" content=\"https:\/\/oenobiol.com\/es_es\/productos\/perdida-de-cabello\/\" \/>\n<meta property=\"og:site_name\" content=\"Oenobiol\" \/>\n<meta property=\"article:modified_time\" content=\"2024-11-19T14:35:09+00:00\" \/>\n<meta property=\"og:image\" content=\"https:\/\/oenobiol.com\/app\/uploads\/2024\/04\/perdida-de-cabello-packshot-350x350-px.png\" \/>\n\t<meta property=\"og:image:width\" content=\"350\" \/>\n\t<meta property=\"og:image:height\" content=\"350\" \/>\n\t<meta property=\"og:image:type\" content=\"image\/png\" \/>\n<meta name=\"twitter:card\" content=\"summary_large_image\" \/>\n<meta name=\"twitter:label1\" content=\"Est. reading time\" \/>\n\t<meta name=\"twitter:data1\" content=\"1 minute\" \/>\n<script type=\"application\/ld+json\" class=\"yoast-schema-graph\">{\"@context\":\"https:\/\/schema.org\",\"@graph\":[{\"@type\":\"WebPage\",\"@id\":\"https:\/\/oenobiol.com\/es_es\/productos\/perdida-de-cabello\/\",\"url\":\"https:\/\/oenobiol.com\/es_es\/productos\/perdida-de-cabello\/\",\"name\":\"P\u00e9rdida de cabello - Oenobiol\",\"isPartOf\":{\"@id\":\"https:\/\/oenobiol.com\/es_es\/#website\"},\"primaryImageOfPage\":{\"@id\":\"https:\/\/oenobiol.com\/es_es\/productos\/perdida-de-cabello\/#primaryimage\"},\"image\":{\"@id\":\"https:\/\/oenobiol.com\/es_es\/productos\/perdida-de-cabello\/#primaryimage\"},\"thumbnailUrl\":\"https:\/\/oenobiol.com\/app\/uploads\/2024\/04\/perdida-de-cabello-packshot-350x350-px.png\",\"datePublished\":\"2024-04-17T16:34:41+00:00\",\"dateModified\":\"2024-11-19T14:35:09+00:00\",\"description\":\"Estimula la fuerza de tu pelo gracias a la exclusiva f\u00f3rmula del producto Perdida de cabello Oenobiol\",\"breadcrumb\":{\"@id\":\"https:\/\/oenobiol.com\/es_es\/productos\/perdida-de-cabello\/#breadcrumb\"},\"inLanguage\":\"es-ES-\",\"potentialAction\":[{\"@type\":\"ReadAction\",\"target\":[\"https:\/\/oenobiol.com\/es_es\/productos\/perdida-de-cabello\/\"]}]},{\"@type\":\"ImageObject\",\"inLanguage\":\"es-ES-\",\"@id\":\"https:\/\/oenobiol.com\/es_es\/productos\/perdida-de-cabello\/#primaryimage\",\"url\":\"https:\/\/oenobiol.com\/app\/uploads\/2024\/04\/perdida-de-cabello-packshot-350x350-px.png\",\"contentUrl\":\"https:\/\/oenobiol.com\/app\/uploads\/2024\/04\/perdida-de-cabello-packshot-350x350-px.png\",\"width\":350,\"height\":350,\"caption\":\"Perdida de cabello packshot\"},{\"@type\":\"BreadcrumbList\",\"@id\":\"https:\/\/oenobiol.com\/es_es\/productos\/perdida-de-cabello\/#breadcrumb\",\"itemListElement\":[{\"@type\":\"ListItem\",\"position\":1,\"name\":\"Inicio\",\"item\":\"https:\/\/oenobiol.com\/es_es\/\"},{\"@type\":\"ListItem\",\"position\":2,\"name\":\"Cabello\",\"item\":\"https:\/\/oenobiol.com\/es_es\/lineas\/cabello\/\"},{\"@type\":\"ListItem\",\"position\":3,\"name\":\"P\u00e9rdida de cabello\"}]},{\"@type\":\"WebSite\",\"@id\":\"https:\/\/oenobiol.com\/es_es\/#website\",\"url\":\"https:\/\/oenobiol.com\/es_es\/\",\"name\":\"Oenobiol\",\"description\":\"\",\"publisher\":{\"@id\":\"https:\/\/oenobiol.com\/es_es\/#organization\"},\"potentialAction\":[{\"@type\":\"SearchAction\",\"target\":{\"@type\":\"EntryPoint\",\"urlTemplate\":\"https:\/\/oenobiol.com\/es_es\/?s={search_term_string}\"},\"query-input\":{\"@type\":\"PropertyValueSpecification\",\"valueRequired\":true,\"valueName\":\"search_term_string\"}}],\"inLanguage\":\"es-ES-\"},{\"@type\":\"Organization\",\"@id\":\"https:\/\/oenobiol.com\/es_es\/#organization\",\"name\":\"Oenobiol\",\"url\":\"https:\/\/oenobiol.com\/es_es\/\",\"logo\":{\"@type\":\"ImageObject\",\"inLanguage\":\"es-ES-\",\"@id\":\"https:\/\/oenobiol.com\/es_es\/#\/schema\/logo\/image\/\",\"url\":\"https:\/\/oenobiol.com\/app\/uploads\/2024\/05\/logo-baseline-2-1.svg\",\"contentUrl\":\"https:\/\/oenobiol.com\/app\/uploads\/2024\/05\/logo-baseline-2-1.svg\",\"width\":131,\"height\":41,\"caption\":\"Oenobiol\"},\"image\":{\"@id\":\"https:\/\/oenobiol.com\/es_es\/#\/schema\/logo\/image\/\"}}]}<\/script>\n<!-- \/ Yoast SEO plugin. -->","yoast_head_json":{"title":"P\u00e9rdida de cabello - Oenobiol","description":"Estimula la fuerza de tu pelo gracias a la exclusiva f\u00f3rmula del producto Perdida de cabello Oenobiol","robots":{"index":"index","follow":"follow","max-snippet":"max-snippet:-1","max-image-preview":"max-image-preview:large","max-video-preview":"max-video-preview:-1"},"canonical":"https:\/\/oenobiol.com\/es_es\/productos\/perdida-de-cabello\/","og_locale":"es_ES","og_type":"article","og_title":"P\u00e9rdida de cabello - Oenobiol","og_description":"Estimula la fuerza de tu pelo gracias a la exclusiva f\u00f3rmula del producto Perdida de cabello Oenobiol","og_url":"https:\/\/oenobiol.com\/es_es\/productos\/perdida-de-cabello\/","og_site_name":"Oenobiol","article_modified_time":"2024-11-19T14:35:09+00:00","og_image":[{"width":350,"height":350,"url":"https:\/\/oenobiol.com\/app\/uploads\/2024\/04\/perdida-de-cabello-packshot-350x350-px.png","type":"image\/png"}],"twitter_card":"summary_large_image","twitter_misc":{"Est. reading time":"1 minute"},"schema":{"@context":"https:\/\/schema.org","@graph":[{"@type":"WebPage","@id":"https:\/\/oenobiol.com\/es_es\/productos\/perdida-de-cabello\/","url":"https:\/\/oenobiol.com\/es_es\/productos\/perdida-de-cabello\/","name":"P\u00e9rdida de cabello - Oenobiol","isPartOf":{"@id":"https:\/\/oenobiol.com\/es_es\/#website"},"primaryImageOfPage":{"@id":"https:\/\/oenobiol.com\/es_es\/productos\/perdida-de-cabello\/#primaryimage"},"image":{"@id":"https:\/\/oenobiol.com\/es_es\/productos\/perdida-de-cabello\/#primaryimage"},"thumbnailUrl":"https:\/\/oenobiol.com\/app\/uploads\/2024\/04\/perdida-de-cabello-packshot-350x350-px.png","datePublished":"2024-04-17T16:34:41+00:00","dateModified":"2024-11-19T14:35:09+00:00","description":"Estimula la fuerza de tu pelo gracias a la exclusiva f\u00f3rmula del producto Perdida de cabello Oenobiol","breadcrumb":{"@id":"https:\/\/oenobiol.com\/es_es\/productos\/perdida-de-cabello\/#breadcrumb"},"inLanguage":"es-ES-","potentialAction":[{"@type":"ReadAction","target":["https:\/\/oenobiol.com\/es_es\/productos\/perdida-de-cabello\/"]}]},{"@type":"ImageObject","inLanguage":"es-ES-","@id":"https:\/\/oenobiol.com\/es_es\/productos\/perdida-de-cabello\/#primaryimage","url":"https:\/\/oenobiol.com\/app\/uploads\/2024\/04\/perdida-de-cabello-packshot-350x350-px.png","contentUrl":"https:\/\/oenobiol.com\/app\/uploads\/2024\/04\/perdida-de-cabello-packshot-350x350-px.png","width":350,"height":350,"caption":"Perdida de cabello packshot"},{"@type":"BreadcrumbList","@id":"https:\/\/oenobiol.com\/es_es\/productos\/perdida-de-cabello\/#breadcrumb","itemListElement":[{"@type":"ListItem","position":1,"name":"Inicio","item":"https:\/\/oenobiol.com\/es_es\/"},{"@type":"ListItem","position":2,"name":"Cabello","item":"https:\/\/oenobiol.com\/es_es\/lineas\/cabello\/"},{"@type":"ListItem","position":3,"name":"P\u00e9rdida de cabello"}]},{"@type":"WebSite","@id":"https:\/\/oenobiol.com\/es_es\/#website","url":"https:\/\/oenobiol.com\/es_es\/","name":"Oenobiol","description":"","publisher":{"@id":"https:\/\/oenobiol.com\/es_es\/#organization"},"potentialAction":[{"@type":"SearchAction","target":{"@type":"EntryPoint","urlTemplate":"https:\/\/oenobiol.com\/es_es\/?s={search_term_string}"},"query-input":{"@type":"PropertyValueSpecification","valueRequired":true,"valueName":"search_term_string"}}],"inLanguage":"es-ES-"},{"@type":"Organization","@id":"https:\/\/oenobiol.com\/es_es\/#organization","name":"Oenobiol","url":"https:\/\/oenobiol.com\/es_es\/","logo":{"@type":"ImageObject","inLanguage":"es-ES-","@id":"https:\/\/oenobiol.com\/es_es\/#\/schema\/logo\/image\/","url":"https:\/\/oenobiol.com\/app\/uploads\/2024\/05\/logo-baseline-2-1.svg","contentUrl":"https:\/\/oenobiol.com\/app\/uploads\/2024\/05\/logo-baseline-2-1.svg","width":131,"height":41,"caption":"Oenobiol"},"image":{"@id":"https:\/\/oenobiol.com\/es_es\/#\/schema\/logo\/image\/"}}]}},"_links":{"self":[{"href":"https:\/\/oenobiol.com\/es_es\/wp-json\/wp\/v2\/product\/11660","targetHints":{"allow":["GET"]}}],"collection":[{"href":"https:\/\/oenobiol.com\/es_es\/wp-json\/wp\/v2\/product"}],"about":[{"href":"https:\/\/oenobiol.com\/es_es\/wp-json\/wp\/v2\/types\/product"}],"wp:featuredmedia":[{"embeddable":true,"href":"https:\/\/oenobiol.com\/es_es\/wp-json\/wp\/v2\/media\/11662"}],"wp:attachment":[{"href":"https:\/\/oenobiol.com\/es_es\/wp-json\/wp\/v2\/media?parent=11660"}],"curies":[{"name":"wp","href":"https:\/\/api.w.org\/{rel}","templated":true}]}}