{"id":11663,"date":"2024-04-17T16:55:33","date_gmt":"2024-04-17T14:55:33","guid":{"rendered":"https:\/\/oenobiol.com\/produits\/fuerza-y-vitalidad\/"},"modified":"2024-11-19T15:35:33","modified_gmt":"2024-11-19T14:35:33","slug":"fuerza-y-vitalidad","status":"publish","type":"product","link":"https:\/\/oenobiol.com\/es_es\/productos\/fuerza-y-vitalidad\/","title":{"rendered":"Fuerza y vitalidad"},"content":{"rendered":"<p>Oenobiol Fuerza y vitalidad ayuda a nutrir y fortalecer* esta vitalidad desde el interior. Su f\u00f3rmula a base de queratina, L-cistina, ar\u00e1ndano, vitaminas B y zinc ayuda a mantener un cabello tan \u00fanico y lleno de vitalidad* como la mujer a la que pertenece.<\/p>\n","protected":false},"excerpt":{"rendered":"<p>Fortalece tu cabello desde el interior<\/p>\n","protected":false},"featured_media":11664,"template":"","meta":{"_acf_changed":false,"inline_featured_image":false},"class_list":["post-11663","product","type-product","status-publish","has-post-thumbnail","hentry","product_category-cabello"],"acf":[],"yoast_head":"<!-- This site is optimized with the Yoast SEO plugin v27.0 - https:\/\/yoast.com\/product\/yoast-seo-wordpress\/ -->\n<title>Fuerza y vitalidad - Oenobiol<\/title>\n<meta name=\"description\" content=\"Oenobiol Fuerza y vitalidad ayuda a nutrir y fortalecer* esta vitalidad desde el interior.\" \/>\n<meta name=\"robots\" content=\"index, follow, max-snippet:-1, max-image-preview:large, max-video-preview:-1\" \/>\n<link rel=\"canonical\" href=\"https:\/\/oenobiol.com\/es_es\/productos\/fuerza-y-vitalidad\/\" \/>\n<meta property=\"og:locale\" content=\"es_ES\" \/>\n<meta property=\"og:type\" content=\"article\" \/>\n<meta property=\"og:title\" content=\"Fuerza y vitalidad - Oenobiol\" \/>\n<meta property=\"og:description\" content=\"Oenobiol Fuerza y vitalidad ayuda a nutrir y fortalecer* esta vitalidad desde el interior.\" \/>\n<meta property=\"og:url\" content=\"https:\/\/oenobiol.com\/es_es\/productos\/fuerza-y-vitalidad\/\" \/>\n<meta property=\"og:site_name\" content=\"Oenobiol\" \/>\n<meta property=\"article:modified_time\" content=\"2024-11-19T14:35:33+00:00\" \/>\n<meta property=\"og:image\" content=\"https:\/\/oenobiol.com\/app\/uploads\/2024\/04\/fuerza-y-vitalidad-packshot-350x350-px.png\" \/>\n\t<meta property=\"og:image:width\" content=\"350\" \/>\n\t<meta property=\"og:image:height\" content=\"350\" \/>\n\t<meta property=\"og:image:type\" content=\"image\/png\" \/>\n<meta name=\"twitter:card\" content=\"summary_large_image\" \/>\n<meta name=\"twitter:label1\" content=\"Est. reading time\" \/>\n\t<meta name=\"twitter:data1\" content=\"1 minute\" \/>\n<script type=\"application\/ld+json\" class=\"yoast-schema-graph\">{\"@context\":\"https:\/\/schema.org\",\"@graph\":[{\"@type\":\"WebPage\",\"@id\":\"https:\/\/oenobiol.com\/es_es\/productos\/fuerza-y-vitalidad\/\",\"url\":\"https:\/\/oenobiol.com\/es_es\/productos\/fuerza-y-vitalidad\/\",\"name\":\"Fuerza y vitalidad - Oenobiol\",\"isPartOf\":{\"@id\":\"https:\/\/oenobiol.com\/es_es\/#website\"},\"primaryImageOfPage\":{\"@id\":\"https:\/\/oenobiol.com\/es_es\/productos\/fuerza-y-vitalidad\/#primaryimage\"},\"image\":{\"@id\":\"https:\/\/oenobiol.com\/es_es\/productos\/fuerza-y-vitalidad\/#primaryimage\"},\"thumbnailUrl\":\"https:\/\/oenobiol.com\/app\/uploads\/2024\/04\/fuerza-y-vitalidad-packshot-350x350-px.png\",\"datePublished\":\"2024-04-17T14:55:33+00:00\",\"dateModified\":\"2024-11-19T14:35:33+00:00\",\"description\":\"Oenobiol Fuerza y vitalidad ayuda a nutrir y fortalecer* esta vitalidad desde el interior.\",\"breadcrumb\":{\"@id\":\"https:\/\/oenobiol.com\/es_es\/productos\/fuerza-y-vitalidad\/#breadcrumb\"},\"inLanguage\":\"es-ES-\",\"potentialAction\":[{\"@type\":\"ReadAction\",\"target\":[\"https:\/\/oenobiol.com\/es_es\/productos\/fuerza-y-vitalidad\/\"]}]},{\"@type\":\"ImageObject\",\"inLanguage\":\"es-ES-\",\"@id\":\"https:\/\/oenobiol.com\/es_es\/productos\/fuerza-y-vitalidad\/#primaryimage\",\"url\":\"https:\/\/oenobiol.com\/app\/uploads\/2024\/04\/fuerza-y-vitalidad-packshot-350x350-px.png\",\"contentUrl\":\"https:\/\/oenobiol.com\/app\/uploads\/2024\/04\/fuerza-y-vitalidad-packshot-350x350-px.png\",\"width\":350,\"height\":350,\"caption\":\"Packshot\"},{\"@type\":\"BreadcrumbList\",\"@id\":\"https:\/\/oenobiol.com\/es_es\/productos\/fuerza-y-vitalidad\/#breadcrumb\",\"itemListElement\":[{\"@type\":\"ListItem\",\"position\":1,\"name\":\"Inicio\",\"item\":\"https:\/\/oenobiol.com\/es_es\/\"},{\"@type\":\"ListItem\",\"position\":2,\"name\":\"Cabello\",\"item\":\"https:\/\/oenobiol.com\/es_es\/lineas\/cabello\/\"},{\"@type\":\"ListItem\",\"position\":3,\"name\":\"Fuerza y vitalidad\"}]},{\"@type\":\"WebSite\",\"@id\":\"https:\/\/oenobiol.com\/es_es\/#website\",\"url\":\"https:\/\/oenobiol.com\/es_es\/\",\"name\":\"Oenobiol\",\"description\":\"\",\"publisher\":{\"@id\":\"https:\/\/oenobiol.com\/es_es\/#organization\"},\"potentialAction\":[{\"@type\":\"SearchAction\",\"target\":{\"@type\":\"EntryPoint\",\"urlTemplate\":\"https:\/\/oenobiol.com\/es_es\/?s={search_term_string}\"},\"query-input\":{\"@type\":\"PropertyValueSpecification\",\"valueRequired\":true,\"valueName\":\"search_term_string\"}}],\"inLanguage\":\"es-ES-\"},{\"@type\":\"Organization\",\"@id\":\"https:\/\/oenobiol.com\/es_es\/#organization\",\"name\":\"Oenobiol\",\"url\":\"https:\/\/oenobiol.com\/es_es\/\",\"logo\":{\"@type\":\"ImageObject\",\"inLanguage\":\"es-ES-\",\"@id\":\"https:\/\/oenobiol.com\/es_es\/#\/schema\/logo\/image\/\",\"url\":\"https:\/\/oenobiol.com\/app\/uploads\/2024\/05\/logo-baseline-2-1.svg\",\"contentUrl\":\"https:\/\/oenobiol.com\/app\/uploads\/2024\/05\/logo-baseline-2-1.svg\",\"width\":131,\"height\":41,\"caption\":\"Oenobiol\"},\"image\":{\"@id\":\"https:\/\/oenobiol.com\/es_es\/#\/schema\/logo\/image\/\"}}]}<\/script>\n<!-- \/ Yoast SEO plugin. -->","yoast_head_json":{"title":"Fuerza y vitalidad - Oenobiol","description":"Oenobiol Fuerza y vitalidad ayuda a nutrir y fortalecer* esta vitalidad desde el interior.","robots":{"index":"index","follow":"follow","max-snippet":"max-snippet:-1","max-image-preview":"max-image-preview:large","max-video-preview":"max-video-preview:-1"},"canonical":"https:\/\/oenobiol.com\/es_es\/productos\/fuerza-y-vitalidad\/","og_locale":"es_ES","og_type":"article","og_title":"Fuerza y vitalidad - Oenobiol","og_description":"Oenobiol Fuerza y vitalidad ayuda a nutrir y fortalecer* esta vitalidad desde el interior.","og_url":"https:\/\/oenobiol.com\/es_es\/productos\/fuerza-y-vitalidad\/","og_site_name":"Oenobiol","article_modified_time":"2024-11-19T14:35:33+00:00","og_image":[{"width":350,"height":350,"url":"https:\/\/oenobiol.com\/app\/uploads\/2024\/04\/fuerza-y-vitalidad-packshot-350x350-px.png","type":"image\/png"}],"twitter_card":"summary_large_image","twitter_misc":{"Est. reading time":"1 minute"},"schema":{"@context":"https:\/\/schema.org","@graph":[{"@type":"WebPage","@id":"https:\/\/oenobiol.com\/es_es\/productos\/fuerza-y-vitalidad\/","url":"https:\/\/oenobiol.com\/es_es\/productos\/fuerza-y-vitalidad\/","name":"Fuerza y vitalidad - Oenobiol","isPartOf":{"@id":"https:\/\/oenobiol.com\/es_es\/#website"},"primaryImageOfPage":{"@id":"https:\/\/oenobiol.com\/es_es\/productos\/fuerza-y-vitalidad\/#primaryimage"},"image":{"@id":"https:\/\/oenobiol.com\/es_es\/productos\/fuerza-y-vitalidad\/#primaryimage"},"thumbnailUrl":"https:\/\/oenobiol.com\/app\/uploads\/2024\/04\/fuerza-y-vitalidad-packshot-350x350-px.png","datePublished":"2024-04-17T14:55:33+00:00","dateModified":"2024-11-19T14:35:33+00:00","description":"Oenobiol Fuerza y vitalidad ayuda a nutrir y fortalecer* esta vitalidad desde el interior.","breadcrumb":{"@id":"https:\/\/oenobiol.com\/es_es\/productos\/fuerza-y-vitalidad\/#breadcrumb"},"inLanguage":"es-ES-","potentialAction":[{"@type":"ReadAction","target":["https:\/\/oenobiol.com\/es_es\/productos\/fuerza-y-vitalidad\/"]}]},{"@type":"ImageObject","inLanguage":"es-ES-","@id":"https:\/\/oenobiol.com\/es_es\/productos\/fuerza-y-vitalidad\/#primaryimage","url":"https:\/\/oenobiol.com\/app\/uploads\/2024\/04\/fuerza-y-vitalidad-packshot-350x350-px.png","contentUrl":"https:\/\/oenobiol.com\/app\/uploads\/2024\/04\/fuerza-y-vitalidad-packshot-350x350-px.png","width":350,"height":350,"caption":"Packshot"},{"@type":"BreadcrumbList","@id":"https:\/\/oenobiol.com\/es_es\/productos\/fuerza-y-vitalidad\/#breadcrumb","itemListElement":[{"@type":"ListItem","position":1,"name":"Inicio","item":"https:\/\/oenobiol.com\/es_es\/"},{"@type":"ListItem","position":2,"name":"Cabello","item":"https:\/\/oenobiol.com\/es_es\/lineas\/cabello\/"},{"@type":"ListItem","position":3,"name":"Fuerza y vitalidad"}]},{"@type":"WebSite","@id":"https:\/\/oenobiol.com\/es_es\/#website","url":"https:\/\/oenobiol.com\/es_es\/","name":"Oenobiol","description":"","publisher":{"@id":"https:\/\/oenobiol.com\/es_es\/#organization"},"potentialAction":[{"@type":"SearchAction","target":{"@type":"EntryPoint","urlTemplate":"https:\/\/oenobiol.com\/es_es\/?s={search_term_string}"},"query-input":{"@type":"PropertyValueSpecification","valueRequired":true,"valueName":"search_term_string"}}],"inLanguage":"es-ES-"},{"@type":"Organization","@id":"https:\/\/oenobiol.com\/es_es\/#organization","name":"Oenobiol","url":"https:\/\/oenobiol.com\/es_es\/","logo":{"@type":"ImageObject","inLanguage":"es-ES-","@id":"https:\/\/oenobiol.com\/es_es\/#\/schema\/logo\/image\/","url":"https:\/\/oenobiol.com\/app\/uploads\/2024\/05\/logo-baseline-2-1.svg","contentUrl":"https:\/\/oenobiol.com\/app\/uploads\/2024\/05\/logo-baseline-2-1.svg","width":131,"height":41,"caption":"Oenobiol"},"image":{"@id":"https:\/\/oenobiol.com\/es_es\/#\/schema\/logo\/image\/"}}]}},"_links":{"self":[{"href":"https:\/\/oenobiol.com\/es_es\/wp-json\/wp\/v2\/product\/11663","targetHints":{"allow":["GET"]}}],"collection":[{"href":"https:\/\/oenobiol.com\/es_es\/wp-json\/wp\/v2\/product"}],"about":[{"href":"https:\/\/oenobiol.com\/es_es\/wp-json\/wp\/v2\/types\/product"}],"wp:featuredmedia":[{"embeddable":true,"href":"https:\/\/oenobiol.com\/es_es\/wp-json\/wp\/v2\/media\/11664"}],"wp:attachment":[{"href":"https:\/\/oenobiol.com\/es_es\/wp-json\/wp\/v2\/media?parent=11663"}],"curies":[{"name":"wp","href":"https:\/\/api.w.org\/{rel}","templated":true}]}}