{"id":11840,"date":"2024-04-09T17:54:24","date_gmt":"2024-04-09T15:54:24","guid":{"rendered":"https:\/\/oenobiol.com\/produits\/captador-3-en-1\/"},"modified":"2024-11-19T15:35:56","modified_gmt":"2024-11-19T14:35:56","slug":"captador-3-en-1","status":"publish","type":"product","link":"https:\/\/oenobiol.com\/es_es\/productos\/captador-3-en-1\/","title":{"rendered":"CAPTADOR 3 EN 1"},"content":{"rendered":"<section class=\"product-info\">\n<div class=\"product-text\">\n<p>Oenobiol Captador 3 en 1 contiene un complejo de fibras patentado de origen 100% natural que:<br \/>\n\u2013 Capta las grasas*<br \/>\n\u2013 Capta los az\u00facares r\u00e1pidos y ralentiza la asimilaci\u00f3n de los az\u00facares lentos**.<br \/>\n\u2013 Tambi\u00e9n reduce la absorci\u00f3n de calor\u00edas en un promedio del 50%* lo cual conlleva a una p\u00e9rdida de peso***<br \/>\n\u2013 Favorece la reducci\u00f3n del apetito***<\/p>\n<\/div>\n<\/section>\n","protected":false},"excerpt":{"rendered":"<p>\u00a1 3 acciones clave gracias a un complejo patentado de fibras de origen 100% natural !<\/p>\n","protected":false},"featured_media":11842,"template":"","meta":{"_acf_changed":false,"inline_featured_image":false},"class_list":["post-11840","product","type-product","status-publish","has-post-thumbnail","hentry","product_category-silueta","product_tag-perdida-de-peso"],"acf":[],"yoast_head":"<!-- This site is optimized with the Yoast SEO plugin v27.0 - https:\/\/yoast.com\/product\/yoast-seo-wordpress\/ -->\n<title>CAPTADOR 3 EN 1 - Oenobiol<\/title>\n<meta name=\"description\" content=\"Oenobiol Captador 3 en 1 con 3 acciones clave gracias a un complejo patentado de fibras de origen 100% natural !\" \/>\n<meta name=\"robots\" content=\"index, follow, max-snippet:-1, max-image-preview:large, max-video-preview:-1\" \/>\n<link rel=\"canonical\" href=\"https:\/\/oenobiol.com\/es_es\/productos\/captador-3-en-1\/\" \/>\n<meta property=\"og:locale\" content=\"es_ES\" \/>\n<meta property=\"og:type\" content=\"article\" \/>\n<meta property=\"og:title\" content=\"CAPTADOR 3 EN 1 - Oenobiol\" \/>\n<meta property=\"og:description\" content=\"Oenobiol Captador 3 en 1 con 3 acciones clave gracias a un complejo patentado de fibras de origen 100% natural !\" \/>\n<meta property=\"og:url\" content=\"https:\/\/oenobiol.com\/es_es\/productos\/captador-3-en-1\/\" \/>\n<meta property=\"og:site_name\" content=\"Oenobiol\" \/>\n<meta property=\"article:modified_time\" content=\"2024-11-19T14:35:56+00:00\" \/>\n<meta property=\"og:image\" content=\"https:\/\/oenobiol.com\/app\/uploads\/2024\/04\/captador-3en1-350x350-1.png\" \/>\n\t<meta property=\"og:image:width\" content=\"350\" \/>\n\t<meta property=\"og:image:height\" content=\"350\" \/>\n\t<meta property=\"og:image:type\" content=\"image\/png\" \/>\n<meta name=\"twitter:card\" content=\"summary_large_image\" \/>\n<meta name=\"twitter:label1\" content=\"Est. reading time\" \/>\n\t<meta name=\"twitter:data1\" content=\"1 minute\" \/>\n<script type=\"application\/ld+json\" class=\"yoast-schema-graph\">{\"@context\":\"https:\/\/schema.org\",\"@graph\":[{\"@type\":\"WebPage\",\"@id\":\"https:\/\/oenobiol.com\/es_es\/productos\/captador-3-en-1\/\",\"url\":\"https:\/\/oenobiol.com\/es_es\/productos\/captador-3-en-1\/\",\"name\":\"CAPTADOR 3 EN 1 - Oenobiol\",\"isPartOf\":{\"@id\":\"https:\/\/oenobiol.com\/es_es\/#website\"},\"primaryImageOfPage\":{\"@id\":\"https:\/\/oenobiol.com\/es_es\/productos\/captador-3-en-1\/#primaryimage\"},\"image\":{\"@id\":\"https:\/\/oenobiol.com\/es_es\/productos\/captador-3-en-1\/#primaryimage\"},\"thumbnailUrl\":\"https:\/\/oenobiol.com\/app\/uploads\/2024\/04\/captador-3en1-350x350-1.png\",\"datePublished\":\"2024-04-09T15:54:24+00:00\",\"dateModified\":\"2024-11-19T14:35:56+00:00\",\"description\":\"Oenobiol Captador 3 en 1 con 3 acciones clave gracias a un complejo patentado de fibras de origen 100% natural !\",\"breadcrumb\":{\"@id\":\"https:\/\/oenobiol.com\/es_es\/productos\/captador-3-en-1\/#breadcrumb\"},\"inLanguage\":\"es-ES-\",\"potentialAction\":[{\"@type\":\"ReadAction\",\"target\":[\"https:\/\/oenobiol.com\/es_es\/productos\/captador-3-en-1\/\"]}]},{\"@type\":\"ImageObject\",\"inLanguage\":\"es-ES-\",\"@id\":\"https:\/\/oenobiol.com\/es_es\/productos\/captador-3-en-1\/#primaryimage\",\"url\":\"https:\/\/oenobiol.com\/app\/uploads\/2024\/04\/captador-3en1-350x350-1.png\",\"contentUrl\":\"https:\/\/oenobiol.com\/app\/uploads\/2024\/04\/captador-3en1-350x350-1.png\",\"width\":350,\"height\":350,\"caption\":\"captador 3EN1\"},{\"@type\":\"BreadcrumbList\",\"@id\":\"https:\/\/oenobiol.com\/es_es\/productos\/captador-3-en-1\/#breadcrumb\",\"itemListElement\":[{\"@type\":\"ListItem\",\"position\":1,\"name\":\"Inicio\",\"item\":\"https:\/\/oenobiol.com\/es_es\/\"},{\"@type\":\"ListItem\",\"position\":2,\"name\":\"Silueta\",\"item\":\"https:\/\/oenobiol.com\/es_es\/lineas\/silueta\/\"},{\"@type\":\"ListItem\",\"position\":3,\"name\":\"CAPTADOR 3 EN 1\"}]},{\"@type\":\"WebSite\",\"@id\":\"https:\/\/oenobiol.com\/es_es\/#website\",\"url\":\"https:\/\/oenobiol.com\/es_es\/\",\"name\":\"Oenobiol\",\"description\":\"\",\"publisher\":{\"@id\":\"https:\/\/oenobiol.com\/es_es\/#organization\"},\"potentialAction\":[{\"@type\":\"SearchAction\",\"target\":{\"@type\":\"EntryPoint\",\"urlTemplate\":\"https:\/\/oenobiol.com\/es_es\/?s={search_term_string}\"},\"query-input\":{\"@type\":\"PropertyValueSpecification\",\"valueRequired\":true,\"valueName\":\"search_term_string\"}}],\"inLanguage\":\"es-ES-\"},{\"@type\":\"Organization\",\"@id\":\"https:\/\/oenobiol.com\/es_es\/#organization\",\"name\":\"Oenobiol\",\"url\":\"https:\/\/oenobiol.com\/es_es\/\",\"logo\":{\"@type\":\"ImageObject\",\"inLanguage\":\"es-ES-\",\"@id\":\"https:\/\/oenobiol.com\/es_es\/#\/schema\/logo\/image\/\",\"url\":\"https:\/\/oenobiol.com\/app\/uploads\/2024\/05\/logo-baseline-2-1.svg\",\"contentUrl\":\"https:\/\/oenobiol.com\/app\/uploads\/2024\/05\/logo-baseline-2-1.svg\",\"width\":131,\"height\":41,\"caption\":\"Oenobiol\"},\"image\":{\"@id\":\"https:\/\/oenobiol.com\/es_es\/#\/schema\/logo\/image\/\"}}]}<\/script>\n<!-- \/ Yoast SEO plugin. -->","yoast_head_json":{"title":"CAPTADOR 3 EN 1 - Oenobiol","description":"Oenobiol Captador 3 en 1 con 3 acciones clave gracias a un complejo patentado de fibras de origen 100% natural !","robots":{"index":"index","follow":"follow","max-snippet":"max-snippet:-1","max-image-preview":"max-image-preview:large","max-video-preview":"max-video-preview:-1"},"canonical":"https:\/\/oenobiol.com\/es_es\/productos\/captador-3-en-1\/","og_locale":"es_ES","og_type":"article","og_title":"CAPTADOR 3 EN 1 - Oenobiol","og_description":"Oenobiol Captador 3 en 1 con 3 acciones clave gracias a un complejo patentado de fibras de origen 100% natural !","og_url":"https:\/\/oenobiol.com\/es_es\/productos\/captador-3-en-1\/","og_site_name":"Oenobiol","article_modified_time":"2024-11-19T14:35:56+00:00","og_image":[{"width":350,"height":350,"url":"https:\/\/oenobiol.com\/app\/uploads\/2024\/04\/captador-3en1-350x350-1.png","type":"image\/png"}],"twitter_card":"summary_large_image","twitter_misc":{"Est. reading time":"1 minute"},"schema":{"@context":"https:\/\/schema.org","@graph":[{"@type":"WebPage","@id":"https:\/\/oenobiol.com\/es_es\/productos\/captador-3-en-1\/","url":"https:\/\/oenobiol.com\/es_es\/productos\/captador-3-en-1\/","name":"CAPTADOR 3 EN 1 - Oenobiol","isPartOf":{"@id":"https:\/\/oenobiol.com\/es_es\/#website"},"primaryImageOfPage":{"@id":"https:\/\/oenobiol.com\/es_es\/productos\/captador-3-en-1\/#primaryimage"},"image":{"@id":"https:\/\/oenobiol.com\/es_es\/productos\/captador-3-en-1\/#primaryimage"},"thumbnailUrl":"https:\/\/oenobiol.com\/app\/uploads\/2024\/04\/captador-3en1-350x350-1.png","datePublished":"2024-04-09T15:54:24+00:00","dateModified":"2024-11-19T14:35:56+00:00","description":"Oenobiol Captador 3 en 1 con 3 acciones clave gracias a un complejo patentado de fibras de origen 100% natural !","breadcrumb":{"@id":"https:\/\/oenobiol.com\/es_es\/productos\/captador-3-en-1\/#breadcrumb"},"inLanguage":"es-ES-","potentialAction":[{"@type":"ReadAction","target":["https:\/\/oenobiol.com\/es_es\/productos\/captador-3-en-1\/"]}]},{"@type":"ImageObject","inLanguage":"es-ES-","@id":"https:\/\/oenobiol.com\/es_es\/productos\/captador-3-en-1\/#primaryimage","url":"https:\/\/oenobiol.com\/app\/uploads\/2024\/04\/captador-3en1-350x350-1.png","contentUrl":"https:\/\/oenobiol.com\/app\/uploads\/2024\/04\/captador-3en1-350x350-1.png","width":350,"height":350,"caption":"captador 3EN1"},{"@type":"BreadcrumbList","@id":"https:\/\/oenobiol.com\/es_es\/productos\/captador-3-en-1\/#breadcrumb","itemListElement":[{"@type":"ListItem","position":1,"name":"Inicio","item":"https:\/\/oenobiol.com\/es_es\/"},{"@type":"ListItem","position":2,"name":"Silueta","item":"https:\/\/oenobiol.com\/es_es\/lineas\/silueta\/"},{"@type":"ListItem","position":3,"name":"CAPTADOR 3 EN 1"}]},{"@type":"WebSite","@id":"https:\/\/oenobiol.com\/es_es\/#website","url":"https:\/\/oenobiol.com\/es_es\/","name":"Oenobiol","description":"","publisher":{"@id":"https:\/\/oenobiol.com\/es_es\/#organization"},"potentialAction":[{"@type":"SearchAction","target":{"@type":"EntryPoint","urlTemplate":"https:\/\/oenobiol.com\/es_es\/?s={search_term_string}"},"query-input":{"@type":"PropertyValueSpecification","valueRequired":true,"valueName":"search_term_string"}}],"inLanguage":"es-ES-"},{"@type":"Organization","@id":"https:\/\/oenobiol.com\/es_es\/#organization","name":"Oenobiol","url":"https:\/\/oenobiol.com\/es_es\/","logo":{"@type":"ImageObject","inLanguage":"es-ES-","@id":"https:\/\/oenobiol.com\/es_es\/#\/schema\/logo\/image\/","url":"https:\/\/oenobiol.com\/app\/uploads\/2024\/05\/logo-baseline-2-1.svg","contentUrl":"https:\/\/oenobiol.com\/app\/uploads\/2024\/05\/logo-baseline-2-1.svg","width":131,"height":41,"caption":"Oenobiol"},"image":{"@id":"https:\/\/oenobiol.com\/es_es\/#\/schema\/logo\/image\/"}}]}},"_links":{"self":[{"href":"https:\/\/oenobiol.com\/es_es\/wp-json\/wp\/v2\/product\/11840","targetHints":{"allow":["GET"]}}],"collection":[{"href":"https:\/\/oenobiol.com\/es_es\/wp-json\/wp\/v2\/product"}],"about":[{"href":"https:\/\/oenobiol.com\/es_es\/wp-json\/wp\/v2\/types\/product"}],"wp:featuredmedia":[{"embeddable":true,"href":"https:\/\/oenobiol.com\/es_es\/wp-json\/wp\/v2\/media\/11842"}],"wp:attachment":[{"href":"https:\/\/oenobiol.com\/es_es\/wp-json\/wp\/v2\/media?parent=11840"}],"curies":[{"name":"wp","href":"https:\/\/api.w.org\/{rel}","templated":true}]}}