{"id":11885,"date":"2024-04-04T17:15:20","date_gmt":"2024-04-04T15:15:20","guid":{"rendered":"https:\/\/oenobiol.com\/produits\/gominolas-solares-2-en-1\/"},"modified":"2025-12-23T10:53:43","modified_gmt":"2025-12-23T09:53:43","slug":"gominolas-solares-2-en-1","status":"publish","type":"product","link":"https:\/\/oenobiol.com\/es_es\/productos\/gominolas-solares-2-en-1\/","title":{"rendered":"Gummies Solar 2 en 1"},"content":{"rendered":"<p>OENOBIOL, l\u00edder en nutrici\u00f3n celular solar durante m\u00e1s de 35 a\u00f1os, extiende su experiencia a las Gominolas Solares 2 en 1 para ofrecer una triple acci\u00f3n.<\/p>\n","protected":false},"excerpt":{"rendered":"<p>Una Gummie autobronceadora, pero no solo eso&#8230;<\/p>\n","protected":false},"featured_media":11887,"template":"","meta":{"_acf_changed":false,"inline_featured_image":false},"class_list":["post-11885","product","type-product","status-publish","has-post-thumbnail","hentry","product_category-solar","product_tag-made-in-france-es_es","product_tag-vegan-es_es"],"acf":[],"yoast_head":"<!-- This site is optimized with the Yoast SEO plugin v27.4 - https:\/\/yoast.com\/product\/yoast-seo-wordpress\/ -->\n<title>Gummies Solar 2en1 - sin az\u00facar y veganas - OENOBIOL<\/title>\n<meta name=\"description\" content=\"\u00bfGanas de tener un tono dorado y una piel preparada? \u00a1Descubre las gominolas Solar 2 en 1 de doble acci\u00f3n autobronceadora y preparadora solar de OENOBIOL!\" \/>\n<meta name=\"robots\" content=\"index, follow, max-snippet:-1, max-image-preview:large, max-video-preview:-1\" \/>\n<link rel=\"canonical\" href=\"https:\/\/oenobiol.com\/es_es\/productos\/gominolas-solares-2-en-1\/\" \/>\n<meta property=\"og:locale\" content=\"es_ES\" \/>\n<meta property=\"og:type\" content=\"article\" \/>\n<meta property=\"og:title\" content=\"Gummies Solar 2en1 - sin az\u00facar y veganas - OENOBIOL\" \/>\n<meta property=\"og:description\" content=\"\u00bfGanas de tener un tono dorado y una piel preparada? \u00a1Descubre las gominolas Solar 2 en 1 de doble acci\u00f3n autobronceadora y preparadora solar de OENOBIOL!\" \/>\n<meta property=\"og:url\" content=\"https:\/\/oenobiol.com\/es_es\/productos\/gominolas-solares-2-en-1\/\" \/>\n<meta property=\"og:site_name\" content=\"Oenobiol\" \/>\n<meta property=\"article:modified_time\" content=\"2025-12-23T09:53:43+00:00\" \/>\n<meta property=\"og:image\" content=\"https:\/\/oenobiol.com\/app\/uploads\/2024\/04\/packshot-produit-350x350px-gummies-.png\" \/>\n\t<meta property=\"og:image:width\" content=\"350\" \/>\n\t<meta property=\"og:image:height\" content=\"350\" \/>\n\t<meta property=\"og:image:type\" content=\"image\/png\" \/>\n<meta name=\"twitter:card\" content=\"summary_large_image\" \/>\n<meta name=\"twitter:label1\" content=\"Est. reading time\" \/>\n\t<meta name=\"twitter:data1\" content=\"1 minute\" \/>\n<script type=\"application\/ld+json\" class=\"yoast-schema-graph\">{\"@context\":\"https:\\\/\\\/schema.org\",\"@graph\":[{\"@type\":\"WebPage\",\"@id\":\"https:\\\/\\\/oenobiol.com\\\/es_es\\\/productos\\\/gominolas-solares-2-en-1\\\/\",\"url\":\"https:\\\/\\\/oenobiol.com\\\/es_es\\\/productos\\\/gominolas-solares-2-en-1\\\/\",\"name\":\"Gummies Solar 2en1 - sin az\u00facar y veganas - OENOBIOL\",\"isPartOf\":{\"@id\":\"https:\\\/\\\/oenobiol.com\\\/es_es\\\/#website\"},\"primaryImageOfPage\":{\"@id\":\"https:\\\/\\\/oenobiol.com\\\/es_es\\\/productos\\\/gominolas-solares-2-en-1\\\/#primaryimage\"},\"image\":{\"@id\":\"https:\\\/\\\/oenobiol.com\\\/es_es\\\/productos\\\/gominolas-solares-2-en-1\\\/#primaryimage\"},\"thumbnailUrl\":\"https:\\\/\\\/oenobiol.com\\\/app\\\/uploads\\\/2024\\\/04\\\/packshot-produit-350x350px-gummies-.png\",\"datePublished\":\"2024-04-04T15:15:20+00:00\",\"dateModified\":\"2025-12-23T09:53:43+00:00\",\"description\":\"\u00bfGanas de tener un tono dorado y una piel preparada? \u00a1Descubre las gominolas Solar 2 en 1 de doble acci\u00f3n autobronceadora y preparadora solar de OENOBIOL!\",\"breadcrumb\":{\"@id\":\"https:\\\/\\\/oenobiol.com\\\/es_es\\\/productos\\\/gominolas-solares-2-en-1\\\/#breadcrumb\"},\"inLanguage\":\"es-ES-\",\"potentialAction\":[{\"@type\":\"ReadAction\",\"target\":[\"https:\\\/\\\/oenobiol.com\\\/es_es\\\/productos\\\/gominolas-solares-2-en-1\\\/\"]}]},{\"@type\":\"ImageObject\",\"inLanguage\":\"es-ES-\",\"@id\":\"https:\\\/\\\/oenobiol.com\\\/es_es\\\/productos\\\/gominolas-solares-2-en-1\\\/#primaryimage\",\"url\":\"https:\\\/\\\/oenobiol.com\\\/app\\\/uploads\\\/2024\\\/04\\\/packshot-produit-350x350px-gummies-.png\",\"contentUrl\":\"https:\\\/\\\/oenobiol.com\\\/app\\\/uploads\\\/2024\\\/04\\\/packshot-produit-350x350px-gummies-.png\",\"width\":350,\"height\":350,\"caption\":\"packshot gominolas oenobiol\"},{\"@type\":\"BreadcrumbList\",\"@id\":\"https:\\\/\\\/oenobiol.com\\\/es_es\\\/productos\\\/gominolas-solares-2-en-1\\\/#breadcrumb\",\"itemListElement\":[{\"@type\":\"ListItem\",\"position\":1,\"name\":\"Inicio\",\"item\":\"https:\\\/\\\/oenobiol.com\\\/es_es\\\/\"},{\"@type\":\"ListItem\",\"position\":2,\"name\":\"Solar\",\"item\":\"https:\\\/\\\/oenobiol.com\\\/es_es\\\/lineas\\\/solar\\\/\"},{\"@type\":\"ListItem\",\"position\":3,\"name\":\"Gummies Solar 2 en 1\"}]},{\"@type\":\"WebSite\",\"@id\":\"https:\\\/\\\/oenobiol.com\\\/es_es\\\/#website\",\"url\":\"https:\\\/\\\/oenobiol.com\\\/es_es\\\/\",\"name\":\"Oenobiol\",\"description\":\"\",\"publisher\":{\"@id\":\"https:\\\/\\\/oenobiol.com\\\/es_es\\\/#organization\"},\"potentialAction\":[{\"@type\":\"SearchAction\",\"target\":{\"@type\":\"EntryPoint\",\"urlTemplate\":\"https:\\\/\\\/oenobiol.com\\\/es_es\\\/?s={search_term_string}\"},\"query-input\":{\"@type\":\"PropertyValueSpecification\",\"valueRequired\":true,\"valueName\":\"search_term_string\"}}],\"inLanguage\":\"es-ES-\"},{\"@type\":\"Organization\",\"@id\":\"https:\\\/\\\/oenobiol.com\\\/es_es\\\/#organization\",\"name\":\"Oenobiol\",\"url\":\"https:\\\/\\\/oenobiol.com\\\/es_es\\\/\",\"logo\":{\"@type\":\"ImageObject\",\"inLanguage\":\"es-ES-\",\"@id\":\"https:\\\/\\\/oenobiol.com\\\/es_es\\\/#\\\/schema\\\/logo\\\/image\\\/\",\"url\":\"https:\\\/\\\/oenobiol.com\\\/app\\\/uploads\\\/2024\\\/05\\\/logo-baseline-2-1.svg\",\"contentUrl\":\"https:\\\/\\\/oenobiol.com\\\/app\\\/uploads\\\/2024\\\/05\\\/logo-baseline-2-1.svg\",\"width\":131,\"height\":41,\"caption\":\"Oenobiol\"},\"image\":{\"@id\":\"https:\\\/\\\/oenobiol.com\\\/es_es\\\/#\\\/schema\\\/logo\\\/image\\\/\"}}]}<\/script>\n<!-- \/ Yoast SEO plugin. -->","yoast_head_json":{"title":"Gummies Solar 2en1 - sin az\u00facar y veganas - OENOBIOL","description":"\u00bfGanas de tener un tono dorado y una piel preparada? \u00a1Descubre las gominolas Solar 2 en 1 de doble acci\u00f3n autobronceadora y preparadora solar de OENOBIOL!","robots":{"index":"index","follow":"follow","max-snippet":"max-snippet:-1","max-image-preview":"max-image-preview:large","max-video-preview":"max-video-preview:-1"},"canonical":"https:\/\/oenobiol.com\/es_es\/productos\/gominolas-solares-2-en-1\/","og_locale":"es_ES","og_type":"article","og_title":"Gummies Solar 2en1 - sin az\u00facar y veganas - OENOBIOL","og_description":"\u00bfGanas de tener un tono dorado y una piel preparada? \u00a1Descubre las gominolas Solar 2 en 1 de doble acci\u00f3n autobronceadora y preparadora solar de OENOBIOL!","og_url":"https:\/\/oenobiol.com\/es_es\/productos\/gominolas-solares-2-en-1\/","og_site_name":"Oenobiol","article_modified_time":"2025-12-23T09:53:43+00:00","og_image":[{"width":350,"height":350,"url":"https:\/\/oenobiol.com\/app\/uploads\/2024\/04\/packshot-produit-350x350px-gummies-.png","type":"image\/png"}],"twitter_card":"summary_large_image","twitter_misc":{"Est. reading time":"1 minute"},"schema":{"@context":"https:\/\/schema.org","@graph":[{"@type":"WebPage","@id":"https:\/\/oenobiol.com\/es_es\/productos\/gominolas-solares-2-en-1\/","url":"https:\/\/oenobiol.com\/es_es\/productos\/gominolas-solares-2-en-1\/","name":"Gummies Solar 2en1 - sin az\u00facar y veganas - OENOBIOL","isPartOf":{"@id":"https:\/\/oenobiol.com\/es_es\/#website"},"primaryImageOfPage":{"@id":"https:\/\/oenobiol.com\/es_es\/productos\/gominolas-solares-2-en-1\/#primaryimage"},"image":{"@id":"https:\/\/oenobiol.com\/es_es\/productos\/gominolas-solares-2-en-1\/#primaryimage"},"thumbnailUrl":"https:\/\/oenobiol.com\/app\/uploads\/2024\/04\/packshot-produit-350x350px-gummies-.png","datePublished":"2024-04-04T15:15:20+00:00","dateModified":"2025-12-23T09:53:43+00:00","description":"\u00bfGanas de tener un tono dorado y una piel preparada? \u00a1Descubre las gominolas Solar 2 en 1 de doble acci\u00f3n autobronceadora y preparadora solar de OENOBIOL!","breadcrumb":{"@id":"https:\/\/oenobiol.com\/es_es\/productos\/gominolas-solares-2-en-1\/#breadcrumb"},"inLanguage":"es-ES-","potentialAction":[{"@type":"ReadAction","target":["https:\/\/oenobiol.com\/es_es\/productos\/gominolas-solares-2-en-1\/"]}]},{"@type":"ImageObject","inLanguage":"es-ES-","@id":"https:\/\/oenobiol.com\/es_es\/productos\/gominolas-solares-2-en-1\/#primaryimage","url":"https:\/\/oenobiol.com\/app\/uploads\/2024\/04\/packshot-produit-350x350px-gummies-.png","contentUrl":"https:\/\/oenobiol.com\/app\/uploads\/2024\/04\/packshot-produit-350x350px-gummies-.png","width":350,"height":350,"caption":"packshot gominolas oenobiol"},{"@type":"BreadcrumbList","@id":"https:\/\/oenobiol.com\/es_es\/productos\/gominolas-solares-2-en-1\/#breadcrumb","itemListElement":[{"@type":"ListItem","position":1,"name":"Inicio","item":"https:\/\/oenobiol.com\/es_es\/"},{"@type":"ListItem","position":2,"name":"Solar","item":"https:\/\/oenobiol.com\/es_es\/lineas\/solar\/"},{"@type":"ListItem","position":3,"name":"Gummies Solar 2 en 1"}]},{"@type":"WebSite","@id":"https:\/\/oenobiol.com\/es_es\/#website","url":"https:\/\/oenobiol.com\/es_es\/","name":"Oenobiol","description":"","publisher":{"@id":"https:\/\/oenobiol.com\/es_es\/#organization"},"potentialAction":[{"@type":"SearchAction","target":{"@type":"EntryPoint","urlTemplate":"https:\/\/oenobiol.com\/es_es\/?s={search_term_string}"},"query-input":{"@type":"PropertyValueSpecification","valueRequired":true,"valueName":"search_term_string"}}],"inLanguage":"es-ES-"},{"@type":"Organization","@id":"https:\/\/oenobiol.com\/es_es\/#organization","name":"Oenobiol","url":"https:\/\/oenobiol.com\/es_es\/","logo":{"@type":"ImageObject","inLanguage":"es-ES-","@id":"https:\/\/oenobiol.com\/es_es\/#\/schema\/logo\/image\/","url":"https:\/\/oenobiol.com\/app\/uploads\/2024\/05\/logo-baseline-2-1.svg","contentUrl":"https:\/\/oenobiol.com\/app\/uploads\/2024\/05\/logo-baseline-2-1.svg","width":131,"height":41,"caption":"Oenobiol"},"image":{"@id":"https:\/\/oenobiol.com\/es_es\/#\/schema\/logo\/image\/"}}]}},"_links":{"self":[{"href":"https:\/\/oenobiol.com\/es_es\/wp-json\/wp\/v2\/product\/11885","targetHints":{"allow":["GET"]}}],"collection":[{"href":"https:\/\/oenobiol.com\/es_es\/wp-json\/wp\/v2\/product"}],"about":[{"href":"https:\/\/oenobiol.com\/es_es\/wp-json\/wp\/v2\/types\/product"}],"wp:featuredmedia":[{"embeddable":true,"href":"https:\/\/oenobiol.com\/es_es\/wp-json\/wp\/v2\/media\/11887"}],"wp:attachment":[{"href":"https:\/\/oenobiol.com\/es_es\/wp-json\/wp\/v2\/media?parent=11885"}],"curies":[{"name":"wp","href":"https:\/\/api.w.org\/{rel}","templated":true}]}}