{"id":11906,"date":"2024-04-04T11:24:23","date_gmt":"2024-04-04T09:24:23","guid":{"rendered":"https:\/\/oenobiol.com\/produits\/sun-expert-preparator-celular-anti-edad\/"},"modified":"2024-11-19T15:37:38","modified_gmt":"2024-11-19T14:37:38","slug":"sun-expert-protector-celular-anti-edad","status":"publish","type":"product","link":"https:\/\/oenobiol.com\/es_es\/productos\/sun-expert-protector-celular-anti-edad\/","title":{"rendered":"Sun expert protector celular antiedad"},"content":{"rendered":"<p>SUN EXPERT Protector celular Anti-edad ofrece una triple promesa antes de la llegada del verano: preparar la piel antes de la exposici\u00f3n solar gracias a una protecci\u00f3n celular antioxidante reforzada\u00b3, un bronceado radiante, mientras devuelve firmeza y flexibilidad\u00b2, cuya eficacia ha sido demostrada en tan solo 28 d\u00edas\u00b2.<\/p>\n<p>En el coraz\u00f3n de su f\u00f3rmula sobreactivada\u00b9, OENOBIOL innova con el Extracto de Uva, un activo exclusivo, rico en polifenoles naturales, cl\u00ednicamente probado, asociado con carotenoides de origen vegetal y selenio, conocido por sus virtudes protectoras contra el estr\u00e9s oxidativo. El cobre es un precursor de la melanina, el pigmento biol\u00f3gico responsable del color de la piel.<\/p>\n<p>Suplementada con antioxidantes beneficiosos, la piel est\u00e1 idealmente preparada para el sol para revelar un bronceado sublime y radiante, al tiempo que se preserva de los signos visibles del envejecimiento. Despu\u00e9s de 28 d\u00edas, la piel est\u00e1 m\u00e1s firme para el 89%\u2074 y m\u00e1s suave para el 88%\u2074 de las mujeres encuestadas.<\/p>\n","protected":false},"excerpt":{"rendered":"<p>Preparar la piel sensible antes de la exposici\u00f3n al sol con una eficacia anti-envejecimiento probada\u00b9.<\/p>\n","protected":false},"featured_media":11908,"template":"","meta":{"_acf_changed":false,"inline_featured_image":false},"class_list":["post-11906","product","type-product","status-publish","has-post-thumbnail","hentry","product_category-solar","product_tag-premios-victoires-de-la-beaute-es_es"],"acf":[],"yoast_head":"<!-- This site is optimized with the Yoast SEO plugin v27.0 - https:\/\/yoast.com\/product\/yoast-seo-wordpress\/ -->\n<title>SUN EXPERT Protector celular antiedad - complementos - OENOBIOL<\/title>\n<meta name=\"description\" content=\"A partir de los 35 a\u00f1os, prepara tu piel para el sol y consigue un bronceado duradero con un preparador solar formulado con efecto antienvejecimiento para activar tu belleza.\" \/>\n<meta name=\"robots\" content=\"index, follow, max-snippet:-1, max-image-preview:large, max-video-preview:-1\" \/>\n<link rel=\"canonical\" href=\"https:\/\/oenobiol.com\/es_es\/productos\/sun-expert-protector-celular-anti-edad\/\" \/>\n<meta property=\"og:locale\" content=\"es_ES\" \/>\n<meta property=\"og:type\" content=\"article\" \/>\n<meta property=\"og:title\" content=\"SUN EXPERT Protector celular antiedad - complementos - OENOBIOL\" \/>\n<meta property=\"og:description\" content=\"A partir de los 35 a\u00f1os, prepara tu piel para el sol y consigue un bronceado duradero con un preparador solar formulado con efecto antienvejecimiento para activar tu belleza.\" \/>\n<meta property=\"og:url\" content=\"https:\/\/oenobiol.com\/es_es\/productos\/sun-expert-protector-celular-anti-edad\/\" \/>\n<meta property=\"og:site_name\" content=\"Oenobiol\" \/>\n<meta property=\"article:modified_time\" content=\"2024-11-19T14:37:38+00:00\" \/>\n<meta property=\"og:image\" content=\"https:\/\/oenobiol.com\/app\/uploads\/2024\/04\/packshot-produit-350x350px-sun-expert-anti-edad.png\" \/>\n\t<meta property=\"og:image:width\" content=\"350\" \/>\n\t<meta property=\"og:image:height\" content=\"350\" \/>\n\t<meta property=\"og:image:type\" content=\"image\/png\" \/>\n<meta name=\"twitter:card\" content=\"summary_large_image\" \/>\n<meta name=\"twitter:label1\" content=\"Est. reading time\" \/>\n\t<meta name=\"twitter:data1\" content=\"1 minute\" \/>\n<script type=\"application\/ld+json\" class=\"yoast-schema-graph\">{\"@context\":\"https:\/\/schema.org\",\"@graph\":[{\"@type\":\"WebPage\",\"@id\":\"https:\/\/oenobiol.com\/es_es\/productos\/sun-expert-protector-celular-anti-edad\/\",\"url\":\"https:\/\/oenobiol.com\/es_es\/productos\/sun-expert-protector-celular-anti-edad\/\",\"name\":\"SUN EXPERT Protector celular antiedad - complementos - OENOBIOL\",\"isPartOf\":{\"@id\":\"https:\/\/oenobiol.com\/es_es\/#website\"},\"primaryImageOfPage\":{\"@id\":\"https:\/\/oenobiol.com\/es_es\/productos\/sun-expert-protector-celular-anti-edad\/#primaryimage\"},\"image\":{\"@id\":\"https:\/\/oenobiol.com\/es_es\/productos\/sun-expert-protector-celular-anti-edad\/#primaryimage\"},\"thumbnailUrl\":\"https:\/\/oenobiol.com\/app\/uploads\/2024\/04\/packshot-produit-350x350px-sun-expert-anti-edad.png\",\"datePublished\":\"2024-04-04T09:24:23+00:00\",\"dateModified\":\"2024-11-19T14:37:38+00:00\",\"description\":\"A partir de los 35 a\u00f1os, prepara tu piel para el sol y consigue un bronceado duradero con un preparador solar formulado con efecto antienvejecimiento para activar tu belleza.\",\"breadcrumb\":{\"@id\":\"https:\/\/oenobiol.com\/es_es\/productos\/sun-expert-protector-celular-anti-edad\/#breadcrumb\"},\"inLanguage\":\"es-ES-\",\"potentialAction\":[{\"@type\":\"ReadAction\",\"target\":[\"https:\/\/oenobiol.com\/es_es\/productos\/sun-expert-protector-celular-anti-edad\/\"]}]},{\"@type\":\"ImageObject\",\"inLanguage\":\"es-ES-\",\"@id\":\"https:\/\/oenobiol.com\/es_es\/productos\/sun-expert-protector-celular-anti-edad\/#primaryimage\",\"url\":\"https:\/\/oenobiol.com\/app\/uploads\/2024\/04\/packshot-produit-350x350px-sun-expert-anti-edad.png\",\"contentUrl\":\"https:\/\/oenobiol.com\/app\/uploads\/2024\/04\/packshot-produit-350x350px-sun-expert-anti-edad.png\",\"width\":350,\"height\":350,\"caption\":\"Packshot Sun Expert protector celular antiedad\"},{\"@type\":\"BreadcrumbList\",\"@id\":\"https:\/\/oenobiol.com\/es_es\/productos\/sun-expert-protector-celular-anti-edad\/#breadcrumb\",\"itemListElement\":[{\"@type\":\"ListItem\",\"position\":1,\"name\":\"Inicio\",\"item\":\"https:\/\/oenobiol.com\/es_es\/\"},{\"@type\":\"ListItem\",\"position\":2,\"name\":\"Solar\",\"item\":\"https:\/\/oenobiol.com\/es_es\/lineas\/solar\/\"},{\"@type\":\"ListItem\",\"position\":3,\"name\":\"Sun expert protector celular antiedad\"}]},{\"@type\":\"WebSite\",\"@id\":\"https:\/\/oenobiol.com\/es_es\/#website\",\"url\":\"https:\/\/oenobiol.com\/es_es\/\",\"name\":\"Oenobiol\",\"description\":\"\",\"publisher\":{\"@id\":\"https:\/\/oenobiol.com\/es_es\/#organization\"},\"potentialAction\":[{\"@type\":\"SearchAction\",\"target\":{\"@type\":\"EntryPoint\",\"urlTemplate\":\"https:\/\/oenobiol.com\/es_es\/?s={search_term_string}\"},\"query-input\":{\"@type\":\"PropertyValueSpecification\",\"valueRequired\":true,\"valueName\":\"search_term_string\"}}],\"inLanguage\":\"es-ES-\"},{\"@type\":\"Organization\",\"@id\":\"https:\/\/oenobiol.com\/es_es\/#organization\",\"name\":\"Oenobiol\",\"url\":\"https:\/\/oenobiol.com\/es_es\/\",\"logo\":{\"@type\":\"ImageObject\",\"inLanguage\":\"es-ES-\",\"@id\":\"https:\/\/oenobiol.com\/es_es\/#\/schema\/logo\/image\/\",\"url\":\"https:\/\/oenobiol.com\/app\/uploads\/2024\/05\/logo-baseline-2-1.svg\",\"contentUrl\":\"https:\/\/oenobiol.com\/app\/uploads\/2024\/05\/logo-baseline-2-1.svg\",\"width\":131,\"height\":41,\"caption\":\"Oenobiol\"},\"image\":{\"@id\":\"https:\/\/oenobiol.com\/es_es\/#\/schema\/logo\/image\/\"}}]}<\/script>\n<!-- \/ Yoast SEO plugin. -->","yoast_head_json":{"title":"SUN EXPERT Protector celular antiedad - complementos - OENOBIOL","description":"A partir de los 35 a\u00f1os, prepara tu piel para el sol y consigue un bronceado duradero con un preparador solar formulado con efecto antienvejecimiento para activar tu belleza.","robots":{"index":"index","follow":"follow","max-snippet":"max-snippet:-1","max-image-preview":"max-image-preview:large","max-video-preview":"max-video-preview:-1"},"canonical":"https:\/\/oenobiol.com\/es_es\/productos\/sun-expert-protector-celular-anti-edad\/","og_locale":"es_ES","og_type":"article","og_title":"SUN EXPERT Protector celular antiedad - complementos - OENOBIOL","og_description":"A partir de los 35 a\u00f1os, prepara tu piel para el sol y consigue un bronceado duradero con un preparador solar formulado con efecto antienvejecimiento para activar tu belleza.","og_url":"https:\/\/oenobiol.com\/es_es\/productos\/sun-expert-protector-celular-anti-edad\/","og_site_name":"Oenobiol","article_modified_time":"2024-11-19T14:37:38+00:00","og_image":[{"width":350,"height":350,"url":"https:\/\/oenobiol.com\/app\/uploads\/2024\/04\/packshot-produit-350x350px-sun-expert-anti-edad.png","type":"image\/png"}],"twitter_card":"summary_large_image","twitter_misc":{"Est. reading time":"1 minute"},"schema":{"@context":"https:\/\/schema.org","@graph":[{"@type":"WebPage","@id":"https:\/\/oenobiol.com\/es_es\/productos\/sun-expert-protector-celular-anti-edad\/","url":"https:\/\/oenobiol.com\/es_es\/productos\/sun-expert-protector-celular-anti-edad\/","name":"SUN EXPERT Protector celular antiedad - complementos - OENOBIOL","isPartOf":{"@id":"https:\/\/oenobiol.com\/es_es\/#website"},"primaryImageOfPage":{"@id":"https:\/\/oenobiol.com\/es_es\/productos\/sun-expert-protector-celular-anti-edad\/#primaryimage"},"image":{"@id":"https:\/\/oenobiol.com\/es_es\/productos\/sun-expert-protector-celular-anti-edad\/#primaryimage"},"thumbnailUrl":"https:\/\/oenobiol.com\/app\/uploads\/2024\/04\/packshot-produit-350x350px-sun-expert-anti-edad.png","datePublished":"2024-04-04T09:24:23+00:00","dateModified":"2024-11-19T14:37:38+00:00","description":"A partir de los 35 a\u00f1os, prepara tu piel para el sol y consigue un bronceado duradero con un preparador solar formulado con efecto antienvejecimiento para activar tu belleza.","breadcrumb":{"@id":"https:\/\/oenobiol.com\/es_es\/productos\/sun-expert-protector-celular-anti-edad\/#breadcrumb"},"inLanguage":"es-ES-","potentialAction":[{"@type":"ReadAction","target":["https:\/\/oenobiol.com\/es_es\/productos\/sun-expert-protector-celular-anti-edad\/"]}]},{"@type":"ImageObject","inLanguage":"es-ES-","@id":"https:\/\/oenobiol.com\/es_es\/productos\/sun-expert-protector-celular-anti-edad\/#primaryimage","url":"https:\/\/oenobiol.com\/app\/uploads\/2024\/04\/packshot-produit-350x350px-sun-expert-anti-edad.png","contentUrl":"https:\/\/oenobiol.com\/app\/uploads\/2024\/04\/packshot-produit-350x350px-sun-expert-anti-edad.png","width":350,"height":350,"caption":"Packshot Sun Expert protector celular antiedad"},{"@type":"BreadcrumbList","@id":"https:\/\/oenobiol.com\/es_es\/productos\/sun-expert-protector-celular-anti-edad\/#breadcrumb","itemListElement":[{"@type":"ListItem","position":1,"name":"Inicio","item":"https:\/\/oenobiol.com\/es_es\/"},{"@type":"ListItem","position":2,"name":"Solar","item":"https:\/\/oenobiol.com\/es_es\/lineas\/solar\/"},{"@type":"ListItem","position":3,"name":"Sun expert protector celular antiedad"}]},{"@type":"WebSite","@id":"https:\/\/oenobiol.com\/es_es\/#website","url":"https:\/\/oenobiol.com\/es_es\/","name":"Oenobiol","description":"","publisher":{"@id":"https:\/\/oenobiol.com\/es_es\/#organization"},"potentialAction":[{"@type":"SearchAction","target":{"@type":"EntryPoint","urlTemplate":"https:\/\/oenobiol.com\/es_es\/?s={search_term_string}"},"query-input":{"@type":"PropertyValueSpecification","valueRequired":true,"valueName":"search_term_string"}}],"inLanguage":"es-ES-"},{"@type":"Organization","@id":"https:\/\/oenobiol.com\/es_es\/#organization","name":"Oenobiol","url":"https:\/\/oenobiol.com\/es_es\/","logo":{"@type":"ImageObject","inLanguage":"es-ES-","@id":"https:\/\/oenobiol.com\/es_es\/#\/schema\/logo\/image\/","url":"https:\/\/oenobiol.com\/app\/uploads\/2024\/05\/logo-baseline-2-1.svg","contentUrl":"https:\/\/oenobiol.com\/app\/uploads\/2024\/05\/logo-baseline-2-1.svg","width":131,"height":41,"caption":"Oenobiol"},"image":{"@id":"https:\/\/oenobiol.com\/es_es\/#\/schema\/logo\/image\/"}}]}},"_links":{"self":[{"href":"https:\/\/oenobiol.com\/es_es\/wp-json\/wp\/v2\/product\/11906","targetHints":{"allow":["GET"]}}],"collection":[{"href":"https:\/\/oenobiol.com\/es_es\/wp-json\/wp\/v2\/product"}],"about":[{"href":"https:\/\/oenobiol.com\/es_es\/wp-json\/wp\/v2\/types\/product"}],"wp:featuredmedia":[{"embeddable":true,"href":"https:\/\/oenobiol.com\/es_es\/wp-json\/wp\/v2\/media\/11908"}],"wp:attachment":[{"href":"https:\/\/oenobiol.com\/es_es\/wp-json\/wp\/v2\/media?parent=11906"}],"curies":[{"name":"wp","href":"https:\/\/api.w.org\/{rel}","templated":true}]}}