{"id":11909,"date":"2024-04-04T11:08:50","date_gmt":"2024-04-04T09:08:50","guid":{"rendered":"https:\/\/oenobiol.com\/produits\/sun-expert-preparador-celular-pieles-sensibles\/"},"modified":"2024-11-19T15:38:06","modified_gmt":"2024-11-19T14:38:06","slug":"sun-expert-protector-celular-pieles-sensibles","status":"publish","type":"product","link":"https:\/\/oenobiol.com\/es_es\/productos\/sun-expert-protector-celular-pieles-sensibles\/","title":{"rendered":"Sun expert protector celular pieles sensibles"},"content":{"rendered":"<p>SUN EXPERT Preparador Solar ampl\u00eda su oferta a todas las pieles sensibles al sol con una protecci\u00f3n celular antioxidante\u00b2 adaptada para una preparaci\u00f3n \u00f3ptima antes de la exposici\u00f3n al sol y para promover un bronceado intenso y radiante\u00b3.<\/p>\n","protected":false},"excerpt":{"rendered":"<p>Preparar la piel sensible antes de la exposici\u00f3n al sol.<\/p>\n","protected":false},"featured_media":11911,"template":"","meta":{"_acf_changed":false,"inline_featured_image":false},"class_list":["post-11909","product","type-product","status-publish","has-post-thumbnail","hentry","product_category-solar","product_tag-premios-victoires-de-la-beaute-es_es"],"acf":[],"yoast_head":"<!-- This site is optimized with the Yoast SEO plugin v27.0 - https:\/\/yoast.com\/product\/yoast-seo-wordpress\/ -->\n<title>SUN EXPERT Preparaci\u00f3n solar para piel sensible - OENOBIOL<\/title>\n<meta name=\"description\" content=\"Prepara tu piel sensible al sol para un bronceado sublime y prolongado con los complementos alimenticios OENOBIOL SUN EXPERT Piel Sensible.\" \/>\n<meta name=\"robots\" content=\"index, follow, max-snippet:-1, max-image-preview:large, max-video-preview:-1\" \/>\n<link rel=\"canonical\" href=\"https:\/\/oenobiol.com\/es_es\/productos\/sun-expert-protector-celular-pieles-sensibles\/\" \/>\n<meta property=\"og:locale\" content=\"es_ES\" \/>\n<meta property=\"og:type\" content=\"article\" \/>\n<meta property=\"og:title\" content=\"SUN EXPERT Preparaci\u00f3n solar para piel sensible - OENOBIOL\" \/>\n<meta property=\"og:description\" content=\"Prepara tu piel sensible al sol para un bronceado sublime y prolongado con los complementos alimenticios OENOBIOL SUN EXPERT Piel Sensible.\" \/>\n<meta property=\"og:url\" content=\"https:\/\/oenobiol.com\/es_es\/productos\/sun-expert-protector-celular-pieles-sensibles\/\" \/>\n<meta property=\"og:site_name\" content=\"Oenobiol\" \/>\n<meta property=\"article:modified_time\" content=\"2024-11-19T14:38:06+00:00\" \/>\n<meta property=\"og:image\" content=\"https:\/\/oenobiol.com\/app\/uploads\/2024\/04\/packshot-produit-350x350px-sun-expert-pieles-sensibles.png\" \/>\n\t<meta property=\"og:image:width\" content=\"350\" \/>\n\t<meta property=\"og:image:height\" content=\"350\" \/>\n\t<meta property=\"og:image:type\" content=\"image\/png\" \/>\n<meta name=\"twitter:card\" content=\"summary_large_image\" \/>\n<meta name=\"twitter:label1\" content=\"Est. reading time\" \/>\n\t<meta name=\"twitter:data1\" content=\"1 minute\" \/>\n<script type=\"application\/ld+json\" class=\"yoast-schema-graph\">{\"@context\":\"https:\/\/schema.org\",\"@graph\":[{\"@type\":\"WebPage\",\"@id\":\"https:\/\/oenobiol.com\/es_es\/productos\/sun-expert-protector-celular-pieles-sensibles\/\",\"url\":\"https:\/\/oenobiol.com\/es_es\/productos\/sun-expert-protector-celular-pieles-sensibles\/\",\"name\":\"SUN EXPERT Preparaci\u00f3n solar para piel sensible - OENOBIOL\",\"isPartOf\":{\"@id\":\"https:\/\/oenobiol.com\/es_es\/#website\"},\"primaryImageOfPage\":{\"@id\":\"https:\/\/oenobiol.com\/es_es\/productos\/sun-expert-protector-celular-pieles-sensibles\/#primaryimage\"},\"image\":{\"@id\":\"https:\/\/oenobiol.com\/es_es\/productos\/sun-expert-protector-celular-pieles-sensibles\/#primaryimage\"},\"thumbnailUrl\":\"https:\/\/oenobiol.com\/app\/uploads\/2024\/04\/packshot-produit-350x350px-sun-expert-pieles-sensibles.png\",\"datePublished\":\"2024-04-04T09:08:50+00:00\",\"dateModified\":\"2024-11-19T14:38:06+00:00\",\"description\":\"Prepara tu piel sensible al sol para un bronceado sublime y prolongado con los complementos alimenticios OENOBIOL SUN EXPERT Piel Sensible.\",\"breadcrumb\":{\"@id\":\"https:\/\/oenobiol.com\/es_es\/productos\/sun-expert-protector-celular-pieles-sensibles\/#breadcrumb\"},\"inLanguage\":\"es-ES-\",\"potentialAction\":[{\"@type\":\"ReadAction\",\"target\":[\"https:\/\/oenobiol.com\/es_es\/productos\/sun-expert-protector-celular-pieles-sensibles\/\"]}]},{\"@type\":\"ImageObject\",\"inLanguage\":\"es-ES-\",\"@id\":\"https:\/\/oenobiol.com\/es_es\/productos\/sun-expert-protector-celular-pieles-sensibles\/#primaryimage\",\"url\":\"https:\/\/oenobiol.com\/app\/uploads\/2024\/04\/packshot-produit-350x350px-sun-expert-pieles-sensibles.png\",\"contentUrl\":\"https:\/\/oenobiol.com\/app\/uploads\/2024\/04\/packshot-produit-350x350px-sun-expert-pieles-sensibles.png\",\"width\":350,\"height\":350,\"caption\":\"Packshot Sun Expert protector celular pieles sensibles\"},{\"@type\":\"BreadcrumbList\",\"@id\":\"https:\/\/oenobiol.com\/es_es\/productos\/sun-expert-protector-celular-pieles-sensibles\/#breadcrumb\",\"itemListElement\":[{\"@type\":\"ListItem\",\"position\":1,\"name\":\"Inicio\",\"item\":\"https:\/\/oenobiol.com\/es_es\/\"},{\"@type\":\"ListItem\",\"position\":2,\"name\":\"Solar\",\"item\":\"https:\/\/oenobiol.com\/es_es\/lineas\/solar\/\"},{\"@type\":\"ListItem\",\"position\":3,\"name\":\"Sun expert protector celular pieles sensibles\"}]},{\"@type\":\"WebSite\",\"@id\":\"https:\/\/oenobiol.com\/es_es\/#website\",\"url\":\"https:\/\/oenobiol.com\/es_es\/\",\"name\":\"Oenobiol\",\"description\":\"\",\"publisher\":{\"@id\":\"https:\/\/oenobiol.com\/es_es\/#organization\"},\"potentialAction\":[{\"@type\":\"SearchAction\",\"target\":{\"@type\":\"EntryPoint\",\"urlTemplate\":\"https:\/\/oenobiol.com\/es_es\/?s={search_term_string}\"},\"query-input\":{\"@type\":\"PropertyValueSpecification\",\"valueRequired\":true,\"valueName\":\"search_term_string\"}}],\"inLanguage\":\"es-ES-\"},{\"@type\":\"Organization\",\"@id\":\"https:\/\/oenobiol.com\/es_es\/#organization\",\"name\":\"Oenobiol\",\"url\":\"https:\/\/oenobiol.com\/es_es\/\",\"logo\":{\"@type\":\"ImageObject\",\"inLanguage\":\"es-ES-\",\"@id\":\"https:\/\/oenobiol.com\/es_es\/#\/schema\/logo\/image\/\",\"url\":\"https:\/\/oenobiol.com\/app\/uploads\/2024\/05\/logo-baseline-2-1.svg\",\"contentUrl\":\"https:\/\/oenobiol.com\/app\/uploads\/2024\/05\/logo-baseline-2-1.svg\",\"width\":131,\"height\":41,\"caption\":\"Oenobiol\"},\"image\":{\"@id\":\"https:\/\/oenobiol.com\/es_es\/#\/schema\/logo\/image\/\"}}]}<\/script>\n<!-- \/ Yoast SEO plugin. -->","yoast_head_json":{"title":"SUN EXPERT Preparaci\u00f3n solar para piel sensible - OENOBIOL","description":"Prepara tu piel sensible al sol para un bronceado sublime y prolongado con los complementos alimenticios OENOBIOL SUN EXPERT Piel Sensible.","robots":{"index":"index","follow":"follow","max-snippet":"max-snippet:-1","max-image-preview":"max-image-preview:large","max-video-preview":"max-video-preview:-1"},"canonical":"https:\/\/oenobiol.com\/es_es\/productos\/sun-expert-protector-celular-pieles-sensibles\/","og_locale":"es_ES","og_type":"article","og_title":"SUN EXPERT Preparaci\u00f3n solar para piel sensible - OENOBIOL","og_description":"Prepara tu piel sensible al sol para un bronceado sublime y prolongado con los complementos alimenticios OENOBIOL SUN EXPERT Piel Sensible.","og_url":"https:\/\/oenobiol.com\/es_es\/productos\/sun-expert-protector-celular-pieles-sensibles\/","og_site_name":"Oenobiol","article_modified_time":"2024-11-19T14:38:06+00:00","og_image":[{"width":350,"height":350,"url":"https:\/\/oenobiol.com\/app\/uploads\/2024\/04\/packshot-produit-350x350px-sun-expert-pieles-sensibles.png","type":"image\/png"}],"twitter_card":"summary_large_image","twitter_misc":{"Est. reading time":"1 minute"},"schema":{"@context":"https:\/\/schema.org","@graph":[{"@type":"WebPage","@id":"https:\/\/oenobiol.com\/es_es\/productos\/sun-expert-protector-celular-pieles-sensibles\/","url":"https:\/\/oenobiol.com\/es_es\/productos\/sun-expert-protector-celular-pieles-sensibles\/","name":"SUN EXPERT Preparaci\u00f3n solar para piel sensible - OENOBIOL","isPartOf":{"@id":"https:\/\/oenobiol.com\/es_es\/#website"},"primaryImageOfPage":{"@id":"https:\/\/oenobiol.com\/es_es\/productos\/sun-expert-protector-celular-pieles-sensibles\/#primaryimage"},"image":{"@id":"https:\/\/oenobiol.com\/es_es\/productos\/sun-expert-protector-celular-pieles-sensibles\/#primaryimage"},"thumbnailUrl":"https:\/\/oenobiol.com\/app\/uploads\/2024\/04\/packshot-produit-350x350px-sun-expert-pieles-sensibles.png","datePublished":"2024-04-04T09:08:50+00:00","dateModified":"2024-11-19T14:38:06+00:00","description":"Prepara tu piel sensible al sol para un bronceado sublime y prolongado con los complementos alimenticios OENOBIOL SUN EXPERT Piel Sensible.","breadcrumb":{"@id":"https:\/\/oenobiol.com\/es_es\/productos\/sun-expert-protector-celular-pieles-sensibles\/#breadcrumb"},"inLanguage":"es-ES-","potentialAction":[{"@type":"ReadAction","target":["https:\/\/oenobiol.com\/es_es\/productos\/sun-expert-protector-celular-pieles-sensibles\/"]}]},{"@type":"ImageObject","inLanguage":"es-ES-","@id":"https:\/\/oenobiol.com\/es_es\/productos\/sun-expert-protector-celular-pieles-sensibles\/#primaryimage","url":"https:\/\/oenobiol.com\/app\/uploads\/2024\/04\/packshot-produit-350x350px-sun-expert-pieles-sensibles.png","contentUrl":"https:\/\/oenobiol.com\/app\/uploads\/2024\/04\/packshot-produit-350x350px-sun-expert-pieles-sensibles.png","width":350,"height":350,"caption":"Packshot Sun Expert protector celular pieles sensibles"},{"@type":"BreadcrumbList","@id":"https:\/\/oenobiol.com\/es_es\/productos\/sun-expert-protector-celular-pieles-sensibles\/#breadcrumb","itemListElement":[{"@type":"ListItem","position":1,"name":"Inicio","item":"https:\/\/oenobiol.com\/es_es\/"},{"@type":"ListItem","position":2,"name":"Solar","item":"https:\/\/oenobiol.com\/es_es\/lineas\/solar\/"},{"@type":"ListItem","position":3,"name":"Sun expert protector celular pieles sensibles"}]},{"@type":"WebSite","@id":"https:\/\/oenobiol.com\/es_es\/#website","url":"https:\/\/oenobiol.com\/es_es\/","name":"Oenobiol","description":"","publisher":{"@id":"https:\/\/oenobiol.com\/es_es\/#organization"},"potentialAction":[{"@type":"SearchAction","target":{"@type":"EntryPoint","urlTemplate":"https:\/\/oenobiol.com\/es_es\/?s={search_term_string}"},"query-input":{"@type":"PropertyValueSpecification","valueRequired":true,"valueName":"search_term_string"}}],"inLanguage":"es-ES-"},{"@type":"Organization","@id":"https:\/\/oenobiol.com\/es_es\/#organization","name":"Oenobiol","url":"https:\/\/oenobiol.com\/es_es\/","logo":{"@type":"ImageObject","inLanguage":"es-ES-","@id":"https:\/\/oenobiol.com\/es_es\/#\/schema\/logo\/image\/","url":"https:\/\/oenobiol.com\/app\/uploads\/2024\/05\/logo-baseline-2-1.svg","contentUrl":"https:\/\/oenobiol.com\/app\/uploads\/2024\/05\/logo-baseline-2-1.svg","width":131,"height":41,"caption":"Oenobiol"},"image":{"@id":"https:\/\/oenobiol.com\/es_es\/#\/schema\/logo\/image\/"}}]}},"_links":{"self":[{"href":"https:\/\/oenobiol.com\/es_es\/wp-json\/wp\/v2\/product\/11909","targetHints":{"allow":["GET"]}}],"collection":[{"href":"https:\/\/oenobiol.com\/es_es\/wp-json\/wp\/v2\/product"}],"about":[{"href":"https:\/\/oenobiol.com\/es_es\/wp-json\/wp\/v2\/types\/product"}],"wp:featuredmedia":[{"embeddable":true,"href":"https:\/\/oenobiol.com\/es_es\/wp-json\/wp\/v2\/media\/11911"}],"wp:attachment":[{"href":"https:\/\/oenobiol.com\/es_es\/wp-json\/wp\/v2\/media?parent=11909"}],"curies":[{"name":"wp","href":"https:\/\/api.w.org\/{rel}","templated":true}]}}