{"id":11943,"date":"2024-03-07T15:13:44","date_gmt":"2024-03-07T14:13:44","guid":{"rendered":"https:\/\/oenobiol.com\/produits\/probio\/"},"modified":"2024-04-24T14:39:17","modified_gmt":"2024-04-24T12:39:17","slug":"probio","status":"publish","type":"product","link":"https:\/\/oenobiol.com\/es_es\/productos\/probio\/","title":{"rendered":"Probio"},"content":{"rendered":"<p>Oenobiol Probio ofrece un nuevo enfoque para adelgazar, m\u00e1s saludable para el cuerpo.<\/p>\n<p>Esta nueva f\u00f3rmula, consiste en un concentrado de extractos vegetales y de cepas microbi\u00f3ticas encapsuladas en una c\u00e1psula vegetal, combinando una acci\u00f3n espec\u00edfica sobre las grasas<sup>(1-2)<\/sup>\u00a0gracias al Citrus Aurantium y al Ascophyllum, y una acci\u00f3n de reequilibrio intestinal<sup>(3)<\/sup>, a la vez que aporta energ\u00eda de forma natural gracias a las vitaminas del grupo B<sup>(4)<\/sup>.<\/p>\n<p>Esta nueva generaci\u00f3n de quemagrasas<sup>(1)<\/sup>, que act\u00faa durante la noche, te ayuda a adelgazar<sup>(1)<\/sup>\u00a0de forma natural mientras cuidas tu cuerpo, sin ponerlo a prueba.<\/p>\n","protected":false},"excerpt":{"rendered":"<p>Encontrar tu l\u00ednea, mantener tu forma.<\/p>\n","protected":false},"featured_media":11945,"template":"","meta":{"_acf_changed":false,"inline_featured_image":false},"class_list":["post-11943","product","type-product","status-publish","has-post-thumbnail","hentry","product_category-silueta","product_tag-quatre-actions-es_es"],"acf":[],"yoast_head":"<!-- This site is optimized with the Yoast SEO plugin v27.0 - https:\/\/yoast.com\/product\/yoast-seo-wordpress\/ -->\n<title>Probio- complementos alimenticios silueta- OENOBIOL<\/title>\n<meta name=\"description\" content=\"Gracias a su innovadora f\u00f3rmula multi acci\u00f3n, Oenobiol Probio facilita la p\u00e9rdida de peso (1) y a la vez reequilibra la microbiota.\" \/>\n<meta name=\"robots\" content=\"index, follow, max-snippet:-1, max-image-preview:large, max-video-preview:-1\" \/>\n<link rel=\"canonical\" href=\"https:\/\/oenobiol.com\/es_es\/productos\/probio\/\" \/>\n<meta property=\"og:locale\" content=\"es_ES\" \/>\n<meta property=\"og:type\" content=\"article\" \/>\n<meta property=\"og:title\" content=\"Probio- complementos alimenticios silueta- OENOBIOL\" \/>\n<meta property=\"og:description\" content=\"Gracias a su innovadora f\u00f3rmula multi acci\u00f3n, Oenobiol Probio facilita la p\u00e9rdida de peso (1) y a la vez reequilibra la microbiota.\" \/>\n<meta property=\"og:url\" content=\"https:\/\/oenobiol.com\/es_es\/productos\/probio\/\" \/>\n<meta property=\"og:site_name\" content=\"Oenobiol\" \/>\n<meta property=\"article:modified_time\" content=\"2024-04-24T12:39:17+00:00\" \/>\n<meta property=\"og:image\" content=\"https:\/\/oenobiol.com\/app\/uploads\/2024\/03\/probio-slim-packshot-produit-350x350px.png\" \/>\n\t<meta property=\"og:image:width\" content=\"350\" \/>\n\t<meta property=\"og:image:height\" content=\"350\" \/>\n\t<meta property=\"og:image:type\" content=\"image\/png\" \/>\n<meta name=\"twitter:card\" content=\"summary_large_image\" \/>\n<meta name=\"twitter:label1\" content=\"Est. reading time\" \/>\n\t<meta name=\"twitter:data1\" content=\"1 minute\" \/>\n<script type=\"application\/ld+json\" class=\"yoast-schema-graph\">{\"@context\":\"https:\/\/schema.org\",\"@graph\":[{\"@type\":\"WebPage\",\"@id\":\"https:\/\/oenobiol.com\/es_es\/productos\/probio\/\",\"url\":\"https:\/\/oenobiol.com\/es_es\/productos\/probio\/\",\"name\":\"Probio- complementos alimenticios silueta- OENOBIOL\",\"isPartOf\":{\"@id\":\"https:\/\/oenobiol.com\/es_es\/#website\"},\"primaryImageOfPage\":{\"@id\":\"https:\/\/oenobiol.com\/es_es\/productos\/probio\/#primaryimage\"},\"image\":{\"@id\":\"https:\/\/oenobiol.com\/es_es\/productos\/probio\/#primaryimage\"},\"thumbnailUrl\":\"https:\/\/oenobiol.com\/app\/uploads\/2024\/03\/probio-slim-packshot-produit-350x350px.png\",\"datePublished\":\"2024-03-07T14:13:44+00:00\",\"dateModified\":\"2024-04-24T12:39:17+00:00\",\"description\":\"Gracias a su innovadora f\u00f3rmula multi acci\u00f3n, Oenobiol Probio facilita la p\u00e9rdida de peso (1) y a la vez reequilibra la microbiota.\",\"breadcrumb\":{\"@id\":\"https:\/\/oenobiol.com\/es_es\/productos\/probio\/#breadcrumb\"},\"inLanguage\":\"es-ES-\",\"potentialAction\":[{\"@type\":\"ReadAction\",\"target\":[\"https:\/\/oenobiol.com\/es_es\/productos\/probio\/\"]}]},{\"@type\":\"ImageObject\",\"inLanguage\":\"es-ES-\",\"@id\":\"https:\/\/oenobiol.com\/es_es\/productos\/probio\/#primaryimage\",\"url\":\"https:\/\/oenobiol.com\/app\/uploads\/2024\/03\/probio-slim-packshot-produit-350x350px.png\",\"contentUrl\":\"https:\/\/oenobiol.com\/app\/uploads\/2024\/03\/probio-slim-packshot-produit-350x350px.png\",\"width\":350,\"height\":350,\"caption\":\"packshot\"},{\"@type\":\"BreadcrumbList\",\"@id\":\"https:\/\/oenobiol.com\/es_es\/productos\/probio\/#breadcrumb\",\"itemListElement\":[{\"@type\":\"ListItem\",\"position\":1,\"name\":\"Inicio\",\"item\":\"https:\/\/oenobiol.com\/es_es\/\"},{\"@type\":\"ListItem\",\"position\":2,\"name\":\"Silueta\",\"item\":\"https:\/\/oenobiol.com\/es_es\/lineas\/silueta\/\"},{\"@type\":\"ListItem\",\"position\":3,\"name\":\"Probio\"}]},{\"@type\":\"WebSite\",\"@id\":\"https:\/\/oenobiol.com\/es_es\/#website\",\"url\":\"https:\/\/oenobiol.com\/es_es\/\",\"name\":\"Oenobiol\",\"description\":\"\",\"publisher\":{\"@id\":\"https:\/\/oenobiol.com\/es_es\/#organization\"},\"potentialAction\":[{\"@type\":\"SearchAction\",\"target\":{\"@type\":\"EntryPoint\",\"urlTemplate\":\"https:\/\/oenobiol.com\/es_es\/?s={search_term_string}\"},\"query-input\":{\"@type\":\"PropertyValueSpecification\",\"valueRequired\":true,\"valueName\":\"search_term_string\"}}],\"inLanguage\":\"es-ES-\"},{\"@type\":\"Organization\",\"@id\":\"https:\/\/oenobiol.com\/es_es\/#organization\",\"name\":\"Oenobiol\",\"url\":\"https:\/\/oenobiol.com\/es_es\/\",\"logo\":{\"@type\":\"ImageObject\",\"inLanguage\":\"es-ES-\",\"@id\":\"https:\/\/oenobiol.com\/es_es\/#\/schema\/logo\/image\/\",\"url\":\"https:\/\/oenobiol.com\/app\/uploads\/2024\/05\/logo-baseline-2-1.svg\",\"contentUrl\":\"https:\/\/oenobiol.com\/app\/uploads\/2024\/05\/logo-baseline-2-1.svg\",\"width\":131,\"height\":41,\"caption\":\"Oenobiol\"},\"image\":{\"@id\":\"https:\/\/oenobiol.com\/es_es\/#\/schema\/logo\/image\/\"}}]}<\/script>\n<!-- \/ Yoast SEO plugin. -->","yoast_head_json":{"title":"Probio- complementos alimenticios silueta- OENOBIOL","description":"Gracias a su innovadora f\u00f3rmula multi acci\u00f3n, Oenobiol Probio facilita la p\u00e9rdida de peso (1) y a la vez reequilibra la microbiota.","robots":{"index":"index","follow":"follow","max-snippet":"max-snippet:-1","max-image-preview":"max-image-preview:large","max-video-preview":"max-video-preview:-1"},"canonical":"https:\/\/oenobiol.com\/es_es\/productos\/probio\/","og_locale":"es_ES","og_type":"article","og_title":"Probio- complementos alimenticios silueta- OENOBIOL","og_description":"Gracias a su innovadora f\u00f3rmula multi acci\u00f3n, Oenobiol Probio facilita la p\u00e9rdida de peso (1) y a la vez reequilibra la microbiota.","og_url":"https:\/\/oenobiol.com\/es_es\/productos\/probio\/","og_site_name":"Oenobiol","article_modified_time":"2024-04-24T12:39:17+00:00","og_image":[{"width":350,"height":350,"url":"https:\/\/oenobiol.com\/app\/uploads\/2024\/03\/probio-slim-packshot-produit-350x350px.png","type":"image\/png"}],"twitter_card":"summary_large_image","twitter_misc":{"Est. reading time":"1 minute"},"schema":{"@context":"https:\/\/schema.org","@graph":[{"@type":"WebPage","@id":"https:\/\/oenobiol.com\/es_es\/productos\/probio\/","url":"https:\/\/oenobiol.com\/es_es\/productos\/probio\/","name":"Probio- complementos alimenticios silueta- OENOBIOL","isPartOf":{"@id":"https:\/\/oenobiol.com\/es_es\/#website"},"primaryImageOfPage":{"@id":"https:\/\/oenobiol.com\/es_es\/productos\/probio\/#primaryimage"},"image":{"@id":"https:\/\/oenobiol.com\/es_es\/productos\/probio\/#primaryimage"},"thumbnailUrl":"https:\/\/oenobiol.com\/app\/uploads\/2024\/03\/probio-slim-packshot-produit-350x350px.png","datePublished":"2024-03-07T14:13:44+00:00","dateModified":"2024-04-24T12:39:17+00:00","description":"Gracias a su innovadora f\u00f3rmula multi acci\u00f3n, Oenobiol Probio facilita la p\u00e9rdida de peso (1) y a la vez reequilibra la microbiota.","breadcrumb":{"@id":"https:\/\/oenobiol.com\/es_es\/productos\/probio\/#breadcrumb"},"inLanguage":"es-ES-","potentialAction":[{"@type":"ReadAction","target":["https:\/\/oenobiol.com\/es_es\/productos\/probio\/"]}]},{"@type":"ImageObject","inLanguage":"es-ES-","@id":"https:\/\/oenobiol.com\/es_es\/productos\/probio\/#primaryimage","url":"https:\/\/oenobiol.com\/app\/uploads\/2024\/03\/probio-slim-packshot-produit-350x350px.png","contentUrl":"https:\/\/oenobiol.com\/app\/uploads\/2024\/03\/probio-slim-packshot-produit-350x350px.png","width":350,"height":350,"caption":"packshot"},{"@type":"BreadcrumbList","@id":"https:\/\/oenobiol.com\/es_es\/productos\/probio\/#breadcrumb","itemListElement":[{"@type":"ListItem","position":1,"name":"Inicio","item":"https:\/\/oenobiol.com\/es_es\/"},{"@type":"ListItem","position":2,"name":"Silueta","item":"https:\/\/oenobiol.com\/es_es\/lineas\/silueta\/"},{"@type":"ListItem","position":3,"name":"Probio"}]},{"@type":"WebSite","@id":"https:\/\/oenobiol.com\/es_es\/#website","url":"https:\/\/oenobiol.com\/es_es\/","name":"Oenobiol","description":"","publisher":{"@id":"https:\/\/oenobiol.com\/es_es\/#organization"},"potentialAction":[{"@type":"SearchAction","target":{"@type":"EntryPoint","urlTemplate":"https:\/\/oenobiol.com\/es_es\/?s={search_term_string}"},"query-input":{"@type":"PropertyValueSpecification","valueRequired":true,"valueName":"search_term_string"}}],"inLanguage":"es-ES-"},{"@type":"Organization","@id":"https:\/\/oenobiol.com\/es_es\/#organization","name":"Oenobiol","url":"https:\/\/oenobiol.com\/es_es\/","logo":{"@type":"ImageObject","inLanguage":"es-ES-","@id":"https:\/\/oenobiol.com\/es_es\/#\/schema\/logo\/image\/","url":"https:\/\/oenobiol.com\/app\/uploads\/2024\/05\/logo-baseline-2-1.svg","contentUrl":"https:\/\/oenobiol.com\/app\/uploads\/2024\/05\/logo-baseline-2-1.svg","width":131,"height":41,"caption":"Oenobiol"},"image":{"@id":"https:\/\/oenobiol.com\/es_es\/#\/schema\/logo\/image\/"}}]}},"_links":{"self":[{"href":"https:\/\/oenobiol.com\/es_es\/wp-json\/wp\/v2\/product\/11943","targetHints":{"allow":["GET"]}}],"collection":[{"href":"https:\/\/oenobiol.com\/es_es\/wp-json\/wp\/v2\/product"}],"about":[{"href":"https:\/\/oenobiol.com\/es_es\/wp-json\/wp\/v2\/types\/product"}],"wp:featuredmedia":[{"embeddable":true,"href":"https:\/\/oenobiol.com\/es_es\/wp-json\/wp\/v2\/media\/11945"}],"wp:attachment":[{"href":"https:\/\/oenobiol.com\/es_es\/wp-json\/wp\/v2\/media?parent=11943"}],"curies":[{"name":"wp","href":"https:\/\/api.w.org\/{rel}","templated":true}]}}