{"id":1696,"date":"2024-03-26T14:04:48","date_gmt":"2024-03-26T13:04:48","guid":{"rendered":"https:\/\/oenobiol.com\/page-daccueil\/"},"modified":"2024-11-26T15:20:03","modified_gmt":"2024-11-26T14:20:03","slug":"page-daccueil","status":"publish","type":"page","link":"https:\/\/oenobiol.com\/fr_be\/","title":{"rendered":"Page d&#8217;accueil"},"content":{"rendered":"","protected":false},"excerpt":{"rendered":"","protected":false},"author":1,"featured_media":16627,"parent":0,"menu_order":0,"comment_status":"closed","ping_status":"closed","template":"","meta":{"_acf_changed":false,"inline_featured_image":false,"footnotes":""},"class_list":["post-1696","page","type-page","status-publish","has-post-thumbnail","hentry"],"acf":[],"yoast_head":"<!-- This site is optimized with the Yoast SEO plugin v27.0 - https:\/\/yoast.com\/product\/yoast-seo-wordpress\/ -->\n<title>OENOBIOL - Site Officiel - Compl\u00e9ments alimentaires beaut\u00e9<\/title>\n<meta name=\"description\" content=\"OENOBIOL est une marque fran\u00e7aise de compl\u00e9ments alimentaires pour activer votre beaut\u00e9 : pr\u00e9parateurs solaires, autobronzants, cheveux...\" \/>\n<meta name=\"robots\" content=\"index, follow, max-snippet:-1, max-image-preview:large, max-video-preview:-1\" \/>\n<link rel=\"canonical\" href=\"https:\/\/oenobiol.com\/fr_be\/\" \/>\n<meta property=\"og:locale\" content=\"fr_FR\" \/>\n<meta property=\"og:type\" content=\"article\" \/>\n<meta property=\"og:title\" content=\"OENOBIOL - Site Officiel - Compl\u00e9ments alimentaires beaut\u00e9\" \/>\n<meta property=\"og:description\" content=\"OENOBIOL est une marque fran\u00e7aise de compl\u00e9ments alimentaires pour activer votre beaut\u00e9 : pr\u00e9parateurs solaires, autobronzants, cheveux...\" \/>\n<meta property=\"og:url\" content=\"https:\/\/oenobiol.com\/fr_be\/\" \/>\n<meta property=\"og:site_name\" content=\"Oenobiol\" \/>\n<meta property=\"article:modified_time\" content=\"2024-11-26T14:20:03+00:00\" \/>\n<meta property=\"og:image\" content=\"https:\/\/oenobiol.com\/app\/uploads\/2024\/04\/Pot-BE-NL-Perfect-intense-ouvert-D-2023-V1-RVB-SNIP-1024x820.png\" \/>\n\t<meta property=\"og:image:width\" content=\"1024\" \/>\n\t<meta property=\"og:image:height\" content=\"820\" \/>\n\t<meta property=\"og:image:type\" content=\"image\/png\" \/>\n<meta name=\"twitter:card\" content=\"summary_large_image\" \/>\n<meta name=\"twitter:label1\" content=\"Est. reading time\" \/>\n\t<meta name=\"twitter:data1\" content=\"1 minute\" \/>\n<script type=\"application\/ld+json\" class=\"yoast-schema-graph\">{\"@context\":\"https:\/\/schema.org\",\"@graph\":[{\"@type\":\"WebPage\",\"@id\":\"https:\/\/oenobiol.com\/fr_be\/\",\"url\":\"https:\/\/oenobiol.com\/fr_be\/\",\"name\":\"OENOBIOL - Site Officiel - Compl\u00e9ments alimentaires beaut\u00e9\",\"isPartOf\":{\"@id\":\"https:\/\/oenobiol.com\/fr_be\/#website\"},\"primaryImageOfPage\":{\"@id\":\"https:\/\/oenobiol.com\/fr_be\/#primaryimage\"},\"image\":{\"@id\":\"https:\/\/oenobiol.com\/fr_be\/#primaryimage\"},\"thumbnailUrl\":\"https:\/\/oenobiol.com\/app\/uploads\/2024\/04\/Pot-BE-NL-Perfect-intense-ouvert-D-2023-V1-RVB-SNIP.png\",\"datePublished\":\"2024-03-26T13:04:48+00:00\",\"dateModified\":\"2024-11-26T14:20:03+00:00\",\"description\":\"OENOBIOL est une marque fran\u00e7aise de compl\u00e9ments alimentaires pour activer votre beaut\u00e9 : pr\u00e9parateurs solaires, autobronzants, cheveux...\",\"breadcrumb\":{\"@id\":\"https:\/\/oenobiol.com\/fr_be\/#breadcrumb\"},\"inLanguage\":\"fr-BE-\",\"potentialAction\":[{\"@type\":\"ReadAction\",\"target\":[\"https:\/\/oenobiol.com\/fr_be\/\"]}]},{\"@type\":\"ImageObject\",\"inLanguage\":\"fr-BE-\",\"@id\":\"https:\/\/oenobiol.com\/fr_be\/#primaryimage\",\"url\":\"https:\/\/oenobiol.com\/app\/uploads\/2024\/04\/Pot-BE-NL-Perfect-intense-ouvert-D-2023-V1-RVB-SNIP.png\",\"contentUrl\":\"https:\/\/oenobiol.com\/app\/uploads\/2024\/04\/Pot-BE-NL-Perfect-intense-ouvert-D-2023-V1-RVB-SNIP.png\",\"width\":4641,\"height\":3717},{\"@type\":\"BreadcrumbList\",\"@id\":\"https:\/\/oenobiol.com\/fr_be\/#breadcrumb\",\"itemListElement\":[{\"@type\":\"ListItem\",\"position\":1,\"name\":\"Homepage\",\"item\":\"https:\/\/oenobiol.com\/fr_be\/\"},{\"@type\":\"ListItem\",\"position\":2,\"name\":\"Page d&#8217;accueil\"}]},{\"@type\":\"WebSite\",\"@id\":\"https:\/\/oenobiol.com\/fr_be\/#website\",\"url\":\"https:\/\/oenobiol.com\/fr_be\/\",\"name\":\"Oenobiol\",\"description\":\"\",\"publisher\":{\"@id\":\"https:\/\/oenobiol.com\/fr_be\/#organization\"},\"potentialAction\":[{\"@type\":\"SearchAction\",\"target\":{\"@type\":\"EntryPoint\",\"urlTemplate\":\"https:\/\/oenobiol.com\/fr_be\/?s={search_term_string}\"},\"query-input\":{\"@type\":\"PropertyValueSpecification\",\"valueRequired\":true,\"valueName\":\"search_term_string\"}}],\"inLanguage\":\"fr-BE-\"},{\"@type\":\"Organization\",\"@id\":\"https:\/\/oenobiol.com\/fr_be\/#organization\",\"name\":\"Oenobiol\",\"url\":\"https:\/\/oenobiol.com\/fr_be\/\",\"logo\":{\"@type\":\"ImageObject\",\"inLanguage\":\"fr-BE-\",\"@id\":\"https:\/\/oenobiol.com\/fr_be\/#\/schema\/logo\/image\/\",\"url\":\"https:\/\/oenobiol.com\/app\/uploads\/2024\/05\/logo-baseline-2-1.svg\",\"contentUrl\":\"https:\/\/oenobiol.com\/app\/uploads\/2024\/05\/logo-baseline-2-1.svg\",\"width\":131,\"height\":41,\"caption\":\"Oenobiol\"},\"image\":{\"@id\":\"https:\/\/oenobiol.com\/fr_be\/#\/schema\/logo\/image\/\"}}]}<\/script>\n<!-- \/ Yoast SEO plugin. -->","yoast_head_json":{"title":"OENOBIOL - Site Officiel - Compl\u00e9ments alimentaires beaut\u00e9","description":"OENOBIOL est une marque fran\u00e7aise de compl\u00e9ments alimentaires pour activer votre beaut\u00e9 : pr\u00e9parateurs solaires, autobronzants, cheveux...","robots":{"index":"index","follow":"follow","max-snippet":"max-snippet:-1","max-image-preview":"max-image-preview:large","max-video-preview":"max-video-preview:-1"},"canonical":"https:\/\/oenobiol.com\/fr_be\/","og_locale":"fr_FR","og_type":"article","og_title":"OENOBIOL - Site Officiel - Compl\u00e9ments alimentaires beaut\u00e9","og_description":"OENOBIOL est une marque fran\u00e7aise de compl\u00e9ments alimentaires pour activer votre beaut\u00e9 : pr\u00e9parateurs solaires, autobronzants, cheveux...","og_url":"https:\/\/oenobiol.com\/fr_be\/","og_site_name":"Oenobiol","article_modified_time":"2024-11-26T14:20:03+00:00","og_image":[{"width":1024,"height":820,"url":"https:\/\/oenobiol.com\/app\/uploads\/2024\/04\/Pot-BE-NL-Perfect-intense-ouvert-D-2023-V1-RVB-SNIP-1024x820.png","type":"image\/png"}],"twitter_card":"summary_large_image","twitter_misc":{"Est. reading time":"1 minute"},"schema":{"@context":"https:\/\/schema.org","@graph":[{"@type":"WebPage","@id":"https:\/\/oenobiol.com\/fr_be\/","url":"https:\/\/oenobiol.com\/fr_be\/","name":"OENOBIOL - Site Officiel - Compl\u00e9ments alimentaires beaut\u00e9","isPartOf":{"@id":"https:\/\/oenobiol.com\/fr_be\/#website"},"primaryImageOfPage":{"@id":"https:\/\/oenobiol.com\/fr_be\/#primaryimage"},"image":{"@id":"https:\/\/oenobiol.com\/fr_be\/#primaryimage"},"thumbnailUrl":"https:\/\/oenobiol.com\/app\/uploads\/2024\/04\/Pot-BE-NL-Perfect-intense-ouvert-D-2023-V1-RVB-SNIP.png","datePublished":"2024-03-26T13:04:48+00:00","dateModified":"2024-11-26T14:20:03+00:00","description":"OENOBIOL est une marque fran\u00e7aise de compl\u00e9ments alimentaires pour activer votre beaut\u00e9 : pr\u00e9parateurs solaires, autobronzants, cheveux...","breadcrumb":{"@id":"https:\/\/oenobiol.com\/fr_be\/#breadcrumb"},"inLanguage":"fr-BE-","potentialAction":[{"@type":"ReadAction","target":["https:\/\/oenobiol.com\/fr_be\/"]}]},{"@type":"ImageObject","inLanguage":"fr-BE-","@id":"https:\/\/oenobiol.com\/fr_be\/#primaryimage","url":"https:\/\/oenobiol.com\/app\/uploads\/2024\/04\/Pot-BE-NL-Perfect-intense-ouvert-D-2023-V1-RVB-SNIP.png","contentUrl":"https:\/\/oenobiol.com\/app\/uploads\/2024\/04\/Pot-BE-NL-Perfect-intense-ouvert-D-2023-V1-RVB-SNIP.png","width":4641,"height":3717},{"@type":"BreadcrumbList","@id":"https:\/\/oenobiol.com\/fr_be\/#breadcrumb","itemListElement":[{"@type":"ListItem","position":1,"name":"Homepage","item":"https:\/\/oenobiol.com\/fr_be\/"},{"@type":"ListItem","position":2,"name":"Page d&#8217;accueil"}]},{"@type":"WebSite","@id":"https:\/\/oenobiol.com\/fr_be\/#website","url":"https:\/\/oenobiol.com\/fr_be\/","name":"Oenobiol","description":"","publisher":{"@id":"https:\/\/oenobiol.com\/fr_be\/#organization"},"potentialAction":[{"@type":"SearchAction","target":{"@type":"EntryPoint","urlTemplate":"https:\/\/oenobiol.com\/fr_be\/?s={search_term_string}"},"query-input":{"@type":"PropertyValueSpecification","valueRequired":true,"valueName":"search_term_string"}}],"inLanguage":"fr-BE-"},{"@type":"Organization","@id":"https:\/\/oenobiol.com\/fr_be\/#organization","name":"Oenobiol","url":"https:\/\/oenobiol.com\/fr_be\/","logo":{"@type":"ImageObject","inLanguage":"fr-BE-","@id":"https:\/\/oenobiol.com\/fr_be\/#\/schema\/logo\/image\/","url":"https:\/\/oenobiol.com\/app\/uploads\/2024\/05\/logo-baseline-2-1.svg","contentUrl":"https:\/\/oenobiol.com\/app\/uploads\/2024\/05\/logo-baseline-2-1.svg","width":131,"height":41,"caption":"Oenobiol"},"image":{"@id":"https:\/\/oenobiol.com\/fr_be\/#\/schema\/logo\/image\/"}}]}},"_links":{"self":[{"href":"https:\/\/oenobiol.com\/fr_be\/wp-json\/wp\/v2\/pages\/1696","targetHints":{"allow":["GET"]}}],"collection":[{"href":"https:\/\/oenobiol.com\/fr_be\/wp-json\/wp\/v2\/pages"}],"about":[{"href":"https:\/\/oenobiol.com\/fr_be\/wp-json\/wp\/v2\/types\/page"}],"author":[{"embeddable":true,"href":"https:\/\/oenobiol.com\/fr_be\/wp-json\/wp\/v2\/users\/1"}],"replies":[{"embeddable":true,"href":"https:\/\/oenobiol.com\/fr_be\/wp-json\/wp\/v2\/comments?post=1696"}],"version-history":[{"count":56,"href":"https:\/\/oenobiol.com\/fr_be\/wp-json\/wp\/v2\/pages\/1696\/revisions"}],"predecessor-version":[{"id":29450,"href":"https:\/\/oenobiol.com\/fr_be\/wp-json\/wp\/v2\/pages\/1696\/revisions\/29450"}],"wp:featuredmedia":[{"embeddable":true,"href":"https:\/\/oenobiol.com\/fr_be\/wp-json\/wp\/v2\/media\/16627"}],"wp:attachment":[{"href":"https:\/\/oenobiol.com\/fr_be\/wp-json\/wp\/v2\/media?parent=1696"}],"curies":[{"name":"wp","href":"https:\/\/api.w.org\/{rel}","templated":true}]}}