{"id":13395,"date":"2024-04-09T17:54:24","date_gmt":"2024-04-09T15:54:24","guid":{"rendered":"https:\/\/oenobiol.com\/produits\/minceur-tout-en-1\/"},"modified":"2024-12-24T11:34:08","modified_gmt":"2024-12-24T10:34:08","slug":"minceur-tout-en-1","status":"publish","type":"product","link":"https:\/\/oenobiol.com\/fr_be\/produits\/minceur-tout-en-1\/","title":{"rendered":"CAPTEUR 3 EN 1+"},"content":{"rendered":"<p>Oenobiol CAPTEUR 3 EN 1+ contribue \u00e0 r\u00e9duire l&#8217;absorption des calories (jusqu&#8217;\u00e0 -75%) en captant graisses et sucres et prolonge l&#8217;effet sati\u00e9tant (jusqu&#8217;\u00e0 4h), ce qui contribue \u00e0 diminuer l&#8217;app\u00e9tit. De plus, il a un effet pr\u00e9biotique qui restaure et r\u00e9g\u00e9n\u00e8re la flore intestinale en 48 heures. Cet effet pr\u00e9biotique participe \u00e0 l&#8217;augmentation du nombre de bact\u00e9ries b\u00e9n\u00e9fiques dans la flore intestinale : +187% Bacteroidetes\/ +25% Bifidobacterium.<\/p>\n","protected":false},"excerpt":{"rendered":"<p>Perte de poids renforc\u00e9e<\/p>\n","protected":false},"featured_media":29053,"template":"","meta":{"_acf_changed":false,"inline_featured_image":false},"class_list":["post-13395","product","type-product","status-publish","has-post-thumbnail","hentry","product_category-minceur-fr_be","product_tag-efficacite-testee"],"acf":[],"yoast_head":"<!-- This site is optimized with the Yoast SEO plugin v27.0 - https:\/\/yoast.com\/product\/yoast-seo-wordpress\/ -->\n<title>OENOBIOL Minceur Tout en 1 : programme 1 mois<\/title>\n<meta name=\"description\" content=\"D\u00e9couvrez OENOBIOL Minceur Tout en 1, le compl\u00e9ment alimentaire complet en sticks et comprim\u00e9s pour celles et ceux qui recherchent une solution minceur globale.\" \/>\n<meta name=\"robots\" content=\"index, follow, max-snippet:-1, max-image-preview:large, max-video-preview:-1\" \/>\n<link rel=\"canonical\" href=\"https:\/\/oenobiol.com\/fr_be\/produits\/minceur-tout-en-1\/\" \/>\n<meta property=\"og:locale\" content=\"fr_FR\" \/>\n<meta property=\"og:type\" content=\"article\" \/>\n<meta property=\"og:title\" content=\"OENOBIOL Minceur Tout en 1 : programme 1 mois\" \/>\n<meta property=\"og:description\" content=\"D\u00e9couvrez OENOBIOL Minceur Tout en 1, le compl\u00e9ment alimentaire complet en sticks et comprim\u00e9s pour celles et ceux qui recherchent une solution minceur globale.\" \/>\n<meta property=\"og:url\" content=\"https:\/\/oenobiol.com\/fr_be\/produits\/minceur-tout-en-1\/\" \/>\n<meta property=\"og:site_name\" content=\"Oenobiol\" \/>\n<meta property=\"article:modified_time\" content=\"2024-12-24T10:34:08+00:00\" \/>\n<meta property=\"og:image\" content=\"https:\/\/oenobiol.com\/app\/uploads\/2024\/04\/5851eeb111d078d30acc8f78f9a3fe183af1988f.jpg\" \/>\n\t<meta property=\"og:image:width\" content=\"438\" \/>\n\t<meta property=\"og:image:height\" content=\"373\" \/>\n\t<meta property=\"og:image:type\" content=\"image\/jpeg\" \/>\n<meta name=\"twitter:card\" content=\"summary_large_image\" \/>\n<meta name=\"twitter:label1\" content=\"Est. reading time\" \/>\n\t<meta name=\"twitter:data1\" content=\"1 minute\" \/>\n<script type=\"application\/ld+json\" class=\"yoast-schema-graph\">{\"@context\":\"https:\/\/schema.org\",\"@graph\":[{\"@type\":\"WebPage\",\"@id\":\"https:\/\/oenobiol.com\/fr_be\/produits\/minceur-tout-en-1\/\",\"url\":\"https:\/\/oenobiol.com\/fr_be\/produits\/minceur-tout-en-1\/\",\"name\":\"OENOBIOL Minceur Tout en 1 : programme 1 mois\",\"isPartOf\":{\"@id\":\"https:\/\/oenobiol.com\/fr_be\/#website\"},\"primaryImageOfPage\":{\"@id\":\"https:\/\/oenobiol.com\/fr_be\/produits\/minceur-tout-en-1\/#primaryimage\"},\"image\":{\"@id\":\"https:\/\/oenobiol.com\/fr_be\/produits\/minceur-tout-en-1\/#primaryimage\"},\"thumbnailUrl\":\"https:\/\/oenobiol.com\/app\/uploads\/2024\/04\/5851eeb111d078d30acc8f78f9a3fe183af1988f.jpg\",\"datePublished\":\"2024-04-09T15:54:24+00:00\",\"dateModified\":\"2024-12-24T10:34:08+00:00\",\"description\":\"D\u00e9couvrez OENOBIOL Minceur Tout en 1, le compl\u00e9ment alimentaire complet en sticks et comprim\u00e9s pour celles et ceux qui recherchent une solution minceur globale.\",\"breadcrumb\":{\"@id\":\"https:\/\/oenobiol.com\/fr_be\/produits\/minceur-tout-en-1\/#breadcrumb\"},\"inLanguage\":\"fr-BE-\",\"potentialAction\":[{\"@type\":\"ReadAction\",\"target\":[\"https:\/\/oenobiol.com\/fr_be\/produits\/minceur-tout-en-1\/\"]}]},{\"@type\":\"ImageObject\",\"inLanguage\":\"fr-BE-\",\"@id\":\"https:\/\/oenobiol.com\/fr_be\/produits\/minceur-tout-en-1\/#primaryimage\",\"url\":\"https:\/\/oenobiol.com\/app\/uploads\/2024\/04\/5851eeb111d078d30acc8f78f9a3fe183af1988f.jpg\",\"contentUrl\":\"https:\/\/oenobiol.com\/app\/uploads\/2024\/04\/5851eeb111d078d30acc8f78f9a3fe183af1988f.jpg\",\"width\":438,\"height\":373},{\"@type\":\"BreadcrumbList\",\"@id\":\"https:\/\/oenobiol.com\/fr_be\/produits\/minceur-tout-en-1\/#breadcrumb\",\"itemListElement\":[{\"@type\":\"ListItem\",\"position\":1,\"name\":\"Homepage\",\"item\":\"https:\/\/oenobiol.com\/fr_be\/\"},{\"@type\":\"ListItem\",\"position\":2,\"name\":\"Minceur\",\"item\":\"https:\/\/oenobiol.com\/fr_be\/gammes\/minceur-fr_be\/\"},{\"@type\":\"ListItem\",\"position\":3,\"name\":\"CAPTEUR 3 EN 1+\"}]},{\"@type\":\"WebSite\",\"@id\":\"https:\/\/oenobiol.com\/fr_be\/#website\",\"url\":\"https:\/\/oenobiol.com\/fr_be\/\",\"name\":\"Oenobiol\",\"description\":\"\",\"publisher\":{\"@id\":\"https:\/\/oenobiol.com\/fr_be\/#organization\"},\"potentialAction\":[{\"@type\":\"SearchAction\",\"target\":{\"@type\":\"EntryPoint\",\"urlTemplate\":\"https:\/\/oenobiol.com\/fr_be\/?s={search_term_string}\"},\"query-input\":{\"@type\":\"PropertyValueSpecification\",\"valueRequired\":true,\"valueName\":\"search_term_string\"}}],\"inLanguage\":\"fr-BE-\"},{\"@type\":\"Organization\",\"@id\":\"https:\/\/oenobiol.com\/fr_be\/#organization\",\"name\":\"Oenobiol\",\"url\":\"https:\/\/oenobiol.com\/fr_be\/\",\"logo\":{\"@type\":\"ImageObject\",\"inLanguage\":\"fr-BE-\",\"@id\":\"https:\/\/oenobiol.com\/fr_be\/#\/schema\/logo\/image\/\",\"url\":\"https:\/\/oenobiol.com\/app\/uploads\/2024\/05\/logo-baseline-2-1.svg\",\"contentUrl\":\"https:\/\/oenobiol.com\/app\/uploads\/2024\/05\/logo-baseline-2-1.svg\",\"width\":131,\"height\":41,\"caption\":\"Oenobiol\"},\"image\":{\"@id\":\"https:\/\/oenobiol.com\/fr_be\/#\/schema\/logo\/image\/\"}}]}<\/script>\n<!-- \/ Yoast SEO plugin. -->","yoast_head_json":{"title":"OENOBIOL Minceur Tout en 1 : programme 1 mois","description":"D\u00e9couvrez OENOBIOL Minceur Tout en 1, le compl\u00e9ment alimentaire complet en sticks et comprim\u00e9s pour celles et ceux qui recherchent une solution minceur globale.","robots":{"index":"index","follow":"follow","max-snippet":"max-snippet:-1","max-image-preview":"max-image-preview:large","max-video-preview":"max-video-preview:-1"},"canonical":"https:\/\/oenobiol.com\/fr_be\/produits\/minceur-tout-en-1\/","og_locale":"fr_FR","og_type":"article","og_title":"OENOBIOL Minceur Tout en 1 : programme 1 mois","og_description":"D\u00e9couvrez OENOBIOL Minceur Tout en 1, le compl\u00e9ment alimentaire complet en sticks et comprim\u00e9s pour celles et ceux qui recherchent une solution minceur globale.","og_url":"https:\/\/oenobiol.com\/fr_be\/produits\/minceur-tout-en-1\/","og_site_name":"Oenobiol","article_modified_time":"2024-12-24T10:34:08+00:00","og_image":[{"width":438,"height":373,"url":"https:\/\/oenobiol.com\/app\/uploads\/2024\/04\/5851eeb111d078d30acc8f78f9a3fe183af1988f.jpg","type":"image\/jpeg"}],"twitter_card":"summary_large_image","twitter_misc":{"Est. reading time":"1 minute"},"schema":{"@context":"https:\/\/schema.org","@graph":[{"@type":"WebPage","@id":"https:\/\/oenobiol.com\/fr_be\/produits\/minceur-tout-en-1\/","url":"https:\/\/oenobiol.com\/fr_be\/produits\/minceur-tout-en-1\/","name":"OENOBIOL Minceur Tout en 1 : programme 1 mois","isPartOf":{"@id":"https:\/\/oenobiol.com\/fr_be\/#website"},"primaryImageOfPage":{"@id":"https:\/\/oenobiol.com\/fr_be\/produits\/minceur-tout-en-1\/#primaryimage"},"image":{"@id":"https:\/\/oenobiol.com\/fr_be\/produits\/minceur-tout-en-1\/#primaryimage"},"thumbnailUrl":"https:\/\/oenobiol.com\/app\/uploads\/2024\/04\/5851eeb111d078d30acc8f78f9a3fe183af1988f.jpg","datePublished":"2024-04-09T15:54:24+00:00","dateModified":"2024-12-24T10:34:08+00:00","description":"D\u00e9couvrez OENOBIOL Minceur Tout en 1, le compl\u00e9ment alimentaire complet en sticks et comprim\u00e9s pour celles et ceux qui recherchent une solution minceur globale.","breadcrumb":{"@id":"https:\/\/oenobiol.com\/fr_be\/produits\/minceur-tout-en-1\/#breadcrumb"},"inLanguage":"fr-BE-","potentialAction":[{"@type":"ReadAction","target":["https:\/\/oenobiol.com\/fr_be\/produits\/minceur-tout-en-1\/"]}]},{"@type":"ImageObject","inLanguage":"fr-BE-","@id":"https:\/\/oenobiol.com\/fr_be\/produits\/minceur-tout-en-1\/#primaryimage","url":"https:\/\/oenobiol.com\/app\/uploads\/2024\/04\/5851eeb111d078d30acc8f78f9a3fe183af1988f.jpg","contentUrl":"https:\/\/oenobiol.com\/app\/uploads\/2024\/04\/5851eeb111d078d30acc8f78f9a3fe183af1988f.jpg","width":438,"height":373},{"@type":"BreadcrumbList","@id":"https:\/\/oenobiol.com\/fr_be\/produits\/minceur-tout-en-1\/#breadcrumb","itemListElement":[{"@type":"ListItem","position":1,"name":"Homepage","item":"https:\/\/oenobiol.com\/fr_be\/"},{"@type":"ListItem","position":2,"name":"Minceur","item":"https:\/\/oenobiol.com\/fr_be\/gammes\/minceur-fr_be\/"},{"@type":"ListItem","position":3,"name":"CAPTEUR 3 EN 1+"}]},{"@type":"WebSite","@id":"https:\/\/oenobiol.com\/fr_be\/#website","url":"https:\/\/oenobiol.com\/fr_be\/","name":"Oenobiol","description":"","publisher":{"@id":"https:\/\/oenobiol.com\/fr_be\/#organization"},"potentialAction":[{"@type":"SearchAction","target":{"@type":"EntryPoint","urlTemplate":"https:\/\/oenobiol.com\/fr_be\/?s={search_term_string}"},"query-input":{"@type":"PropertyValueSpecification","valueRequired":true,"valueName":"search_term_string"}}],"inLanguage":"fr-BE-"},{"@type":"Organization","@id":"https:\/\/oenobiol.com\/fr_be\/#organization","name":"Oenobiol","url":"https:\/\/oenobiol.com\/fr_be\/","logo":{"@type":"ImageObject","inLanguage":"fr-BE-","@id":"https:\/\/oenobiol.com\/fr_be\/#\/schema\/logo\/image\/","url":"https:\/\/oenobiol.com\/app\/uploads\/2024\/05\/logo-baseline-2-1.svg","contentUrl":"https:\/\/oenobiol.com\/app\/uploads\/2024\/05\/logo-baseline-2-1.svg","width":131,"height":41,"caption":"Oenobiol"},"image":{"@id":"https:\/\/oenobiol.com\/fr_be\/#\/schema\/logo\/image\/"}}]}},"_links":{"self":[{"href":"https:\/\/oenobiol.com\/fr_be\/wp-json\/wp\/v2\/product\/13395","targetHints":{"allow":["GET"]}}],"collection":[{"href":"https:\/\/oenobiol.com\/fr_be\/wp-json\/wp\/v2\/product"}],"about":[{"href":"https:\/\/oenobiol.com\/fr_be\/wp-json\/wp\/v2\/types\/product"}],"wp:featuredmedia":[{"embeddable":true,"href":"https:\/\/oenobiol.com\/fr_be\/wp-json\/wp\/v2\/media\/29053"}],"wp:attachment":[{"href":"https:\/\/oenobiol.com\/fr_be\/wp-json\/wp\/v2\/media?parent=13395"}],"curies":[{"name":"wp","href":"https:\/\/api.w.org\/{rel}","templated":true}]}}