{"id":13403,"date":"2024-04-04T17:15:20","date_gmt":"2024-04-04T15:15:20","guid":{"rendered":"https:\/\/oenobiol.com\/produits\/gummies-solaire-2-en-1\/"},"modified":"2025-12-31T09:16:07","modified_gmt":"2025-12-31T08:16:07","slug":"gummies-sun-bronze","status":"publish","type":"product","link":"https:\/\/oenobiol.com\/fr_be\/produits\/gummies-sun-bronze\/","title":{"rendered":"Gummies SUN BRONZE"},"content":{"rendered":"<p>SUN BRONZE offre une double promesse pour une peau pr\u00e9par\u00e9e avant l\u2019exposition solaire &amp; dor\u00e9e \u00e0 tout instant de l\u2019ann\u00e9e : protection cellulaire active\u00b9 et sublimation de bronzage durable.<\/p>\n","protected":false},"excerpt":{"rendered":"<p>Une gummy sublimateur de bronzage mais pas que&#8230; <\/p>\n","protected":false},"featured_media":8821,"template":"","meta":{"_acf_changed":false,"inline_featured_image":false},"class_list":["post-13403","product","type-product","status-publish","has-post-thumbnail","hentry","product_category-bronzage-fr_be","product_category-preparateurs-solaires-fr_be","product_tag-made-in-france-vegan-fr_be"],"acf":[],"yoast_head":"<!-- This site is optimized with the Yoast SEO plugin v27.0 - https:\/\/yoast.com\/product\/yoast-seo-wordpress\/ -->\n<title>Gummies Solaire 2en1 - sans sucre et vegan - OENOBIOL<\/title>\n<meta name=\"description\" content=\"Envie d&#039;avoir le teint dor\u00e9 et la peau pr\u00e9par\u00e9e ? D\u00e9coouvrez les gummies Solaire 2en1 double action autobronzante et pr\u00e9parateur solaire OENOBIOL !\" \/>\n<meta name=\"robots\" content=\"index, follow, max-snippet:-1, max-image-preview:large, max-video-preview:-1\" \/>\n<link rel=\"canonical\" href=\"https:\/\/oenobiol.com\/fr_be\/produits\/gummies-sun-bronze\/\" \/>\n<meta property=\"og:locale\" content=\"fr_FR\" \/>\n<meta property=\"og:type\" content=\"article\" \/>\n<meta property=\"og:title\" content=\"Gummies Solaire 2en1 - sans sucre et vegan - OENOBIOL\" \/>\n<meta property=\"og:description\" content=\"Envie d&#039;avoir le teint dor\u00e9 et la peau pr\u00e9par\u00e9e ? D\u00e9coouvrez les gummies Solaire 2en1 double action autobronzante et pr\u00e9parateur solaire OENOBIOL !\" \/>\n<meta property=\"og:url\" content=\"https:\/\/oenobiol.com\/fr_be\/produits\/gummies-sun-bronze\/\" \/>\n<meta property=\"og:site_name\" content=\"Oenobiol\" \/>\n<meta property=\"article:modified_time\" content=\"2025-12-31T08:16:07+00:00\" \/>\n<meta property=\"og:image\" content=\"https:\/\/oenobiol.com\/app\/uploads\/2024\/04\/SE-Packshot-ouvert-Gummies-FR.png\" \/>\n\t<meta property=\"og:image:width\" content=\"1000\" \/>\n\t<meta property=\"og:image:height\" content=\"1000\" \/>\n\t<meta property=\"og:image:type\" content=\"image\/png\" \/>\n<meta name=\"twitter:card\" content=\"summary_large_image\" \/>\n<meta name=\"twitter:label1\" content=\"Est. reading time\" \/>\n\t<meta name=\"twitter:data1\" content=\"1 minute\" \/>\n<script type=\"application\/ld+json\" class=\"yoast-schema-graph\">{\"@context\":\"https:\/\/schema.org\",\"@graph\":[{\"@type\":\"WebPage\",\"@id\":\"https:\/\/oenobiol.com\/fr_be\/produits\/gummies-sun-bronze\/\",\"url\":\"https:\/\/oenobiol.com\/fr_be\/produits\/gummies-sun-bronze\/\",\"name\":\"Gummies Solaire 2en1 - sans sucre et vegan - OENOBIOL\",\"isPartOf\":{\"@id\":\"https:\/\/oenobiol.com\/fr_be\/#website\"},\"primaryImageOfPage\":{\"@id\":\"https:\/\/oenobiol.com\/fr_be\/produits\/gummies-sun-bronze\/#primaryimage\"},\"image\":{\"@id\":\"https:\/\/oenobiol.com\/fr_be\/produits\/gummies-sun-bronze\/#primaryimage\"},\"thumbnailUrl\":\"https:\/\/oenobiol.com\/app\/uploads\/2024\/04\/SE-Packshot-ouvert-Gummies-FR.png\",\"datePublished\":\"2024-04-04T15:15:20+00:00\",\"dateModified\":\"2025-12-31T08:16:07+00:00\",\"description\":\"Envie d'avoir le teint dor\u00e9 et la peau pr\u00e9par\u00e9e ? D\u00e9coouvrez les gummies Solaire 2en1 double action autobronzante et pr\u00e9parateur solaire OENOBIOL !\",\"breadcrumb\":{\"@id\":\"https:\/\/oenobiol.com\/fr_be\/produits\/gummies-sun-bronze\/#breadcrumb\"},\"inLanguage\":\"fr-BE-\",\"potentialAction\":[{\"@type\":\"ReadAction\",\"target\":[\"https:\/\/oenobiol.com\/fr_be\/produits\/gummies-sun-bronze\/\"]}]},{\"@type\":\"ImageObject\",\"inLanguage\":\"fr-BE-\",\"@id\":\"https:\/\/oenobiol.com\/fr_be\/produits\/gummies-sun-bronze\/#primaryimage\",\"url\":\"https:\/\/oenobiol.com\/app\/uploads\/2024\/04\/SE-Packshot-ouvert-Gummies-FR.png\",\"contentUrl\":\"https:\/\/oenobiol.com\/app\/uploads\/2024\/04\/SE-Packshot-ouvert-Gummies-FR.png\",\"width\":1000,\"height\":1000},{\"@type\":\"BreadcrumbList\",\"@id\":\"https:\/\/oenobiol.com\/fr_be\/produits\/gummies-sun-bronze\/#breadcrumb\",\"itemListElement\":[{\"@type\":\"ListItem\",\"position\":1,\"name\":\"Homepage\",\"item\":\"https:\/\/oenobiol.com\/fr_be\/\"},{\"@type\":\"ListItem\",\"position\":2,\"name\":\"Bronzage lumineux toute saison\",\"item\":\"https:\/\/oenobiol.com\/fr_be\/gammes\/bronzage-fr_be\/\"},{\"@type\":\"ListItem\",\"position\":3,\"name\":\"Gummies SUN BRONZE\"}]},{\"@type\":\"WebSite\",\"@id\":\"https:\/\/oenobiol.com\/fr_be\/#website\",\"url\":\"https:\/\/oenobiol.com\/fr_be\/\",\"name\":\"Oenobiol\",\"description\":\"\",\"publisher\":{\"@id\":\"https:\/\/oenobiol.com\/fr_be\/#organization\"},\"potentialAction\":[{\"@type\":\"SearchAction\",\"target\":{\"@type\":\"EntryPoint\",\"urlTemplate\":\"https:\/\/oenobiol.com\/fr_be\/?s={search_term_string}\"},\"query-input\":{\"@type\":\"PropertyValueSpecification\",\"valueRequired\":true,\"valueName\":\"search_term_string\"}}],\"inLanguage\":\"fr-BE-\"},{\"@type\":\"Organization\",\"@id\":\"https:\/\/oenobiol.com\/fr_be\/#organization\",\"name\":\"Oenobiol\",\"url\":\"https:\/\/oenobiol.com\/fr_be\/\",\"logo\":{\"@type\":\"ImageObject\",\"inLanguage\":\"fr-BE-\",\"@id\":\"https:\/\/oenobiol.com\/fr_be\/#\/schema\/logo\/image\/\",\"url\":\"https:\/\/oenobiol.com\/app\/uploads\/2024\/05\/logo-baseline-2-1.svg\",\"contentUrl\":\"https:\/\/oenobiol.com\/app\/uploads\/2024\/05\/logo-baseline-2-1.svg\",\"width\":131,\"height\":41,\"caption\":\"Oenobiol\"},\"image\":{\"@id\":\"https:\/\/oenobiol.com\/fr_be\/#\/schema\/logo\/image\/\"}}]}<\/script>\n<!-- \/ Yoast SEO plugin. -->","yoast_head_json":{"title":"Gummies Solaire 2en1 - sans sucre et vegan - OENOBIOL","description":"Envie d'avoir le teint dor\u00e9 et la peau pr\u00e9par\u00e9e ? D\u00e9coouvrez les gummies Solaire 2en1 double action autobronzante et pr\u00e9parateur solaire OENOBIOL !","robots":{"index":"index","follow":"follow","max-snippet":"max-snippet:-1","max-image-preview":"max-image-preview:large","max-video-preview":"max-video-preview:-1"},"canonical":"https:\/\/oenobiol.com\/fr_be\/produits\/gummies-sun-bronze\/","og_locale":"fr_FR","og_type":"article","og_title":"Gummies Solaire 2en1 - sans sucre et vegan - OENOBIOL","og_description":"Envie d'avoir le teint dor\u00e9 et la peau pr\u00e9par\u00e9e ? D\u00e9coouvrez les gummies Solaire 2en1 double action autobronzante et pr\u00e9parateur solaire OENOBIOL !","og_url":"https:\/\/oenobiol.com\/fr_be\/produits\/gummies-sun-bronze\/","og_site_name":"Oenobiol","article_modified_time":"2025-12-31T08:16:07+00:00","og_image":[{"width":1000,"height":1000,"url":"https:\/\/oenobiol.com\/app\/uploads\/2024\/04\/SE-Packshot-ouvert-Gummies-FR.png","type":"image\/png"}],"twitter_card":"summary_large_image","twitter_misc":{"Est. reading time":"1 minute"},"schema":{"@context":"https:\/\/schema.org","@graph":[{"@type":"WebPage","@id":"https:\/\/oenobiol.com\/fr_be\/produits\/gummies-sun-bronze\/","url":"https:\/\/oenobiol.com\/fr_be\/produits\/gummies-sun-bronze\/","name":"Gummies Solaire 2en1 - sans sucre et vegan - OENOBIOL","isPartOf":{"@id":"https:\/\/oenobiol.com\/fr_be\/#website"},"primaryImageOfPage":{"@id":"https:\/\/oenobiol.com\/fr_be\/produits\/gummies-sun-bronze\/#primaryimage"},"image":{"@id":"https:\/\/oenobiol.com\/fr_be\/produits\/gummies-sun-bronze\/#primaryimage"},"thumbnailUrl":"https:\/\/oenobiol.com\/app\/uploads\/2024\/04\/SE-Packshot-ouvert-Gummies-FR.png","datePublished":"2024-04-04T15:15:20+00:00","dateModified":"2025-12-31T08:16:07+00:00","description":"Envie d'avoir le teint dor\u00e9 et la peau pr\u00e9par\u00e9e ? D\u00e9coouvrez les gummies Solaire 2en1 double action autobronzante et pr\u00e9parateur solaire OENOBIOL !","breadcrumb":{"@id":"https:\/\/oenobiol.com\/fr_be\/produits\/gummies-sun-bronze\/#breadcrumb"},"inLanguage":"fr-BE-","potentialAction":[{"@type":"ReadAction","target":["https:\/\/oenobiol.com\/fr_be\/produits\/gummies-sun-bronze\/"]}]},{"@type":"ImageObject","inLanguage":"fr-BE-","@id":"https:\/\/oenobiol.com\/fr_be\/produits\/gummies-sun-bronze\/#primaryimage","url":"https:\/\/oenobiol.com\/app\/uploads\/2024\/04\/SE-Packshot-ouvert-Gummies-FR.png","contentUrl":"https:\/\/oenobiol.com\/app\/uploads\/2024\/04\/SE-Packshot-ouvert-Gummies-FR.png","width":1000,"height":1000},{"@type":"BreadcrumbList","@id":"https:\/\/oenobiol.com\/fr_be\/produits\/gummies-sun-bronze\/#breadcrumb","itemListElement":[{"@type":"ListItem","position":1,"name":"Homepage","item":"https:\/\/oenobiol.com\/fr_be\/"},{"@type":"ListItem","position":2,"name":"Bronzage lumineux toute saison","item":"https:\/\/oenobiol.com\/fr_be\/gammes\/bronzage-fr_be\/"},{"@type":"ListItem","position":3,"name":"Gummies SUN BRONZE"}]},{"@type":"WebSite","@id":"https:\/\/oenobiol.com\/fr_be\/#website","url":"https:\/\/oenobiol.com\/fr_be\/","name":"Oenobiol","description":"","publisher":{"@id":"https:\/\/oenobiol.com\/fr_be\/#organization"},"potentialAction":[{"@type":"SearchAction","target":{"@type":"EntryPoint","urlTemplate":"https:\/\/oenobiol.com\/fr_be\/?s={search_term_string}"},"query-input":{"@type":"PropertyValueSpecification","valueRequired":true,"valueName":"search_term_string"}}],"inLanguage":"fr-BE-"},{"@type":"Organization","@id":"https:\/\/oenobiol.com\/fr_be\/#organization","name":"Oenobiol","url":"https:\/\/oenobiol.com\/fr_be\/","logo":{"@type":"ImageObject","inLanguage":"fr-BE-","@id":"https:\/\/oenobiol.com\/fr_be\/#\/schema\/logo\/image\/","url":"https:\/\/oenobiol.com\/app\/uploads\/2024\/05\/logo-baseline-2-1.svg","contentUrl":"https:\/\/oenobiol.com\/app\/uploads\/2024\/05\/logo-baseline-2-1.svg","width":131,"height":41,"caption":"Oenobiol"},"image":{"@id":"https:\/\/oenobiol.com\/fr_be\/#\/schema\/logo\/image\/"}}]}},"_links":{"self":[{"href":"https:\/\/oenobiol.com\/fr_be\/wp-json\/wp\/v2\/product\/13403","targetHints":{"allow":["GET"]}}],"collection":[{"href":"https:\/\/oenobiol.com\/fr_be\/wp-json\/wp\/v2\/product"}],"about":[{"href":"https:\/\/oenobiol.com\/fr_be\/wp-json\/wp\/v2\/types\/product"}],"wp:featuredmedia":[{"embeddable":true,"href":"https:\/\/oenobiol.com\/fr_be\/wp-json\/wp\/v2\/media\/8821"}],"wp:attachment":[{"href":"https:\/\/oenobiol.com\/fr_be\/wp-json\/wp\/v2\/media?parent=13403"}],"curies":[{"name":"wp","href":"https:\/\/api.w.org\/{rel}","templated":true}]}}