{"id":13408,"date":"2024-04-04T12:17:41","date_gmt":"2024-04-04T10:17:41","guid":{"rendered":"https:\/\/oenobiol.com\/produits\/perfect-bronze-autobronzant\/"},"modified":"2024-12-24T11:37:44","modified_gmt":"2024-12-24T10:37:44","slug":"perfect-bronze","status":"publish","type":"product","link":"https:\/\/oenobiol.com\/fr_be\/produits\/perfect-bronze\/","title":{"rendered":"PERFECT BRONZE"},"content":{"rendered":"<p>Un bronzage durable et lumineux\u00b2 toute saison, telle est la promesse de PERFECT BRONZE gr\u00e2ce \u00e0 sa formule exclusive OENOBIOL \u00e0 l\u2019efficacit\u00e9 prouv\u00e9e d\u00e8s le premier mois<sup>\u00b9<\/sup>.<\/p>\n","protected":false},"excerpt":{"rendered":"<p>Profitez de bonne mine\u00b2, m\u00eame en hiver !<\/p>\n","protected":false},"featured_media":8940,"template":"","meta":{"_acf_changed":false,"inline_featured_image":false},"class_list":["post-13408","product","type-product","status-publish","has-post-thumbnail","hentry","product_category-bronzage-fr_be","product_tag-nouveau-iconique"],"acf":[],"yoast_head":"<!-- This site is optimized with the Yoast SEO plugin v27.0 - https:\/\/yoast.com\/product\/yoast-seo-wordpress\/ -->\n<title>PERFECT BRONZE Autobronzant N\u00b01 - peau normale - OENOBIOL<\/title>\n<meta name=\"description\" content=\"Fini le teint p\u00e2le avec le compl\u00e9ment autobronzant N\u00b01 pour les peaux normales \u00e0 base de pigments naturels pour avoir la peau dor\u00e9e toute l&#039;ann\u00e9e !\" \/>\n<meta name=\"robots\" content=\"index, follow, max-snippet:-1, max-image-preview:large, max-video-preview:-1\" \/>\n<link rel=\"canonical\" href=\"https:\/\/oenobiol.com\/fr_be\/produits\/perfect-bronze\/\" \/>\n<meta property=\"og:locale\" content=\"fr_FR\" \/>\n<meta property=\"og:type\" content=\"article\" \/>\n<meta property=\"og:title\" content=\"PERFECT BRONZE Autobronzant N\u00b01 - peau normale - OENOBIOL\" \/>\n<meta property=\"og:description\" content=\"Fini le teint p\u00e2le avec le compl\u00e9ment autobronzant N\u00b01 pour les peaux normales \u00e0 base de pigments naturels pour avoir la peau dor\u00e9e toute l&#039;ann\u00e9e !\" \/>\n<meta property=\"og:url\" content=\"https:\/\/oenobiol.com\/fr_be\/produits\/perfect-bronze\/\" \/>\n<meta property=\"og:site_name\" content=\"Oenobiol\" \/>\n<meta property=\"article:modified_time\" content=\"2024-12-24T10:37:44+00:00\" \/>\n<meta property=\"og:image\" content=\"https:\/\/oenobiol.com\/app\/uploads\/2024\/04\/packshot-perfect-bronze.png\" \/>\n\t<meta property=\"og:image:width\" content=\"450\" \/>\n\t<meta property=\"og:image:height\" content=\"450\" \/>\n\t<meta property=\"og:image:type\" content=\"image\/png\" \/>\n<meta name=\"twitter:card\" content=\"summary_large_image\" \/>\n<meta name=\"twitter:label1\" content=\"Est. reading time\" \/>\n\t<meta name=\"twitter:data1\" content=\"1 minute\" \/>\n<script type=\"application\/ld+json\" class=\"yoast-schema-graph\">{\"@context\":\"https:\/\/schema.org\",\"@graph\":[{\"@type\":\"WebPage\",\"@id\":\"https:\/\/oenobiol.com\/fr_be\/produits\/perfect-bronze\/\",\"url\":\"https:\/\/oenobiol.com\/fr_be\/produits\/perfect-bronze\/\",\"name\":\"PERFECT BRONZE Autobronzant N\u00b01 - peau normale - OENOBIOL\",\"isPartOf\":{\"@id\":\"https:\/\/oenobiol.com\/fr_be\/#website\"},\"primaryImageOfPage\":{\"@id\":\"https:\/\/oenobiol.com\/fr_be\/produits\/perfect-bronze\/#primaryimage\"},\"image\":{\"@id\":\"https:\/\/oenobiol.com\/fr_be\/produits\/perfect-bronze\/#primaryimage\"},\"thumbnailUrl\":\"https:\/\/oenobiol.com\/app\/uploads\/2024\/04\/packshot-perfect-bronze.png\",\"datePublished\":\"2024-04-04T10:17:41+00:00\",\"dateModified\":\"2024-12-24T10:37:44+00:00\",\"description\":\"Fini le teint p\u00e2le avec le compl\u00e9ment autobronzant N\u00b01 pour les peaux normales \u00e0 base de pigments naturels pour avoir la peau dor\u00e9e toute l'ann\u00e9e !\",\"breadcrumb\":{\"@id\":\"https:\/\/oenobiol.com\/fr_be\/produits\/perfect-bronze\/#breadcrumb\"},\"inLanguage\":\"fr-BE-\",\"potentialAction\":[{\"@type\":\"ReadAction\",\"target\":[\"https:\/\/oenobiol.com\/fr_be\/produits\/perfect-bronze\/\"]}]},{\"@type\":\"ImageObject\",\"inLanguage\":\"fr-BE-\",\"@id\":\"https:\/\/oenobiol.com\/fr_be\/produits\/perfect-bronze\/#primaryimage\",\"url\":\"https:\/\/oenobiol.com\/app\/uploads\/2024\/04\/packshot-perfect-bronze.png\",\"contentUrl\":\"https:\/\/oenobiol.com\/app\/uploads\/2024\/04\/packshot-perfect-bronze.png\",\"width\":450,\"height\":450},{\"@type\":\"BreadcrumbList\",\"@id\":\"https:\/\/oenobiol.com\/fr_be\/produits\/perfect-bronze\/#breadcrumb\",\"itemListElement\":[{\"@type\":\"ListItem\",\"position\":1,\"name\":\"Homepage\",\"item\":\"https:\/\/oenobiol.com\/fr_be\/\"},{\"@type\":\"ListItem\",\"position\":2,\"name\":\"Bronzage lumineux toute saison\",\"item\":\"https:\/\/oenobiol.com\/fr_be\/gammes\/bronzage-fr_be\/\"},{\"@type\":\"ListItem\",\"position\":3,\"name\":\"PERFECT BRONZE\"}]},{\"@type\":\"WebSite\",\"@id\":\"https:\/\/oenobiol.com\/fr_be\/#website\",\"url\":\"https:\/\/oenobiol.com\/fr_be\/\",\"name\":\"Oenobiol\",\"description\":\"\",\"publisher\":{\"@id\":\"https:\/\/oenobiol.com\/fr_be\/#organization\"},\"potentialAction\":[{\"@type\":\"SearchAction\",\"target\":{\"@type\":\"EntryPoint\",\"urlTemplate\":\"https:\/\/oenobiol.com\/fr_be\/?s={search_term_string}\"},\"query-input\":{\"@type\":\"PropertyValueSpecification\",\"valueRequired\":true,\"valueName\":\"search_term_string\"}}],\"inLanguage\":\"fr-BE-\"},{\"@type\":\"Organization\",\"@id\":\"https:\/\/oenobiol.com\/fr_be\/#organization\",\"name\":\"Oenobiol\",\"url\":\"https:\/\/oenobiol.com\/fr_be\/\",\"logo\":{\"@type\":\"ImageObject\",\"inLanguage\":\"fr-BE-\",\"@id\":\"https:\/\/oenobiol.com\/fr_be\/#\/schema\/logo\/image\/\",\"url\":\"https:\/\/oenobiol.com\/app\/uploads\/2024\/05\/logo-baseline-2-1.svg\",\"contentUrl\":\"https:\/\/oenobiol.com\/app\/uploads\/2024\/05\/logo-baseline-2-1.svg\",\"width\":131,\"height\":41,\"caption\":\"Oenobiol\"},\"image\":{\"@id\":\"https:\/\/oenobiol.com\/fr_be\/#\/schema\/logo\/image\/\"}}]}<\/script>\n<!-- \/ Yoast SEO plugin. -->","yoast_head_json":{"title":"PERFECT BRONZE Autobronzant N\u00b01 - peau normale - OENOBIOL","description":"Fini le teint p\u00e2le avec le compl\u00e9ment autobronzant N\u00b01 pour les peaux normales \u00e0 base de pigments naturels pour avoir la peau dor\u00e9e toute l'ann\u00e9e !","robots":{"index":"index","follow":"follow","max-snippet":"max-snippet:-1","max-image-preview":"max-image-preview:large","max-video-preview":"max-video-preview:-1"},"canonical":"https:\/\/oenobiol.com\/fr_be\/produits\/perfect-bronze\/","og_locale":"fr_FR","og_type":"article","og_title":"PERFECT BRONZE Autobronzant N\u00b01 - peau normale - OENOBIOL","og_description":"Fini le teint p\u00e2le avec le compl\u00e9ment autobronzant N\u00b01 pour les peaux normales \u00e0 base de pigments naturels pour avoir la peau dor\u00e9e toute l'ann\u00e9e !","og_url":"https:\/\/oenobiol.com\/fr_be\/produits\/perfect-bronze\/","og_site_name":"Oenobiol","article_modified_time":"2024-12-24T10:37:44+00:00","og_image":[{"width":450,"height":450,"url":"https:\/\/oenobiol.com\/app\/uploads\/2024\/04\/packshot-perfect-bronze.png","type":"image\/png"}],"twitter_card":"summary_large_image","twitter_misc":{"Est. reading time":"1 minute"},"schema":{"@context":"https:\/\/schema.org","@graph":[{"@type":"WebPage","@id":"https:\/\/oenobiol.com\/fr_be\/produits\/perfect-bronze\/","url":"https:\/\/oenobiol.com\/fr_be\/produits\/perfect-bronze\/","name":"PERFECT BRONZE Autobronzant N\u00b01 - peau normale - OENOBIOL","isPartOf":{"@id":"https:\/\/oenobiol.com\/fr_be\/#website"},"primaryImageOfPage":{"@id":"https:\/\/oenobiol.com\/fr_be\/produits\/perfect-bronze\/#primaryimage"},"image":{"@id":"https:\/\/oenobiol.com\/fr_be\/produits\/perfect-bronze\/#primaryimage"},"thumbnailUrl":"https:\/\/oenobiol.com\/app\/uploads\/2024\/04\/packshot-perfect-bronze.png","datePublished":"2024-04-04T10:17:41+00:00","dateModified":"2024-12-24T10:37:44+00:00","description":"Fini le teint p\u00e2le avec le compl\u00e9ment autobronzant N\u00b01 pour les peaux normales \u00e0 base de pigments naturels pour avoir la peau dor\u00e9e toute l'ann\u00e9e !","breadcrumb":{"@id":"https:\/\/oenobiol.com\/fr_be\/produits\/perfect-bronze\/#breadcrumb"},"inLanguage":"fr-BE-","potentialAction":[{"@type":"ReadAction","target":["https:\/\/oenobiol.com\/fr_be\/produits\/perfect-bronze\/"]}]},{"@type":"ImageObject","inLanguage":"fr-BE-","@id":"https:\/\/oenobiol.com\/fr_be\/produits\/perfect-bronze\/#primaryimage","url":"https:\/\/oenobiol.com\/app\/uploads\/2024\/04\/packshot-perfect-bronze.png","contentUrl":"https:\/\/oenobiol.com\/app\/uploads\/2024\/04\/packshot-perfect-bronze.png","width":450,"height":450},{"@type":"BreadcrumbList","@id":"https:\/\/oenobiol.com\/fr_be\/produits\/perfect-bronze\/#breadcrumb","itemListElement":[{"@type":"ListItem","position":1,"name":"Homepage","item":"https:\/\/oenobiol.com\/fr_be\/"},{"@type":"ListItem","position":2,"name":"Bronzage lumineux toute saison","item":"https:\/\/oenobiol.com\/fr_be\/gammes\/bronzage-fr_be\/"},{"@type":"ListItem","position":3,"name":"PERFECT BRONZE"}]},{"@type":"WebSite","@id":"https:\/\/oenobiol.com\/fr_be\/#website","url":"https:\/\/oenobiol.com\/fr_be\/","name":"Oenobiol","description":"","publisher":{"@id":"https:\/\/oenobiol.com\/fr_be\/#organization"},"potentialAction":[{"@type":"SearchAction","target":{"@type":"EntryPoint","urlTemplate":"https:\/\/oenobiol.com\/fr_be\/?s={search_term_string}"},"query-input":{"@type":"PropertyValueSpecification","valueRequired":true,"valueName":"search_term_string"}}],"inLanguage":"fr-BE-"},{"@type":"Organization","@id":"https:\/\/oenobiol.com\/fr_be\/#organization","name":"Oenobiol","url":"https:\/\/oenobiol.com\/fr_be\/","logo":{"@type":"ImageObject","inLanguage":"fr-BE-","@id":"https:\/\/oenobiol.com\/fr_be\/#\/schema\/logo\/image\/","url":"https:\/\/oenobiol.com\/app\/uploads\/2024\/05\/logo-baseline-2-1.svg","contentUrl":"https:\/\/oenobiol.com\/app\/uploads\/2024\/05\/logo-baseline-2-1.svg","width":131,"height":41,"caption":"Oenobiol"},"image":{"@id":"https:\/\/oenobiol.com\/fr_be\/#\/schema\/logo\/image\/"}}]}},"_links":{"self":[{"href":"https:\/\/oenobiol.com\/fr_be\/wp-json\/wp\/v2\/product\/13408","targetHints":{"allow":["GET"]}}],"collection":[{"href":"https:\/\/oenobiol.com\/fr_be\/wp-json\/wp\/v2\/product"}],"about":[{"href":"https:\/\/oenobiol.com\/fr_be\/wp-json\/wp\/v2\/types\/product"}],"wp:featuredmedia":[{"embeddable":true,"href":"https:\/\/oenobiol.com\/fr_be\/wp-json\/wp\/v2\/media\/8940"}],"wp:attachment":[{"href":"https:\/\/oenobiol.com\/fr_be\/wp-json\/wp\/v2\/media?parent=13408"}],"curies":[{"name":"wp","href":"https:\/\/api.w.org\/{rel}","templated":true}]}}