{"id":13412,"date":"2024-03-07T15:24:27","date_gmt":"2024-03-07T14:24:27","guid":{"rendered":"https:\/\/oenobiol.com\/produits\/sun-expert-preparateur-solaire\/"},"modified":"2024-12-24T11:39:18","modified_gmt":"2024-12-24T10:39:18","slug":"sun-expert-preparateur-solaire","status":"publish","type":"product","link":"https:\/\/oenobiol.com\/fr_be\/produits\/sun-expert-preparateur-solaire\/","title":{"rendered":"SUN EXPERT Pr\u00e9parateur Solaire"},"content":{"rendered":"<p>Pour que le soleil reste un plaisir, SUN EXPERT Pr\u00e9parateur solaire d\u00e9livre une protection cellulaire antioxydante renforc\u00e9e\u00b9<sup>,<\/sup>\u00b2 pour pr\u00e9parer la peau avant l\u2019exposition au soleil et favoriser un h\u00e2le intense et \u00e9clatant.<\/p>\n","protected":false},"excerpt":{"rendered":"<p>Pr\u00e9parer votre peau pour le soleil \u00e9clatant de l&#8217;\u00e9t\u00e9 !<\/p>\n","protected":false},"featured_media":3442,"template":"","meta":{"_acf_changed":false,"inline_featured_image":false},"class_list":["post-13412","product","type-product","status-publish","has-post-thumbnail","hentry","product_category-preparateurs-solaires-fr_be","product_tag-nieuw"],"acf":[],"yoast_head":"<!-- This site is optimized with the Yoast SEO plugin v27.0 - https:\/\/yoast.com\/product\/yoast-seo-wordpress\/ -->\n<title>SUN EXPERT Pr\u00e9parateur solaire - compl\u00e9ments - OENOBIOL<\/title>\n<meta name=\"description\" content=\"Pr\u00e9parez votre peau \u00e0 l&#039;exposition au soleil pour un h\u00e2le intense et \u00e9clatant gr\u00e2ce \u00e0 OENOBIOL SUN EXPERT Pr\u00e9parateur solaire.\" \/>\n<meta name=\"robots\" content=\"index, follow, max-snippet:-1, max-image-preview:large, max-video-preview:-1\" \/>\n<link rel=\"canonical\" href=\"https:\/\/oenobiol.com\/fr_be\/produits\/sun-expert-preparateur-solaire\/\" \/>\n<meta property=\"og:locale\" content=\"fr_FR\" \/>\n<meta property=\"og:type\" content=\"article\" \/>\n<meta property=\"og:title\" content=\"SUN EXPERT Pr\u00e9parateur solaire - compl\u00e9ments - OENOBIOL\" \/>\n<meta property=\"og:description\" content=\"Pr\u00e9parez votre peau \u00e0 l&#039;exposition au soleil pour un h\u00e2le intense et \u00e9clatant gr\u00e2ce \u00e0 OENOBIOL SUN EXPERT Pr\u00e9parateur solaire.\" \/>\n<meta property=\"og:url\" content=\"https:\/\/oenobiol.com\/fr_be\/produits\/sun-expert-preparateur-solaire\/\" \/>\n<meta property=\"og:site_name\" content=\"Oenobiol\" \/>\n<meta property=\"article:modified_time\" content=\"2024-12-24T10:39:18+00:00\" \/>\n<meta property=\"og:image\" content=\"https:\/\/oenobiol.com\/app\/uploads\/2024\/03\/packshot-produit-350x350px-6.png\" \/>\n\t<meta property=\"og:image:width\" content=\"350\" \/>\n\t<meta property=\"og:image:height\" content=\"350\" \/>\n\t<meta property=\"og:image:type\" content=\"image\/png\" \/>\n<meta name=\"twitter:card\" content=\"summary_large_image\" \/>\n<meta name=\"twitter:label1\" content=\"Est. reading time\" \/>\n\t<meta name=\"twitter:data1\" content=\"1 minute\" \/>\n<script type=\"application\/ld+json\" class=\"yoast-schema-graph\">{\"@context\":\"https:\/\/schema.org\",\"@graph\":[{\"@type\":\"WebPage\",\"@id\":\"https:\/\/oenobiol.com\/fr_be\/produits\/sun-expert-preparateur-solaire\/\",\"url\":\"https:\/\/oenobiol.com\/fr_be\/produits\/sun-expert-preparateur-solaire\/\",\"name\":\"SUN EXPERT Pr\u00e9parateur solaire - compl\u00e9ments - OENOBIOL\",\"isPartOf\":{\"@id\":\"https:\/\/oenobiol.com\/fr_be\/#website\"},\"primaryImageOfPage\":{\"@id\":\"https:\/\/oenobiol.com\/fr_be\/produits\/sun-expert-preparateur-solaire\/#primaryimage\"},\"image\":{\"@id\":\"https:\/\/oenobiol.com\/fr_be\/produits\/sun-expert-preparateur-solaire\/#primaryimage\"},\"thumbnailUrl\":\"https:\/\/oenobiol.com\/app\/uploads\/2024\/03\/packshot-produit-350x350px-6.png\",\"datePublished\":\"2024-03-07T14:24:27+00:00\",\"dateModified\":\"2024-12-24T10:39:18+00:00\",\"description\":\"Pr\u00e9parez votre peau \u00e0 l'exposition au soleil pour un h\u00e2le intense et \u00e9clatant gr\u00e2ce \u00e0 OENOBIOL SUN EXPERT Pr\u00e9parateur solaire.\",\"breadcrumb\":{\"@id\":\"https:\/\/oenobiol.com\/fr_be\/produits\/sun-expert-preparateur-solaire\/#breadcrumb\"},\"inLanguage\":\"fr-BE-\",\"potentialAction\":[{\"@type\":\"ReadAction\",\"target\":[\"https:\/\/oenobiol.com\/fr_be\/produits\/sun-expert-preparateur-solaire\/\"]}]},{\"@type\":\"ImageObject\",\"inLanguage\":\"fr-BE-\",\"@id\":\"https:\/\/oenobiol.com\/fr_be\/produits\/sun-expert-preparateur-solaire\/#primaryimage\",\"url\":\"https:\/\/oenobiol.com\/app\/uploads\/2024\/03\/packshot-produit-350x350px-6.png\",\"contentUrl\":\"https:\/\/oenobiol.com\/app\/uploads\/2024\/03\/packshot-produit-350x350px-6.png\",\"width\":350,\"height\":350,\"caption\":\"packshot pot ouvert sun expert pr\u00e9parateur solaire peaux normales\"},{\"@type\":\"BreadcrumbList\",\"@id\":\"https:\/\/oenobiol.com\/fr_be\/produits\/sun-expert-preparateur-solaire\/#breadcrumb\",\"itemListElement\":[{\"@type\":\"ListItem\",\"position\":1,\"name\":\"Homepage\",\"item\":\"https:\/\/oenobiol.com\/fr_be\/\"},{\"@type\":\"ListItem\",\"position\":2,\"name\":\"Pr\u00e9parateur solaire\",\"item\":\"https:\/\/oenobiol.com\/fr_be\/gammes\/preparateurs-solaires-fr_be\/\"},{\"@type\":\"ListItem\",\"position\":3,\"name\":\"SUN EXPERT Pr\u00e9parateur Solaire\"}]},{\"@type\":\"WebSite\",\"@id\":\"https:\/\/oenobiol.com\/fr_be\/#website\",\"url\":\"https:\/\/oenobiol.com\/fr_be\/\",\"name\":\"Oenobiol\",\"description\":\"\",\"publisher\":{\"@id\":\"https:\/\/oenobiol.com\/fr_be\/#organization\"},\"potentialAction\":[{\"@type\":\"SearchAction\",\"target\":{\"@type\":\"EntryPoint\",\"urlTemplate\":\"https:\/\/oenobiol.com\/fr_be\/?s={search_term_string}\"},\"query-input\":{\"@type\":\"PropertyValueSpecification\",\"valueRequired\":true,\"valueName\":\"search_term_string\"}}],\"inLanguage\":\"fr-BE-\"},{\"@type\":\"Organization\",\"@id\":\"https:\/\/oenobiol.com\/fr_be\/#organization\",\"name\":\"Oenobiol\",\"url\":\"https:\/\/oenobiol.com\/fr_be\/\",\"logo\":{\"@type\":\"ImageObject\",\"inLanguage\":\"fr-BE-\",\"@id\":\"https:\/\/oenobiol.com\/fr_be\/#\/schema\/logo\/image\/\",\"url\":\"https:\/\/oenobiol.com\/app\/uploads\/2024\/05\/logo-baseline-2-1.svg\",\"contentUrl\":\"https:\/\/oenobiol.com\/app\/uploads\/2024\/05\/logo-baseline-2-1.svg\",\"width\":131,\"height\":41,\"caption\":\"Oenobiol\"},\"image\":{\"@id\":\"https:\/\/oenobiol.com\/fr_be\/#\/schema\/logo\/image\/\"}}]}<\/script>\n<!-- \/ Yoast SEO plugin. -->","yoast_head_json":{"title":"SUN EXPERT Pr\u00e9parateur solaire - compl\u00e9ments - OENOBIOL","description":"Pr\u00e9parez votre peau \u00e0 l'exposition au soleil pour un h\u00e2le intense et \u00e9clatant gr\u00e2ce \u00e0 OENOBIOL SUN EXPERT Pr\u00e9parateur solaire.","robots":{"index":"index","follow":"follow","max-snippet":"max-snippet:-1","max-image-preview":"max-image-preview:large","max-video-preview":"max-video-preview:-1"},"canonical":"https:\/\/oenobiol.com\/fr_be\/produits\/sun-expert-preparateur-solaire\/","og_locale":"fr_FR","og_type":"article","og_title":"SUN EXPERT Pr\u00e9parateur solaire - compl\u00e9ments - OENOBIOL","og_description":"Pr\u00e9parez votre peau \u00e0 l'exposition au soleil pour un h\u00e2le intense et \u00e9clatant gr\u00e2ce \u00e0 OENOBIOL SUN EXPERT Pr\u00e9parateur solaire.","og_url":"https:\/\/oenobiol.com\/fr_be\/produits\/sun-expert-preparateur-solaire\/","og_site_name":"Oenobiol","article_modified_time":"2024-12-24T10:39:18+00:00","og_image":[{"width":350,"height":350,"url":"https:\/\/oenobiol.com\/app\/uploads\/2024\/03\/packshot-produit-350x350px-6.png","type":"image\/png"}],"twitter_card":"summary_large_image","twitter_misc":{"Est. reading time":"1 minute"},"schema":{"@context":"https:\/\/schema.org","@graph":[{"@type":"WebPage","@id":"https:\/\/oenobiol.com\/fr_be\/produits\/sun-expert-preparateur-solaire\/","url":"https:\/\/oenobiol.com\/fr_be\/produits\/sun-expert-preparateur-solaire\/","name":"SUN EXPERT Pr\u00e9parateur solaire - compl\u00e9ments - OENOBIOL","isPartOf":{"@id":"https:\/\/oenobiol.com\/fr_be\/#website"},"primaryImageOfPage":{"@id":"https:\/\/oenobiol.com\/fr_be\/produits\/sun-expert-preparateur-solaire\/#primaryimage"},"image":{"@id":"https:\/\/oenobiol.com\/fr_be\/produits\/sun-expert-preparateur-solaire\/#primaryimage"},"thumbnailUrl":"https:\/\/oenobiol.com\/app\/uploads\/2024\/03\/packshot-produit-350x350px-6.png","datePublished":"2024-03-07T14:24:27+00:00","dateModified":"2024-12-24T10:39:18+00:00","description":"Pr\u00e9parez votre peau \u00e0 l'exposition au soleil pour un h\u00e2le intense et \u00e9clatant gr\u00e2ce \u00e0 OENOBIOL SUN EXPERT Pr\u00e9parateur solaire.","breadcrumb":{"@id":"https:\/\/oenobiol.com\/fr_be\/produits\/sun-expert-preparateur-solaire\/#breadcrumb"},"inLanguage":"fr-BE-","potentialAction":[{"@type":"ReadAction","target":["https:\/\/oenobiol.com\/fr_be\/produits\/sun-expert-preparateur-solaire\/"]}]},{"@type":"ImageObject","inLanguage":"fr-BE-","@id":"https:\/\/oenobiol.com\/fr_be\/produits\/sun-expert-preparateur-solaire\/#primaryimage","url":"https:\/\/oenobiol.com\/app\/uploads\/2024\/03\/packshot-produit-350x350px-6.png","contentUrl":"https:\/\/oenobiol.com\/app\/uploads\/2024\/03\/packshot-produit-350x350px-6.png","width":350,"height":350,"caption":"packshot pot ouvert sun expert pr\u00e9parateur solaire peaux normales"},{"@type":"BreadcrumbList","@id":"https:\/\/oenobiol.com\/fr_be\/produits\/sun-expert-preparateur-solaire\/#breadcrumb","itemListElement":[{"@type":"ListItem","position":1,"name":"Homepage","item":"https:\/\/oenobiol.com\/fr_be\/"},{"@type":"ListItem","position":2,"name":"Pr\u00e9parateur solaire","item":"https:\/\/oenobiol.com\/fr_be\/gammes\/preparateurs-solaires-fr_be\/"},{"@type":"ListItem","position":3,"name":"SUN EXPERT Pr\u00e9parateur Solaire"}]},{"@type":"WebSite","@id":"https:\/\/oenobiol.com\/fr_be\/#website","url":"https:\/\/oenobiol.com\/fr_be\/","name":"Oenobiol","description":"","publisher":{"@id":"https:\/\/oenobiol.com\/fr_be\/#organization"},"potentialAction":[{"@type":"SearchAction","target":{"@type":"EntryPoint","urlTemplate":"https:\/\/oenobiol.com\/fr_be\/?s={search_term_string}"},"query-input":{"@type":"PropertyValueSpecification","valueRequired":true,"valueName":"search_term_string"}}],"inLanguage":"fr-BE-"},{"@type":"Organization","@id":"https:\/\/oenobiol.com\/fr_be\/#organization","name":"Oenobiol","url":"https:\/\/oenobiol.com\/fr_be\/","logo":{"@type":"ImageObject","inLanguage":"fr-BE-","@id":"https:\/\/oenobiol.com\/fr_be\/#\/schema\/logo\/image\/","url":"https:\/\/oenobiol.com\/app\/uploads\/2024\/05\/logo-baseline-2-1.svg","contentUrl":"https:\/\/oenobiol.com\/app\/uploads\/2024\/05\/logo-baseline-2-1.svg","width":131,"height":41,"caption":"Oenobiol"},"image":{"@id":"https:\/\/oenobiol.com\/fr_be\/#\/schema\/logo\/image\/"}}]}},"_links":{"self":[{"href":"https:\/\/oenobiol.com\/fr_be\/wp-json\/wp\/v2\/product\/13412","targetHints":{"allow":["GET"]}}],"collection":[{"href":"https:\/\/oenobiol.com\/fr_be\/wp-json\/wp\/v2\/product"}],"about":[{"href":"https:\/\/oenobiol.com\/fr_be\/wp-json\/wp\/v2\/types\/product"}],"wp:featuredmedia":[{"embeddable":true,"href":"https:\/\/oenobiol.com\/fr_be\/wp-json\/wp\/v2\/media\/3442"}],"wp:attachment":[{"href":"https:\/\/oenobiol.com\/fr_be\/wp-json\/wp\/v2\/media?parent=13412"}],"curies":[{"name":"wp","href":"https:\/\/api.w.org\/{rel}","templated":true}]}}