{"id":10090,"date":"2024-04-12T16:21:47","date_gmt":"2024-04-12T14:21:47","guid":{"rendered":"https:\/\/oenobiol.com\/decouvrir-oenobiol\/"},"modified":"2025-11-14T11:28:01","modified_gmt":"2025-11-14T10:28:01","slug":"decouvrir-oenobiol","status":"publish","type":"page","link":"https:\/\/oenobiol.com\/fr_fr\/decouvrir-oenobiol\/","title":{"rendered":"D\u00e9couvrir Oenobiol"},"content":{"rendered":"<p>Pionni\u00e8re des compl\u00e9ments alimentaires, la marque OENOBIOL est n\u00e9e en 1985 de l\u2019exp\u00e9rience m\u00e9dicale de Marie B\u00e9jot, m\u00e9decin nutritionniste, avec un ADN unique ancr\u00e9 sur la Science &amp; la beaut\u00e9.<\/p>\n","protected":false},"excerpt":{"rendered":"<p>Pionni\u00e8re des compl\u00e9ments alimentaires, la marque OENOBIOL est n\u00e9e en 1985 de l\u2019exp\u00e9rience m\u00e9dicale de Marie B\u00e9jot, m\u00e9decin nutritionniste, avec un ADN unique ancr\u00e9 sur la Science &amp; la beaut\u00e9.<\/p>\n","protected":false},"author":2,"featured_media":10092,"parent":0,"menu_order":0,"comment_status":"closed","ping_status":"closed","template":"template-multifocus.php","meta":{"_acf_changed":false,"inline_featured_image":false,"footnotes":""},"class_list":["post-10090","page","type-page","status-publish","has-post-thumbnail","hentry"],"acf":[],"yoast_head":"<!-- This site is optimized with the Yoast SEO plugin v27.0 - https:\/\/yoast.com\/product\/yoast-seo-wordpress\/ -->\n<title>Site Officiel OENOBIOL - compl\u00e9ments alimentaires<\/title>\n<meta name=\"description\" content=\"OENOBIOL est une marque fran\u00e7aise de compl\u00e9ments alimentaires pour activer votre beaut\u00e9 : pr\u00e9parateurs solaires, autobronzants, fortifiants cheveux...\" \/>\n<meta name=\"robots\" content=\"index, follow, max-snippet:-1, max-image-preview:large, max-video-preview:-1\" \/>\n<link rel=\"canonical\" href=\"https:\/\/oenobiol.com\/fr_fr\/decouvrir-oenobiol\/\" \/>\n<meta property=\"og:locale\" content=\"fr_FR\" \/>\n<meta property=\"og:type\" content=\"article\" \/>\n<meta property=\"og:title\" content=\"Site Officiel OENOBIOL - compl\u00e9ments alimentaires\" \/>\n<meta property=\"og:description\" content=\"OENOBIOL est une marque fran\u00e7aise de compl\u00e9ments alimentaires pour activer votre beaut\u00e9 : pr\u00e9parateurs solaires, autobronzants, fortifiants cheveux...\" \/>\n<meta property=\"og:url\" content=\"https:\/\/oenobiol.com\/fr_fr\/decouvrir-oenobiol\/\" \/>\n<meta property=\"og:site_name\" content=\"Oenobiol\" \/>\n<meta property=\"article:modified_time\" content=\"2025-11-14T10:28:01+00:00\" \/>\n<meta property=\"og:image\" content=\"https:\/\/oenobiol.com\/app\/uploads\/2024\/04\/visuel-fiche-produit-1-1.png\" \/>\n\t<meta property=\"og:image:width\" content=\"850\" \/>\n\t<meta property=\"og:image:height\" content=\"850\" \/>\n\t<meta property=\"og:image:type\" content=\"image\/png\" \/>\n<meta name=\"twitter:card\" content=\"summary_large_image\" \/>\n<meta name=\"twitter:label1\" content=\"Est. reading time\" \/>\n\t<meta name=\"twitter:data1\" content=\"1 minute\" \/>\n<script type=\"application\/ld+json\" class=\"yoast-schema-graph\">{\"@context\":\"https:\/\/schema.org\",\"@graph\":[{\"@type\":\"WebPage\",\"@id\":\"https:\/\/oenobiol.com\/fr_fr\/decouvrir-oenobiol\/\",\"url\":\"https:\/\/oenobiol.com\/fr_fr\/decouvrir-oenobiol\/\",\"name\":\"Site Officiel OENOBIOL - compl\u00e9ments alimentaires\",\"isPartOf\":{\"@id\":\"https:\/\/oenobiol.com\/fr_fr\/#website\"},\"primaryImageOfPage\":{\"@id\":\"https:\/\/oenobiol.com\/fr_fr\/decouvrir-oenobiol\/#primaryimage\"},\"image\":{\"@id\":\"https:\/\/oenobiol.com\/fr_fr\/decouvrir-oenobiol\/#primaryimage\"},\"thumbnailUrl\":\"https:\/\/oenobiol.com\/app\/uploads\/2024\/04\/visuel-fiche-produit-1-1.png\",\"datePublished\":\"2024-04-12T14:21:47+00:00\",\"dateModified\":\"2025-11-14T10:28:01+00:00\",\"description\":\"OENOBIOL est une marque fran\u00e7aise de compl\u00e9ments alimentaires pour activer votre beaut\u00e9 : pr\u00e9parateurs solaires, autobronzants, fortifiants cheveux...\",\"breadcrumb\":{\"@id\":\"https:\/\/oenobiol.com\/fr_fr\/decouvrir-oenobiol\/#breadcrumb\"},\"inLanguage\":\"fr-FR-\",\"potentialAction\":[{\"@type\":\"ReadAction\",\"target\":[\"https:\/\/oenobiol.com\/fr_fr\/decouvrir-oenobiol\/\"]}]},{\"@type\":\"ImageObject\",\"inLanguage\":\"fr-FR-\",\"@id\":\"https:\/\/oenobiol.com\/fr_fr\/decouvrir-oenobiol\/#primaryimage\",\"url\":\"https:\/\/oenobiol.com\/app\/uploads\/2024\/04\/visuel-fiche-produit-1-1.png\",\"contentUrl\":\"https:\/\/oenobiol.com\/app\/uploads\/2024\/04\/visuel-fiche-produit-1-1.png\",\"width\":850,\"height\":850,\"caption\":\"Mannequin Sun Expert\"},{\"@type\":\"BreadcrumbList\",\"@id\":\"https:\/\/oenobiol.com\/fr_fr\/decouvrir-oenobiol\/#breadcrumb\",\"itemListElement\":[{\"@type\":\"ListItem\",\"position\":1,\"name\":\"Accueil\",\"item\":\"https:\/\/oenobiol.com\/fr_fr\/\"},{\"@type\":\"ListItem\",\"position\":2,\"name\":\"D\u00e9couvrir Oenobiol\"}]},{\"@type\":\"WebSite\",\"@id\":\"https:\/\/oenobiol.com\/fr_fr\/#website\",\"url\":\"https:\/\/oenobiol.com\/fr_fr\/\",\"name\":\"Oenobiol\",\"description\":\"\",\"publisher\":{\"@id\":\"https:\/\/oenobiol.com\/fr_fr\/#organization\"},\"potentialAction\":[{\"@type\":\"SearchAction\",\"target\":{\"@type\":\"EntryPoint\",\"urlTemplate\":\"https:\/\/oenobiol.com\/fr_fr\/?s={search_term_string}\"},\"query-input\":{\"@type\":\"PropertyValueSpecification\",\"valueRequired\":true,\"valueName\":\"search_term_string\"}}],\"inLanguage\":\"fr-FR-\"},{\"@type\":\"Organization\",\"@id\":\"https:\/\/oenobiol.com\/fr_fr\/#organization\",\"name\":\"Oenobiol\",\"url\":\"https:\/\/oenobiol.com\/fr_fr\/\",\"logo\":{\"@type\":\"ImageObject\",\"inLanguage\":\"fr-FR-\",\"@id\":\"https:\/\/oenobiol.com\/fr_fr\/#\/schema\/logo\/image\/\",\"url\":\"https:\/\/oenobiol.com\/app\/uploads\/2024\/05\/logo-baseline-2-1.svg\",\"contentUrl\":\"https:\/\/oenobiol.com\/app\/uploads\/2024\/05\/logo-baseline-2-1.svg\",\"width\":131,\"height\":41,\"caption\":\"Oenobiol\"},\"image\":{\"@id\":\"https:\/\/oenobiol.com\/fr_fr\/#\/schema\/logo\/image\/\"}}]}<\/script>\n<!-- \/ Yoast SEO plugin. -->","yoast_head_json":{"title":"Site Officiel OENOBIOL - compl\u00e9ments alimentaires","description":"OENOBIOL est une marque fran\u00e7aise de compl\u00e9ments alimentaires pour activer votre beaut\u00e9 : pr\u00e9parateurs solaires, autobronzants, fortifiants cheveux...","robots":{"index":"index","follow":"follow","max-snippet":"max-snippet:-1","max-image-preview":"max-image-preview:large","max-video-preview":"max-video-preview:-1"},"canonical":"https:\/\/oenobiol.com\/fr_fr\/decouvrir-oenobiol\/","og_locale":"fr_FR","og_type":"article","og_title":"Site Officiel OENOBIOL - compl\u00e9ments alimentaires","og_description":"OENOBIOL est une marque fran\u00e7aise de compl\u00e9ments alimentaires pour activer votre beaut\u00e9 : pr\u00e9parateurs solaires, autobronzants, fortifiants cheveux...","og_url":"https:\/\/oenobiol.com\/fr_fr\/decouvrir-oenobiol\/","og_site_name":"Oenobiol","article_modified_time":"2025-11-14T10:28:01+00:00","og_image":[{"width":850,"height":850,"url":"https:\/\/oenobiol.com\/app\/uploads\/2024\/04\/visuel-fiche-produit-1-1.png","type":"image\/png"}],"twitter_card":"summary_large_image","twitter_misc":{"Est. reading time":"1 minute"},"schema":{"@context":"https:\/\/schema.org","@graph":[{"@type":"WebPage","@id":"https:\/\/oenobiol.com\/fr_fr\/decouvrir-oenobiol\/","url":"https:\/\/oenobiol.com\/fr_fr\/decouvrir-oenobiol\/","name":"Site Officiel OENOBIOL - compl\u00e9ments alimentaires","isPartOf":{"@id":"https:\/\/oenobiol.com\/fr_fr\/#website"},"primaryImageOfPage":{"@id":"https:\/\/oenobiol.com\/fr_fr\/decouvrir-oenobiol\/#primaryimage"},"image":{"@id":"https:\/\/oenobiol.com\/fr_fr\/decouvrir-oenobiol\/#primaryimage"},"thumbnailUrl":"https:\/\/oenobiol.com\/app\/uploads\/2024\/04\/visuel-fiche-produit-1-1.png","datePublished":"2024-04-12T14:21:47+00:00","dateModified":"2025-11-14T10:28:01+00:00","description":"OENOBIOL est une marque fran\u00e7aise de compl\u00e9ments alimentaires pour activer votre beaut\u00e9 : pr\u00e9parateurs solaires, autobronzants, fortifiants cheveux...","breadcrumb":{"@id":"https:\/\/oenobiol.com\/fr_fr\/decouvrir-oenobiol\/#breadcrumb"},"inLanguage":"fr-FR-","potentialAction":[{"@type":"ReadAction","target":["https:\/\/oenobiol.com\/fr_fr\/decouvrir-oenobiol\/"]}]},{"@type":"ImageObject","inLanguage":"fr-FR-","@id":"https:\/\/oenobiol.com\/fr_fr\/decouvrir-oenobiol\/#primaryimage","url":"https:\/\/oenobiol.com\/app\/uploads\/2024\/04\/visuel-fiche-produit-1-1.png","contentUrl":"https:\/\/oenobiol.com\/app\/uploads\/2024\/04\/visuel-fiche-produit-1-1.png","width":850,"height":850,"caption":"Mannequin Sun Expert"},{"@type":"BreadcrumbList","@id":"https:\/\/oenobiol.com\/fr_fr\/decouvrir-oenobiol\/#breadcrumb","itemListElement":[{"@type":"ListItem","position":1,"name":"Accueil","item":"https:\/\/oenobiol.com\/fr_fr\/"},{"@type":"ListItem","position":2,"name":"D\u00e9couvrir Oenobiol"}]},{"@type":"WebSite","@id":"https:\/\/oenobiol.com\/fr_fr\/#website","url":"https:\/\/oenobiol.com\/fr_fr\/","name":"Oenobiol","description":"","publisher":{"@id":"https:\/\/oenobiol.com\/fr_fr\/#organization"},"potentialAction":[{"@type":"SearchAction","target":{"@type":"EntryPoint","urlTemplate":"https:\/\/oenobiol.com\/fr_fr\/?s={search_term_string}"},"query-input":{"@type":"PropertyValueSpecification","valueRequired":true,"valueName":"search_term_string"}}],"inLanguage":"fr-FR-"},{"@type":"Organization","@id":"https:\/\/oenobiol.com\/fr_fr\/#organization","name":"Oenobiol","url":"https:\/\/oenobiol.com\/fr_fr\/","logo":{"@type":"ImageObject","inLanguage":"fr-FR-","@id":"https:\/\/oenobiol.com\/fr_fr\/#\/schema\/logo\/image\/","url":"https:\/\/oenobiol.com\/app\/uploads\/2024\/05\/logo-baseline-2-1.svg","contentUrl":"https:\/\/oenobiol.com\/app\/uploads\/2024\/05\/logo-baseline-2-1.svg","width":131,"height":41,"caption":"Oenobiol"},"image":{"@id":"https:\/\/oenobiol.com\/fr_fr\/#\/schema\/logo\/image\/"}}]}},"_links":{"self":[{"href":"https:\/\/oenobiol.com\/fr_fr\/wp-json\/wp\/v2\/pages\/10090","targetHints":{"allow":["GET"]}}],"collection":[{"href":"https:\/\/oenobiol.com\/fr_fr\/wp-json\/wp\/v2\/pages"}],"about":[{"href":"https:\/\/oenobiol.com\/fr_fr\/wp-json\/wp\/v2\/types\/page"}],"author":[{"embeddable":true,"href":"https:\/\/oenobiol.com\/fr_fr\/wp-json\/wp\/v2\/users\/2"}],"replies":[{"embeddable":true,"href":"https:\/\/oenobiol.com\/fr_fr\/wp-json\/wp\/v2\/comments?post=10090"}],"version-history":[{"count":6,"href":"https:\/\/oenobiol.com\/fr_fr\/wp-json\/wp\/v2\/pages\/10090\/revisions"}],"predecessor-version":[{"id":29824,"href":"https:\/\/oenobiol.com\/fr_fr\/wp-json\/wp\/v2\/pages\/10090\/revisions\/29824"}],"wp:featuredmedia":[{"embeddable":true,"href":"https:\/\/oenobiol.com\/fr_fr\/wp-json\/wp\/v2\/media\/10092"}],"wp:attachment":[{"href":"https:\/\/oenobiol.com\/fr_fr\/wp-json\/wp\/v2\/media?parent=10090"}],"curies":[{"name":"wp","href":"https:\/\/api.w.org\/{rel}","templated":true}]}}