{"id":10527,"date":"2024-03-26T14:04:48","date_gmt":"2024-03-26T13:04:48","guid":{"rendered":"https:\/\/oenobiol.com\/page-daccueil\/"},"modified":"2025-11-18T16:12:38","modified_gmt":"2025-11-18T15:12:38","slug":"page-accueil","status":"publish","type":"page","link":"https:\/\/oenobiol.com\/fr_fr\/","title":{"rendered":"Page d&#8217;accueil"},"content":{"rendered":"","protected":false},"excerpt":{"rendered":"","protected":false},"author":1,"featured_media":29826,"parent":0,"menu_order":0,"comment_status":"closed","ping_status":"closed","template":"","meta":{"_acf_changed":false,"inline_featured_image":false,"footnotes":""},"class_list":["post-10527","page","type-page","status-publish","has-post-thumbnail","hentry"],"acf":[],"yoast_head":"<!-- This site is optimized with the Yoast SEO plugin v27.0 - https:\/\/yoast.com\/product\/yoast-seo-wordpress\/ -->\n<title>OENOBIOL - Site Officiel - Compl\u00e9ments alimentaires beaut\u00e9<\/title>\n<meta name=\"description\" content=\"OENOBIOL est une marque fran\u00e7aise de compl\u00e9ments alimentaires pour activer votre beaut\u00e9 : pr\u00e9parateurs solaires, autobronzants, cheveux...\" \/>\n<meta name=\"robots\" content=\"index, follow, max-snippet:-1, max-image-preview:large, max-video-preview:-1\" \/>\n<link rel=\"canonical\" href=\"https:\/\/oenobiol.com\/fr_fr\/\" \/>\n<meta property=\"og:locale\" content=\"fr_FR\" \/>\n<meta property=\"og:type\" content=\"article\" \/>\n<meta property=\"og:title\" content=\"OENOBIOL - Site Officiel - Compl\u00e9ments alimentaires beaut\u00e9\" \/>\n<meta property=\"og:description\" content=\"OENOBIOL est une marque fran\u00e7aise de compl\u00e9ments alimentaires pour activer votre beaut\u00e9 : pr\u00e9parateurs solaires, autobronzants, cheveux...\" \/>\n<meta property=\"og:url\" content=\"https:\/\/oenobiol.com\/fr_fr\/\" \/>\n<meta property=\"og:site_name\" content=\"Oenobiol\" \/>\n<meta property=\"article:modified_time\" content=\"2025-11-18T15:12:38+00:00\" \/>\n<meta property=\"og:image\" content=\"https:\/\/oenobiol.com\/app\/uploads\/2025\/11\/OENOBIOL_HAIR_EXPERT_FOND_CELLULAIREFEMME_11-25.jpg\" \/>\n\t<meta property=\"og:image:width\" content=\"560\" \/>\n\t<meta property=\"og:image:height\" content=\"560\" \/>\n\t<meta property=\"og:image:type\" content=\"image\/jpeg\" \/>\n<meta name=\"twitter:card\" content=\"summary_large_image\" \/>\n<meta name=\"twitter:label1\" content=\"Est. reading time\" \/>\n\t<meta name=\"twitter:data1\" content=\"1 minute\" \/>\n<script type=\"application\/ld+json\" class=\"yoast-schema-graph\">{\"@context\":\"https:\/\/schema.org\",\"@graph\":[{\"@type\":\"WebPage\",\"@id\":\"https:\/\/oenobiol.com\/fr_fr\/\",\"url\":\"https:\/\/oenobiol.com\/fr_fr\/\",\"name\":\"OENOBIOL - Site Officiel - Compl\u00e9ments alimentaires beaut\u00e9\",\"isPartOf\":{\"@id\":\"https:\/\/oenobiol.com\/fr_fr\/#website\"},\"primaryImageOfPage\":{\"@id\":\"https:\/\/oenobiol.com\/fr_fr\/#primaryimage\"},\"image\":{\"@id\":\"https:\/\/oenobiol.com\/fr_fr\/#primaryimage\"},\"thumbnailUrl\":\"https:\/\/oenobiol.com\/app\/uploads\/2025\/11\/OENOBIOL_HAIR_EXPERT_FOND_CELLULAIREFEMME_11-25.jpg\",\"datePublished\":\"2024-03-26T13:04:48+00:00\",\"dateModified\":\"2025-11-18T15:12:38+00:00\",\"description\":\"OENOBIOL est une marque fran\u00e7aise de compl\u00e9ments alimentaires pour activer votre beaut\u00e9 : pr\u00e9parateurs solaires, autobronzants, cheveux...\",\"breadcrumb\":{\"@id\":\"https:\/\/oenobiol.com\/fr_fr\/#breadcrumb\"},\"inLanguage\":\"fr-FR-\",\"potentialAction\":[{\"@type\":\"ReadAction\",\"target\":[\"https:\/\/oenobiol.com\/fr_fr\/\"]}]},{\"@type\":\"ImageObject\",\"inLanguage\":\"fr-FR-\",\"@id\":\"https:\/\/oenobiol.com\/fr_fr\/#primaryimage\",\"url\":\"https:\/\/oenobiol.com\/app\/uploads\/2025\/11\/OENOBIOL_HAIR_EXPERT_FOND_CELLULAIREFEMME_11-25.jpg\",\"contentUrl\":\"https:\/\/oenobiol.com\/app\/uploads\/2025\/11\/OENOBIOL_HAIR_EXPERT_FOND_CELLULAIREFEMME_11-25.jpg\",\"width\":560,\"height\":560},{\"@type\":\"BreadcrumbList\",\"@id\":\"https:\/\/oenobiol.com\/fr_fr\/#breadcrumb\",\"itemListElement\":[{\"@type\":\"ListItem\",\"position\":1,\"name\":\"Accueil\",\"item\":\"https:\/\/oenobiol.com\/fr_fr\/\"},{\"@type\":\"ListItem\",\"position\":2,\"name\":\"Page d&#8217;accueil\"}]},{\"@type\":\"WebSite\",\"@id\":\"https:\/\/oenobiol.com\/fr_fr\/#website\",\"url\":\"https:\/\/oenobiol.com\/fr_fr\/\",\"name\":\"Oenobiol\",\"description\":\"\",\"publisher\":{\"@id\":\"https:\/\/oenobiol.com\/fr_fr\/#organization\"},\"potentialAction\":[{\"@type\":\"SearchAction\",\"target\":{\"@type\":\"EntryPoint\",\"urlTemplate\":\"https:\/\/oenobiol.com\/fr_fr\/?s={search_term_string}\"},\"query-input\":{\"@type\":\"PropertyValueSpecification\",\"valueRequired\":true,\"valueName\":\"search_term_string\"}}],\"inLanguage\":\"fr-FR-\"},{\"@type\":\"Organization\",\"@id\":\"https:\/\/oenobiol.com\/fr_fr\/#organization\",\"name\":\"Oenobiol\",\"url\":\"https:\/\/oenobiol.com\/fr_fr\/\",\"logo\":{\"@type\":\"ImageObject\",\"inLanguage\":\"fr-FR-\",\"@id\":\"https:\/\/oenobiol.com\/fr_fr\/#\/schema\/logo\/image\/\",\"url\":\"https:\/\/oenobiol.com\/app\/uploads\/2024\/05\/logo-baseline-2-1.svg\",\"contentUrl\":\"https:\/\/oenobiol.com\/app\/uploads\/2024\/05\/logo-baseline-2-1.svg\",\"width\":131,\"height\":41,\"caption\":\"Oenobiol\"},\"image\":{\"@id\":\"https:\/\/oenobiol.com\/fr_fr\/#\/schema\/logo\/image\/\"}}]}<\/script>\n<!-- \/ Yoast SEO plugin. -->","yoast_head_json":{"title":"OENOBIOL - Site Officiel - Compl\u00e9ments alimentaires beaut\u00e9","description":"OENOBIOL est une marque fran\u00e7aise de compl\u00e9ments alimentaires pour activer votre beaut\u00e9 : pr\u00e9parateurs solaires, autobronzants, cheveux...","robots":{"index":"index","follow":"follow","max-snippet":"max-snippet:-1","max-image-preview":"max-image-preview:large","max-video-preview":"max-video-preview:-1"},"canonical":"https:\/\/oenobiol.com\/fr_fr\/","og_locale":"fr_FR","og_type":"article","og_title":"OENOBIOL - Site Officiel - Compl\u00e9ments alimentaires beaut\u00e9","og_description":"OENOBIOL est une marque fran\u00e7aise de compl\u00e9ments alimentaires pour activer votre beaut\u00e9 : pr\u00e9parateurs solaires, autobronzants, cheveux...","og_url":"https:\/\/oenobiol.com\/fr_fr\/","og_site_name":"Oenobiol","article_modified_time":"2025-11-18T15:12:38+00:00","og_image":[{"width":560,"height":560,"url":"https:\/\/oenobiol.com\/app\/uploads\/2025\/11\/OENOBIOL_HAIR_EXPERT_FOND_CELLULAIREFEMME_11-25.jpg","type":"image\/jpeg"}],"twitter_card":"summary_large_image","twitter_misc":{"Est. reading time":"1 minute"},"schema":{"@context":"https:\/\/schema.org","@graph":[{"@type":"WebPage","@id":"https:\/\/oenobiol.com\/fr_fr\/","url":"https:\/\/oenobiol.com\/fr_fr\/","name":"OENOBIOL - Site Officiel - Compl\u00e9ments alimentaires beaut\u00e9","isPartOf":{"@id":"https:\/\/oenobiol.com\/fr_fr\/#website"},"primaryImageOfPage":{"@id":"https:\/\/oenobiol.com\/fr_fr\/#primaryimage"},"image":{"@id":"https:\/\/oenobiol.com\/fr_fr\/#primaryimage"},"thumbnailUrl":"https:\/\/oenobiol.com\/app\/uploads\/2025\/11\/OENOBIOL_HAIR_EXPERT_FOND_CELLULAIREFEMME_11-25.jpg","datePublished":"2024-03-26T13:04:48+00:00","dateModified":"2025-11-18T15:12:38+00:00","description":"OENOBIOL est une marque fran\u00e7aise de compl\u00e9ments alimentaires pour activer votre beaut\u00e9 : pr\u00e9parateurs solaires, autobronzants, cheveux...","breadcrumb":{"@id":"https:\/\/oenobiol.com\/fr_fr\/#breadcrumb"},"inLanguage":"fr-FR-","potentialAction":[{"@type":"ReadAction","target":["https:\/\/oenobiol.com\/fr_fr\/"]}]},{"@type":"ImageObject","inLanguage":"fr-FR-","@id":"https:\/\/oenobiol.com\/fr_fr\/#primaryimage","url":"https:\/\/oenobiol.com\/app\/uploads\/2025\/11\/OENOBIOL_HAIR_EXPERT_FOND_CELLULAIREFEMME_11-25.jpg","contentUrl":"https:\/\/oenobiol.com\/app\/uploads\/2025\/11\/OENOBIOL_HAIR_EXPERT_FOND_CELLULAIREFEMME_11-25.jpg","width":560,"height":560},{"@type":"BreadcrumbList","@id":"https:\/\/oenobiol.com\/fr_fr\/#breadcrumb","itemListElement":[{"@type":"ListItem","position":1,"name":"Accueil","item":"https:\/\/oenobiol.com\/fr_fr\/"},{"@type":"ListItem","position":2,"name":"Page d&#8217;accueil"}]},{"@type":"WebSite","@id":"https:\/\/oenobiol.com\/fr_fr\/#website","url":"https:\/\/oenobiol.com\/fr_fr\/","name":"Oenobiol","description":"","publisher":{"@id":"https:\/\/oenobiol.com\/fr_fr\/#organization"},"potentialAction":[{"@type":"SearchAction","target":{"@type":"EntryPoint","urlTemplate":"https:\/\/oenobiol.com\/fr_fr\/?s={search_term_string}"},"query-input":{"@type":"PropertyValueSpecification","valueRequired":true,"valueName":"search_term_string"}}],"inLanguage":"fr-FR-"},{"@type":"Organization","@id":"https:\/\/oenobiol.com\/fr_fr\/#organization","name":"Oenobiol","url":"https:\/\/oenobiol.com\/fr_fr\/","logo":{"@type":"ImageObject","inLanguage":"fr-FR-","@id":"https:\/\/oenobiol.com\/fr_fr\/#\/schema\/logo\/image\/","url":"https:\/\/oenobiol.com\/app\/uploads\/2024\/05\/logo-baseline-2-1.svg","contentUrl":"https:\/\/oenobiol.com\/app\/uploads\/2024\/05\/logo-baseline-2-1.svg","width":131,"height":41,"caption":"Oenobiol"},"image":{"@id":"https:\/\/oenobiol.com\/fr_fr\/#\/schema\/logo\/image\/"}}]}},"_links":{"self":[{"href":"https:\/\/oenobiol.com\/fr_fr\/wp-json\/wp\/v2\/pages\/10527","targetHints":{"allow":["GET"]}}],"collection":[{"href":"https:\/\/oenobiol.com\/fr_fr\/wp-json\/wp\/v2\/pages"}],"about":[{"href":"https:\/\/oenobiol.com\/fr_fr\/wp-json\/wp\/v2\/types\/page"}],"author":[{"embeddable":true,"href":"https:\/\/oenobiol.com\/fr_fr\/wp-json\/wp\/v2\/users\/1"}],"replies":[{"embeddable":true,"href":"https:\/\/oenobiol.com\/fr_fr\/wp-json\/wp\/v2\/comments?post=10527"}],"version-history":[{"count":36,"href":"https:\/\/oenobiol.com\/fr_fr\/wp-json\/wp\/v2\/pages\/10527\/revisions"}],"predecessor-version":[{"id":29815,"href":"https:\/\/oenobiol.com\/fr_fr\/wp-json\/wp\/v2\/pages\/10527\/revisions\/29815"}],"wp:featuredmedia":[{"embeddable":true,"href":"https:\/\/oenobiol.com\/fr_fr\/wp-json\/wp\/v2\/media\/29826"}],"wp:attachment":[{"href":"https:\/\/oenobiol.com\/fr_fr\/wp-json\/wp\/v2\/media?parent=10527"}],"curies":[{"name":"wp","href":"https:\/\/api.w.org\/{rel}","templated":true}]}}