{"id":12726,"date":"2024-04-09T10:23:31","date_gmt":"2024-04-09T08:23:31","guid":{"rendered":"https:\/\/oenobiol.com\/produits\/ventre-plat\/"},"modified":"2024-09-17T14:16:40","modified_gmt":"2024-09-17T12:16:40","slug":"ventre-plat","status":"publish","type":"product","link":"https:\/\/oenobiol.com\/fr_fr\/produits\/ventre-plat\/","title":{"rendered":"Ventre Plat"},"content":{"rendered":"<p>VENTRE PLAT est le compl\u00e9ment qui r\u00e9duit les ballonnements\u00b9 et les gonflements\u00b9 pour un ventre visiblement plus plat.<\/p>\n","protected":false},"excerpt":{"rendered":"<p>Pour les personnes pr\u00e9sentant des ballonnements ind\u00e9sirables et\/ou de rondeurs localis\u00e9es.<\/p>\n","protected":false},"featured_media":10252,"template":"","meta":{"_acf_changed":false,"inline_featured_image":false},"class_list":["post-12726","product","type-product","status-publish","has-post-thumbnail","hentry","product_category-minceur","product_tag-action-ciblee-fr_fr"],"acf":[],"yoast_head":"<!-- This site is optimized with the Yoast SEO plugin v27.0 - https:\/\/yoast.com\/product\/yoast-seo-wordpress\/ -->\n<title>Ventre Plat - Compl\u00e9ment alimentaire minceur - OENOBIOL<\/title>\n<meta name=\"description\" content=\"Des gonflements et ballonnements ind\u00e9sirables ? D\u00e9couvrez le compl\u00e9ment alimentaire minceur OENOBIOL ventre plat \u00e0 base de menthe poivr\u00e9e et de CLA.\" \/>\n<meta name=\"robots\" content=\"index, follow, max-snippet:-1, max-image-preview:large, max-video-preview:-1\" \/>\n<link rel=\"canonical\" href=\"https:\/\/oenobiol.com\/fr_fr\/produits\/ventre-plat\/\" \/>\n<meta property=\"og:locale\" content=\"fr_FR\" \/>\n<meta property=\"og:type\" content=\"article\" \/>\n<meta property=\"og:title\" content=\"Ventre Plat - Compl\u00e9ment alimentaire minceur - OENOBIOL\" \/>\n<meta property=\"og:description\" content=\"Des gonflements et ballonnements ind\u00e9sirables ? D\u00e9couvrez le compl\u00e9ment alimentaire minceur OENOBIOL ventre plat \u00e0 base de menthe poivr\u00e9e et de CLA.\" \/>\n<meta property=\"og:url\" content=\"https:\/\/oenobiol.com\/fr_fr\/produits\/ventre-plat\/\" \/>\n<meta property=\"og:site_name\" content=\"Oenobiol\" \/>\n<meta property=\"article:modified_time\" content=\"2024-09-17T12:16:40+00:00\" \/>\n<meta property=\"og:image\" content=\"https:\/\/oenobiol.com\/app\/uploads\/2024\/04\/packshot-produit-350x350px-16.png\" \/>\n\t<meta property=\"og:image:width\" content=\"350\" \/>\n\t<meta property=\"og:image:height\" content=\"350\" \/>\n\t<meta property=\"og:image:type\" content=\"image\/png\" \/>\n<meta name=\"twitter:card\" content=\"summary_large_image\" \/>\n<meta name=\"twitter:label1\" content=\"Est. reading time\" \/>\n\t<meta name=\"twitter:data1\" content=\"1 minute\" \/>\n<script type=\"application\/ld+json\" class=\"yoast-schema-graph\">{\"@context\":\"https:\/\/schema.org\",\"@graph\":[{\"@type\":\"WebPage\",\"@id\":\"https:\/\/oenobiol.com\/fr_fr\/produits\/ventre-plat\/\",\"url\":\"https:\/\/oenobiol.com\/fr_fr\/produits\/ventre-plat\/\",\"name\":\"Ventre Plat - Compl\u00e9ment alimentaire minceur - OENOBIOL\",\"isPartOf\":{\"@id\":\"https:\/\/oenobiol.com\/fr_fr\/#website\"},\"primaryImageOfPage\":{\"@id\":\"https:\/\/oenobiol.com\/fr_fr\/produits\/ventre-plat\/#primaryimage\"},\"image\":{\"@id\":\"https:\/\/oenobiol.com\/fr_fr\/produits\/ventre-plat\/#primaryimage\"},\"thumbnailUrl\":\"https:\/\/oenobiol.com\/app\/uploads\/2024\/04\/packshot-produit-350x350px-16.png\",\"datePublished\":\"2024-04-09T08:23:31+00:00\",\"dateModified\":\"2024-09-17T12:16:40+00:00\",\"description\":\"Des gonflements et ballonnements ind\u00e9sirables ? D\u00e9couvrez le compl\u00e9ment alimentaire minceur OENOBIOL ventre plat \u00e0 base de menthe poivr\u00e9e et de CLA.\",\"breadcrumb\":{\"@id\":\"https:\/\/oenobiol.com\/fr_fr\/produits\/ventre-plat\/#breadcrumb\"},\"inLanguage\":\"fr-FR-\",\"potentialAction\":[{\"@type\":\"ReadAction\",\"target\":[\"https:\/\/oenobiol.com\/fr_fr\/produits\/ventre-plat\/\"]}]},{\"@type\":\"ImageObject\",\"inLanguage\":\"fr-FR-\",\"@id\":\"https:\/\/oenobiol.com\/fr_fr\/produits\/ventre-plat\/#primaryimage\",\"url\":\"https:\/\/oenobiol.com\/app\/uploads\/2024\/04\/packshot-produit-350x350px-16.png\",\"contentUrl\":\"https:\/\/oenobiol.com\/app\/uploads\/2024\/04\/packshot-produit-350x350px-16.png\",\"width\":350,\"height\":350,\"caption\":\"packshot ventre plat oenobiol\"},{\"@type\":\"BreadcrumbList\",\"@id\":\"https:\/\/oenobiol.com\/fr_fr\/produits\/ventre-plat\/#breadcrumb\",\"itemListElement\":[{\"@type\":\"ListItem\",\"position\":1,\"name\":\"Accueil\",\"item\":\"https:\/\/oenobiol.com\/fr_fr\/\"},{\"@type\":\"ListItem\",\"position\":2,\"name\":\"Minceur\",\"item\":\"https:\/\/oenobiol.com\/fr_fr\/gammes\/minceur\/\"},{\"@type\":\"ListItem\",\"position\":3,\"name\":\"Ventre Plat\"}]},{\"@type\":\"WebSite\",\"@id\":\"https:\/\/oenobiol.com\/fr_fr\/#website\",\"url\":\"https:\/\/oenobiol.com\/fr_fr\/\",\"name\":\"Oenobiol\",\"description\":\"\",\"publisher\":{\"@id\":\"https:\/\/oenobiol.com\/fr_fr\/#organization\"},\"potentialAction\":[{\"@type\":\"SearchAction\",\"target\":{\"@type\":\"EntryPoint\",\"urlTemplate\":\"https:\/\/oenobiol.com\/fr_fr\/?s={search_term_string}\"},\"query-input\":{\"@type\":\"PropertyValueSpecification\",\"valueRequired\":true,\"valueName\":\"search_term_string\"}}],\"inLanguage\":\"fr-FR-\"},{\"@type\":\"Organization\",\"@id\":\"https:\/\/oenobiol.com\/fr_fr\/#organization\",\"name\":\"Oenobiol\",\"url\":\"https:\/\/oenobiol.com\/fr_fr\/\",\"logo\":{\"@type\":\"ImageObject\",\"inLanguage\":\"fr-FR-\",\"@id\":\"https:\/\/oenobiol.com\/fr_fr\/#\/schema\/logo\/image\/\",\"url\":\"https:\/\/oenobiol.com\/app\/uploads\/2024\/05\/logo-baseline-2-1.svg\",\"contentUrl\":\"https:\/\/oenobiol.com\/app\/uploads\/2024\/05\/logo-baseline-2-1.svg\",\"width\":131,\"height\":41,\"caption\":\"Oenobiol\"},\"image\":{\"@id\":\"https:\/\/oenobiol.com\/fr_fr\/#\/schema\/logo\/image\/\"}}]}<\/script>\n<!-- \/ Yoast SEO plugin. -->","yoast_head_json":{"title":"Ventre Plat - Compl\u00e9ment alimentaire minceur - OENOBIOL","description":"Des gonflements et ballonnements ind\u00e9sirables ? D\u00e9couvrez le compl\u00e9ment alimentaire minceur OENOBIOL ventre plat \u00e0 base de menthe poivr\u00e9e et de CLA.","robots":{"index":"index","follow":"follow","max-snippet":"max-snippet:-1","max-image-preview":"max-image-preview:large","max-video-preview":"max-video-preview:-1"},"canonical":"https:\/\/oenobiol.com\/fr_fr\/produits\/ventre-plat\/","og_locale":"fr_FR","og_type":"article","og_title":"Ventre Plat - Compl\u00e9ment alimentaire minceur - OENOBIOL","og_description":"Des gonflements et ballonnements ind\u00e9sirables ? D\u00e9couvrez le compl\u00e9ment alimentaire minceur OENOBIOL ventre plat \u00e0 base de menthe poivr\u00e9e et de CLA.","og_url":"https:\/\/oenobiol.com\/fr_fr\/produits\/ventre-plat\/","og_site_name":"Oenobiol","article_modified_time":"2024-09-17T12:16:40+00:00","og_image":[{"width":350,"height":350,"url":"https:\/\/oenobiol.com\/app\/uploads\/2024\/04\/packshot-produit-350x350px-16.png","type":"image\/png"}],"twitter_card":"summary_large_image","twitter_misc":{"Est. reading time":"1 minute"},"schema":{"@context":"https:\/\/schema.org","@graph":[{"@type":"WebPage","@id":"https:\/\/oenobiol.com\/fr_fr\/produits\/ventre-plat\/","url":"https:\/\/oenobiol.com\/fr_fr\/produits\/ventre-plat\/","name":"Ventre Plat - Compl\u00e9ment alimentaire minceur - OENOBIOL","isPartOf":{"@id":"https:\/\/oenobiol.com\/fr_fr\/#website"},"primaryImageOfPage":{"@id":"https:\/\/oenobiol.com\/fr_fr\/produits\/ventre-plat\/#primaryimage"},"image":{"@id":"https:\/\/oenobiol.com\/fr_fr\/produits\/ventre-plat\/#primaryimage"},"thumbnailUrl":"https:\/\/oenobiol.com\/app\/uploads\/2024\/04\/packshot-produit-350x350px-16.png","datePublished":"2024-04-09T08:23:31+00:00","dateModified":"2024-09-17T12:16:40+00:00","description":"Des gonflements et ballonnements ind\u00e9sirables ? D\u00e9couvrez le compl\u00e9ment alimentaire minceur OENOBIOL ventre plat \u00e0 base de menthe poivr\u00e9e et de CLA.","breadcrumb":{"@id":"https:\/\/oenobiol.com\/fr_fr\/produits\/ventre-plat\/#breadcrumb"},"inLanguage":"fr-FR-","potentialAction":[{"@type":"ReadAction","target":["https:\/\/oenobiol.com\/fr_fr\/produits\/ventre-plat\/"]}]},{"@type":"ImageObject","inLanguage":"fr-FR-","@id":"https:\/\/oenobiol.com\/fr_fr\/produits\/ventre-plat\/#primaryimage","url":"https:\/\/oenobiol.com\/app\/uploads\/2024\/04\/packshot-produit-350x350px-16.png","contentUrl":"https:\/\/oenobiol.com\/app\/uploads\/2024\/04\/packshot-produit-350x350px-16.png","width":350,"height":350,"caption":"packshot ventre plat oenobiol"},{"@type":"BreadcrumbList","@id":"https:\/\/oenobiol.com\/fr_fr\/produits\/ventre-plat\/#breadcrumb","itemListElement":[{"@type":"ListItem","position":1,"name":"Accueil","item":"https:\/\/oenobiol.com\/fr_fr\/"},{"@type":"ListItem","position":2,"name":"Minceur","item":"https:\/\/oenobiol.com\/fr_fr\/gammes\/minceur\/"},{"@type":"ListItem","position":3,"name":"Ventre Plat"}]},{"@type":"WebSite","@id":"https:\/\/oenobiol.com\/fr_fr\/#website","url":"https:\/\/oenobiol.com\/fr_fr\/","name":"Oenobiol","description":"","publisher":{"@id":"https:\/\/oenobiol.com\/fr_fr\/#organization"},"potentialAction":[{"@type":"SearchAction","target":{"@type":"EntryPoint","urlTemplate":"https:\/\/oenobiol.com\/fr_fr\/?s={search_term_string}"},"query-input":{"@type":"PropertyValueSpecification","valueRequired":true,"valueName":"search_term_string"}}],"inLanguage":"fr-FR-"},{"@type":"Organization","@id":"https:\/\/oenobiol.com\/fr_fr\/#organization","name":"Oenobiol","url":"https:\/\/oenobiol.com\/fr_fr\/","logo":{"@type":"ImageObject","inLanguage":"fr-FR-","@id":"https:\/\/oenobiol.com\/fr_fr\/#\/schema\/logo\/image\/","url":"https:\/\/oenobiol.com\/app\/uploads\/2024\/05\/logo-baseline-2-1.svg","contentUrl":"https:\/\/oenobiol.com\/app\/uploads\/2024\/05\/logo-baseline-2-1.svg","width":131,"height":41,"caption":"Oenobiol"},"image":{"@id":"https:\/\/oenobiol.com\/fr_fr\/#\/schema\/logo\/image\/"}}]}},"_links":{"self":[{"href":"https:\/\/oenobiol.com\/fr_fr\/wp-json\/wp\/v2\/product\/12726","targetHints":{"allow":["GET"]}}],"collection":[{"href":"https:\/\/oenobiol.com\/fr_fr\/wp-json\/wp\/v2\/product"}],"about":[{"href":"https:\/\/oenobiol.com\/fr_fr\/wp-json\/wp\/v2\/types\/product"}],"wp:featuredmedia":[{"embeddable":true,"href":"https:\/\/oenobiol.com\/fr_fr\/wp-json\/wp\/v2\/media\/10252"}],"wp:attachment":[{"href":"https:\/\/oenobiol.com\/fr_fr\/wp-json\/wp\/v2\/media?parent=12726"}],"curies":[{"name":"wp","href":"https:\/\/api.w.org\/{rel}","templated":true}]}}