{"id":12731,"date":"2024-04-08T11:32:08","date_gmt":"2024-04-08T09:32:08","guid":{"rendered":"https:\/\/oenobiol.com\/produits\/gummies-sublime-hair\/"},"modified":"2026-03-11T15:38:35","modified_gmt":"2026-03-11T14:38:35","slug":"gummies-sublime-hair","status":"publish","type":"product","link":"https:\/\/oenobiol.com\/fr_fr\/produits\/gummies-sublime-hair\/","title":{"rendered":"Gummies Sublime Hair"},"content":{"rendered":"<p>Sublime Hair est le cocktail de beaut\u00e9 indispensable pour des cheveux forts, denses et pleins de vitalit\u00e9 offrant une double promesse : favoriser la croissance et redonner du volume\u00b9.<\/p>\n","protected":false},"excerpt":{"rendered":"<p>Nourrir vos cheveux de force et de beaut\u00e9<\/p>\n","protected":false},"featured_media":10398,"template":"","meta":{"_acf_changed":false,"inline_featured_image":false},"class_list":["post-12731","product","type-product","status-publish","has-post-thumbnail","hentry","product_category-hair-expert-complement-alimentaire-cheveux-oenobiol","product_tag-made-in-france-fr_fr","product_tag-vegan-fr_fr"],"acf":[],"yoast_head":"<!-- This site is optimized with the Yoast SEO plugin v27.0 - https:\/\/yoast.com\/product\/yoast-seo-wordpress\/ -->\n<title>Gummies Subime Hair - sans sucre et vegan - OENOBIOL<\/title>\n<meta name=\"description\" content=\"Envie de retrouver des cheveux forts et \u00e9clatants de beaut\u00e9 ? D\u00e9couvrez les gummies Sublime Hair vegan, sans sucre et made in France OENOBIOL.\" \/>\n<meta name=\"robots\" content=\"index, follow, max-snippet:-1, max-image-preview:large, max-video-preview:-1\" \/>\n<link rel=\"canonical\" href=\"https:\/\/oenobiol.com\/fr_fr\/produits\/gummies-sublime-hair\/\" \/>\n<meta property=\"og:locale\" content=\"fr_FR\" \/>\n<meta property=\"og:type\" content=\"article\" \/>\n<meta property=\"og:title\" content=\"Gummies Subime Hair - sans sucre et vegan - OENOBIOL\" \/>\n<meta property=\"og:description\" content=\"Envie de retrouver des cheveux forts et \u00e9clatants de beaut\u00e9 ? D\u00e9couvrez les gummies Sublime Hair vegan, sans sucre et made in France OENOBIOL.\" \/>\n<meta property=\"og:url\" content=\"https:\/\/oenobiol.com\/fr_fr\/produits\/gummies-sublime-hair\/\" \/>\n<meta property=\"og:site_name\" content=\"Oenobiol\" \/>\n<meta property=\"article:modified_time\" content=\"2026-03-11T14:38:35+00:00\" \/>\n<meta property=\"og:image\" content=\"https:\/\/oenobiol.com\/app\/uploads\/2024\/04\/packshot-produit-350x350px-gummies-sublime-hair.png\" \/>\n\t<meta property=\"og:image:width\" content=\"350\" \/>\n\t<meta property=\"og:image:height\" content=\"350\" \/>\n\t<meta property=\"og:image:type\" content=\"image\/png\" \/>\n<meta name=\"twitter:card\" content=\"summary_large_image\" \/>\n<meta name=\"twitter:label1\" content=\"Est. reading time\" \/>\n\t<meta name=\"twitter:data1\" content=\"1 minute\" \/>\n<script type=\"application\/ld+json\" class=\"yoast-schema-graph\">{\"@context\":\"https:\/\/schema.org\",\"@graph\":[{\"@type\":\"WebPage\",\"@id\":\"https:\/\/oenobiol.com\/fr_fr\/produits\/gummies-sublime-hair\/\",\"url\":\"https:\/\/oenobiol.com\/fr_fr\/produits\/gummies-sublime-hair\/\",\"name\":\"Gummies Subime Hair - sans sucre et vegan - OENOBIOL\",\"isPartOf\":{\"@id\":\"https:\/\/oenobiol.com\/fr_fr\/#website\"},\"primaryImageOfPage\":{\"@id\":\"https:\/\/oenobiol.com\/fr_fr\/produits\/gummies-sublime-hair\/#primaryimage\"},\"image\":{\"@id\":\"https:\/\/oenobiol.com\/fr_fr\/produits\/gummies-sublime-hair\/#primaryimage\"},\"thumbnailUrl\":\"https:\/\/oenobiol.com\/app\/uploads\/2024\/04\/packshot-produit-350x350px-gummies-sublime-hair.png\",\"datePublished\":\"2024-04-08T09:32:08+00:00\",\"dateModified\":\"2026-03-11T14:38:35+00:00\",\"description\":\"Envie de retrouver des cheveux forts et \u00e9clatants de beaut\u00e9 ? D\u00e9couvrez les gummies Sublime Hair vegan, sans sucre et made in France OENOBIOL.\",\"breadcrumb\":{\"@id\":\"https:\/\/oenobiol.com\/fr_fr\/produits\/gummies-sublime-hair\/#breadcrumb\"},\"inLanguage\":\"fr-FR-\",\"potentialAction\":[{\"@type\":\"ReadAction\",\"target\":[\"https:\/\/oenobiol.com\/fr_fr\/produits\/gummies-sublime-hair\/\"]}]},{\"@type\":\"ImageObject\",\"inLanguage\":\"fr-FR-\",\"@id\":\"https:\/\/oenobiol.com\/fr_fr\/produits\/gummies-sublime-hair\/#primaryimage\",\"url\":\"https:\/\/oenobiol.com\/app\/uploads\/2024\/04\/packshot-produit-350x350px-gummies-sublime-hair.png\",\"contentUrl\":\"https:\/\/oenobiol.com\/app\/uploads\/2024\/04\/packshot-produit-350x350px-gummies-sublime-hair.png\",\"width\":350,\"height\":350,\"caption\":\"packshot produit gummies sublime hair oenobiol\"},{\"@type\":\"BreadcrumbList\",\"@id\":\"https:\/\/oenobiol.com\/fr_fr\/produits\/gummies-sublime-hair\/#breadcrumb\",\"itemListElement\":[{\"@type\":\"ListItem\",\"position\":1,\"name\":\"Accueil\",\"item\":\"https:\/\/oenobiol.com\/fr_fr\/\"},{\"@type\":\"ListItem\",\"position\":2,\"name\":\"Cheveux\",\"item\":\"https:\/\/oenobiol.com\/fr_fr\/gammes\/hair-expert-complement-alimentaire-cheveux-oenobiol\/\"},{\"@type\":\"ListItem\",\"position\":3,\"name\":\"Gummies Sublime Hair\"}]},{\"@type\":\"WebSite\",\"@id\":\"https:\/\/oenobiol.com\/fr_fr\/#website\",\"url\":\"https:\/\/oenobiol.com\/fr_fr\/\",\"name\":\"Oenobiol\",\"description\":\"\",\"publisher\":{\"@id\":\"https:\/\/oenobiol.com\/fr_fr\/#organization\"},\"potentialAction\":[{\"@type\":\"SearchAction\",\"target\":{\"@type\":\"EntryPoint\",\"urlTemplate\":\"https:\/\/oenobiol.com\/fr_fr\/?s={search_term_string}\"},\"query-input\":{\"@type\":\"PropertyValueSpecification\",\"valueRequired\":true,\"valueName\":\"search_term_string\"}}],\"inLanguage\":\"fr-FR-\"},{\"@type\":\"Organization\",\"@id\":\"https:\/\/oenobiol.com\/fr_fr\/#organization\",\"name\":\"Oenobiol\",\"url\":\"https:\/\/oenobiol.com\/fr_fr\/\",\"logo\":{\"@type\":\"ImageObject\",\"inLanguage\":\"fr-FR-\",\"@id\":\"https:\/\/oenobiol.com\/fr_fr\/#\/schema\/logo\/image\/\",\"url\":\"https:\/\/oenobiol.com\/app\/uploads\/2024\/05\/logo-baseline-2-1.svg\",\"contentUrl\":\"https:\/\/oenobiol.com\/app\/uploads\/2024\/05\/logo-baseline-2-1.svg\",\"width\":131,\"height\":41,\"caption\":\"Oenobiol\"},\"image\":{\"@id\":\"https:\/\/oenobiol.com\/fr_fr\/#\/schema\/logo\/image\/\"}}]}<\/script>\n<!-- \/ Yoast SEO plugin. -->","yoast_head_json":{"title":"Gummies Subime Hair - sans sucre et vegan - OENOBIOL","description":"Envie de retrouver des cheveux forts et \u00e9clatants de beaut\u00e9 ? D\u00e9couvrez les gummies Sublime Hair vegan, sans sucre et made in France OENOBIOL.","robots":{"index":"index","follow":"follow","max-snippet":"max-snippet:-1","max-image-preview":"max-image-preview:large","max-video-preview":"max-video-preview:-1"},"canonical":"https:\/\/oenobiol.com\/fr_fr\/produits\/gummies-sublime-hair\/","og_locale":"fr_FR","og_type":"article","og_title":"Gummies Subime Hair - sans sucre et vegan - OENOBIOL","og_description":"Envie de retrouver des cheveux forts et \u00e9clatants de beaut\u00e9 ? D\u00e9couvrez les gummies Sublime Hair vegan, sans sucre et made in France OENOBIOL.","og_url":"https:\/\/oenobiol.com\/fr_fr\/produits\/gummies-sublime-hair\/","og_site_name":"Oenobiol","article_modified_time":"2026-03-11T14:38:35+00:00","og_image":[{"width":350,"height":350,"url":"https:\/\/oenobiol.com\/app\/uploads\/2024\/04\/packshot-produit-350x350px-gummies-sublime-hair.png","type":"image\/png"}],"twitter_card":"summary_large_image","twitter_misc":{"Est. reading time":"1 minute"},"schema":{"@context":"https:\/\/schema.org","@graph":[{"@type":"WebPage","@id":"https:\/\/oenobiol.com\/fr_fr\/produits\/gummies-sublime-hair\/","url":"https:\/\/oenobiol.com\/fr_fr\/produits\/gummies-sublime-hair\/","name":"Gummies Subime Hair - sans sucre et vegan - OENOBIOL","isPartOf":{"@id":"https:\/\/oenobiol.com\/fr_fr\/#website"},"primaryImageOfPage":{"@id":"https:\/\/oenobiol.com\/fr_fr\/produits\/gummies-sublime-hair\/#primaryimage"},"image":{"@id":"https:\/\/oenobiol.com\/fr_fr\/produits\/gummies-sublime-hair\/#primaryimage"},"thumbnailUrl":"https:\/\/oenobiol.com\/app\/uploads\/2024\/04\/packshot-produit-350x350px-gummies-sublime-hair.png","datePublished":"2024-04-08T09:32:08+00:00","dateModified":"2026-03-11T14:38:35+00:00","description":"Envie de retrouver des cheveux forts et \u00e9clatants de beaut\u00e9 ? D\u00e9couvrez les gummies Sublime Hair vegan, sans sucre et made in France OENOBIOL.","breadcrumb":{"@id":"https:\/\/oenobiol.com\/fr_fr\/produits\/gummies-sublime-hair\/#breadcrumb"},"inLanguage":"fr-FR-","potentialAction":[{"@type":"ReadAction","target":["https:\/\/oenobiol.com\/fr_fr\/produits\/gummies-sublime-hair\/"]}]},{"@type":"ImageObject","inLanguage":"fr-FR-","@id":"https:\/\/oenobiol.com\/fr_fr\/produits\/gummies-sublime-hair\/#primaryimage","url":"https:\/\/oenobiol.com\/app\/uploads\/2024\/04\/packshot-produit-350x350px-gummies-sublime-hair.png","contentUrl":"https:\/\/oenobiol.com\/app\/uploads\/2024\/04\/packshot-produit-350x350px-gummies-sublime-hair.png","width":350,"height":350,"caption":"packshot produit gummies sublime hair oenobiol"},{"@type":"BreadcrumbList","@id":"https:\/\/oenobiol.com\/fr_fr\/produits\/gummies-sublime-hair\/#breadcrumb","itemListElement":[{"@type":"ListItem","position":1,"name":"Accueil","item":"https:\/\/oenobiol.com\/fr_fr\/"},{"@type":"ListItem","position":2,"name":"Cheveux","item":"https:\/\/oenobiol.com\/fr_fr\/gammes\/hair-expert-complement-alimentaire-cheveux-oenobiol\/"},{"@type":"ListItem","position":3,"name":"Gummies Sublime Hair"}]},{"@type":"WebSite","@id":"https:\/\/oenobiol.com\/fr_fr\/#website","url":"https:\/\/oenobiol.com\/fr_fr\/","name":"Oenobiol","description":"","publisher":{"@id":"https:\/\/oenobiol.com\/fr_fr\/#organization"},"potentialAction":[{"@type":"SearchAction","target":{"@type":"EntryPoint","urlTemplate":"https:\/\/oenobiol.com\/fr_fr\/?s={search_term_string}"},"query-input":{"@type":"PropertyValueSpecification","valueRequired":true,"valueName":"search_term_string"}}],"inLanguage":"fr-FR-"},{"@type":"Organization","@id":"https:\/\/oenobiol.com\/fr_fr\/#organization","name":"Oenobiol","url":"https:\/\/oenobiol.com\/fr_fr\/","logo":{"@type":"ImageObject","inLanguage":"fr-FR-","@id":"https:\/\/oenobiol.com\/fr_fr\/#\/schema\/logo\/image\/","url":"https:\/\/oenobiol.com\/app\/uploads\/2024\/05\/logo-baseline-2-1.svg","contentUrl":"https:\/\/oenobiol.com\/app\/uploads\/2024\/05\/logo-baseline-2-1.svg","width":131,"height":41,"caption":"Oenobiol"},"image":{"@id":"https:\/\/oenobiol.com\/fr_fr\/#\/schema\/logo\/image\/"}}]}},"_links":{"self":[{"href":"https:\/\/oenobiol.com\/fr_fr\/wp-json\/wp\/v2\/product\/12731","targetHints":{"allow":["GET"]}}],"collection":[{"href":"https:\/\/oenobiol.com\/fr_fr\/wp-json\/wp\/v2\/product"}],"about":[{"href":"https:\/\/oenobiol.com\/fr_fr\/wp-json\/wp\/v2\/types\/product"}],"wp:featuredmedia":[{"embeddable":true,"href":"https:\/\/oenobiol.com\/fr_fr\/wp-json\/wp\/v2\/media\/10398"}],"wp:attachment":[{"href":"https:\/\/oenobiol.com\/fr_fr\/wp-json\/wp\/v2\/media?parent=12731"}],"curies":[{"name":"wp","href":"https:\/\/api.w.org\/{rel}","templated":true}]}}