{"id":12735,"date":"2024-04-04T14:48:08","date_gmt":"2024-04-04T12:48:08","guid":{"rendered":"https:\/\/oenobiol.com\/produits\/hair-expert-fortifiant-integral\/"},"modified":"2026-03-04T10:00:35","modified_gmt":"2026-03-04T09:00:35","slug":"hair-expert-fortifiant-integral","status":"publish","type":"product","link":"https:\/\/oenobiol.com\/fr_fr\/produits\/hair-expert-fortifiant-integral\/","title":{"rendered":"Hair Expert Fortifiant int\u00e9gral"},"content":{"rendered":"<p>HAIR EXPERT Fortifiant int\u00e9gral est la r\u00e9ponse globale pour renforcer la fibre capillaire et les ongles de l&#8217;int\u00e9rieur.<\/p>\n","protected":false},"excerpt":{"rendered":"<p>Donner \u00e0 vos cheveux et ongles la force d&#8217;\u00eatre plus forts<\/p>\n","protected":false},"featured_media":29516,"template":"","meta":{"_acf_changed":false,"inline_featured_image":false},"class_list":["post-12735","product","type-product","status-publish","has-post-thumbnail","hentry","product_category-hair-expert-complement-alimentaire-cheveux-oenobiol","product_tag-nouveau-fr_fr"],"acf":[],"yoast_head":"<!-- This site is optimized with the Yoast SEO plugin v27.0 - https:\/\/yoast.com\/product\/yoast-seo-wordpress\/ -->\n<title>HAIR EXPERT fortifiant int\u00e9gral - cheveux - OENOBIOL<\/title>\n<meta name=\"description\" content=\"Cheveux ternes, fatigu\u00e9s, ongles fragiles ? D\u00e9couvrez le compl\u00e9ment alimentaire HAIR EXPERT Fortifiant int\u00e9gral pour activer la beaut\u00e9 de vos cheveux.\" \/>\n<meta name=\"robots\" content=\"index, follow, max-snippet:-1, max-image-preview:large, max-video-preview:-1\" \/>\n<link rel=\"canonical\" href=\"https:\/\/oenobiol.com\/fr_fr\/produits\/hair-expert-fortifiant-integral\/\" \/>\n<meta property=\"og:locale\" content=\"fr_FR\" \/>\n<meta property=\"og:type\" content=\"article\" \/>\n<meta property=\"og:title\" content=\"HAIR EXPERT fortifiant int\u00e9gral - cheveux - OENOBIOL\" \/>\n<meta property=\"og:description\" content=\"Cheveux ternes, fatigu\u00e9s, ongles fragiles ? D\u00e9couvrez le compl\u00e9ment alimentaire HAIR EXPERT Fortifiant int\u00e9gral pour activer la beaut\u00e9 de vos cheveux.\" \/>\n<meta property=\"og:url\" content=\"https:\/\/oenobiol.com\/fr_fr\/produits\/hair-expert-fortifiant-integral\/\" \/>\n<meta property=\"og:site_name\" content=\"Oenobiol\" \/>\n<meta property=\"article:modified_time\" content=\"2026-03-04T09:00:35+00:00\" \/>\n<meta property=\"og:image\" content=\"https:\/\/oenobiol.com\/app\/uploads\/2024\/04\/Design-sans-titre-1-1.png\" \/>\n\t<meta property=\"og:image:width\" content=\"350\" \/>\n\t<meta property=\"og:image:height\" content=\"350\" \/>\n\t<meta property=\"og:image:type\" content=\"image\/png\" \/>\n<meta name=\"twitter:card\" content=\"summary_large_image\" \/>\n<meta name=\"twitter:label1\" content=\"Est. reading time\" \/>\n\t<meta name=\"twitter:data1\" content=\"1 minute\" \/>\n<script type=\"application\/ld+json\" class=\"yoast-schema-graph\">{\"@context\":\"https:\/\/schema.org\",\"@graph\":[{\"@type\":\"WebPage\",\"@id\":\"https:\/\/oenobiol.com\/fr_fr\/produits\/hair-expert-fortifiant-integral\/\",\"url\":\"https:\/\/oenobiol.com\/fr_fr\/produits\/hair-expert-fortifiant-integral\/\",\"name\":\"HAIR EXPERT fortifiant int\u00e9gral - cheveux - OENOBIOL\",\"isPartOf\":{\"@id\":\"https:\/\/oenobiol.com\/fr_fr\/#website\"},\"primaryImageOfPage\":{\"@id\":\"https:\/\/oenobiol.com\/fr_fr\/produits\/hair-expert-fortifiant-integral\/#primaryimage\"},\"image\":{\"@id\":\"https:\/\/oenobiol.com\/fr_fr\/produits\/hair-expert-fortifiant-integral\/#primaryimage\"},\"thumbnailUrl\":\"https:\/\/oenobiol.com\/app\/uploads\/2024\/04\/Design-sans-titre-1-1.png\",\"datePublished\":\"2024-04-04T12:48:08+00:00\",\"dateModified\":\"2026-03-04T09:00:35+00:00\",\"description\":\"Cheveux ternes, fatigu\u00e9s, ongles fragiles ? D\u00e9couvrez le compl\u00e9ment alimentaire HAIR EXPERT Fortifiant int\u00e9gral pour activer la beaut\u00e9 de vos cheveux.\",\"breadcrumb\":{\"@id\":\"https:\/\/oenobiol.com\/fr_fr\/produits\/hair-expert-fortifiant-integral\/#breadcrumb\"},\"inLanguage\":\"fr-FR-\",\"potentialAction\":[{\"@type\":\"ReadAction\",\"target\":[\"https:\/\/oenobiol.com\/fr_fr\/produits\/hair-expert-fortifiant-integral\/\"]}]},{\"@type\":\"ImageObject\",\"inLanguage\":\"fr-FR-\",\"@id\":\"https:\/\/oenobiol.com\/fr_fr\/produits\/hair-expert-fortifiant-integral\/#primaryimage\",\"url\":\"https:\/\/oenobiol.com\/app\/uploads\/2024\/04\/Design-sans-titre-1-1.png\",\"contentUrl\":\"https:\/\/oenobiol.com\/app\/uploads\/2024\/04\/Design-sans-titre-1-1.png\",\"width\":350,\"height\":350,\"caption\":\"Visuel packshot pot ouvert - Hair Expert Fortifiant int\u00e9gral Oenobiol\"},{\"@type\":\"BreadcrumbList\",\"@id\":\"https:\/\/oenobiol.com\/fr_fr\/produits\/hair-expert-fortifiant-integral\/#breadcrumb\",\"itemListElement\":[{\"@type\":\"ListItem\",\"position\":1,\"name\":\"Accueil\",\"item\":\"https:\/\/oenobiol.com\/fr_fr\/\"},{\"@type\":\"ListItem\",\"position\":2,\"name\":\"Cheveux\",\"item\":\"https:\/\/oenobiol.com\/fr_fr\/gammes\/hair-expert-complement-alimentaire-cheveux-oenobiol\/\"},{\"@type\":\"ListItem\",\"position\":3,\"name\":\"Hair Expert Fortifiant int\u00e9gral\"}]},{\"@type\":\"WebSite\",\"@id\":\"https:\/\/oenobiol.com\/fr_fr\/#website\",\"url\":\"https:\/\/oenobiol.com\/fr_fr\/\",\"name\":\"Oenobiol\",\"description\":\"\",\"publisher\":{\"@id\":\"https:\/\/oenobiol.com\/fr_fr\/#organization\"},\"potentialAction\":[{\"@type\":\"SearchAction\",\"target\":{\"@type\":\"EntryPoint\",\"urlTemplate\":\"https:\/\/oenobiol.com\/fr_fr\/?s={search_term_string}\"},\"query-input\":{\"@type\":\"PropertyValueSpecification\",\"valueRequired\":true,\"valueName\":\"search_term_string\"}}],\"inLanguage\":\"fr-FR-\"},{\"@type\":\"Organization\",\"@id\":\"https:\/\/oenobiol.com\/fr_fr\/#organization\",\"name\":\"Oenobiol\",\"url\":\"https:\/\/oenobiol.com\/fr_fr\/\",\"logo\":{\"@type\":\"ImageObject\",\"inLanguage\":\"fr-FR-\",\"@id\":\"https:\/\/oenobiol.com\/fr_fr\/#\/schema\/logo\/image\/\",\"url\":\"https:\/\/oenobiol.com\/app\/uploads\/2024\/05\/logo-baseline-2-1.svg\",\"contentUrl\":\"https:\/\/oenobiol.com\/app\/uploads\/2024\/05\/logo-baseline-2-1.svg\",\"width\":131,\"height\":41,\"caption\":\"Oenobiol\"},\"image\":{\"@id\":\"https:\/\/oenobiol.com\/fr_fr\/#\/schema\/logo\/image\/\"}}]}<\/script>\n<!-- \/ Yoast SEO plugin. -->","yoast_head_json":{"title":"HAIR EXPERT fortifiant int\u00e9gral - cheveux - OENOBIOL","description":"Cheveux ternes, fatigu\u00e9s, ongles fragiles ? D\u00e9couvrez le compl\u00e9ment alimentaire HAIR EXPERT Fortifiant int\u00e9gral pour activer la beaut\u00e9 de vos cheveux.","robots":{"index":"index","follow":"follow","max-snippet":"max-snippet:-1","max-image-preview":"max-image-preview:large","max-video-preview":"max-video-preview:-1"},"canonical":"https:\/\/oenobiol.com\/fr_fr\/produits\/hair-expert-fortifiant-integral\/","og_locale":"fr_FR","og_type":"article","og_title":"HAIR EXPERT fortifiant int\u00e9gral - cheveux - OENOBIOL","og_description":"Cheveux ternes, fatigu\u00e9s, ongles fragiles ? D\u00e9couvrez le compl\u00e9ment alimentaire HAIR EXPERT Fortifiant int\u00e9gral pour activer la beaut\u00e9 de vos cheveux.","og_url":"https:\/\/oenobiol.com\/fr_fr\/produits\/hair-expert-fortifiant-integral\/","og_site_name":"Oenobiol","article_modified_time":"2026-03-04T09:00:35+00:00","og_image":[{"width":350,"height":350,"url":"https:\/\/oenobiol.com\/app\/uploads\/2024\/04\/Design-sans-titre-1-1.png","type":"image\/png"}],"twitter_card":"summary_large_image","twitter_misc":{"Est. reading time":"1 minute"},"schema":{"@context":"https:\/\/schema.org","@graph":[{"@type":"WebPage","@id":"https:\/\/oenobiol.com\/fr_fr\/produits\/hair-expert-fortifiant-integral\/","url":"https:\/\/oenobiol.com\/fr_fr\/produits\/hair-expert-fortifiant-integral\/","name":"HAIR EXPERT fortifiant int\u00e9gral - cheveux - OENOBIOL","isPartOf":{"@id":"https:\/\/oenobiol.com\/fr_fr\/#website"},"primaryImageOfPage":{"@id":"https:\/\/oenobiol.com\/fr_fr\/produits\/hair-expert-fortifiant-integral\/#primaryimage"},"image":{"@id":"https:\/\/oenobiol.com\/fr_fr\/produits\/hair-expert-fortifiant-integral\/#primaryimage"},"thumbnailUrl":"https:\/\/oenobiol.com\/app\/uploads\/2024\/04\/Design-sans-titre-1-1.png","datePublished":"2024-04-04T12:48:08+00:00","dateModified":"2026-03-04T09:00:35+00:00","description":"Cheveux ternes, fatigu\u00e9s, ongles fragiles ? D\u00e9couvrez le compl\u00e9ment alimentaire HAIR EXPERT Fortifiant int\u00e9gral pour activer la beaut\u00e9 de vos cheveux.","breadcrumb":{"@id":"https:\/\/oenobiol.com\/fr_fr\/produits\/hair-expert-fortifiant-integral\/#breadcrumb"},"inLanguage":"fr-FR-","potentialAction":[{"@type":"ReadAction","target":["https:\/\/oenobiol.com\/fr_fr\/produits\/hair-expert-fortifiant-integral\/"]}]},{"@type":"ImageObject","inLanguage":"fr-FR-","@id":"https:\/\/oenobiol.com\/fr_fr\/produits\/hair-expert-fortifiant-integral\/#primaryimage","url":"https:\/\/oenobiol.com\/app\/uploads\/2024\/04\/Design-sans-titre-1-1.png","contentUrl":"https:\/\/oenobiol.com\/app\/uploads\/2024\/04\/Design-sans-titre-1-1.png","width":350,"height":350,"caption":"Visuel packshot pot ouvert - Hair Expert Fortifiant int\u00e9gral Oenobiol"},{"@type":"BreadcrumbList","@id":"https:\/\/oenobiol.com\/fr_fr\/produits\/hair-expert-fortifiant-integral\/#breadcrumb","itemListElement":[{"@type":"ListItem","position":1,"name":"Accueil","item":"https:\/\/oenobiol.com\/fr_fr\/"},{"@type":"ListItem","position":2,"name":"Cheveux","item":"https:\/\/oenobiol.com\/fr_fr\/gammes\/hair-expert-complement-alimentaire-cheveux-oenobiol\/"},{"@type":"ListItem","position":3,"name":"Hair Expert Fortifiant int\u00e9gral"}]},{"@type":"WebSite","@id":"https:\/\/oenobiol.com\/fr_fr\/#website","url":"https:\/\/oenobiol.com\/fr_fr\/","name":"Oenobiol","description":"","publisher":{"@id":"https:\/\/oenobiol.com\/fr_fr\/#organization"},"potentialAction":[{"@type":"SearchAction","target":{"@type":"EntryPoint","urlTemplate":"https:\/\/oenobiol.com\/fr_fr\/?s={search_term_string}"},"query-input":{"@type":"PropertyValueSpecification","valueRequired":true,"valueName":"search_term_string"}}],"inLanguage":"fr-FR-"},{"@type":"Organization","@id":"https:\/\/oenobiol.com\/fr_fr\/#organization","name":"Oenobiol","url":"https:\/\/oenobiol.com\/fr_fr\/","logo":{"@type":"ImageObject","inLanguage":"fr-FR-","@id":"https:\/\/oenobiol.com\/fr_fr\/#\/schema\/logo\/image\/","url":"https:\/\/oenobiol.com\/app\/uploads\/2024\/05\/logo-baseline-2-1.svg","contentUrl":"https:\/\/oenobiol.com\/app\/uploads\/2024\/05\/logo-baseline-2-1.svg","width":131,"height":41,"caption":"Oenobiol"},"image":{"@id":"https:\/\/oenobiol.com\/fr_fr\/#\/schema\/logo\/image\/"}}]}},"_links":{"self":[{"href":"https:\/\/oenobiol.com\/fr_fr\/wp-json\/wp\/v2\/product\/12735","targetHints":{"allow":["GET"]}}],"collection":[{"href":"https:\/\/oenobiol.com\/fr_fr\/wp-json\/wp\/v2\/product"}],"about":[{"href":"https:\/\/oenobiol.com\/fr_fr\/wp-json\/wp\/v2\/types\/product"}],"wp:featuredmedia":[{"embeddable":true,"href":"https:\/\/oenobiol.com\/fr_fr\/wp-json\/wp\/v2\/media\/29516"}],"wp:attachment":[{"href":"https:\/\/oenobiol.com\/fr_fr\/wp-json\/wp\/v2\/media?parent=12735"}],"curies":[{"name":"wp","href":"https:\/\/api.w.org\/{rel}","templated":true}]}}