{"id":12737,"date":"2024-04-04T12:17:41","date_gmt":"2024-04-04T10:17:41","guid":{"rendered":"https:\/\/oenobiol.com\/produits\/perfect-bronze-autobronzant\/"},"modified":"2026-03-11T15:22:24","modified_gmt":"2026-03-11T14:22:24","slug":"perfect-bronze-autobronzant","status":"publish","type":"product","link":"https:\/\/oenobiol.com\/fr_fr\/produits\/perfect-bronze-autobronzant\/","title":{"rendered":"Perfect Bronze autobronzant"},"content":{"rendered":"<p>Une peau et un teint dor\u00e9s toute l\u2019ann\u00e9e, telle est la promesse de PERFECT BRONZE Autobronzant gr\u00e2ce \u00e0 sa formule exclusive OENOBIOL \u00e0 l\u2019efficacit\u00e9 prouv\u00e9e d\u00e8s le 1er mois\u00b9.<\/p>\n","protected":false},"excerpt":{"rendered":"<p>Avoir une peau et un teint dor\u00e9s toute l\u2019ann\u00e9e sans soleil<\/p>\n","protected":false},"featured_media":29371,"template":"","meta":{"_acf_changed":false,"inline_featured_image":false},"class_list":["post-12737","product","type-product","status-publish","has-post-thumbnail","hentry","product_category-autobronzants","product_tag-elu-produit-de-lannee-fr_fr-2","product_tag-victoire-de-la-beaute-fr_fr"],"acf":[],"yoast_head":"<!-- This site is optimized with the Yoast SEO plugin v27.0 - https:\/\/yoast.com\/product\/yoast-seo-wordpress\/ -->\n<title>PERFECT BRONZE Autobronzant N\u00b01 - peau normale - OENOBIOL<\/title>\n<meta name=\"description\" content=\"Fini le teint p\u00e2le avec le compl\u00e9ment autobronzant N\u00b01 pour les peaux normales \u00e0 base de pigments naturels pour avoir la peau dor\u00e9e toute l&#039;ann\u00e9e !\" \/>\n<meta name=\"robots\" content=\"index, follow, max-snippet:-1, max-image-preview:large, max-video-preview:-1\" \/>\n<link rel=\"canonical\" href=\"https:\/\/oenobiol.com\/fr_fr\/produits\/perfect-bronze-autobronzant\/\" \/>\n<meta property=\"og:locale\" content=\"fr_FR\" \/>\n<meta property=\"og:type\" content=\"article\" \/>\n<meta property=\"og:title\" content=\"PERFECT BRONZE Autobronzant N\u00b01 - peau normale - OENOBIOL\" \/>\n<meta property=\"og:description\" content=\"Fini le teint p\u00e2le avec le compl\u00e9ment autobronzant N\u00b01 pour les peaux normales \u00e0 base de pigments naturels pour avoir la peau dor\u00e9e toute l&#039;ann\u00e9e !\" \/>\n<meta property=\"og:url\" content=\"https:\/\/oenobiol.com\/fr_fr\/produits\/perfect-bronze-autobronzant\/\" \/>\n<meta property=\"og:site_name\" content=\"Oenobiol\" \/>\n<meta property=\"article:modified_time\" content=\"2026-03-11T14:22:24+00:00\" \/>\n<meta property=\"og:image\" content=\"https:\/\/oenobiol.com\/app\/uploads\/2024\/04\/Design-sans-titre-45.png\" \/>\n\t<meta property=\"og:image:width\" content=\"350\" \/>\n\t<meta property=\"og:image:height\" content=\"350\" \/>\n\t<meta property=\"og:image:type\" content=\"image\/png\" \/>\n<meta name=\"twitter:card\" content=\"summary_large_image\" \/>\n<meta name=\"twitter:label1\" content=\"Est. reading time\" \/>\n\t<meta name=\"twitter:data1\" content=\"1 minute\" \/>\n<script type=\"application\/ld+json\" class=\"yoast-schema-graph\">{\"@context\":\"https:\/\/schema.org\",\"@graph\":[{\"@type\":\"WebPage\",\"@id\":\"https:\/\/oenobiol.com\/fr_fr\/produits\/perfect-bronze-autobronzant\/\",\"url\":\"https:\/\/oenobiol.com\/fr_fr\/produits\/perfect-bronze-autobronzant\/\",\"name\":\"PERFECT BRONZE Autobronzant N\u00b01 - peau normale - OENOBIOL\",\"isPartOf\":{\"@id\":\"https:\/\/oenobiol.com\/fr_fr\/#website\"},\"primaryImageOfPage\":{\"@id\":\"https:\/\/oenobiol.com\/fr_fr\/produits\/perfect-bronze-autobronzant\/#primaryimage\"},\"image\":{\"@id\":\"https:\/\/oenobiol.com\/fr_fr\/produits\/perfect-bronze-autobronzant\/#primaryimage\"},\"thumbnailUrl\":\"https:\/\/oenobiol.com\/app\/uploads\/2024\/04\/Design-sans-titre-45.png\",\"datePublished\":\"2024-04-04T10:17:41+00:00\",\"dateModified\":\"2026-03-11T14:22:24+00:00\",\"description\":\"Fini le teint p\u00e2le avec le compl\u00e9ment autobronzant N\u00b01 pour les peaux normales \u00e0 base de pigments naturels pour avoir la peau dor\u00e9e toute l'ann\u00e9e !\",\"breadcrumb\":{\"@id\":\"https:\/\/oenobiol.com\/fr_fr\/produits\/perfect-bronze-autobronzant\/#breadcrumb\"},\"inLanguage\":\"fr-FR-\",\"potentialAction\":[{\"@type\":\"ReadAction\",\"target\":[\"https:\/\/oenobiol.com\/fr_fr\/produits\/perfect-bronze-autobronzant\/\"]}]},{\"@type\":\"ImageObject\",\"inLanguage\":\"fr-FR-\",\"@id\":\"https:\/\/oenobiol.com\/fr_fr\/produits\/perfect-bronze-autobronzant\/#primaryimage\",\"url\":\"https:\/\/oenobiol.com\/app\/uploads\/2024\/04\/Design-sans-titre-45.png\",\"contentUrl\":\"https:\/\/oenobiol.com\/app\/uploads\/2024\/04\/Design-sans-titre-45.png\",\"width\":350,\"height\":350,\"caption\":\"Visuel packshot - Pot ouvert - Perfect Bronze autobronzant Oenobiol\"},{\"@type\":\"BreadcrumbList\",\"@id\":\"https:\/\/oenobiol.com\/fr_fr\/produits\/perfect-bronze-autobronzant\/#breadcrumb\",\"itemListElement\":[{\"@type\":\"ListItem\",\"position\":1,\"name\":\"Accueil\",\"item\":\"https:\/\/oenobiol.com\/fr_fr\/\"},{\"@type\":\"ListItem\",\"position\":2,\"name\":\"Autobronzants\",\"item\":\"https:\/\/oenobiol.com\/fr_fr\/gammes\/autobronzants\/\"},{\"@type\":\"ListItem\",\"position\":3,\"name\":\"Perfect Bronze autobronzant\"}]},{\"@type\":\"WebSite\",\"@id\":\"https:\/\/oenobiol.com\/fr_fr\/#website\",\"url\":\"https:\/\/oenobiol.com\/fr_fr\/\",\"name\":\"Oenobiol\",\"description\":\"\",\"publisher\":{\"@id\":\"https:\/\/oenobiol.com\/fr_fr\/#organization\"},\"potentialAction\":[{\"@type\":\"SearchAction\",\"target\":{\"@type\":\"EntryPoint\",\"urlTemplate\":\"https:\/\/oenobiol.com\/fr_fr\/?s={search_term_string}\"},\"query-input\":{\"@type\":\"PropertyValueSpecification\",\"valueRequired\":true,\"valueName\":\"search_term_string\"}}],\"inLanguage\":\"fr-FR-\"},{\"@type\":\"Organization\",\"@id\":\"https:\/\/oenobiol.com\/fr_fr\/#organization\",\"name\":\"Oenobiol\",\"url\":\"https:\/\/oenobiol.com\/fr_fr\/\",\"logo\":{\"@type\":\"ImageObject\",\"inLanguage\":\"fr-FR-\",\"@id\":\"https:\/\/oenobiol.com\/fr_fr\/#\/schema\/logo\/image\/\",\"url\":\"https:\/\/oenobiol.com\/app\/uploads\/2024\/05\/logo-baseline-2-1.svg\",\"contentUrl\":\"https:\/\/oenobiol.com\/app\/uploads\/2024\/05\/logo-baseline-2-1.svg\",\"width\":131,\"height\":41,\"caption\":\"Oenobiol\"},\"image\":{\"@id\":\"https:\/\/oenobiol.com\/fr_fr\/#\/schema\/logo\/image\/\"}}]}<\/script>\n<!-- \/ Yoast SEO plugin. -->","yoast_head_json":{"title":"PERFECT BRONZE Autobronzant N\u00b01 - peau normale - OENOBIOL","description":"Fini le teint p\u00e2le avec le compl\u00e9ment autobronzant N\u00b01 pour les peaux normales \u00e0 base de pigments naturels pour avoir la peau dor\u00e9e toute l'ann\u00e9e !","robots":{"index":"index","follow":"follow","max-snippet":"max-snippet:-1","max-image-preview":"max-image-preview:large","max-video-preview":"max-video-preview:-1"},"canonical":"https:\/\/oenobiol.com\/fr_fr\/produits\/perfect-bronze-autobronzant\/","og_locale":"fr_FR","og_type":"article","og_title":"PERFECT BRONZE Autobronzant N\u00b01 - peau normale - OENOBIOL","og_description":"Fini le teint p\u00e2le avec le compl\u00e9ment autobronzant N\u00b01 pour les peaux normales \u00e0 base de pigments naturels pour avoir la peau dor\u00e9e toute l'ann\u00e9e !","og_url":"https:\/\/oenobiol.com\/fr_fr\/produits\/perfect-bronze-autobronzant\/","og_site_name":"Oenobiol","article_modified_time":"2026-03-11T14:22:24+00:00","og_image":[{"width":350,"height":350,"url":"https:\/\/oenobiol.com\/app\/uploads\/2024\/04\/Design-sans-titre-45.png","type":"image\/png"}],"twitter_card":"summary_large_image","twitter_misc":{"Est. reading time":"1 minute"},"schema":{"@context":"https:\/\/schema.org","@graph":[{"@type":"WebPage","@id":"https:\/\/oenobiol.com\/fr_fr\/produits\/perfect-bronze-autobronzant\/","url":"https:\/\/oenobiol.com\/fr_fr\/produits\/perfect-bronze-autobronzant\/","name":"PERFECT BRONZE Autobronzant N\u00b01 - peau normale - OENOBIOL","isPartOf":{"@id":"https:\/\/oenobiol.com\/fr_fr\/#website"},"primaryImageOfPage":{"@id":"https:\/\/oenobiol.com\/fr_fr\/produits\/perfect-bronze-autobronzant\/#primaryimage"},"image":{"@id":"https:\/\/oenobiol.com\/fr_fr\/produits\/perfect-bronze-autobronzant\/#primaryimage"},"thumbnailUrl":"https:\/\/oenobiol.com\/app\/uploads\/2024\/04\/Design-sans-titre-45.png","datePublished":"2024-04-04T10:17:41+00:00","dateModified":"2026-03-11T14:22:24+00:00","description":"Fini le teint p\u00e2le avec le compl\u00e9ment autobronzant N\u00b01 pour les peaux normales \u00e0 base de pigments naturels pour avoir la peau dor\u00e9e toute l'ann\u00e9e !","breadcrumb":{"@id":"https:\/\/oenobiol.com\/fr_fr\/produits\/perfect-bronze-autobronzant\/#breadcrumb"},"inLanguage":"fr-FR-","potentialAction":[{"@type":"ReadAction","target":["https:\/\/oenobiol.com\/fr_fr\/produits\/perfect-bronze-autobronzant\/"]}]},{"@type":"ImageObject","inLanguage":"fr-FR-","@id":"https:\/\/oenobiol.com\/fr_fr\/produits\/perfect-bronze-autobronzant\/#primaryimage","url":"https:\/\/oenobiol.com\/app\/uploads\/2024\/04\/Design-sans-titre-45.png","contentUrl":"https:\/\/oenobiol.com\/app\/uploads\/2024\/04\/Design-sans-titre-45.png","width":350,"height":350,"caption":"Visuel packshot - Pot ouvert - Perfect Bronze autobronzant Oenobiol"},{"@type":"BreadcrumbList","@id":"https:\/\/oenobiol.com\/fr_fr\/produits\/perfect-bronze-autobronzant\/#breadcrumb","itemListElement":[{"@type":"ListItem","position":1,"name":"Accueil","item":"https:\/\/oenobiol.com\/fr_fr\/"},{"@type":"ListItem","position":2,"name":"Autobronzants","item":"https:\/\/oenobiol.com\/fr_fr\/gammes\/autobronzants\/"},{"@type":"ListItem","position":3,"name":"Perfect Bronze autobronzant"}]},{"@type":"WebSite","@id":"https:\/\/oenobiol.com\/fr_fr\/#website","url":"https:\/\/oenobiol.com\/fr_fr\/","name":"Oenobiol","description":"","publisher":{"@id":"https:\/\/oenobiol.com\/fr_fr\/#organization"},"potentialAction":[{"@type":"SearchAction","target":{"@type":"EntryPoint","urlTemplate":"https:\/\/oenobiol.com\/fr_fr\/?s={search_term_string}"},"query-input":{"@type":"PropertyValueSpecification","valueRequired":true,"valueName":"search_term_string"}}],"inLanguage":"fr-FR-"},{"@type":"Organization","@id":"https:\/\/oenobiol.com\/fr_fr\/#organization","name":"Oenobiol","url":"https:\/\/oenobiol.com\/fr_fr\/","logo":{"@type":"ImageObject","inLanguage":"fr-FR-","@id":"https:\/\/oenobiol.com\/fr_fr\/#\/schema\/logo\/image\/","url":"https:\/\/oenobiol.com\/app\/uploads\/2024\/05\/logo-baseline-2-1.svg","contentUrl":"https:\/\/oenobiol.com\/app\/uploads\/2024\/05\/logo-baseline-2-1.svg","width":131,"height":41,"caption":"Oenobiol"},"image":{"@id":"https:\/\/oenobiol.com\/fr_fr\/#\/schema\/logo\/image\/"}}]}},"_links":{"self":[{"href":"https:\/\/oenobiol.com\/fr_fr\/wp-json\/wp\/v2\/product\/12737","targetHints":{"allow":["GET"]}}],"collection":[{"href":"https:\/\/oenobiol.com\/fr_fr\/wp-json\/wp\/v2\/product"}],"about":[{"href":"https:\/\/oenobiol.com\/fr_fr\/wp-json\/wp\/v2\/types\/product"}],"wp:featuredmedia":[{"embeddable":true,"href":"https:\/\/oenobiol.com\/fr_fr\/wp-json\/wp\/v2\/media\/29371"}],"wp:attachment":[{"href":"https:\/\/oenobiol.com\/fr_fr\/wp-json\/wp\/v2\/media?parent=12737"}],"curies":[{"name":"wp","href":"https:\/\/api.w.org\/{rel}","templated":true}]}}