{"id":12739,"date":"2024-04-04T11:24:23","date_gmt":"2024-04-04T09:24:23","guid":{"rendered":"https:\/\/oenobiol.com\/produits\/sun-expert-preparateur-solaire-anti-age\/"},"modified":"2026-03-30T15:30:12","modified_gmt":"2026-03-30T13:30:12","slug":"sun-expert-preparateur-solaire-anti-age","status":"publish","type":"product","link":"https:\/\/oenobiol.com\/fr_fr\/produits\/sun-expert-preparateur-solaire-anti-age\/","title":{"rendered":"Sun expert pr\u00e9parateur solaire anti-\u00e2ge"},"content":{"rendered":"<p>SUN EXPERT Pr\u00e9parateur Solaire Anti-\u00e2ge offre <strong>une triple promesse avant l&#8217;arriv\u00e9e de l&#8217;\u00e9t\u00e9<\/strong> : pr\u00e9parer la peau avant l\u2019exposition solaire gr\u00e2ce \u00e0 une protection cellulaire antioxydante renforc\u00e9e\u00b3, un h\u00e2le \u00e9clatant, tout en redonnant fermet\u00e9 et souplesse\u00b2, dont l\u2019efficacit\u00e9 a \u00e9t\u00e9 prouv\u00e9e d\u00e8s 28 jours\u00b2.<\/p>\n<p>Suppl\u00e9ment\u00e9e en antioxydants bienfaiteurs, <strong>la peau est id\u00e9alement pr\u00e9par\u00e9e au soleil pour r\u00e9v\u00e9ler un bronzage sublime et \u00e9clatant, tout en \u00e9tant pr\u00e9serv\u00e9e des signes visibles du vieillissement<\/strong>.<\/p>\n","protected":false},"excerpt":{"rendered":"<p>Pr\u00e9parer la peau sensible avant l&#8217;exposition au soleil avec une efficacit\u00e9 anti-\u00e2ge prouv\u00e9e\u00b2<\/p>\n","protected":false},"featured_media":30221,"template":"","meta":{"_acf_changed":false,"inline_featured_image":false},"class_list":["post-12739","product","type-product","status-publish","has-post-thumbnail","hentry","product_category-preparateurs-solaires","product_tag-victoire-de-la-beaute-fr_fr"],"acf":[],"yoast_head":"<!-- This site is optimized with the Yoast SEO plugin v27.0 - https:\/\/yoast.com\/product\/yoast-seo-wordpress\/ -->\n<title>SUN EXPERT Pr\u00e9paration solaire anti-\u00e2ge - compl\u00e9ments - OENOBIOL<\/title>\n<meta name=\"description\" content=\"D\u00e8s 35 ans, pr\u00e9parez votre peau au soleil et sublimez un bronzage durable avec un pr\u00e9parateur solaire formul\u00e9 anti-\u00e2ge pour activer votre beaut\u00e9 !\" \/>\n<meta name=\"robots\" content=\"index, follow, max-snippet:-1, max-image-preview:large, max-video-preview:-1\" \/>\n<link rel=\"canonical\" href=\"https:\/\/oenobiol.com\/fr_fr\/produits\/sun-expert-preparateur-solaire-anti-age\/\" \/>\n<meta property=\"og:locale\" content=\"fr_FR\" \/>\n<meta property=\"og:type\" content=\"article\" \/>\n<meta property=\"og:title\" content=\"SUN EXPERT Pr\u00e9paration solaire anti-\u00e2ge - compl\u00e9ments - OENOBIOL\" \/>\n<meta property=\"og:description\" content=\"D\u00e8s 35 ans, pr\u00e9parez votre peau au soleil et sublimez un bronzage durable avec un pr\u00e9parateur solaire formul\u00e9 anti-\u00e2ge pour activer votre beaut\u00e9 !\" \/>\n<meta property=\"og:url\" content=\"https:\/\/oenobiol.com\/fr_fr\/produits\/sun-expert-preparateur-solaire-anti-age\/\" \/>\n<meta property=\"og:site_name\" content=\"Oenobiol\" \/>\n<meta property=\"article:modified_time\" content=\"2026-03-30T13:30:12+00:00\" \/>\n<meta property=\"og:image\" content=\"https:\/\/oenobiol.com\/app\/uploads\/2024\/04\/Sun-expert-preparateur-solaire-anti-age-350.jpg\" \/>\n\t<meta property=\"og:image:width\" content=\"350\" \/>\n\t<meta property=\"og:image:height\" content=\"350\" \/>\n\t<meta property=\"og:image:type\" content=\"image\/jpeg\" \/>\n<meta name=\"twitter:card\" content=\"summary_large_image\" \/>\n<meta name=\"twitter:label1\" content=\"Est. reading time\" \/>\n\t<meta name=\"twitter:data1\" content=\"1 minute\" \/>\n<script type=\"application\/ld+json\" class=\"yoast-schema-graph\">{\"@context\":\"https:\/\/schema.org\",\"@graph\":[{\"@type\":\"WebPage\",\"@id\":\"https:\/\/oenobiol.com\/fr_fr\/produits\/sun-expert-preparateur-solaire-anti-age\/\",\"url\":\"https:\/\/oenobiol.com\/fr_fr\/produits\/sun-expert-preparateur-solaire-anti-age\/\",\"name\":\"SUN EXPERT Pr\u00e9paration solaire anti-\u00e2ge - compl\u00e9ments - OENOBIOL\",\"isPartOf\":{\"@id\":\"https:\/\/oenobiol.com\/fr_fr\/#website\"},\"primaryImageOfPage\":{\"@id\":\"https:\/\/oenobiol.com\/fr_fr\/produits\/sun-expert-preparateur-solaire-anti-age\/#primaryimage\"},\"image\":{\"@id\":\"https:\/\/oenobiol.com\/fr_fr\/produits\/sun-expert-preparateur-solaire-anti-age\/#primaryimage\"},\"thumbnailUrl\":\"https:\/\/oenobiol.com\/app\/uploads\/2024\/04\/Sun-expert-preparateur-solaire-anti-age-350.jpg\",\"datePublished\":\"2024-04-04T09:24:23+00:00\",\"dateModified\":\"2026-03-30T13:30:12+00:00\",\"description\":\"D\u00e8s 35 ans, pr\u00e9parez votre peau au soleil et sublimez un bronzage durable avec un pr\u00e9parateur solaire formul\u00e9 anti-\u00e2ge pour activer votre beaut\u00e9 !\",\"breadcrumb\":{\"@id\":\"https:\/\/oenobiol.com\/fr_fr\/produits\/sun-expert-preparateur-solaire-anti-age\/#breadcrumb\"},\"inLanguage\":\"fr-FR-\",\"potentialAction\":[{\"@type\":\"ReadAction\",\"target\":[\"https:\/\/oenobiol.com\/fr_fr\/produits\/sun-expert-preparateur-solaire-anti-age\/\"]}]},{\"@type\":\"ImageObject\",\"inLanguage\":\"fr-FR-\",\"@id\":\"https:\/\/oenobiol.com\/fr_fr\/produits\/sun-expert-preparateur-solaire-anti-age\/#primaryimage\",\"url\":\"https:\/\/oenobiol.com\/app\/uploads\/2024\/04\/Sun-expert-preparateur-solaire-anti-age-350.jpg\",\"contentUrl\":\"https:\/\/oenobiol.com\/app\/uploads\/2024\/04\/Sun-expert-preparateur-solaire-anti-age-350.jpg\",\"width\":350,\"height\":350,\"caption\":\"Sun expert pr\u00e9parateur solaire anti-\u00e2ge\"},{\"@type\":\"BreadcrumbList\",\"@id\":\"https:\/\/oenobiol.com\/fr_fr\/produits\/sun-expert-preparateur-solaire-anti-age\/#breadcrumb\",\"itemListElement\":[{\"@type\":\"ListItem\",\"position\":1,\"name\":\"Accueil\",\"item\":\"https:\/\/oenobiol.com\/fr_fr\/\"},{\"@type\":\"ListItem\",\"position\":2,\"name\":\"Pr\u00e9parateurs Solaires\",\"item\":\"https:\/\/oenobiol.com\/fr_fr\/gammes\/preparateurs-solaires\/\"},{\"@type\":\"ListItem\",\"position\":3,\"name\":\"Sun expert pr\u00e9parateur solaire anti-\u00e2ge\"}]},{\"@type\":\"WebSite\",\"@id\":\"https:\/\/oenobiol.com\/fr_fr\/#website\",\"url\":\"https:\/\/oenobiol.com\/fr_fr\/\",\"name\":\"Oenobiol\",\"description\":\"\",\"publisher\":{\"@id\":\"https:\/\/oenobiol.com\/fr_fr\/#organization\"},\"potentialAction\":[{\"@type\":\"SearchAction\",\"target\":{\"@type\":\"EntryPoint\",\"urlTemplate\":\"https:\/\/oenobiol.com\/fr_fr\/?s={search_term_string}\"},\"query-input\":{\"@type\":\"PropertyValueSpecification\",\"valueRequired\":true,\"valueName\":\"search_term_string\"}}],\"inLanguage\":\"fr-FR-\"},{\"@type\":\"Organization\",\"@id\":\"https:\/\/oenobiol.com\/fr_fr\/#organization\",\"name\":\"Oenobiol\",\"url\":\"https:\/\/oenobiol.com\/fr_fr\/\",\"logo\":{\"@type\":\"ImageObject\",\"inLanguage\":\"fr-FR-\",\"@id\":\"https:\/\/oenobiol.com\/fr_fr\/#\/schema\/logo\/image\/\",\"url\":\"https:\/\/oenobiol.com\/app\/uploads\/2024\/05\/logo-baseline-2-1.svg\",\"contentUrl\":\"https:\/\/oenobiol.com\/app\/uploads\/2024\/05\/logo-baseline-2-1.svg\",\"width\":131,\"height\":41,\"caption\":\"Oenobiol\"},\"image\":{\"@id\":\"https:\/\/oenobiol.com\/fr_fr\/#\/schema\/logo\/image\/\"}}]}<\/script>\n<!-- \/ Yoast SEO plugin. -->","yoast_head_json":{"title":"SUN EXPERT Pr\u00e9paration solaire anti-\u00e2ge - compl\u00e9ments - OENOBIOL","description":"D\u00e8s 35 ans, pr\u00e9parez votre peau au soleil et sublimez un bronzage durable avec un pr\u00e9parateur solaire formul\u00e9 anti-\u00e2ge pour activer votre beaut\u00e9 !","robots":{"index":"index","follow":"follow","max-snippet":"max-snippet:-1","max-image-preview":"max-image-preview:large","max-video-preview":"max-video-preview:-1"},"canonical":"https:\/\/oenobiol.com\/fr_fr\/produits\/sun-expert-preparateur-solaire-anti-age\/","og_locale":"fr_FR","og_type":"article","og_title":"SUN EXPERT Pr\u00e9paration solaire anti-\u00e2ge - compl\u00e9ments - OENOBIOL","og_description":"D\u00e8s 35 ans, pr\u00e9parez votre peau au soleil et sublimez un bronzage durable avec un pr\u00e9parateur solaire formul\u00e9 anti-\u00e2ge pour activer votre beaut\u00e9 !","og_url":"https:\/\/oenobiol.com\/fr_fr\/produits\/sun-expert-preparateur-solaire-anti-age\/","og_site_name":"Oenobiol","article_modified_time":"2026-03-30T13:30:12+00:00","og_image":[{"width":350,"height":350,"url":"https:\/\/oenobiol.com\/app\/uploads\/2024\/04\/Sun-expert-preparateur-solaire-anti-age-350.jpg","type":"image\/jpeg"}],"twitter_card":"summary_large_image","twitter_misc":{"Est. reading time":"1 minute"},"schema":{"@context":"https:\/\/schema.org","@graph":[{"@type":"WebPage","@id":"https:\/\/oenobiol.com\/fr_fr\/produits\/sun-expert-preparateur-solaire-anti-age\/","url":"https:\/\/oenobiol.com\/fr_fr\/produits\/sun-expert-preparateur-solaire-anti-age\/","name":"SUN EXPERT Pr\u00e9paration solaire anti-\u00e2ge - compl\u00e9ments - OENOBIOL","isPartOf":{"@id":"https:\/\/oenobiol.com\/fr_fr\/#website"},"primaryImageOfPage":{"@id":"https:\/\/oenobiol.com\/fr_fr\/produits\/sun-expert-preparateur-solaire-anti-age\/#primaryimage"},"image":{"@id":"https:\/\/oenobiol.com\/fr_fr\/produits\/sun-expert-preparateur-solaire-anti-age\/#primaryimage"},"thumbnailUrl":"https:\/\/oenobiol.com\/app\/uploads\/2024\/04\/Sun-expert-preparateur-solaire-anti-age-350.jpg","datePublished":"2024-04-04T09:24:23+00:00","dateModified":"2026-03-30T13:30:12+00:00","description":"D\u00e8s 35 ans, pr\u00e9parez votre peau au soleil et sublimez un bronzage durable avec un pr\u00e9parateur solaire formul\u00e9 anti-\u00e2ge pour activer votre beaut\u00e9 !","breadcrumb":{"@id":"https:\/\/oenobiol.com\/fr_fr\/produits\/sun-expert-preparateur-solaire-anti-age\/#breadcrumb"},"inLanguage":"fr-FR-","potentialAction":[{"@type":"ReadAction","target":["https:\/\/oenobiol.com\/fr_fr\/produits\/sun-expert-preparateur-solaire-anti-age\/"]}]},{"@type":"ImageObject","inLanguage":"fr-FR-","@id":"https:\/\/oenobiol.com\/fr_fr\/produits\/sun-expert-preparateur-solaire-anti-age\/#primaryimage","url":"https:\/\/oenobiol.com\/app\/uploads\/2024\/04\/Sun-expert-preparateur-solaire-anti-age-350.jpg","contentUrl":"https:\/\/oenobiol.com\/app\/uploads\/2024\/04\/Sun-expert-preparateur-solaire-anti-age-350.jpg","width":350,"height":350,"caption":"Sun expert pr\u00e9parateur solaire anti-\u00e2ge"},{"@type":"BreadcrumbList","@id":"https:\/\/oenobiol.com\/fr_fr\/produits\/sun-expert-preparateur-solaire-anti-age\/#breadcrumb","itemListElement":[{"@type":"ListItem","position":1,"name":"Accueil","item":"https:\/\/oenobiol.com\/fr_fr\/"},{"@type":"ListItem","position":2,"name":"Pr\u00e9parateurs Solaires","item":"https:\/\/oenobiol.com\/fr_fr\/gammes\/preparateurs-solaires\/"},{"@type":"ListItem","position":3,"name":"Sun expert pr\u00e9parateur solaire anti-\u00e2ge"}]},{"@type":"WebSite","@id":"https:\/\/oenobiol.com\/fr_fr\/#website","url":"https:\/\/oenobiol.com\/fr_fr\/","name":"Oenobiol","description":"","publisher":{"@id":"https:\/\/oenobiol.com\/fr_fr\/#organization"},"potentialAction":[{"@type":"SearchAction","target":{"@type":"EntryPoint","urlTemplate":"https:\/\/oenobiol.com\/fr_fr\/?s={search_term_string}"},"query-input":{"@type":"PropertyValueSpecification","valueRequired":true,"valueName":"search_term_string"}}],"inLanguage":"fr-FR-"},{"@type":"Organization","@id":"https:\/\/oenobiol.com\/fr_fr\/#organization","name":"Oenobiol","url":"https:\/\/oenobiol.com\/fr_fr\/","logo":{"@type":"ImageObject","inLanguage":"fr-FR-","@id":"https:\/\/oenobiol.com\/fr_fr\/#\/schema\/logo\/image\/","url":"https:\/\/oenobiol.com\/app\/uploads\/2024\/05\/logo-baseline-2-1.svg","contentUrl":"https:\/\/oenobiol.com\/app\/uploads\/2024\/05\/logo-baseline-2-1.svg","width":131,"height":41,"caption":"Oenobiol"},"image":{"@id":"https:\/\/oenobiol.com\/fr_fr\/#\/schema\/logo\/image\/"}}]}},"_links":{"self":[{"href":"https:\/\/oenobiol.com\/fr_fr\/wp-json\/wp\/v2\/product\/12739","targetHints":{"allow":["GET"]}}],"collection":[{"href":"https:\/\/oenobiol.com\/fr_fr\/wp-json\/wp\/v2\/product"}],"about":[{"href":"https:\/\/oenobiol.com\/fr_fr\/wp-json\/wp\/v2\/types\/product"}],"wp:featuredmedia":[{"embeddable":true,"href":"https:\/\/oenobiol.com\/fr_fr\/wp-json\/wp\/v2\/media\/30221"}],"wp:attachment":[{"href":"https:\/\/oenobiol.com\/fr_fr\/wp-json\/wp\/v2\/media?parent=12739"}],"curies":[{"name":"wp","href":"https:\/\/api.w.org\/{rel}","templated":true}]}}