{"id":12740,"date":"2024-04-04T11:08:50","date_gmt":"2024-04-04T09:08:50","guid":{"rendered":"https:\/\/oenobiol.com\/produits\/sun-expert-preparateur-solaire-peau-sensible\/"},"modified":"2026-03-30T15:55:04","modified_gmt":"2026-03-30T13:55:04","slug":"sun-expert-preparateur-solaire-peau-sensible","status":"publish","type":"product","link":"https:\/\/oenobiol.com\/fr_fr\/produits\/sun-expert-preparateur-solaire-peau-sensible\/","title":{"rendered":"Sun expert pr\u00e9parateur solaire peau sensible"},"content":{"rendered":"<p>SUN EXPERT Pr\u00e9parateur Solaire d\u00e9cline son offre \u00e0 toutes les peaux sensibles au soleil avec une protection cellulaire antioxydante\u00b2 adapt\u00e9e pour une pr\u00e9paration avant l\u2019exposition au soleil optimale. Le programme id\u00e9al pour favoriser un h\u00e2le intense et \u00e9clatant\u00b3.<\/p>\n","protected":false},"excerpt":{"rendered":"<p>Pr\u00e9parer la peau sensible avant l&#8217;exposition au soleil <\/p>\n","protected":false},"featured_media":30349,"template":"","meta":{"_acf_changed":false,"inline_featured_image":false},"class_list":["post-12740","product","type-product","status-publish","has-post-thumbnail","hentry","product_category-preparateurs-solaires","product_tag-victoire-de-la-beaute-fr_fr"],"acf":[],"yoast_head":"<!-- This site is optimized with the Yoast SEO plugin v27.0 - https:\/\/yoast.com\/product\/yoast-seo-wordpress\/ -->\n<title>SUN EXPERT Pr\u00e9paration solaire peau sensible - OENOBIOL<\/title>\n<meta name=\"description\" content=\"Pr\u00e9parez votre peau sensible au soleil pour un bronzage sublim\u00e9 et prolong\u00e9 avec les compl\u00e9ments alimentaires OENOBIOL SUN EXPERT Peau Sensible.\" \/>\n<meta name=\"robots\" content=\"index, follow, max-snippet:-1, max-image-preview:large, max-video-preview:-1\" \/>\n<link rel=\"canonical\" href=\"https:\/\/oenobiol.com\/fr_fr\/produits\/sun-expert-preparateur-solaire-peau-sensible\/\" \/>\n<meta property=\"og:locale\" content=\"fr_FR\" \/>\n<meta property=\"og:type\" content=\"article\" \/>\n<meta property=\"og:title\" content=\"SUN EXPERT Pr\u00e9paration solaire peau sensible - OENOBIOL\" \/>\n<meta property=\"og:description\" content=\"Pr\u00e9parez votre peau sensible au soleil pour un bronzage sublim\u00e9 et prolong\u00e9 avec les compl\u00e9ments alimentaires OENOBIOL SUN EXPERT Peau Sensible.\" \/>\n<meta property=\"og:url\" content=\"https:\/\/oenobiol.com\/fr_fr\/produits\/sun-expert-preparateur-solaire-peau-sensible\/\" \/>\n<meta property=\"og:site_name\" content=\"Oenobiol\" \/>\n<meta property=\"article:modified_time\" content=\"2026-03-30T13:55:04+00:00\" \/>\n<meta property=\"og:image\" content=\"https:\/\/oenobiol.com\/app\/uploads\/2024\/04\/Sun-expert-preparateur-solaire-peau-sensible-Packshot.jpg\" \/>\n\t<meta property=\"og:image:width\" content=\"350\" \/>\n\t<meta property=\"og:image:height\" content=\"350\" \/>\n\t<meta property=\"og:image:type\" content=\"image\/jpeg\" \/>\n<meta name=\"twitter:card\" content=\"summary_large_image\" \/>\n<meta name=\"twitter:label1\" content=\"Est. reading time\" \/>\n\t<meta name=\"twitter:data1\" content=\"1 minute\" \/>\n<script type=\"application\/ld+json\" class=\"yoast-schema-graph\">{\"@context\":\"https:\/\/schema.org\",\"@graph\":[{\"@type\":\"WebPage\",\"@id\":\"https:\/\/oenobiol.com\/fr_fr\/produits\/sun-expert-preparateur-solaire-peau-sensible\/\",\"url\":\"https:\/\/oenobiol.com\/fr_fr\/produits\/sun-expert-preparateur-solaire-peau-sensible\/\",\"name\":\"SUN EXPERT Pr\u00e9paration solaire peau sensible - OENOBIOL\",\"isPartOf\":{\"@id\":\"https:\/\/oenobiol.com\/fr_fr\/#website\"},\"primaryImageOfPage\":{\"@id\":\"https:\/\/oenobiol.com\/fr_fr\/produits\/sun-expert-preparateur-solaire-peau-sensible\/#primaryimage\"},\"image\":{\"@id\":\"https:\/\/oenobiol.com\/fr_fr\/produits\/sun-expert-preparateur-solaire-peau-sensible\/#primaryimage\"},\"thumbnailUrl\":\"https:\/\/oenobiol.com\/app\/uploads\/2024\/04\/Sun-expert-preparateur-solaire-peau-sensible-Packshot.jpg\",\"datePublished\":\"2024-04-04T09:08:50+00:00\",\"dateModified\":\"2026-03-30T13:55:04+00:00\",\"description\":\"Pr\u00e9parez votre peau sensible au soleil pour un bronzage sublim\u00e9 et prolong\u00e9 avec les compl\u00e9ments alimentaires OENOBIOL SUN EXPERT Peau Sensible.\",\"breadcrumb\":{\"@id\":\"https:\/\/oenobiol.com\/fr_fr\/produits\/sun-expert-preparateur-solaire-peau-sensible\/#breadcrumb\"},\"inLanguage\":\"fr-FR-\",\"potentialAction\":[{\"@type\":\"ReadAction\",\"target\":[\"https:\/\/oenobiol.com\/fr_fr\/produits\/sun-expert-preparateur-solaire-peau-sensible\/\"]}]},{\"@type\":\"ImageObject\",\"inLanguage\":\"fr-FR-\",\"@id\":\"https:\/\/oenobiol.com\/fr_fr\/produits\/sun-expert-preparateur-solaire-peau-sensible\/#primaryimage\",\"url\":\"https:\/\/oenobiol.com\/app\/uploads\/2024\/04\/Sun-expert-preparateur-solaire-peau-sensible-Packshot.jpg\",\"contentUrl\":\"https:\/\/oenobiol.com\/app\/uploads\/2024\/04\/Sun-expert-preparateur-solaire-peau-sensible-Packshot.jpg\",\"width\":350,\"height\":350,\"caption\":\"Sun expert pr\u00e9parateur solaire peau sensible\"},{\"@type\":\"BreadcrumbList\",\"@id\":\"https:\/\/oenobiol.com\/fr_fr\/produits\/sun-expert-preparateur-solaire-peau-sensible\/#breadcrumb\",\"itemListElement\":[{\"@type\":\"ListItem\",\"position\":1,\"name\":\"Accueil\",\"item\":\"https:\/\/oenobiol.com\/fr_fr\/\"},{\"@type\":\"ListItem\",\"position\":2,\"name\":\"Pr\u00e9parateurs Solaires\",\"item\":\"https:\/\/oenobiol.com\/fr_fr\/gammes\/preparateurs-solaires\/\"},{\"@type\":\"ListItem\",\"position\":3,\"name\":\"Sun expert pr\u00e9parateur solaire peau sensible\"}]},{\"@type\":\"WebSite\",\"@id\":\"https:\/\/oenobiol.com\/fr_fr\/#website\",\"url\":\"https:\/\/oenobiol.com\/fr_fr\/\",\"name\":\"Oenobiol\",\"description\":\"\",\"publisher\":{\"@id\":\"https:\/\/oenobiol.com\/fr_fr\/#organization\"},\"potentialAction\":[{\"@type\":\"SearchAction\",\"target\":{\"@type\":\"EntryPoint\",\"urlTemplate\":\"https:\/\/oenobiol.com\/fr_fr\/?s={search_term_string}\"},\"query-input\":{\"@type\":\"PropertyValueSpecification\",\"valueRequired\":true,\"valueName\":\"search_term_string\"}}],\"inLanguage\":\"fr-FR-\"},{\"@type\":\"Organization\",\"@id\":\"https:\/\/oenobiol.com\/fr_fr\/#organization\",\"name\":\"Oenobiol\",\"url\":\"https:\/\/oenobiol.com\/fr_fr\/\",\"logo\":{\"@type\":\"ImageObject\",\"inLanguage\":\"fr-FR-\",\"@id\":\"https:\/\/oenobiol.com\/fr_fr\/#\/schema\/logo\/image\/\",\"url\":\"https:\/\/oenobiol.com\/app\/uploads\/2024\/05\/logo-baseline-2-1.svg\",\"contentUrl\":\"https:\/\/oenobiol.com\/app\/uploads\/2024\/05\/logo-baseline-2-1.svg\",\"width\":131,\"height\":41,\"caption\":\"Oenobiol\"},\"image\":{\"@id\":\"https:\/\/oenobiol.com\/fr_fr\/#\/schema\/logo\/image\/\"}}]}<\/script>\n<!-- \/ Yoast SEO plugin. -->","yoast_head_json":{"title":"SUN EXPERT Pr\u00e9paration solaire peau sensible - OENOBIOL","description":"Pr\u00e9parez votre peau sensible au soleil pour un bronzage sublim\u00e9 et prolong\u00e9 avec les compl\u00e9ments alimentaires OENOBIOL SUN EXPERT Peau Sensible.","robots":{"index":"index","follow":"follow","max-snippet":"max-snippet:-1","max-image-preview":"max-image-preview:large","max-video-preview":"max-video-preview:-1"},"canonical":"https:\/\/oenobiol.com\/fr_fr\/produits\/sun-expert-preparateur-solaire-peau-sensible\/","og_locale":"fr_FR","og_type":"article","og_title":"SUN EXPERT Pr\u00e9paration solaire peau sensible - OENOBIOL","og_description":"Pr\u00e9parez votre peau sensible au soleil pour un bronzage sublim\u00e9 et prolong\u00e9 avec les compl\u00e9ments alimentaires OENOBIOL SUN EXPERT Peau Sensible.","og_url":"https:\/\/oenobiol.com\/fr_fr\/produits\/sun-expert-preparateur-solaire-peau-sensible\/","og_site_name":"Oenobiol","article_modified_time":"2026-03-30T13:55:04+00:00","og_image":[{"width":350,"height":350,"url":"https:\/\/oenobiol.com\/app\/uploads\/2024\/04\/Sun-expert-preparateur-solaire-peau-sensible-Packshot.jpg","type":"image\/jpeg"}],"twitter_card":"summary_large_image","twitter_misc":{"Est. reading time":"1 minute"},"schema":{"@context":"https:\/\/schema.org","@graph":[{"@type":"WebPage","@id":"https:\/\/oenobiol.com\/fr_fr\/produits\/sun-expert-preparateur-solaire-peau-sensible\/","url":"https:\/\/oenobiol.com\/fr_fr\/produits\/sun-expert-preparateur-solaire-peau-sensible\/","name":"SUN EXPERT Pr\u00e9paration solaire peau sensible - OENOBIOL","isPartOf":{"@id":"https:\/\/oenobiol.com\/fr_fr\/#website"},"primaryImageOfPage":{"@id":"https:\/\/oenobiol.com\/fr_fr\/produits\/sun-expert-preparateur-solaire-peau-sensible\/#primaryimage"},"image":{"@id":"https:\/\/oenobiol.com\/fr_fr\/produits\/sun-expert-preparateur-solaire-peau-sensible\/#primaryimage"},"thumbnailUrl":"https:\/\/oenobiol.com\/app\/uploads\/2024\/04\/Sun-expert-preparateur-solaire-peau-sensible-Packshot.jpg","datePublished":"2024-04-04T09:08:50+00:00","dateModified":"2026-03-30T13:55:04+00:00","description":"Pr\u00e9parez votre peau sensible au soleil pour un bronzage sublim\u00e9 et prolong\u00e9 avec les compl\u00e9ments alimentaires OENOBIOL SUN EXPERT Peau Sensible.","breadcrumb":{"@id":"https:\/\/oenobiol.com\/fr_fr\/produits\/sun-expert-preparateur-solaire-peau-sensible\/#breadcrumb"},"inLanguage":"fr-FR-","potentialAction":[{"@type":"ReadAction","target":["https:\/\/oenobiol.com\/fr_fr\/produits\/sun-expert-preparateur-solaire-peau-sensible\/"]}]},{"@type":"ImageObject","inLanguage":"fr-FR-","@id":"https:\/\/oenobiol.com\/fr_fr\/produits\/sun-expert-preparateur-solaire-peau-sensible\/#primaryimage","url":"https:\/\/oenobiol.com\/app\/uploads\/2024\/04\/Sun-expert-preparateur-solaire-peau-sensible-Packshot.jpg","contentUrl":"https:\/\/oenobiol.com\/app\/uploads\/2024\/04\/Sun-expert-preparateur-solaire-peau-sensible-Packshot.jpg","width":350,"height":350,"caption":"Sun expert pr\u00e9parateur solaire peau sensible"},{"@type":"BreadcrumbList","@id":"https:\/\/oenobiol.com\/fr_fr\/produits\/sun-expert-preparateur-solaire-peau-sensible\/#breadcrumb","itemListElement":[{"@type":"ListItem","position":1,"name":"Accueil","item":"https:\/\/oenobiol.com\/fr_fr\/"},{"@type":"ListItem","position":2,"name":"Pr\u00e9parateurs Solaires","item":"https:\/\/oenobiol.com\/fr_fr\/gammes\/preparateurs-solaires\/"},{"@type":"ListItem","position":3,"name":"Sun expert pr\u00e9parateur solaire peau sensible"}]},{"@type":"WebSite","@id":"https:\/\/oenobiol.com\/fr_fr\/#website","url":"https:\/\/oenobiol.com\/fr_fr\/","name":"Oenobiol","description":"","publisher":{"@id":"https:\/\/oenobiol.com\/fr_fr\/#organization"},"potentialAction":[{"@type":"SearchAction","target":{"@type":"EntryPoint","urlTemplate":"https:\/\/oenobiol.com\/fr_fr\/?s={search_term_string}"},"query-input":{"@type":"PropertyValueSpecification","valueRequired":true,"valueName":"search_term_string"}}],"inLanguage":"fr-FR-"},{"@type":"Organization","@id":"https:\/\/oenobiol.com\/fr_fr\/#organization","name":"Oenobiol","url":"https:\/\/oenobiol.com\/fr_fr\/","logo":{"@type":"ImageObject","inLanguage":"fr-FR-","@id":"https:\/\/oenobiol.com\/fr_fr\/#\/schema\/logo\/image\/","url":"https:\/\/oenobiol.com\/app\/uploads\/2024\/05\/logo-baseline-2-1.svg","contentUrl":"https:\/\/oenobiol.com\/app\/uploads\/2024\/05\/logo-baseline-2-1.svg","width":131,"height":41,"caption":"Oenobiol"},"image":{"@id":"https:\/\/oenobiol.com\/fr_fr\/#\/schema\/logo\/image\/"}}]}},"_links":{"self":[{"href":"https:\/\/oenobiol.com\/fr_fr\/wp-json\/wp\/v2\/product\/12740","targetHints":{"allow":["GET"]}}],"collection":[{"href":"https:\/\/oenobiol.com\/fr_fr\/wp-json\/wp\/v2\/product"}],"about":[{"href":"https:\/\/oenobiol.com\/fr_fr\/wp-json\/wp\/v2\/types\/product"}],"wp:featuredmedia":[{"embeddable":true,"href":"https:\/\/oenobiol.com\/fr_fr\/wp-json\/wp\/v2\/media\/30349"}],"wp:attachment":[{"href":"https:\/\/oenobiol.com\/fr_fr\/wp-json\/wp\/v2\/media?parent=12740"}],"curies":[{"name":"wp","href":"https:\/\/api.w.org\/{rel}","templated":true}]}}