{"id":14866,"date":"2024-06-21T15:29:21","date_gmt":"2024-06-21T13:29:21","guid":{"rendered":"https:\/\/oenobiol.com\/?post_type=product&#038;p=14866"},"modified":"2026-03-04T10:29:06","modified_gmt":"2026-03-04T09:29:06","slug":"derma-expert-collagene-marin-10g","status":"publish","type":"product","link":"https:\/\/oenobiol.com\/fr_fr\/produits\/derma-expert-collagene-marin-10g\/","title":{"rendered":"Derma Expert Collag\u00e8ne Marin 10g"},"content":{"rendered":"<p>D\u00e9couvrez le pouvoir de DERMA EXPERT Collag\u00e8ne Marin 10g. Sa formule d\u00e9livre la dose maximale en collag\u00e8ne marin, un ingr\u00e9dient bien connu pour aider \u00e0 lutter contre les signes visibles de l&#8217;\u00e2ge.<\/p>\n","protected":false},"excerpt":{"rendered":"<p>Le shot anti-\u00e2ge global offrant la dose maximale de collag\u00e8ne marin pur.<\/p>\n","protected":false},"featured_media":29413,"template":"","meta":{"_acf_changed":false,"inline_featured_image":false},"class_list":["post-14866","product","type-product","status-publish","has-post-thumbnail","hentry","product_category-soins-du-visage","product_tag-nouveau-fr_fr"],"acf":[],"yoast_head":"<!-- This site is optimized with the Yoast SEO plugin v27.0 - https:\/\/yoast.com\/product\/yoast-seo-wordpress\/ -->\n<title>Derma Expert Collag\u00e8ne Marin 10g - Oenobiol<\/title>\n<meta name=\"description\" content=\"D\u00e9couvrez le pouvoir de DERMA EXPERT Collag\u00e8ne Marin 10g, la dose maximale en collag\u00e8ne marin pour lutter contre les signes de l&#039;\u00e2ge.\" \/>\n<meta name=\"robots\" content=\"index, follow, max-snippet:-1, max-image-preview:large, max-video-preview:-1\" \/>\n<link rel=\"canonical\" href=\"https:\/\/oenobiol.com\/fr_fr\/produits\/derma-expert-collagene-marin-10g\/\" \/>\n<meta property=\"og:locale\" content=\"fr_FR\" \/>\n<meta property=\"og:type\" content=\"article\" \/>\n<meta property=\"og:title\" content=\"Derma Expert Collag\u00e8ne Marin 10g - Oenobiol\" \/>\n<meta property=\"og:description\" content=\"D\u00e9couvrez le pouvoir de DERMA EXPERT Collag\u00e8ne Marin 10g, la dose maximale en collag\u00e8ne marin pour lutter contre les signes de l&#039;\u00e2ge.\" \/>\n<meta property=\"og:url\" content=\"https:\/\/oenobiol.com\/fr_fr\/produits\/derma-expert-collagene-marin-10g\/\" \/>\n<meta property=\"og:site_name\" content=\"Oenobiol\" \/>\n<meta property=\"article:modified_time\" content=\"2026-03-04T09:29:06+00:00\" \/>\n<meta property=\"og:image\" content=\"https:\/\/oenobiol.com\/app\/uploads\/2024\/06\/Design-sans-titre-50.png\" \/>\n\t<meta property=\"og:image:width\" content=\"350\" \/>\n\t<meta property=\"og:image:height\" content=\"350\" \/>\n\t<meta property=\"og:image:type\" content=\"image\/png\" \/>\n<meta name=\"twitter:card\" content=\"summary_large_image\" \/>\n<meta name=\"twitter:label1\" content=\"Est. reading time\" \/>\n\t<meta name=\"twitter:data1\" content=\"1 minute\" \/>\n<script type=\"application\/ld+json\" class=\"yoast-schema-graph\">{\"@context\":\"https:\/\/schema.org\",\"@graph\":[{\"@type\":\"WebPage\",\"@id\":\"https:\/\/oenobiol.com\/fr_fr\/produits\/derma-expert-collagene-marin-10g\/\",\"url\":\"https:\/\/oenobiol.com\/fr_fr\/produits\/derma-expert-collagene-marin-10g\/\",\"name\":\"Derma Expert Collag\u00e8ne Marin 10g - Oenobiol\",\"isPartOf\":{\"@id\":\"https:\/\/oenobiol.com\/fr_fr\/#website\"},\"primaryImageOfPage\":{\"@id\":\"https:\/\/oenobiol.com\/fr_fr\/produits\/derma-expert-collagene-marin-10g\/#primaryimage\"},\"image\":{\"@id\":\"https:\/\/oenobiol.com\/fr_fr\/produits\/derma-expert-collagene-marin-10g\/#primaryimage\"},\"thumbnailUrl\":\"https:\/\/oenobiol.com\/app\/uploads\/2024\/06\/Design-sans-titre-50.png\",\"datePublished\":\"2024-06-21T13:29:21+00:00\",\"dateModified\":\"2026-03-04T09:29:06+00:00\",\"description\":\"D\u00e9couvrez le pouvoir de DERMA EXPERT Collag\u00e8ne Marin 10g, la dose maximale en collag\u00e8ne marin pour lutter contre les signes de l'\u00e2ge.\",\"breadcrumb\":{\"@id\":\"https:\/\/oenobiol.com\/fr_fr\/produits\/derma-expert-collagene-marin-10g\/#breadcrumb\"},\"inLanguage\":\"fr-FR-\",\"potentialAction\":[{\"@type\":\"ReadAction\",\"target\":[\"https:\/\/oenobiol.com\/fr_fr\/produits\/derma-expert-collagene-marin-10g\/\"]}]},{\"@type\":\"ImageObject\",\"inLanguage\":\"fr-FR-\",\"@id\":\"https:\/\/oenobiol.com\/fr_fr\/produits\/derma-expert-collagene-marin-10g\/#primaryimage\",\"url\":\"https:\/\/oenobiol.com\/app\/uploads\/2024\/06\/Design-sans-titre-50.png\",\"contentUrl\":\"https:\/\/oenobiol.com\/app\/uploads\/2024\/06\/Design-sans-titre-50.png\",\"width\":350,\"height\":350,\"caption\":\"Visuel packshot - Derma Expert Shot Collag\u00e8ne 10g\"},{\"@type\":\"BreadcrumbList\",\"@id\":\"https:\/\/oenobiol.com\/fr_fr\/produits\/derma-expert-collagene-marin-10g\/#breadcrumb\",\"itemListElement\":[{\"@type\":\"ListItem\",\"position\":1,\"name\":\"Accueil\",\"item\":\"https:\/\/oenobiol.com\/fr_fr\/\"},{\"@type\":\"ListItem\",\"position\":2,\"name\":\"Soins du visage\",\"item\":\"https:\/\/oenobiol.com\/fr_fr\/gammes\/soins-du-visage\/\"},{\"@type\":\"ListItem\",\"position\":3,\"name\":\"Derma Expert Collag\u00e8ne Marin 10g\"}]},{\"@type\":\"WebSite\",\"@id\":\"https:\/\/oenobiol.com\/fr_fr\/#website\",\"url\":\"https:\/\/oenobiol.com\/fr_fr\/\",\"name\":\"Oenobiol\",\"description\":\"\",\"publisher\":{\"@id\":\"https:\/\/oenobiol.com\/fr_fr\/#organization\"},\"potentialAction\":[{\"@type\":\"SearchAction\",\"target\":{\"@type\":\"EntryPoint\",\"urlTemplate\":\"https:\/\/oenobiol.com\/fr_fr\/?s={search_term_string}\"},\"query-input\":{\"@type\":\"PropertyValueSpecification\",\"valueRequired\":true,\"valueName\":\"search_term_string\"}}],\"inLanguage\":\"fr-FR-\"},{\"@type\":\"Organization\",\"@id\":\"https:\/\/oenobiol.com\/fr_fr\/#organization\",\"name\":\"Oenobiol\",\"url\":\"https:\/\/oenobiol.com\/fr_fr\/\",\"logo\":{\"@type\":\"ImageObject\",\"inLanguage\":\"fr-FR-\",\"@id\":\"https:\/\/oenobiol.com\/fr_fr\/#\/schema\/logo\/image\/\",\"url\":\"https:\/\/oenobiol.com\/app\/uploads\/2024\/05\/logo-baseline-2-1.svg\",\"contentUrl\":\"https:\/\/oenobiol.com\/app\/uploads\/2024\/05\/logo-baseline-2-1.svg\",\"width\":131,\"height\":41,\"caption\":\"Oenobiol\"},\"image\":{\"@id\":\"https:\/\/oenobiol.com\/fr_fr\/#\/schema\/logo\/image\/\"}}]}<\/script>\n<!-- \/ Yoast SEO plugin. -->","yoast_head_json":{"title":"Derma Expert Collag\u00e8ne Marin 10g - Oenobiol","description":"D\u00e9couvrez le pouvoir de DERMA EXPERT Collag\u00e8ne Marin 10g, la dose maximale en collag\u00e8ne marin pour lutter contre les signes de l'\u00e2ge.","robots":{"index":"index","follow":"follow","max-snippet":"max-snippet:-1","max-image-preview":"max-image-preview:large","max-video-preview":"max-video-preview:-1"},"canonical":"https:\/\/oenobiol.com\/fr_fr\/produits\/derma-expert-collagene-marin-10g\/","og_locale":"fr_FR","og_type":"article","og_title":"Derma Expert Collag\u00e8ne Marin 10g - Oenobiol","og_description":"D\u00e9couvrez le pouvoir de DERMA EXPERT Collag\u00e8ne Marin 10g, la dose maximale en collag\u00e8ne marin pour lutter contre les signes de l'\u00e2ge.","og_url":"https:\/\/oenobiol.com\/fr_fr\/produits\/derma-expert-collagene-marin-10g\/","og_site_name":"Oenobiol","article_modified_time":"2026-03-04T09:29:06+00:00","og_image":[{"width":350,"height":350,"url":"https:\/\/oenobiol.com\/app\/uploads\/2024\/06\/Design-sans-titre-50.png","type":"image\/png"}],"twitter_card":"summary_large_image","twitter_misc":{"Est. reading time":"1 minute"},"schema":{"@context":"https:\/\/schema.org","@graph":[{"@type":"WebPage","@id":"https:\/\/oenobiol.com\/fr_fr\/produits\/derma-expert-collagene-marin-10g\/","url":"https:\/\/oenobiol.com\/fr_fr\/produits\/derma-expert-collagene-marin-10g\/","name":"Derma Expert Collag\u00e8ne Marin 10g - Oenobiol","isPartOf":{"@id":"https:\/\/oenobiol.com\/fr_fr\/#website"},"primaryImageOfPage":{"@id":"https:\/\/oenobiol.com\/fr_fr\/produits\/derma-expert-collagene-marin-10g\/#primaryimage"},"image":{"@id":"https:\/\/oenobiol.com\/fr_fr\/produits\/derma-expert-collagene-marin-10g\/#primaryimage"},"thumbnailUrl":"https:\/\/oenobiol.com\/app\/uploads\/2024\/06\/Design-sans-titre-50.png","datePublished":"2024-06-21T13:29:21+00:00","dateModified":"2026-03-04T09:29:06+00:00","description":"D\u00e9couvrez le pouvoir de DERMA EXPERT Collag\u00e8ne Marin 10g, la dose maximale en collag\u00e8ne marin pour lutter contre les signes de l'\u00e2ge.","breadcrumb":{"@id":"https:\/\/oenobiol.com\/fr_fr\/produits\/derma-expert-collagene-marin-10g\/#breadcrumb"},"inLanguage":"fr-FR-","potentialAction":[{"@type":"ReadAction","target":["https:\/\/oenobiol.com\/fr_fr\/produits\/derma-expert-collagene-marin-10g\/"]}]},{"@type":"ImageObject","inLanguage":"fr-FR-","@id":"https:\/\/oenobiol.com\/fr_fr\/produits\/derma-expert-collagene-marin-10g\/#primaryimage","url":"https:\/\/oenobiol.com\/app\/uploads\/2024\/06\/Design-sans-titre-50.png","contentUrl":"https:\/\/oenobiol.com\/app\/uploads\/2024\/06\/Design-sans-titre-50.png","width":350,"height":350,"caption":"Visuel packshot - Derma Expert Shot Collag\u00e8ne 10g"},{"@type":"BreadcrumbList","@id":"https:\/\/oenobiol.com\/fr_fr\/produits\/derma-expert-collagene-marin-10g\/#breadcrumb","itemListElement":[{"@type":"ListItem","position":1,"name":"Accueil","item":"https:\/\/oenobiol.com\/fr_fr\/"},{"@type":"ListItem","position":2,"name":"Soins du visage","item":"https:\/\/oenobiol.com\/fr_fr\/gammes\/soins-du-visage\/"},{"@type":"ListItem","position":3,"name":"Derma Expert Collag\u00e8ne Marin 10g"}]},{"@type":"WebSite","@id":"https:\/\/oenobiol.com\/fr_fr\/#website","url":"https:\/\/oenobiol.com\/fr_fr\/","name":"Oenobiol","description":"","publisher":{"@id":"https:\/\/oenobiol.com\/fr_fr\/#organization"},"potentialAction":[{"@type":"SearchAction","target":{"@type":"EntryPoint","urlTemplate":"https:\/\/oenobiol.com\/fr_fr\/?s={search_term_string}"},"query-input":{"@type":"PropertyValueSpecification","valueRequired":true,"valueName":"search_term_string"}}],"inLanguage":"fr-FR-"},{"@type":"Organization","@id":"https:\/\/oenobiol.com\/fr_fr\/#organization","name":"Oenobiol","url":"https:\/\/oenobiol.com\/fr_fr\/","logo":{"@type":"ImageObject","inLanguage":"fr-FR-","@id":"https:\/\/oenobiol.com\/fr_fr\/#\/schema\/logo\/image\/","url":"https:\/\/oenobiol.com\/app\/uploads\/2024\/05\/logo-baseline-2-1.svg","contentUrl":"https:\/\/oenobiol.com\/app\/uploads\/2024\/05\/logo-baseline-2-1.svg","width":131,"height":41,"caption":"Oenobiol"},"image":{"@id":"https:\/\/oenobiol.com\/fr_fr\/#\/schema\/logo\/image\/"}}]}},"_links":{"self":[{"href":"https:\/\/oenobiol.com\/fr_fr\/wp-json\/wp\/v2\/product\/14866","targetHints":{"allow":["GET"]}}],"collection":[{"href":"https:\/\/oenobiol.com\/fr_fr\/wp-json\/wp\/v2\/product"}],"about":[{"href":"https:\/\/oenobiol.com\/fr_fr\/wp-json\/wp\/v2\/types\/product"}],"wp:featuredmedia":[{"embeddable":true,"href":"https:\/\/oenobiol.com\/fr_fr\/wp-json\/wp\/v2\/media\/29413"}],"wp:attachment":[{"href":"https:\/\/oenobiol.com\/fr_fr\/wp-json\/wp\/v2\/media?parent=14866"}],"curies":[{"name":"wp","href":"https:\/\/api.w.org\/{rel}","templated":true}]}}