{"id":16562,"date":"2025-05-02T15:51:30","date_gmt":"2025-05-02T13:51:30","guid":{"rendered":"https:\/\/oenobiol.com\/?post_type=product&#038;p=16562"},"modified":"2026-03-30T16:13:47","modified_gmt":"2026-03-30T14:13:47","slug":"sun-expert-3-en-1-preparateur-solaire-anti-age-global","status":"publish","type":"product","link":"https:\/\/oenobiol.com\/fr_fr\/produits\/sun-expert-3-en-1-preparateur-solaire-anti-age-global\/","title":{"rendered":"Sun Expert Pr\u00e9parateur Solaire 3 en 1 &#8211; Anti-\u00c2ge Global"},"content":{"rendered":"<p>Pr\u00e9parer et sublimer votre peau avant l&#8217;exposition solaire? C&#8217;est la promesse du nouveau OENOBIOL SUN EXPERT 3-EN-1. Avec sa formule unique triple action, ces ingr\u00e9dients maximisent la protection cellulaire contre le stress oxydatif<sup>1<\/sup>, favorise un h\u00e2le intense, uniforme et durable<sup>2 <\/sup>et offre une action anti-\u00e2ge globale d\u00e8s 14 jours<sup>3<\/sup>, pour une peau \u00e9clatante et mieux pr\u00e9par\u00e9e avant m\u00eame de s\u2019exposer au soleil !<\/p>\n","protected":false},"excerpt":{"rendered":"<p>Rayonnez en pr\u00e9servant votre capital soleil !<sup>2<\/sup><\/p>\n","protected":false},"featured_media":30358,"template":"","meta":{"_acf_changed":false,"inline_featured_image":false},"class_list":["post-16562","product","type-product","status-publish","has-post-thumbnail","hentry","product_category-preparateurs-solaires","product_tag-anti-age-fr_fr"],"acf":[],"yoast_head":"<!-- This site is optimized with the Yoast SEO plugin v27.4 - https:\/\/yoast.com\/product\/yoast-seo-wordpress\/ -->\n<title>Sun Expert Pr\u00e9parateur Solaire 3 en 1 - Anti-\u00c2ge Global - Oenobiol<\/title>\n<meta name=\"description\" content=\"Pr\u00e9parez votre peau gr\u00e2ce au pr\u00e9parateur solaire anti-\u00e2ge Sun Expert 3 en 1: une formule pour un teint \u00e9clatant et h\u00e2l\u00e9.\" \/>\n<meta name=\"robots\" content=\"index, follow, max-snippet:-1, max-image-preview:large, max-video-preview:-1\" \/>\n<link rel=\"canonical\" href=\"https:\/\/oenobiol.com\/fr_fr\/produits\/sun-expert-3-en-1-preparateur-solaire-anti-age-global\/\" \/>\n<meta property=\"og:locale\" content=\"fr_FR\" \/>\n<meta property=\"og:type\" content=\"article\" \/>\n<meta property=\"og:title\" content=\"Sun Expert Pr\u00e9parateur Solaire 3 en 1 - Anti-\u00c2ge Global - Oenobiol\" \/>\n<meta property=\"og:description\" content=\"Pr\u00e9parez votre peau gr\u00e2ce au pr\u00e9parateur solaire anti-\u00e2ge Sun Expert 3 en 1: une formule pour un teint \u00e9clatant et h\u00e2l\u00e9.\" \/>\n<meta property=\"og:url\" content=\"https:\/\/oenobiol.com\/fr_fr\/produits\/sun-expert-3-en-1-preparateur-solaire-anti-age-global\/\" \/>\n<meta property=\"og:site_name\" content=\"Oenobiol\" \/>\n<meta property=\"article:modified_time\" content=\"2026-03-30T14:13:47+00:00\" \/>\n<meta property=\"og:image\" content=\"https:\/\/oenobiol.com\/app\/uploads\/2025\/05\/Sun-Expert-Preparateur-Solaire-3-en-1-\u2013-Anti-Age-Global-Packshot.jpg\" \/>\n\t<meta property=\"og:image:width\" content=\"350\" \/>\n\t<meta property=\"og:image:height\" content=\"350\" \/>\n\t<meta property=\"og:image:type\" content=\"image\/jpeg\" \/>\n<meta name=\"twitter:card\" content=\"summary_large_image\" \/>\n<meta name=\"twitter:label1\" content=\"Est. reading time\" \/>\n\t<meta name=\"twitter:data1\" content=\"1 minute\" \/>\n<script type=\"application\/ld+json\" class=\"yoast-schema-graph\">{\"@context\":\"https:\\\/\\\/schema.org\",\"@graph\":[{\"@type\":\"WebPage\",\"@id\":\"https:\\\/\\\/oenobiol.com\\\/fr_fr\\\/produits\\\/sun-expert-3-en-1-preparateur-solaire-anti-age-global\\\/\",\"url\":\"https:\\\/\\\/oenobiol.com\\\/fr_fr\\\/produits\\\/sun-expert-3-en-1-preparateur-solaire-anti-age-global\\\/\",\"name\":\"Sun Expert Pr\u00e9parateur Solaire 3 en 1 - Anti-\u00c2ge Global - Oenobiol\",\"isPartOf\":{\"@id\":\"https:\\\/\\\/oenobiol.com\\\/fr_fr\\\/#website\"},\"primaryImageOfPage\":{\"@id\":\"https:\\\/\\\/oenobiol.com\\\/fr_fr\\\/produits\\\/sun-expert-3-en-1-preparateur-solaire-anti-age-global\\\/#primaryimage\"},\"image\":{\"@id\":\"https:\\\/\\\/oenobiol.com\\\/fr_fr\\\/produits\\\/sun-expert-3-en-1-preparateur-solaire-anti-age-global\\\/#primaryimage\"},\"thumbnailUrl\":\"https:\\\/\\\/oenobiol.com\\\/app\\\/uploads\\\/2025\\\/05\\\/Sun-Expert-Preparateur-Solaire-3-en-1-\u2013-Anti-Age-Global-Packshot.jpg\",\"datePublished\":\"2025-05-02T13:51:30+00:00\",\"dateModified\":\"2026-03-30T14:13:47+00:00\",\"description\":\"Pr\u00e9parez votre peau gr\u00e2ce au pr\u00e9parateur solaire anti-\u00e2ge Sun Expert 3 en 1: une formule pour un teint \u00e9clatant et h\u00e2l\u00e9.\",\"breadcrumb\":{\"@id\":\"https:\\\/\\\/oenobiol.com\\\/fr_fr\\\/produits\\\/sun-expert-3-en-1-preparateur-solaire-anti-age-global\\\/#breadcrumb\"},\"inLanguage\":\"fr-FR-\",\"potentialAction\":[{\"@type\":\"ReadAction\",\"target\":[\"https:\\\/\\\/oenobiol.com\\\/fr_fr\\\/produits\\\/sun-expert-3-en-1-preparateur-solaire-anti-age-global\\\/\"]}]},{\"@type\":\"ImageObject\",\"inLanguage\":\"fr-FR-\",\"@id\":\"https:\\\/\\\/oenobiol.com\\\/fr_fr\\\/produits\\\/sun-expert-3-en-1-preparateur-solaire-anti-age-global\\\/#primaryimage\",\"url\":\"https:\\\/\\\/oenobiol.com\\\/app\\\/uploads\\\/2025\\\/05\\\/Sun-Expert-Preparateur-Solaire-3-en-1-\u2013-Anti-Age-Global-Packshot.jpg\",\"contentUrl\":\"https:\\\/\\\/oenobiol.com\\\/app\\\/uploads\\\/2025\\\/05\\\/Sun-Expert-Preparateur-Solaire-3-en-1-\u2013-Anti-Age-Global-Packshot.jpg\",\"width\":350,\"height\":350,\"caption\":\"Sun Expert Pr\u00e9parateur Solaire 3 en 1 \u2013 Anti-Age Global\"},{\"@type\":\"BreadcrumbList\",\"@id\":\"https:\\\/\\\/oenobiol.com\\\/fr_fr\\\/produits\\\/sun-expert-3-en-1-preparateur-solaire-anti-age-global\\\/#breadcrumb\",\"itemListElement\":[{\"@type\":\"ListItem\",\"position\":1,\"name\":\"Accueil\",\"item\":\"https:\\\/\\\/oenobiol.com\\\/fr_fr\\\/\"},{\"@type\":\"ListItem\",\"position\":2,\"name\":\"Pr\u00e9parateurs Solaires\",\"item\":\"https:\\\/\\\/oenobiol.com\\\/fr_fr\\\/gammes\\\/preparateurs-solaires\\\/\"},{\"@type\":\"ListItem\",\"position\":3,\"name\":\"Sun Expert Pr\u00e9parateur Solaire 3 en 1 &#8211; Anti-\u00c2ge Global\"}]},{\"@type\":\"WebSite\",\"@id\":\"https:\\\/\\\/oenobiol.com\\\/fr_fr\\\/#website\",\"url\":\"https:\\\/\\\/oenobiol.com\\\/fr_fr\\\/\",\"name\":\"Oenobiol\",\"description\":\"\",\"publisher\":{\"@id\":\"https:\\\/\\\/oenobiol.com\\\/fr_fr\\\/#organization\"},\"potentialAction\":[{\"@type\":\"SearchAction\",\"target\":{\"@type\":\"EntryPoint\",\"urlTemplate\":\"https:\\\/\\\/oenobiol.com\\\/fr_fr\\\/?s={search_term_string}\"},\"query-input\":{\"@type\":\"PropertyValueSpecification\",\"valueRequired\":true,\"valueName\":\"search_term_string\"}}],\"inLanguage\":\"fr-FR-\"},{\"@type\":\"Organization\",\"@id\":\"https:\\\/\\\/oenobiol.com\\\/fr_fr\\\/#organization\",\"name\":\"Oenobiol\",\"url\":\"https:\\\/\\\/oenobiol.com\\\/fr_fr\\\/\",\"logo\":{\"@type\":\"ImageObject\",\"inLanguage\":\"fr-FR-\",\"@id\":\"https:\\\/\\\/oenobiol.com\\\/fr_fr\\\/#\\\/schema\\\/logo\\\/image\\\/\",\"url\":\"https:\\\/\\\/oenobiol.com\\\/app\\\/uploads\\\/2024\\\/05\\\/logo-baseline-2-1.svg\",\"contentUrl\":\"https:\\\/\\\/oenobiol.com\\\/app\\\/uploads\\\/2024\\\/05\\\/logo-baseline-2-1.svg\",\"width\":131,\"height\":41,\"caption\":\"Oenobiol\"},\"image\":{\"@id\":\"https:\\\/\\\/oenobiol.com\\\/fr_fr\\\/#\\\/schema\\\/logo\\\/image\\\/\"}}]}<\/script>\n<!-- \/ Yoast SEO plugin. -->","yoast_head_json":{"title":"Sun Expert Pr\u00e9parateur Solaire 3 en 1 - Anti-\u00c2ge Global - Oenobiol","description":"Pr\u00e9parez votre peau gr\u00e2ce au pr\u00e9parateur solaire anti-\u00e2ge Sun Expert 3 en 1: une formule pour un teint \u00e9clatant et h\u00e2l\u00e9.","robots":{"index":"index","follow":"follow","max-snippet":"max-snippet:-1","max-image-preview":"max-image-preview:large","max-video-preview":"max-video-preview:-1"},"canonical":"https:\/\/oenobiol.com\/fr_fr\/produits\/sun-expert-3-en-1-preparateur-solaire-anti-age-global\/","og_locale":"fr_FR","og_type":"article","og_title":"Sun Expert Pr\u00e9parateur Solaire 3 en 1 - Anti-\u00c2ge Global - Oenobiol","og_description":"Pr\u00e9parez votre peau gr\u00e2ce au pr\u00e9parateur solaire anti-\u00e2ge Sun Expert 3 en 1: une formule pour un teint \u00e9clatant et h\u00e2l\u00e9.","og_url":"https:\/\/oenobiol.com\/fr_fr\/produits\/sun-expert-3-en-1-preparateur-solaire-anti-age-global\/","og_site_name":"Oenobiol","article_modified_time":"2026-03-30T14:13:47+00:00","og_image":[{"width":350,"height":350,"url":"https:\/\/oenobiol.com\/app\/uploads\/2025\/05\/Sun-Expert-Preparateur-Solaire-3-en-1-\u2013-Anti-Age-Global-Packshot.jpg","type":"image\/jpeg"}],"twitter_card":"summary_large_image","twitter_misc":{"Est. reading time":"1 minute"},"schema":{"@context":"https:\/\/schema.org","@graph":[{"@type":"WebPage","@id":"https:\/\/oenobiol.com\/fr_fr\/produits\/sun-expert-3-en-1-preparateur-solaire-anti-age-global\/","url":"https:\/\/oenobiol.com\/fr_fr\/produits\/sun-expert-3-en-1-preparateur-solaire-anti-age-global\/","name":"Sun Expert Pr\u00e9parateur Solaire 3 en 1 - Anti-\u00c2ge Global - Oenobiol","isPartOf":{"@id":"https:\/\/oenobiol.com\/fr_fr\/#website"},"primaryImageOfPage":{"@id":"https:\/\/oenobiol.com\/fr_fr\/produits\/sun-expert-3-en-1-preparateur-solaire-anti-age-global\/#primaryimage"},"image":{"@id":"https:\/\/oenobiol.com\/fr_fr\/produits\/sun-expert-3-en-1-preparateur-solaire-anti-age-global\/#primaryimage"},"thumbnailUrl":"https:\/\/oenobiol.com\/app\/uploads\/2025\/05\/Sun-Expert-Preparateur-Solaire-3-en-1-\u2013-Anti-Age-Global-Packshot.jpg","datePublished":"2025-05-02T13:51:30+00:00","dateModified":"2026-03-30T14:13:47+00:00","description":"Pr\u00e9parez votre peau gr\u00e2ce au pr\u00e9parateur solaire anti-\u00e2ge Sun Expert 3 en 1: une formule pour un teint \u00e9clatant et h\u00e2l\u00e9.","breadcrumb":{"@id":"https:\/\/oenobiol.com\/fr_fr\/produits\/sun-expert-3-en-1-preparateur-solaire-anti-age-global\/#breadcrumb"},"inLanguage":"fr-FR-","potentialAction":[{"@type":"ReadAction","target":["https:\/\/oenobiol.com\/fr_fr\/produits\/sun-expert-3-en-1-preparateur-solaire-anti-age-global\/"]}]},{"@type":"ImageObject","inLanguage":"fr-FR-","@id":"https:\/\/oenobiol.com\/fr_fr\/produits\/sun-expert-3-en-1-preparateur-solaire-anti-age-global\/#primaryimage","url":"https:\/\/oenobiol.com\/app\/uploads\/2025\/05\/Sun-Expert-Preparateur-Solaire-3-en-1-\u2013-Anti-Age-Global-Packshot.jpg","contentUrl":"https:\/\/oenobiol.com\/app\/uploads\/2025\/05\/Sun-Expert-Preparateur-Solaire-3-en-1-\u2013-Anti-Age-Global-Packshot.jpg","width":350,"height":350,"caption":"Sun Expert Pr\u00e9parateur Solaire 3 en 1 \u2013 Anti-Age Global"},{"@type":"BreadcrumbList","@id":"https:\/\/oenobiol.com\/fr_fr\/produits\/sun-expert-3-en-1-preparateur-solaire-anti-age-global\/#breadcrumb","itemListElement":[{"@type":"ListItem","position":1,"name":"Accueil","item":"https:\/\/oenobiol.com\/fr_fr\/"},{"@type":"ListItem","position":2,"name":"Pr\u00e9parateurs Solaires","item":"https:\/\/oenobiol.com\/fr_fr\/gammes\/preparateurs-solaires\/"},{"@type":"ListItem","position":3,"name":"Sun Expert Pr\u00e9parateur Solaire 3 en 1 &#8211; Anti-\u00c2ge Global"}]},{"@type":"WebSite","@id":"https:\/\/oenobiol.com\/fr_fr\/#website","url":"https:\/\/oenobiol.com\/fr_fr\/","name":"Oenobiol","description":"","publisher":{"@id":"https:\/\/oenobiol.com\/fr_fr\/#organization"},"potentialAction":[{"@type":"SearchAction","target":{"@type":"EntryPoint","urlTemplate":"https:\/\/oenobiol.com\/fr_fr\/?s={search_term_string}"},"query-input":{"@type":"PropertyValueSpecification","valueRequired":true,"valueName":"search_term_string"}}],"inLanguage":"fr-FR-"},{"@type":"Organization","@id":"https:\/\/oenobiol.com\/fr_fr\/#organization","name":"Oenobiol","url":"https:\/\/oenobiol.com\/fr_fr\/","logo":{"@type":"ImageObject","inLanguage":"fr-FR-","@id":"https:\/\/oenobiol.com\/fr_fr\/#\/schema\/logo\/image\/","url":"https:\/\/oenobiol.com\/app\/uploads\/2024\/05\/logo-baseline-2-1.svg","contentUrl":"https:\/\/oenobiol.com\/app\/uploads\/2024\/05\/logo-baseline-2-1.svg","width":131,"height":41,"caption":"Oenobiol"},"image":{"@id":"https:\/\/oenobiol.com\/fr_fr\/#\/schema\/logo\/image\/"}}]}},"_links":{"self":[{"href":"https:\/\/oenobiol.com\/fr_fr\/wp-json\/wp\/v2\/product\/16562","targetHints":{"allow":["GET"]}}],"collection":[{"href":"https:\/\/oenobiol.com\/fr_fr\/wp-json\/wp\/v2\/product"}],"about":[{"href":"https:\/\/oenobiol.com\/fr_fr\/wp-json\/wp\/v2\/types\/product"}],"wp:featuredmedia":[{"embeddable":true,"href":"https:\/\/oenobiol.com\/fr_fr\/wp-json\/wp\/v2\/media\/30358"}],"wp:attachment":[{"href":"https:\/\/oenobiol.com\/fr_fr\/wp-json\/wp\/v2\/media?parent=16562"}],"curies":[{"name":"wp","href":"https:\/\/api.w.org\/{rel}","templated":true}]}}