{"id":16927,"date":"2024-11-04T12:34:43","date_gmt":"2024-11-04T11:34:43","guid":{"rendered":"https:\/\/oenobiol.com\/?post_type=product&#038;p=16927"},"modified":"2026-03-04T10:31:12","modified_gmt":"2026-03-04T09:31:12","slug":"derma-expert-acide-hyaluronique-420mg","status":"publish","type":"product","link":"https:\/\/oenobiol.com\/fr_fr\/produits\/derma-expert-acide-hyaluronique-420mg\/","title":{"rendered":"Derma Expert Acide hyaluronique 420mg"},"content":{"rendered":"<p>D\u00e9couvrez le pouvoir anti-\u00e2ge de DERMA EXPERT\u00b9 Acide Hyaluronique 420mg, sp\u00e9cialement formul\u00e9 pour contribuer \u00e0 am\u00e9liorer la fermet\u00e9\u00b2 et l\u2019\u00e9lasticit\u00e9\u00b2 de votre peau. Il est cliniquement prouv\u00e92 que sa formule vise \u00e0 att\u00e9nuer les signes visibles de l&#8217;\u00e2ge comme les rides, tout en favorisant une peau plus tonique. Parfait pour celles et ceux souhaitant garder une peau jeune !<\/p>\n","protected":false},"excerpt":{"rendered":"<p>La r\u00e9ponse anti-\u00e2ge globale avec une efficacit\u00e9 anti-rides prouv\u00e9e\u00b2 !<\/p>\n","protected":false},"featured_media":29404,"template":"","meta":{"_acf_changed":false,"inline_featured_image":false},"class_list":["post-16927","product","type-product","status-publish","has-post-thumbnail","hentry","product_category-soins-du-visage","product_tag-nouveau-fr_fr"],"acf":[],"yoast_head":"<!-- This site is optimized with the Yoast SEO plugin v27.0 - https:\/\/yoast.com\/product\/yoast-seo-wordpress\/ -->\n<title>Derma Expert Acide hyaluronique 420mg - Oenobiol<\/title>\n<meta name=\"description\" content=\"Id\u00e9al pour les premi\u00e8res rides, DERMA EXPER Acide Hyaluronique 420mg est la r\u00e9ponse anti-\u00e2ge globale avec une efficacit\u00e9 anti-rides prouv\u00e9e\u00b2.\" \/>\n<meta name=\"robots\" content=\"index, follow, max-snippet:-1, max-image-preview:large, max-video-preview:-1\" \/>\n<link rel=\"canonical\" href=\"https:\/\/oenobiol.com\/fr_fr\/produits\/derma-expert-acide-hyaluronique-420mg\/\" \/>\n<meta property=\"og:locale\" content=\"fr_FR\" \/>\n<meta property=\"og:type\" content=\"article\" \/>\n<meta property=\"og:title\" content=\"Derma Expert Acide hyaluronique 420mg - Oenobiol\" \/>\n<meta property=\"og:description\" content=\"Id\u00e9al pour les premi\u00e8res rides, DERMA EXPER Acide Hyaluronique 420mg est la r\u00e9ponse anti-\u00e2ge globale avec une efficacit\u00e9 anti-rides prouv\u00e9e\u00b2.\" \/>\n<meta property=\"og:url\" content=\"https:\/\/oenobiol.com\/fr_fr\/produits\/derma-expert-acide-hyaluronique-420mg\/\" \/>\n<meta property=\"og:site_name\" content=\"Oenobiol\" \/>\n<meta property=\"article:modified_time\" content=\"2026-03-04T09:31:12+00:00\" \/>\n<meta property=\"og:image\" content=\"https:\/\/oenobiol.com\/app\/uploads\/2024\/11\/Design-sans-titre-49.png\" \/>\n\t<meta property=\"og:image:width\" content=\"350\" \/>\n\t<meta property=\"og:image:height\" content=\"350\" \/>\n\t<meta property=\"og:image:type\" content=\"image\/png\" \/>\n<meta name=\"twitter:card\" content=\"summary_large_image\" \/>\n<meta name=\"twitter:label1\" content=\"Est. reading time\" \/>\n\t<meta name=\"twitter:data1\" content=\"1 minute\" \/>\n<script type=\"application\/ld+json\" class=\"yoast-schema-graph\">{\"@context\":\"https:\/\/schema.org\",\"@graph\":[{\"@type\":\"WebPage\",\"@id\":\"https:\/\/oenobiol.com\/fr_fr\/produits\/derma-expert-acide-hyaluronique-420mg\/\",\"url\":\"https:\/\/oenobiol.com\/fr_fr\/produits\/derma-expert-acide-hyaluronique-420mg\/\",\"name\":\"Derma Expert Acide hyaluronique 420mg - Oenobiol\",\"isPartOf\":{\"@id\":\"https:\/\/oenobiol.com\/fr_fr\/#website\"},\"primaryImageOfPage\":{\"@id\":\"https:\/\/oenobiol.com\/fr_fr\/produits\/derma-expert-acide-hyaluronique-420mg\/#primaryimage\"},\"image\":{\"@id\":\"https:\/\/oenobiol.com\/fr_fr\/produits\/derma-expert-acide-hyaluronique-420mg\/#primaryimage\"},\"thumbnailUrl\":\"https:\/\/oenobiol.com\/app\/uploads\/2024\/11\/Design-sans-titre-49.png\",\"datePublished\":\"2024-11-04T11:34:43+00:00\",\"dateModified\":\"2026-03-04T09:31:12+00:00\",\"description\":\"Id\u00e9al pour les premi\u00e8res rides, DERMA EXPER Acide Hyaluronique 420mg est la r\u00e9ponse anti-\u00e2ge globale avec une efficacit\u00e9 anti-rides prouv\u00e9e\u00b2.\",\"breadcrumb\":{\"@id\":\"https:\/\/oenobiol.com\/fr_fr\/produits\/derma-expert-acide-hyaluronique-420mg\/#breadcrumb\"},\"inLanguage\":\"fr-FR-\",\"potentialAction\":[{\"@type\":\"ReadAction\",\"target\":[\"https:\/\/oenobiol.com\/fr_fr\/produits\/derma-expert-acide-hyaluronique-420mg\/\"]}]},{\"@type\":\"ImageObject\",\"inLanguage\":\"fr-FR-\",\"@id\":\"https:\/\/oenobiol.com\/fr_fr\/produits\/derma-expert-acide-hyaluronique-420mg\/#primaryimage\",\"url\":\"https:\/\/oenobiol.com\/app\/uploads\/2024\/11\/Design-sans-titre-49.png\",\"contentUrl\":\"https:\/\/oenobiol.com\/app\/uploads\/2024\/11\/Design-sans-titre-49.png\",\"width\":350,\"height\":350,\"caption\":\"Visuel packshot - Pot ouvert - Derma Expert acide hyaluronique\"},{\"@type\":\"BreadcrumbList\",\"@id\":\"https:\/\/oenobiol.com\/fr_fr\/produits\/derma-expert-acide-hyaluronique-420mg\/#breadcrumb\",\"itemListElement\":[{\"@type\":\"ListItem\",\"position\":1,\"name\":\"Accueil\",\"item\":\"https:\/\/oenobiol.com\/fr_fr\/\"},{\"@type\":\"ListItem\",\"position\":2,\"name\":\"Soins du visage\",\"item\":\"https:\/\/oenobiol.com\/fr_fr\/gammes\/soins-du-visage\/\"},{\"@type\":\"ListItem\",\"position\":3,\"name\":\"Derma Expert Acide hyaluronique 420mg\"}]},{\"@type\":\"WebSite\",\"@id\":\"https:\/\/oenobiol.com\/fr_fr\/#website\",\"url\":\"https:\/\/oenobiol.com\/fr_fr\/\",\"name\":\"Oenobiol\",\"description\":\"\",\"publisher\":{\"@id\":\"https:\/\/oenobiol.com\/fr_fr\/#organization\"},\"potentialAction\":[{\"@type\":\"SearchAction\",\"target\":{\"@type\":\"EntryPoint\",\"urlTemplate\":\"https:\/\/oenobiol.com\/fr_fr\/?s={search_term_string}\"},\"query-input\":{\"@type\":\"PropertyValueSpecification\",\"valueRequired\":true,\"valueName\":\"search_term_string\"}}],\"inLanguage\":\"fr-FR-\"},{\"@type\":\"Organization\",\"@id\":\"https:\/\/oenobiol.com\/fr_fr\/#organization\",\"name\":\"Oenobiol\",\"url\":\"https:\/\/oenobiol.com\/fr_fr\/\",\"logo\":{\"@type\":\"ImageObject\",\"inLanguage\":\"fr-FR-\",\"@id\":\"https:\/\/oenobiol.com\/fr_fr\/#\/schema\/logo\/image\/\",\"url\":\"https:\/\/oenobiol.com\/app\/uploads\/2024\/05\/logo-baseline-2-1.svg\",\"contentUrl\":\"https:\/\/oenobiol.com\/app\/uploads\/2024\/05\/logo-baseline-2-1.svg\",\"width\":131,\"height\":41,\"caption\":\"Oenobiol\"},\"image\":{\"@id\":\"https:\/\/oenobiol.com\/fr_fr\/#\/schema\/logo\/image\/\"}}]}<\/script>\n<!-- \/ Yoast SEO plugin. -->","yoast_head_json":{"title":"Derma Expert Acide hyaluronique 420mg - Oenobiol","description":"Id\u00e9al pour les premi\u00e8res rides, DERMA EXPER Acide Hyaluronique 420mg est la r\u00e9ponse anti-\u00e2ge globale avec une efficacit\u00e9 anti-rides prouv\u00e9e\u00b2.","robots":{"index":"index","follow":"follow","max-snippet":"max-snippet:-1","max-image-preview":"max-image-preview:large","max-video-preview":"max-video-preview:-1"},"canonical":"https:\/\/oenobiol.com\/fr_fr\/produits\/derma-expert-acide-hyaluronique-420mg\/","og_locale":"fr_FR","og_type":"article","og_title":"Derma Expert Acide hyaluronique 420mg - Oenobiol","og_description":"Id\u00e9al pour les premi\u00e8res rides, DERMA EXPER Acide Hyaluronique 420mg est la r\u00e9ponse anti-\u00e2ge globale avec une efficacit\u00e9 anti-rides prouv\u00e9e\u00b2.","og_url":"https:\/\/oenobiol.com\/fr_fr\/produits\/derma-expert-acide-hyaluronique-420mg\/","og_site_name":"Oenobiol","article_modified_time":"2026-03-04T09:31:12+00:00","og_image":[{"width":350,"height":350,"url":"https:\/\/oenobiol.com\/app\/uploads\/2024\/11\/Design-sans-titre-49.png","type":"image\/png"}],"twitter_card":"summary_large_image","twitter_misc":{"Est. reading time":"1 minute"},"schema":{"@context":"https:\/\/schema.org","@graph":[{"@type":"WebPage","@id":"https:\/\/oenobiol.com\/fr_fr\/produits\/derma-expert-acide-hyaluronique-420mg\/","url":"https:\/\/oenobiol.com\/fr_fr\/produits\/derma-expert-acide-hyaluronique-420mg\/","name":"Derma Expert Acide hyaluronique 420mg - Oenobiol","isPartOf":{"@id":"https:\/\/oenobiol.com\/fr_fr\/#website"},"primaryImageOfPage":{"@id":"https:\/\/oenobiol.com\/fr_fr\/produits\/derma-expert-acide-hyaluronique-420mg\/#primaryimage"},"image":{"@id":"https:\/\/oenobiol.com\/fr_fr\/produits\/derma-expert-acide-hyaluronique-420mg\/#primaryimage"},"thumbnailUrl":"https:\/\/oenobiol.com\/app\/uploads\/2024\/11\/Design-sans-titre-49.png","datePublished":"2024-11-04T11:34:43+00:00","dateModified":"2026-03-04T09:31:12+00:00","description":"Id\u00e9al pour les premi\u00e8res rides, DERMA EXPER Acide Hyaluronique 420mg est la r\u00e9ponse anti-\u00e2ge globale avec une efficacit\u00e9 anti-rides prouv\u00e9e\u00b2.","breadcrumb":{"@id":"https:\/\/oenobiol.com\/fr_fr\/produits\/derma-expert-acide-hyaluronique-420mg\/#breadcrumb"},"inLanguage":"fr-FR-","potentialAction":[{"@type":"ReadAction","target":["https:\/\/oenobiol.com\/fr_fr\/produits\/derma-expert-acide-hyaluronique-420mg\/"]}]},{"@type":"ImageObject","inLanguage":"fr-FR-","@id":"https:\/\/oenobiol.com\/fr_fr\/produits\/derma-expert-acide-hyaluronique-420mg\/#primaryimage","url":"https:\/\/oenobiol.com\/app\/uploads\/2024\/11\/Design-sans-titre-49.png","contentUrl":"https:\/\/oenobiol.com\/app\/uploads\/2024\/11\/Design-sans-titre-49.png","width":350,"height":350,"caption":"Visuel packshot - Pot ouvert - Derma Expert acide hyaluronique"},{"@type":"BreadcrumbList","@id":"https:\/\/oenobiol.com\/fr_fr\/produits\/derma-expert-acide-hyaluronique-420mg\/#breadcrumb","itemListElement":[{"@type":"ListItem","position":1,"name":"Accueil","item":"https:\/\/oenobiol.com\/fr_fr\/"},{"@type":"ListItem","position":2,"name":"Soins du visage","item":"https:\/\/oenobiol.com\/fr_fr\/gammes\/soins-du-visage\/"},{"@type":"ListItem","position":3,"name":"Derma Expert Acide hyaluronique 420mg"}]},{"@type":"WebSite","@id":"https:\/\/oenobiol.com\/fr_fr\/#website","url":"https:\/\/oenobiol.com\/fr_fr\/","name":"Oenobiol","description":"","publisher":{"@id":"https:\/\/oenobiol.com\/fr_fr\/#organization"},"potentialAction":[{"@type":"SearchAction","target":{"@type":"EntryPoint","urlTemplate":"https:\/\/oenobiol.com\/fr_fr\/?s={search_term_string}"},"query-input":{"@type":"PropertyValueSpecification","valueRequired":true,"valueName":"search_term_string"}}],"inLanguage":"fr-FR-"},{"@type":"Organization","@id":"https:\/\/oenobiol.com\/fr_fr\/#organization","name":"Oenobiol","url":"https:\/\/oenobiol.com\/fr_fr\/","logo":{"@type":"ImageObject","inLanguage":"fr-FR-","@id":"https:\/\/oenobiol.com\/fr_fr\/#\/schema\/logo\/image\/","url":"https:\/\/oenobiol.com\/app\/uploads\/2024\/05\/logo-baseline-2-1.svg","contentUrl":"https:\/\/oenobiol.com\/app\/uploads\/2024\/05\/logo-baseline-2-1.svg","width":131,"height":41,"caption":"Oenobiol"},"image":{"@id":"https:\/\/oenobiol.com\/fr_fr\/#\/schema\/logo\/image\/"}}]}},"_links":{"self":[{"href":"https:\/\/oenobiol.com\/fr_fr\/wp-json\/wp\/v2\/product\/16927","targetHints":{"allow":["GET"]}}],"collection":[{"href":"https:\/\/oenobiol.com\/fr_fr\/wp-json\/wp\/v2\/product"}],"about":[{"href":"https:\/\/oenobiol.com\/fr_fr\/wp-json\/wp\/v2\/types\/product"}],"wp:featuredmedia":[{"embeddable":true,"href":"https:\/\/oenobiol.com\/fr_fr\/wp-json\/wp\/v2\/media\/29404"}],"wp:attachment":[{"href":"https:\/\/oenobiol.com\/fr_fr\/wp-json\/wp\/v2\/media?parent=16927"}],"curies":[{"name":"wp","href":"https:\/\/api.w.org\/{rel}","templated":true}]}}