{"id":29682,"date":"2026-02-17T16:55:39","date_gmt":"2026-02-17T15:55:39","guid":{"rendered":"https:\/\/oenobiol.com\/?post_type=product&#038;p=29682"},"modified":"2026-02-17T16:55:39","modified_gmt":"2026-02-17T15:55:39","slug":"hair-expert-chute-de-cheveux-anti-age","status":"publish","type":"product","link":"https:\/\/oenobiol.com\/fr_fr\/produits\/hair-expert-chute-de-cheveux-anti-age\/","title":{"rendered":"Hair Expert Chute de Cheveux Anti-\u00c2ge"},"content":{"rendered":"<p>Avec l\u2019\u00e2ge, les cheveux s\u2019affinent, deviennent plus fragiles et la chute s\u2019intensifie. OENOBIOL HAIR EXPERT CHUTE DE CHEVEUX ANTI-\u00c2GE est la nouvelle solution experte pens\u00e9e pour r\u00e9pondre aux besoins sp\u00e9cifiques des cheveux matures. Sa formule innovante associe des actifs cibl\u00e9s pour pr\u00e9server efficacement le capital capillaire<sup>1<\/sup>, favoriser la croissance et la densit\u00e9 des cheveux1 en freinant la chute li\u00e9e \u00e0 l\u2019\u00e2ge<sup>1<\/sup>, et pr\u00e9server la pigmentation des cheveux<sup>2<\/sup>.<\/p>\n","protected":false},"excerpt":{"rendered":"<p>Un concentr\u00e9 d&#8217;actifs unique au sein d&#8217;Oenobiol Anti-Chute<sup>1<\/sup> et Anti-\u00c2ge<sup>2<\/sup>!<\/p>\n","protected":false},"featured_media":29726,"template":"","meta":{"_acf_changed":false,"inline_featured_image":false},"class_list":["post-29682","product","type-product","status-publish","has-post-thumbnail","hentry","product_category-hair-expert-complement-alimentaire-cheveux-oenobiol"],"acf":[],"yoast_head":"<!-- This site is optimized with the Yoast SEO plugin v27.0 - https:\/\/yoast.com\/product\/yoast-seo-wordpress\/ -->\n<title>Hair Expert Chute de Cheveux Anti-\u00c2ge - Oenobiol<\/title>\n<meta name=\"robots\" content=\"index, follow, max-snippet:-1, max-image-preview:large, max-video-preview:-1\" \/>\n<link rel=\"canonical\" href=\"https:\/\/oenobiol.com\/fr_fr\/produits\/hair-expert-chute-de-cheveux-anti-age\/\" \/>\n<meta property=\"og:locale\" content=\"fr_FR\" \/>\n<meta property=\"og:type\" content=\"article\" \/>\n<meta property=\"og:title\" content=\"Hair Expert Chute de Cheveux Anti-\u00c2ge - Oenobiol\" \/>\n<meta property=\"og:description\" content=\"Un concentr\u00e9 d&#039;actifs unique au sein d&#039;Oenobiol Anti-Chute1 et Anti-\u00c2ge2!\" \/>\n<meta property=\"og:url\" content=\"https:\/\/oenobiol.com\/fr_fr\/produits\/hair-expert-chute-de-cheveux-anti-age\/\" \/>\n<meta property=\"og:site_name\" content=\"Oenobiol\" \/>\n<meta property=\"og:image\" content=\"https:\/\/oenobiol.com\/app\/uploads\/2025\/11\/3614810009954_HAIR_EXPERT_CDCAA_DUO_V1.png\" \/>\n\t<meta property=\"og:image:width\" content=\"1500\" \/>\n\t<meta property=\"og:image:height\" content=\"1500\" \/>\n\t<meta property=\"og:image:type\" content=\"image\/png\" \/>\n<meta name=\"twitter:card\" content=\"summary_large_image\" \/>\n<meta name=\"twitter:label1\" content=\"Est. reading time\" \/>\n\t<meta name=\"twitter:data1\" content=\"1 minute\" \/>\n<script type=\"application\/ld+json\" class=\"yoast-schema-graph\">{\"@context\":\"https:\/\/schema.org\",\"@graph\":[{\"@type\":\"WebPage\",\"@id\":\"https:\/\/oenobiol.com\/fr_fr\/produits\/hair-expert-chute-de-cheveux-anti-age\/\",\"url\":\"https:\/\/oenobiol.com\/fr_fr\/produits\/hair-expert-chute-de-cheveux-anti-age\/\",\"name\":\"Hair Expert Chute de Cheveux Anti-\u00c2ge - Oenobiol\",\"isPartOf\":{\"@id\":\"https:\/\/oenobiol.com\/fr_fr\/#website\"},\"primaryImageOfPage\":{\"@id\":\"https:\/\/oenobiol.com\/fr_fr\/produits\/hair-expert-chute-de-cheveux-anti-age\/#primaryimage\"},\"image\":{\"@id\":\"https:\/\/oenobiol.com\/fr_fr\/produits\/hair-expert-chute-de-cheveux-anti-age\/#primaryimage\"},\"thumbnailUrl\":\"https:\/\/oenobiol.com\/app\/uploads\/2025\/11\/3614810009954_HAIR_EXPERT_CDCAA_DUO_V1.png\",\"datePublished\":\"2026-02-17T15:55:39+00:00\",\"breadcrumb\":{\"@id\":\"https:\/\/oenobiol.com\/fr_fr\/produits\/hair-expert-chute-de-cheveux-anti-age\/#breadcrumb\"},\"inLanguage\":\"fr-FR-\",\"potentialAction\":[{\"@type\":\"ReadAction\",\"target\":[\"https:\/\/oenobiol.com\/fr_fr\/produits\/hair-expert-chute-de-cheveux-anti-age\/\"]}]},{\"@type\":\"ImageObject\",\"inLanguage\":\"fr-FR-\",\"@id\":\"https:\/\/oenobiol.com\/fr_fr\/produits\/hair-expert-chute-de-cheveux-anti-age\/#primaryimage\",\"url\":\"https:\/\/oenobiol.com\/app\/uploads\/2025\/11\/3614810009954_HAIR_EXPERT_CDCAA_DUO_V1.png\",\"contentUrl\":\"https:\/\/oenobiol.com\/app\/uploads\/2025\/11\/3614810009954_HAIR_EXPERT_CDCAA_DUO_V1.png\",\"width\":1500,\"height\":1500},{\"@type\":\"BreadcrumbList\",\"@id\":\"https:\/\/oenobiol.com\/fr_fr\/produits\/hair-expert-chute-de-cheveux-anti-age\/#breadcrumb\",\"itemListElement\":[{\"@type\":\"ListItem\",\"position\":1,\"name\":\"Accueil\",\"item\":\"https:\/\/oenobiol.com\/fr_fr\/\"},{\"@type\":\"ListItem\",\"position\":2,\"name\":\"Cheveux\",\"item\":\"https:\/\/oenobiol.com\/fr_fr\/gammes\/hair-expert-complement-alimentaire-cheveux-oenobiol\/\"},{\"@type\":\"ListItem\",\"position\":3,\"name\":\"Hair Expert Chute de Cheveux Anti-\u00c2ge\"}]},{\"@type\":\"WebSite\",\"@id\":\"https:\/\/oenobiol.com\/fr_fr\/#website\",\"url\":\"https:\/\/oenobiol.com\/fr_fr\/\",\"name\":\"Oenobiol\",\"description\":\"\",\"publisher\":{\"@id\":\"https:\/\/oenobiol.com\/fr_fr\/#organization\"},\"potentialAction\":[{\"@type\":\"SearchAction\",\"target\":{\"@type\":\"EntryPoint\",\"urlTemplate\":\"https:\/\/oenobiol.com\/fr_fr\/?s={search_term_string}\"},\"query-input\":{\"@type\":\"PropertyValueSpecification\",\"valueRequired\":true,\"valueName\":\"search_term_string\"}}],\"inLanguage\":\"fr-FR-\"},{\"@type\":\"Organization\",\"@id\":\"https:\/\/oenobiol.com\/fr_fr\/#organization\",\"name\":\"Oenobiol\",\"url\":\"https:\/\/oenobiol.com\/fr_fr\/\",\"logo\":{\"@type\":\"ImageObject\",\"inLanguage\":\"fr-FR-\",\"@id\":\"https:\/\/oenobiol.com\/fr_fr\/#\/schema\/logo\/image\/\",\"url\":\"https:\/\/oenobiol.com\/app\/uploads\/2024\/05\/logo-baseline-2-1.svg\",\"contentUrl\":\"https:\/\/oenobiol.com\/app\/uploads\/2024\/05\/logo-baseline-2-1.svg\",\"width\":131,\"height\":41,\"caption\":\"Oenobiol\"},\"image\":{\"@id\":\"https:\/\/oenobiol.com\/fr_fr\/#\/schema\/logo\/image\/\"}}]}<\/script>\n<!-- \/ Yoast SEO plugin. -->","yoast_head_json":{"title":"Hair Expert Chute de Cheveux Anti-\u00c2ge - Oenobiol","robots":{"index":"index","follow":"follow","max-snippet":"max-snippet:-1","max-image-preview":"max-image-preview:large","max-video-preview":"max-video-preview:-1"},"canonical":"https:\/\/oenobiol.com\/fr_fr\/produits\/hair-expert-chute-de-cheveux-anti-age\/","og_locale":"fr_FR","og_type":"article","og_title":"Hair Expert Chute de Cheveux Anti-\u00c2ge - Oenobiol","og_description":"Un concentr\u00e9 d'actifs unique au sein d'Oenobiol Anti-Chute1 et Anti-\u00c2ge2!","og_url":"https:\/\/oenobiol.com\/fr_fr\/produits\/hair-expert-chute-de-cheveux-anti-age\/","og_site_name":"Oenobiol","og_image":[{"width":1500,"height":1500,"url":"https:\/\/oenobiol.com\/app\/uploads\/2025\/11\/3614810009954_HAIR_EXPERT_CDCAA_DUO_V1.png","type":"image\/png"}],"twitter_card":"summary_large_image","twitter_misc":{"Est. reading time":"1 minute"},"schema":{"@context":"https:\/\/schema.org","@graph":[{"@type":"WebPage","@id":"https:\/\/oenobiol.com\/fr_fr\/produits\/hair-expert-chute-de-cheveux-anti-age\/","url":"https:\/\/oenobiol.com\/fr_fr\/produits\/hair-expert-chute-de-cheveux-anti-age\/","name":"Hair Expert Chute de Cheveux Anti-\u00c2ge - Oenobiol","isPartOf":{"@id":"https:\/\/oenobiol.com\/fr_fr\/#website"},"primaryImageOfPage":{"@id":"https:\/\/oenobiol.com\/fr_fr\/produits\/hair-expert-chute-de-cheveux-anti-age\/#primaryimage"},"image":{"@id":"https:\/\/oenobiol.com\/fr_fr\/produits\/hair-expert-chute-de-cheveux-anti-age\/#primaryimage"},"thumbnailUrl":"https:\/\/oenobiol.com\/app\/uploads\/2025\/11\/3614810009954_HAIR_EXPERT_CDCAA_DUO_V1.png","datePublished":"2026-02-17T15:55:39+00:00","breadcrumb":{"@id":"https:\/\/oenobiol.com\/fr_fr\/produits\/hair-expert-chute-de-cheveux-anti-age\/#breadcrumb"},"inLanguage":"fr-FR-","potentialAction":[{"@type":"ReadAction","target":["https:\/\/oenobiol.com\/fr_fr\/produits\/hair-expert-chute-de-cheveux-anti-age\/"]}]},{"@type":"ImageObject","inLanguage":"fr-FR-","@id":"https:\/\/oenobiol.com\/fr_fr\/produits\/hair-expert-chute-de-cheveux-anti-age\/#primaryimage","url":"https:\/\/oenobiol.com\/app\/uploads\/2025\/11\/3614810009954_HAIR_EXPERT_CDCAA_DUO_V1.png","contentUrl":"https:\/\/oenobiol.com\/app\/uploads\/2025\/11\/3614810009954_HAIR_EXPERT_CDCAA_DUO_V1.png","width":1500,"height":1500},{"@type":"BreadcrumbList","@id":"https:\/\/oenobiol.com\/fr_fr\/produits\/hair-expert-chute-de-cheveux-anti-age\/#breadcrumb","itemListElement":[{"@type":"ListItem","position":1,"name":"Accueil","item":"https:\/\/oenobiol.com\/fr_fr\/"},{"@type":"ListItem","position":2,"name":"Cheveux","item":"https:\/\/oenobiol.com\/fr_fr\/gammes\/hair-expert-complement-alimentaire-cheveux-oenobiol\/"},{"@type":"ListItem","position":3,"name":"Hair Expert Chute de Cheveux Anti-\u00c2ge"}]},{"@type":"WebSite","@id":"https:\/\/oenobiol.com\/fr_fr\/#website","url":"https:\/\/oenobiol.com\/fr_fr\/","name":"Oenobiol","description":"","publisher":{"@id":"https:\/\/oenobiol.com\/fr_fr\/#organization"},"potentialAction":[{"@type":"SearchAction","target":{"@type":"EntryPoint","urlTemplate":"https:\/\/oenobiol.com\/fr_fr\/?s={search_term_string}"},"query-input":{"@type":"PropertyValueSpecification","valueRequired":true,"valueName":"search_term_string"}}],"inLanguage":"fr-FR-"},{"@type":"Organization","@id":"https:\/\/oenobiol.com\/fr_fr\/#organization","name":"Oenobiol","url":"https:\/\/oenobiol.com\/fr_fr\/","logo":{"@type":"ImageObject","inLanguage":"fr-FR-","@id":"https:\/\/oenobiol.com\/fr_fr\/#\/schema\/logo\/image\/","url":"https:\/\/oenobiol.com\/app\/uploads\/2024\/05\/logo-baseline-2-1.svg","contentUrl":"https:\/\/oenobiol.com\/app\/uploads\/2024\/05\/logo-baseline-2-1.svg","width":131,"height":41,"caption":"Oenobiol"},"image":{"@id":"https:\/\/oenobiol.com\/fr_fr\/#\/schema\/logo\/image\/"}}]}},"_links":{"self":[{"href":"https:\/\/oenobiol.com\/fr_fr\/wp-json\/wp\/v2\/product\/29682","targetHints":{"allow":["GET"]}}],"collection":[{"href":"https:\/\/oenobiol.com\/fr_fr\/wp-json\/wp\/v2\/product"}],"about":[{"href":"https:\/\/oenobiol.com\/fr_fr\/wp-json\/wp\/v2\/types\/product"}],"wp:featuredmedia":[{"embeddable":true,"href":"https:\/\/oenobiol.com\/fr_fr\/wp-json\/wp\/v2\/media\/29726"}],"wp:attachment":[{"href":"https:\/\/oenobiol.com\/fr_fr\/wp-json\/wp\/v2\/media?parent=29682"}],"curies":[{"name":"wp","href":"https:\/\/api.w.org\/{rel}","templated":true}]}}