{"id":29914,"date":"2026-03-30T12:26:46","date_gmt":"2026-03-30T10:26:46","guid":{"rendered":"https:\/\/oenobiol.com\/?post_type=product&#038;p=29914"},"modified":"2026-04-02T16:41:58","modified_gmt":"2026-04-02T14:41:58","slug":"sun-expert-protection-antioxydante-5","status":"publish","type":"product","link":"https:\/\/oenobiol.com\/fr_fr\/produits\/sun-expert-protection-antioxydante-5\/","title":{"rendered":"SUN EXPERT Protection Antioxydante 5"},"content":{"rendered":"<p>Avec une seule capsule par jour, int\u00e9grez <strong>Oenobiol Sun Expert Protection Antioxydante 5\u00b9<\/strong>\u00a0\u00e0 votre routine quotidienne si votre peau est expos\u00e9e \u00e0 la pollution ou aux UV. Parce que votre peau m\u00e9rite d\u2019\u00eatre prot\u00e9g\u00e9e chaque jour \u2014 et pas seulement les jours ensoleill\u00e9s.<\/p>\n","protected":false},"excerpt":{"rendered":"<p>D\u00e9couvrez Oenobiol Sun Expert Protection Antioxydante 5\u00b9, la nouvelle g\u00e9n\u00e9ration de routine quotidienne pour la peau, con\u00e7ue pour les modes de vie modernes.<\/p>\n","protected":false},"featured_media":29916,"template":"","meta":{"_acf_changed":false,"inline_featured_image":false},"class_list":["post-29914","product","type-product","status-publish","has-post-thumbnail","hentry","product_category-preparateurs-solaires"],"acf":[],"yoast_head":"<!-- This site is optimized with the Yoast SEO plugin v27.0 - https:\/\/yoast.com\/product\/yoast-seo-wordpress\/ -->\n<title>SUN EXPERT Protection Antioxydante 5 - Oenobiol<\/title>\n<meta name=\"robots\" content=\"index, follow, max-snippet:-1, max-image-preview:large, max-video-preview:-1\" \/>\n<link rel=\"canonical\" href=\"https:\/\/oenobiol.com\/fr_fr\/produits\/sun-expert-protection-antioxydante-5\/\" \/>\n<meta property=\"og:locale\" content=\"fr_FR\" \/>\n<meta property=\"og:type\" content=\"article\" \/>\n<meta property=\"og:title\" content=\"SUN EXPERT Protection Antioxydante 5 - Oenobiol\" \/>\n<meta property=\"og:description\" content=\"D\u00e9couvrez Oenobiol Sun Expert Protection Antioxydante 5\u00b9, la nouvelle g\u00e9n\u00e9ration de routine quotidienne pour la peau, con\u00e7ue pour les modes de vie modernes.\" \/>\n<meta property=\"og:url\" content=\"https:\/\/oenobiol.com\/fr_fr\/produits\/sun-expert-protection-antioxydante-5\/\" \/>\n<meta property=\"og:site_name\" content=\"Oenobiol\" \/>\n<meta property=\"article:modified_time\" content=\"2026-04-02T14:41:58+00:00\" \/>\n<meta property=\"og:image\" content=\"https:\/\/oenobiol.com\/app\/uploads\/2026\/03\/close-up-fresh-grapefruit-slices.jpg\" \/>\n\t<meta property=\"og:image:width\" content=\"850\" \/>\n\t<meta property=\"og:image:height\" content=\"850\" \/>\n\t<meta property=\"og:image:type\" content=\"image\/jpeg\" \/>\n<meta name=\"twitter:card\" content=\"summary_large_image\" \/>\n<meta name=\"twitter:label1\" content=\"Est. reading time\" \/>\n\t<meta name=\"twitter:data1\" content=\"1 minute\" \/>\n<script type=\"application\/ld+json\" class=\"yoast-schema-graph\">{\"@context\":\"https:\/\/schema.org\",\"@graph\":[{\"@type\":\"WebPage\",\"@id\":\"https:\/\/oenobiol.com\/fr_fr\/produits\/sun-expert-protection-antioxydante-5\/\",\"url\":\"https:\/\/oenobiol.com\/fr_fr\/produits\/sun-expert-protection-antioxydante-5\/\",\"name\":\"SUN EXPERT Protection Antioxydante 5 - Oenobiol\",\"isPartOf\":{\"@id\":\"https:\/\/oenobiol.com\/fr_fr\/#website\"},\"primaryImageOfPage\":{\"@id\":\"https:\/\/oenobiol.com\/fr_fr\/produits\/sun-expert-protection-antioxydante-5\/#primaryimage\"},\"image\":{\"@id\":\"https:\/\/oenobiol.com\/fr_fr\/produits\/sun-expert-protection-antioxydante-5\/#primaryimage\"},\"thumbnailUrl\":\"https:\/\/oenobiol.com\/app\/uploads\/2026\/03\/close-up-fresh-grapefruit-slices.jpg\",\"datePublished\":\"2026-03-30T10:26:46+00:00\",\"dateModified\":\"2026-04-02T14:41:58+00:00\",\"breadcrumb\":{\"@id\":\"https:\/\/oenobiol.com\/fr_fr\/produits\/sun-expert-protection-antioxydante-5\/#breadcrumb\"},\"inLanguage\":\"fr-FR-\",\"potentialAction\":[{\"@type\":\"ReadAction\",\"target\":[\"https:\/\/oenobiol.com\/fr_fr\/produits\/sun-expert-protection-antioxydante-5\/\"]}]},{\"@type\":\"ImageObject\",\"inLanguage\":\"fr-FR-\",\"@id\":\"https:\/\/oenobiol.com\/fr_fr\/produits\/sun-expert-protection-antioxydante-5\/#primaryimage\",\"url\":\"https:\/\/oenobiol.com\/app\/uploads\/2026\/03\/close-up-fresh-grapefruit-slices.jpg\",\"contentUrl\":\"https:\/\/oenobiol.com\/app\/uploads\/2026\/03\/close-up-fresh-grapefruit-slices.jpg\",\"width\":850,\"height\":850,\"caption\":\"SUN EXPERT Protection Antioxydante 5\"},{\"@type\":\"BreadcrumbList\",\"@id\":\"https:\/\/oenobiol.com\/fr_fr\/produits\/sun-expert-protection-antioxydante-5\/#breadcrumb\",\"itemListElement\":[{\"@type\":\"ListItem\",\"position\":1,\"name\":\"Accueil\",\"item\":\"https:\/\/oenobiol.com\/fr_fr\/\"},{\"@type\":\"ListItem\",\"position\":2,\"name\":\"Pr\u00e9parateurs Solaires\",\"item\":\"https:\/\/oenobiol.com\/fr_fr\/gammes\/preparateurs-solaires\/\"},{\"@type\":\"ListItem\",\"position\":3,\"name\":\"SUN EXPERT Protection Antioxydante 5\"}]},{\"@type\":\"WebSite\",\"@id\":\"https:\/\/oenobiol.com\/fr_fr\/#website\",\"url\":\"https:\/\/oenobiol.com\/fr_fr\/\",\"name\":\"Oenobiol\",\"description\":\"\",\"publisher\":{\"@id\":\"https:\/\/oenobiol.com\/fr_fr\/#organization\"},\"potentialAction\":[{\"@type\":\"SearchAction\",\"target\":{\"@type\":\"EntryPoint\",\"urlTemplate\":\"https:\/\/oenobiol.com\/fr_fr\/?s={search_term_string}\"},\"query-input\":{\"@type\":\"PropertyValueSpecification\",\"valueRequired\":true,\"valueName\":\"search_term_string\"}}],\"inLanguage\":\"fr-FR-\"},{\"@type\":\"Organization\",\"@id\":\"https:\/\/oenobiol.com\/fr_fr\/#organization\",\"name\":\"Oenobiol\",\"url\":\"https:\/\/oenobiol.com\/fr_fr\/\",\"logo\":{\"@type\":\"ImageObject\",\"inLanguage\":\"fr-FR-\",\"@id\":\"https:\/\/oenobiol.com\/fr_fr\/#\/schema\/logo\/image\/\",\"url\":\"https:\/\/oenobiol.com\/app\/uploads\/2024\/05\/logo-baseline-2-1.svg\",\"contentUrl\":\"https:\/\/oenobiol.com\/app\/uploads\/2024\/05\/logo-baseline-2-1.svg\",\"width\":131,\"height\":41,\"caption\":\"Oenobiol\"},\"image\":{\"@id\":\"https:\/\/oenobiol.com\/fr_fr\/#\/schema\/logo\/image\/\"}}]}<\/script>\n<!-- \/ Yoast SEO plugin. -->","yoast_head_json":{"title":"SUN EXPERT Protection Antioxydante 5 - Oenobiol","robots":{"index":"index","follow":"follow","max-snippet":"max-snippet:-1","max-image-preview":"max-image-preview:large","max-video-preview":"max-video-preview:-1"},"canonical":"https:\/\/oenobiol.com\/fr_fr\/produits\/sun-expert-protection-antioxydante-5\/","og_locale":"fr_FR","og_type":"article","og_title":"SUN EXPERT Protection Antioxydante 5 - Oenobiol","og_description":"D\u00e9couvrez Oenobiol Sun Expert Protection Antioxydante 5\u00b9, la nouvelle g\u00e9n\u00e9ration de routine quotidienne pour la peau, con\u00e7ue pour les modes de vie modernes.","og_url":"https:\/\/oenobiol.com\/fr_fr\/produits\/sun-expert-protection-antioxydante-5\/","og_site_name":"Oenobiol","article_modified_time":"2026-04-02T14:41:58+00:00","og_image":[{"width":850,"height":850,"url":"https:\/\/oenobiol.com\/app\/uploads\/2026\/03\/close-up-fresh-grapefruit-slices.jpg","type":"image\/jpeg"}],"twitter_card":"summary_large_image","twitter_misc":{"Est. reading time":"1 minute"},"schema":{"@context":"https:\/\/schema.org","@graph":[{"@type":"WebPage","@id":"https:\/\/oenobiol.com\/fr_fr\/produits\/sun-expert-protection-antioxydante-5\/","url":"https:\/\/oenobiol.com\/fr_fr\/produits\/sun-expert-protection-antioxydante-5\/","name":"SUN EXPERT Protection Antioxydante 5 - Oenobiol","isPartOf":{"@id":"https:\/\/oenobiol.com\/fr_fr\/#website"},"primaryImageOfPage":{"@id":"https:\/\/oenobiol.com\/fr_fr\/produits\/sun-expert-protection-antioxydante-5\/#primaryimage"},"image":{"@id":"https:\/\/oenobiol.com\/fr_fr\/produits\/sun-expert-protection-antioxydante-5\/#primaryimage"},"thumbnailUrl":"https:\/\/oenobiol.com\/app\/uploads\/2026\/03\/close-up-fresh-grapefruit-slices.jpg","datePublished":"2026-03-30T10:26:46+00:00","dateModified":"2026-04-02T14:41:58+00:00","breadcrumb":{"@id":"https:\/\/oenobiol.com\/fr_fr\/produits\/sun-expert-protection-antioxydante-5\/#breadcrumb"},"inLanguage":"fr-FR-","potentialAction":[{"@type":"ReadAction","target":["https:\/\/oenobiol.com\/fr_fr\/produits\/sun-expert-protection-antioxydante-5\/"]}]},{"@type":"ImageObject","inLanguage":"fr-FR-","@id":"https:\/\/oenobiol.com\/fr_fr\/produits\/sun-expert-protection-antioxydante-5\/#primaryimage","url":"https:\/\/oenobiol.com\/app\/uploads\/2026\/03\/close-up-fresh-grapefruit-slices.jpg","contentUrl":"https:\/\/oenobiol.com\/app\/uploads\/2026\/03\/close-up-fresh-grapefruit-slices.jpg","width":850,"height":850,"caption":"SUN EXPERT Protection Antioxydante 5"},{"@type":"BreadcrumbList","@id":"https:\/\/oenobiol.com\/fr_fr\/produits\/sun-expert-protection-antioxydante-5\/#breadcrumb","itemListElement":[{"@type":"ListItem","position":1,"name":"Accueil","item":"https:\/\/oenobiol.com\/fr_fr\/"},{"@type":"ListItem","position":2,"name":"Pr\u00e9parateurs Solaires","item":"https:\/\/oenobiol.com\/fr_fr\/gammes\/preparateurs-solaires\/"},{"@type":"ListItem","position":3,"name":"SUN EXPERT Protection Antioxydante 5"}]},{"@type":"WebSite","@id":"https:\/\/oenobiol.com\/fr_fr\/#website","url":"https:\/\/oenobiol.com\/fr_fr\/","name":"Oenobiol","description":"","publisher":{"@id":"https:\/\/oenobiol.com\/fr_fr\/#organization"},"potentialAction":[{"@type":"SearchAction","target":{"@type":"EntryPoint","urlTemplate":"https:\/\/oenobiol.com\/fr_fr\/?s={search_term_string}"},"query-input":{"@type":"PropertyValueSpecification","valueRequired":true,"valueName":"search_term_string"}}],"inLanguage":"fr-FR-"},{"@type":"Organization","@id":"https:\/\/oenobiol.com\/fr_fr\/#organization","name":"Oenobiol","url":"https:\/\/oenobiol.com\/fr_fr\/","logo":{"@type":"ImageObject","inLanguage":"fr-FR-","@id":"https:\/\/oenobiol.com\/fr_fr\/#\/schema\/logo\/image\/","url":"https:\/\/oenobiol.com\/app\/uploads\/2024\/05\/logo-baseline-2-1.svg","contentUrl":"https:\/\/oenobiol.com\/app\/uploads\/2024\/05\/logo-baseline-2-1.svg","width":131,"height":41,"caption":"Oenobiol"},"image":{"@id":"https:\/\/oenobiol.com\/fr_fr\/#\/schema\/logo\/image\/"}}]}},"_links":{"self":[{"href":"https:\/\/oenobiol.com\/fr_fr\/wp-json\/wp\/v2\/product\/29914","targetHints":{"allow":["GET"]}}],"collection":[{"href":"https:\/\/oenobiol.com\/fr_fr\/wp-json\/wp\/v2\/product"}],"about":[{"href":"https:\/\/oenobiol.com\/fr_fr\/wp-json\/wp\/v2\/types\/product"}],"wp:featuredmedia":[{"embeddable":true,"href":"https:\/\/oenobiol.com\/fr_fr\/wp-json\/wp\/v2\/media\/29916"}],"wp:attachment":[{"href":"https:\/\/oenobiol.com\/fr_fr\/wp-json\/wp\/v2\/media?parent=29914"}],"curies":[{"name":"wp","href":"https:\/\/api.w.org\/{rel}","templated":true}]}}