{"id":13387,"date":"2024-04-12T16:21:47","date_gmt":"2024-04-12T14:21:47","guid":{"rendered":"https:\/\/oenobiol.com\/decouvrir-oenobiol\/"},"modified":"2024-11-19T13:17:57","modified_gmt":"2024-11-19T12:17:57","slug":"decouvrir-oenobiol","status":"publish","type":"page","link":"https:\/\/oenobiol.com\/nl_be\/decouvrir-oenobiol\/","title":{"rendered":"ONTDEK OENOBIOL PARIS"},"content":{"rendered":"<p>Als pionier op het gebied van voedingssupplementen werd het merk OENOBIOL Paris in 1985 geboren uit de medische ervaring van Marie B\u00e9jot, een voedingsdeskundige, met een uniek DNA dat geworteld is in wetenschap &amp; schoonheid.<\/p>\n","protected":false},"excerpt":{"rendered":"<p>Als pionier op het gebied van voedingssupplementen werd het merk OENOBIOL Paris in 1985 geboren uit de medische ervaring van Marie B\u00e9jot, een voedingsdeskundige, met een uniek DNA dat geworteld is in wetenschap &amp; schoonheid.<\/p>\n","protected":false},"author":2,"featured_media":4667,"parent":0,"menu_order":0,"comment_status":"closed","ping_status":"closed","template":"template-multifocus.php","meta":{"_acf_changed":false,"inline_featured_image":false,"footnotes":""},"class_list":["post-13387","page","type-page","status-publish","has-post-thumbnail","hentry"],"acf":[],"yoast_head":"<!-- This site is optimized with the Yoast SEO plugin v27.0 - https:\/\/yoast.com\/product\/yoast-seo-wordpress\/ -->\n<title>Site Officiel OENOBIOL - compl\u00e9ments alimentaires<\/title>\n<meta name=\"description\" content=\"OENOBIOL est une marque fran\u00e7aise de compl\u00e9ments alimentaires pour activer votre beaut\u00e9 : pr\u00e9parateurs solaires, autobronzants, fortifiants cheveux...\" \/>\n<meta name=\"robots\" content=\"index, follow, max-snippet:-1, max-image-preview:large, max-video-preview:-1\" \/>\n<link rel=\"canonical\" href=\"https:\/\/oenobiol.com\/nl_be\/decouvrir-oenobiol\/\" \/>\n<meta property=\"og:locale\" content=\"nl_NL\" \/>\n<meta property=\"og:type\" content=\"article\" \/>\n<meta property=\"og:title\" content=\"Site Officiel OENOBIOL - compl\u00e9ments alimentaires\" \/>\n<meta property=\"og:description\" content=\"OENOBIOL est une marque fran\u00e7aise de compl\u00e9ments alimentaires pour activer votre beaut\u00e9 : pr\u00e9parateurs solaires, autobronzants, fortifiants cheveux...\" \/>\n<meta property=\"og:url\" content=\"https:\/\/oenobiol.com\/nl_be\/decouvrir-oenobiol\/\" \/>\n<meta property=\"og:site_name\" content=\"Oenobiol\" \/>\n<meta property=\"article:modified_time\" content=\"2024-11-19T12:17:57+00:00\" \/>\n<meta property=\"og:image\" content=\"https:\/\/oenobiol.com\/app\/uploads\/2024\/04\/visuel-fiche-produit-1-1.png\" \/>\n\t<meta property=\"og:image:width\" content=\"850\" \/>\n\t<meta property=\"og:image:height\" content=\"850\" \/>\n\t<meta property=\"og:image:type\" content=\"image\/png\" \/>\n<meta name=\"twitter:card\" content=\"summary_large_image\" \/>\n<meta name=\"twitter:label1\" content=\"Est. reading time\" \/>\n\t<meta name=\"twitter:data1\" content=\"1 minute\" \/>\n<script type=\"application\/ld+json\" class=\"yoast-schema-graph\">{\"@context\":\"https:\/\/schema.org\",\"@graph\":[{\"@type\":\"WebPage\",\"@id\":\"https:\/\/oenobiol.com\/nl_be\/decouvrir-oenobiol\/\",\"url\":\"https:\/\/oenobiol.com\/nl_be\/decouvrir-oenobiol\/\",\"name\":\"Site Officiel OENOBIOL - compl\u00e9ments alimentaires\",\"isPartOf\":{\"@id\":\"https:\/\/oenobiol.com\/nl_be\/#website\"},\"primaryImageOfPage\":{\"@id\":\"https:\/\/oenobiol.com\/nl_be\/decouvrir-oenobiol\/#primaryimage\"},\"image\":{\"@id\":\"https:\/\/oenobiol.com\/nl_be\/decouvrir-oenobiol\/#primaryimage\"},\"thumbnailUrl\":\"https:\/\/oenobiol.com\/app\/uploads\/2024\/04\/visuel-fiche-produit-1-1.png\",\"datePublished\":\"2024-04-12T14:21:47+00:00\",\"dateModified\":\"2024-11-19T12:17:57+00:00\",\"description\":\"OENOBIOL est une marque fran\u00e7aise de compl\u00e9ments alimentaires pour activer votre beaut\u00e9 : pr\u00e9parateurs solaires, autobronzants, fortifiants cheveux...\",\"breadcrumb\":{\"@id\":\"https:\/\/oenobiol.com\/nl_be\/decouvrir-oenobiol\/#breadcrumb\"},\"inLanguage\":\"nl-BE-\",\"potentialAction\":[{\"@type\":\"ReadAction\",\"target\":[\"https:\/\/oenobiol.com\/nl_be\/decouvrir-oenobiol\/\"]}]},{\"@type\":\"ImageObject\",\"inLanguage\":\"nl-BE-\",\"@id\":\"https:\/\/oenobiol.com\/nl_be\/decouvrir-oenobiol\/#primaryimage\",\"url\":\"https:\/\/oenobiol.com\/app\/uploads\/2024\/04\/visuel-fiche-produit-1-1.png\",\"contentUrl\":\"https:\/\/oenobiol.com\/app\/uploads\/2024\/04\/visuel-fiche-produit-1-1.png\",\"width\":850,\"height\":850,\"caption\":\"Mannequin Sun Expert\"},{\"@type\":\"BreadcrumbList\",\"@id\":\"https:\/\/oenobiol.com\/nl_be\/decouvrir-oenobiol\/#breadcrumb\",\"itemListElement\":[{\"@type\":\"ListItem\",\"position\":1,\"name\":\"Homepage\",\"item\":\"https:\/\/oenobiol.com\/nl_be\/\"},{\"@type\":\"ListItem\",\"position\":2,\"name\":\"ONTDEK OENOBIOL PARIS\"}]},{\"@type\":\"WebSite\",\"@id\":\"https:\/\/oenobiol.com\/nl_be\/#website\",\"url\":\"https:\/\/oenobiol.com\/nl_be\/\",\"name\":\"Oenobiol\",\"description\":\"\",\"publisher\":{\"@id\":\"https:\/\/oenobiol.com\/nl_be\/#organization\"},\"potentialAction\":[{\"@type\":\"SearchAction\",\"target\":{\"@type\":\"EntryPoint\",\"urlTemplate\":\"https:\/\/oenobiol.com\/nl_be\/?s={search_term_string}\"},\"query-input\":{\"@type\":\"PropertyValueSpecification\",\"valueRequired\":true,\"valueName\":\"search_term_string\"}}],\"inLanguage\":\"nl-BE-\"},{\"@type\":\"Organization\",\"@id\":\"https:\/\/oenobiol.com\/nl_be\/#organization\",\"name\":\"Oenobiol\",\"url\":\"https:\/\/oenobiol.com\/nl_be\/\",\"logo\":{\"@type\":\"ImageObject\",\"inLanguage\":\"nl-BE-\",\"@id\":\"https:\/\/oenobiol.com\/nl_be\/#\/schema\/logo\/image\/\",\"url\":\"https:\/\/oenobiol.com\/app\/uploads\/2024\/05\/logo-baseline-2-1.svg\",\"contentUrl\":\"https:\/\/oenobiol.com\/app\/uploads\/2024\/05\/logo-baseline-2-1.svg\",\"width\":131,\"height\":41,\"caption\":\"Oenobiol\"},\"image\":{\"@id\":\"https:\/\/oenobiol.com\/nl_be\/#\/schema\/logo\/image\/\"}}]}<\/script>\n<!-- \/ Yoast SEO plugin. -->","yoast_head_json":{"title":"Site Officiel OENOBIOL - compl\u00e9ments alimentaires","description":"OENOBIOL est une marque fran\u00e7aise de compl\u00e9ments alimentaires pour activer votre beaut\u00e9 : pr\u00e9parateurs solaires, autobronzants, fortifiants cheveux...","robots":{"index":"index","follow":"follow","max-snippet":"max-snippet:-1","max-image-preview":"max-image-preview:large","max-video-preview":"max-video-preview:-1"},"canonical":"https:\/\/oenobiol.com\/nl_be\/decouvrir-oenobiol\/","og_locale":"nl_NL","og_type":"article","og_title":"Site Officiel OENOBIOL - compl\u00e9ments alimentaires","og_description":"OENOBIOL est une marque fran\u00e7aise de compl\u00e9ments alimentaires pour activer votre beaut\u00e9 : pr\u00e9parateurs solaires, autobronzants, fortifiants cheveux...","og_url":"https:\/\/oenobiol.com\/nl_be\/decouvrir-oenobiol\/","og_site_name":"Oenobiol","article_modified_time":"2024-11-19T12:17:57+00:00","og_image":[{"width":850,"height":850,"url":"https:\/\/oenobiol.com\/app\/uploads\/2024\/04\/visuel-fiche-produit-1-1.png","type":"image\/png"}],"twitter_card":"summary_large_image","twitter_misc":{"Est. reading time":"1 minute"},"schema":{"@context":"https:\/\/schema.org","@graph":[{"@type":"WebPage","@id":"https:\/\/oenobiol.com\/nl_be\/decouvrir-oenobiol\/","url":"https:\/\/oenobiol.com\/nl_be\/decouvrir-oenobiol\/","name":"Site Officiel OENOBIOL - compl\u00e9ments alimentaires","isPartOf":{"@id":"https:\/\/oenobiol.com\/nl_be\/#website"},"primaryImageOfPage":{"@id":"https:\/\/oenobiol.com\/nl_be\/decouvrir-oenobiol\/#primaryimage"},"image":{"@id":"https:\/\/oenobiol.com\/nl_be\/decouvrir-oenobiol\/#primaryimage"},"thumbnailUrl":"https:\/\/oenobiol.com\/app\/uploads\/2024\/04\/visuel-fiche-produit-1-1.png","datePublished":"2024-04-12T14:21:47+00:00","dateModified":"2024-11-19T12:17:57+00:00","description":"OENOBIOL est une marque fran\u00e7aise de compl\u00e9ments alimentaires pour activer votre beaut\u00e9 : pr\u00e9parateurs solaires, autobronzants, fortifiants cheveux...","breadcrumb":{"@id":"https:\/\/oenobiol.com\/nl_be\/decouvrir-oenobiol\/#breadcrumb"},"inLanguage":"nl-BE-","potentialAction":[{"@type":"ReadAction","target":["https:\/\/oenobiol.com\/nl_be\/decouvrir-oenobiol\/"]}]},{"@type":"ImageObject","inLanguage":"nl-BE-","@id":"https:\/\/oenobiol.com\/nl_be\/decouvrir-oenobiol\/#primaryimage","url":"https:\/\/oenobiol.com\/app\/uploads\/2024\/04\/visuel-fiche-produit-1-1.png","contentUrl":"https:\/\/oenobiol.com\/app\/uploads\/2024\/04\/visuel-fiche-produit-1-1.png","width":850,"height":850,"caption":"Mannequin Sun Expert"},{"@type":"BreadcrumbList","@id":"https:\/\/oenobiol.com\/nl_be\/decouvrir-oenobiol\/#breadcrumb","itemListElement":[{"@type":"ListItem","position":1,"name":"Homepage","item":"https:\/\/oenobiol.com\/nl_be\/"},{"@type":"ListItem","position":2,"name":"ONTDEK OENOBIOL PARIS"}]},{"@type":"WebSite","@id":"https:\/\/oenobiol.com\/nl_be\/#website","url":"https:\/\/oenobiol.com\/nl_be\/","name":"Oenobiol","description":"","publisher":{"@id":"https:\/\/oenobiol.com\/nl_be\/#organization"},"potentialAction":[{"@type":"SearchAction","target":{"@type":"EntryPoint","urlTemplate":"https:\/\/oenobiol.com\/nl_be\/?s={search_term_string}"},"query-input":{"@type":"PropertyValueSpecification","valueRequired":true,"valueName":"search_term_string"}}],"inLanguage":"nl-BE-"},{"@type":"Organization","@id":"https:\/\/oenobiol.com\/nl_be\/#organization","name":"Oenobiol","url":"https:\/\/oenobiol.com\/nl_be\/","logo":{"@type":"ImageObject","inLanguage":"nl-BE-","@id":"https:\/\/oenobiol.com\/nl_be\/#\/schema\/logo\/image\/","url":"https:\/\/oenobiol.com\/app\/uploads\/2024\/05\/logo-baseline-2-1.svg","contentUrl":"https:\/\/oenobiol.com\/app\/uploads\/2024\/05\/logo-baseline-2-1.svg","width":131,"height":41,"caption":"Oenobiol"},"image":{"@id":"https:\/\/oenobiol.com\/nl_be\/#\/schema\/logo\/image\/"}}]}},"_links":{"self":[{"href":"https:\/\/oenobiol.com\/nl_be\/wp-json\/wp\/v2\/pages\/13387","targetHints":{"allow":["GET"]}}],"collection":[{"href":"https:\/\/oenobiol.com\/nl_be\/wp-json\/wp\/v2\/pages"}],"about":[{"href":"https:\/\/oenobiol.com\/nl_be\/wp-json\/wp\/v2\/types\/page"}],"author":[{"embeddable":true,"href":"https:\/\/oenobiol.com\/nl_be\/wp-json\/wp\/v2\/users\/2"}],"replies":[{"embeddable":true,"href":"https:\/\/oenobiol.com\/nl_be\/wp-json\/wp\/v2\/comments?post=13387"}],"version-history":[{"count":6,"href":"https:\/\/oenobiol.com\/nl_be\/wp-json\/wp\/v2\/pages\/13387\/revisions"}],"predecessor-version":[{"id":29138,"href":"https:\/\/oenobiol.com\/nl_be\/wp-json\/wp\/v2\/pages\/13387\/revisions\/29138"}],"wp:featuredmedia":[{"embeddable":true,"href":"https:\/\/oenobiol.com\/nl_be\/wp-json\/wp\/v2\/media\/4667"}],"wp:attachment":[{"href":"https:\/\/oenobiol.com\/nl_be\/wp-json\/wp\/v2\/media?parent=13387"}],"curies":[{"name":"wp","href":"https:\/\/api.w.org\/{rel}","templated":true}]}}