{"id":13390,"date":"2024-04-05T00:23:50","date_gmt":"2024-04-04T22:23:50","guid":{"rendered":"https:\/\/oenobiol.com\/nous-contacter\/"},"modified":"2024-11-19T13:13:24","modified_gmt":"2024-11-19T12:13:24","slug":"contact","status":"publish","type":"page","link":"https:\/\/oenobiol.com\/nl_be\/contact\/","title":{"rendered":"CONTACTEER ONS"},"content":{"rendered":"<p>Hebt u een vraag of opmerking? Oenobiol Paris &#8211; team helpt u graag verder.<\/p>\n","protected":false},"excerpt":{"rendered":"<p>Contactez-nous en remplissant le formulaire ci-dessous : <\/p>\n","protected":false},"author":1,"featured_media":5644,"parent":0,"menu_order":0,"comment_status":"closed","ping_status":"closed","template":"template-contact.php","meta":{"_acf_changed":false,"inline_featured_image":false,"footnotes":""},"class_list":["post-13390","page","type-page","status-publish","has-post-thumbnail","hentry"],"acf":[],"yoast_head":"<!-- This site is optimized with the Yoast SEO plugin v27.0 - https:\/\/yoast.com\/product\/yoast-seo-wordpress\/ -->\n<title>CONTACTEER ONS - Oenobiol - Compl\u00e9ments alimentaires<\/title>\n<meta name=\"description\" content=\"L&#039;\u00e9quipe Oenobiol r\u00e9pond \u00e0 vos questions sur tous les sujets ! Vous avez besoin d&#039;aide ? Remplissez le formulaire !\" \/>\n<meta name=\"robots\" content=\"index, follow, max-snippet:-1, max-image-preview:large, max-video-preview:-1\" \/>\n<link rel=\"canonical\" href=\"https:\/\/oenobiol.com\/nl_be\/contact\/\" \/>\n<meta property=\"og:locale\" content=\"nl_NL\" \/>\n<meta property=\"og:type\" content=\"article\" \/>\n<meta property=\"og:title\" content=\"CONTACTEER ONS - Oenobiol - Compl\u00e9ments alimentaires\" \/>\n<meta property=\"og:description\" content=\"L&#039;\u00e9quipe Oenobiol r\u00e9pond \u00e0 vos questions sur tous les sujets ! Vous avez besoin d&#039;aide ? Remplissez le formulaire !\" \/>\n<meta property=\"og:url\" content=\"https:\/\/oenobiol.com\/nl_be\/contact\/\" \/>\n<meta property=\"og:site_name\" content=\"Oenobiol\" \/>\n<meta property=\"article:modified_time\" content=\"2024-11-19T12:13:24+00:00\" \/>\n<meta property=\"og:image\" content=\"https:\/\/oenobiol.com\/app\/uploads\/2024\/04\/850x850px-comprendre-la-nutricosmetique.png\" \/>\n\t<meta property=\"og:image:width\" content=\"850\" \/>\n\t<meta property=\"og:image:height\" content=\"850\" \/>\n\t<meta property=\"og:image:type\" content=\"image\/png\" \/>\n<meta name=\"twitter:card\" content=\"summary_large_image\" \/>\n<meta name=\"twitter:label1\" content=\"Est. reading time\" \/>\n\t<meta name=\"twitter:data1\" content=\"1 minute\" \/>\n<script type=\"application\/ld+json\" class=\"yoast-schema-graph\">{\"@context\":\"https:\/\/schema.org\",\"@graph\":[{\"@type\":\"WebPage\",\"@id\":\"https:\/\/oenobiol.com\/nl_be\/contact\/\",\"url\":\"https:\/\/oenobiol.com\/nl_be\/contact\/\",\"name\":\"CONTACTEER ONS - Oenobiol - Compl\u00e9ments alimentaires\",\"isPartOf\":{\"@id\":\"https:\/\/oenobiol.com\/nl_be\/#website\"},\"primaryImageOfPage\":{\"@id\":\"https:\/\/oenobiol.com\/nl_be\/contact\/#primaryimage\"},\"image\":{\"@id\":\"https:\/\/oenobiol.com\/nl_be\/contact\/#primaryimage\"},\"thumbnailUrl\":\"https:\/\/oenobiol.com\/app\/uploads\/2024\/04\/850x850px-comprendre-la-nutricosmetique.png\",\"datePublished\":\"2024-04-04T22:23:50+00:00\",\"dateModified\":\"2024-11-19T12:13:24+00:00\",\"description\":\"L'\u00e9quipe Oenobiol r\u00e9pond \u00e0 vos questions sur tous les sujets ! Vous avez besoin d'aide ? Remplissez le formulaire !\",\"breadcrumb\":{\"@id\":\"https:\/\/oenobiol.com\/nl_be\/contact\/#breadcrumb\"},\"inLanguage\":\"nl-BE-\",\"potentialAction\":[{\"@type\":\"ReadAction\",\"target\":[\"https:\/\/oenobiol.com\/nl_be\/contact\/\"]}]},{\"@type\":\"ImageObject\",\"inLanguage\":\"nl-BE-\",\"@id\":\"https:\/\/oenobiol.com\/nl_be\/contact\/#primaryimage\",\"url\":\"https:\/\/oenobiol.com\/app\/uploads\/2024\/04\/850x850px-comprendre-la-nutricosmetique.png\",\"contentUrl\":\"https:\/\/oenobiol.com\/app\/uploads\/2024\/04\/850x850px-comprendre-la-nutricosmetique.png\",\"width\":850,\"height\":850,\"caption\":\"Illustration - comprendre la nutricosmetique\"},{\"@type\":\"BreadcrumbList\",\"@id\":\"https:\/\/oenobiol.com\/nl_be\/contact\/#breadcrumb\",\"itemListElement\":[{\"@type\":\"ListItem\",\"position\":1,\"name\":\"Homepage\",\"item\":\"https:\/\/oenobiol.com\/nl_be\/\"},{\"@type\":\"ListItem\",\"position\":2,\"name\":\"CONTACTEER ONS\"}]},{\"@type\":\"WebSite\",\"@id\":\"https:\/\/oenobiol.com\/nl_be\/#website\",\"url\":\"https:\/\/oenobiol.com\/nl_be\/\",\"name\":\"Oenobiol\",\"description\":\"\",\"publisher\":{\"@id\":\"https:\/\/oenobiol.com\/nl_be\/#organization\"},\"potentialAction\":[{\"@type\":\"SearchAction\",\"target\":{\"@type\":\"EntryPoint\",\"urlTemplate\":\"https:\/\/oenobiol.com\/nl_be\/?s={search_term_string}\"},\"query-input\":{\"@type\":\"PropertyValueSpecification\",\"valueRequired\":true,\"valueName\":\"search_term_string\"}}],\"inLanguage\":\"nl-BE-\"},{\"@type\":\"Organization\",\"@id\":\"https:\/\/oenobiol.com\/nl_be\/#organization\",\"name\":\"Oenobiol\",\"url\":\"https:\/\/oenobiol.com\/nl_be\/\",\"logo\":{\"@type\":\"ImageObject\",\"inLanguage\":\"nl-BE-\",\"@id\":\"https:\/\/oenobiol.com\/nl_be\/#\/schema\/logo\/image\/\",\"url\":\"https:\/\/oenobiol.com\/app\/uploads\/2024\/05\/logo-baseline-2-1.svg\",\"contentUrl\":\"https:\/\/oenobiol.com\/app\/uploads\/2024\/05\/logo-baseline-2-1.svg\",\"width\":131,\"height\":41,\"caption\":\"Oenobiol\"},\"image\":{\"@id\":\"https:\/\/oenobiol.com\/nl_be\/#\/schema\/logo\/image\/\"}}]}<\/script>\n<!-- \/ Yoast SEO plugin. -->","yoast_head_json":{"title":"CONTACTEER ONS - Oenobiol - Compl\u00e9ments alimentaires","description":"L'\u00e9quipe Oenobiol r\u00e9pond \u00e0 vos questions sur tous les sujets ! Vous avez besoin d'aide ? Remplissez le formulaire !","robots":{"index":"index","follow":"follow","max-snippet":"max-snippet:-1","max-image-preview":"max-image-preview:large","max-video-preview":"max-video-preview:-1"},"canonical":"https:\/\/oenobiol.com\/nl_be\/contact\/","og_locale":"nl_NL","og_type":"article","og_title":"CONTACTEER ONS - Oenobiol - Compl\u00e9ments alimentaires","og_description":"L'\u00e9quipe Oenobiol r\u00e9pond \u00e0 vos questions sur tous les sujets ! Vous avez besoin d'aide ? Remplissez le formulaire !","og_url":"https:\/\/oenobiol.com\/nl_be\/contact\/","og_site_name":"Oenobiol","article_modified_time":"2024-11-19T12:13:24+00:00","og_image":[{"width":850,"height":850,"url":"https:\/\/oenobiol.com\/app\/uploads\/2024\/04\/850x850px-comprendre-la-nutricosmetique.png","type":"image\/png"}],"twitter_card":"summary_large_image","twitter_misc":{"Est. reading time":"1 minute"},"schema":{"@context":"https:\/\/schema.org","@graph":[{"@type":"WebPage","@id":"https:\/\/oenobiol.com\/nl_be\/contact\/","url":"https:\/\/oenobiol.com\/nl_be\/contact\/","name":"CONTACTEER ONS - Oenobiol - Compl\u00e9ments alimentaires","isPartOf":{"@id":"https:\/\/oenobiol.com\/nl_be\/#website"},"primaryImageOfPage":{"@id":"https:\/\/oenobiol.com\/nl_be\/contact\/#primaryimage"},"image":{"@id":"https:\/\/oenobiol.com\/nl_be\/contact\/#primaryimage"},"thumbnailUrl":"https:\/\/oenobiol.com\/app\/uploads\/2024\/04\/850x850px-comprendre-la-nutricosmetique.png","datePublished":"2024-04-04T22:23:50+00:00","dateModified":"2024-11-19T12:13:24+00:00","description":"L'\u00e9quipe Oenobiol r\u00e9pond \u00e0 vos questions sur tous les sujets ! Vous avez besoin d'aide ? Remplissez le formulaire !","breadcrumb":{"@id":"https:\/\/oenobiol.com\/nl_be\/contact\/#breadcrumb"},"inLanguage":"nl-BE-","potentialAction":[{"@type":"ReadAction","target":["https:\/\/oenobiol.com\/nl_be\/contact\/"]}]},{"@type":"ImageObject","inLanguage":"nl-BE-","@id":"https:\/\/oenobiol.com\/nl_be\/contact\/#primaryimage","url":"https:\/\/oenobiol.com\/app\/uploads\/2024\/04\/850x850px-comprendre-la-nutricosmetique.png","contentUrl":"https:\/\/oenobiol.com\/app\/uploads\/2024\/04\/850x850px-comprendre-la-nutricosmetique.png","width":850,"height":850,"caption":"Illustration - comprendre la nutricosmetique"},{"@type":"BreadcrumbList","@id":"https:\/\/oenobiol.com\/nl_be\/contact\/#breadcrumb","itemListElement":[{"@type":"ListItem","position":1,"name":"Homepage","item":"https:\/\/oenobiol.com\/nl_be\/"},{"@type":"ListItem","position":2,"name":"CONTACTEER ONS"}]},{"@type":"WebSite","@id":"https:\/\/oenobiol.com\/nl_be\/#website","url":"https:\/\/oenobiol.com\/nl_be\/","name":"Oenobiol","description":"","publisher":{"@id":"https:\/\/oenobiol.com\/nl_be\/#organization"},"potentialAction":[{"@type":"SearchAction","target":{"@type":"EntryPoint","urlTemplate":"https:\/\/oenobiol.com\/nl_be\/?s={search_term_string}"},"query-input":{"@type":"PropertyValueSpecification","valueRequired":true,"valueName":"search_term_string"}}],"inLanguage":"nl-BE-"},{"@type":"Organization","@id":"https:\/\/oenobiol.com\/nl_be\/#organization","name":"Oenobiol","url":"https:\/\/oenobiol.com\/nl_be\/","logo":{"@type":"ImageObject","inLanguage":"nl-BE-","@id":"https:\/\/oenobiol.com\/nl_be\/#\/schema\/logo\/image\/","url":"https:\/\/oenobiol.com\/app\/uploads\/2024\/05\/logo-baseline-2-1.svg","contentUrl":"https:\/\/oenobiol.com\/app\/uploads\/2024\/05\/logo-baseline-2-1.svg","width":131,"height":41,"caption":"Oenobiol"},"image":{"@id":"https:\/\/oenobiol.com\/nl_be\/#\/schema\/logo\/image\/"}}]}},"_links":{"self":[{"href":"https:\/\/oenobiol.com\/nl_be\/wp-json\/wp\/v2\/pages\/13390","targetHints":{"allow":["GET"]}}],"collection":[{"href":"https:\/\/oenobiol.com\/nl_be\/wp-json\/wp\/v2\/pages"}],"about":[{"href":"https:\/\/oenobiol.com\/nl_be\/wp-json\/wp\/v2\/types\/page"}],"author":[{"embeddable":true,"href":"https:\/\/oenobiol.com\/nl_be\/wp-json\/wp\/v2\/users\/1"}],"replies":[{"embeddable":true,"href":"https:\/\/oenobiol.com\/nl_be\/wp-json\/wp\/v2\/comments?post=13390"}],"version-history":[{"count":5,"href":"https:\/\/oenobiol.com\/nl_be\/wp-json\/wp\/v2\/pages\/13390\/revisions"}],"predecessor-version":[{"id":29137,"href":"https:\/\/oenobiol.com\/nl_be\/wp-json\/wp\/v2\/pages\/13390\/revisions\/29137"}],"wp:featuredmedia":[{"embeddable":true,"href":"https:\/\/oenobiol.com\/nl_be\/wp-json\/wp\/v2\/media\/5644"}],"wp:attachment":[{"href":"https:\/\/oenobiol.com\/nl_be\/wp-json\/wp\/v2\/media?parent=13390"}],"curies":[{"name":"wp","href":"https:\/\/api.w.org\/{rel}","templated":true}]}}