{"id":13435,"date":"2024-04-09T17:54:24","date_gmt":"2024-04-09T15:54:24","guid":{"rendered":"https:\/\/oenobiol.com\/produits\/minceur-tout-en-1\/"},"modified":"2024-12-24T11:20:20","modified_gmt":"2024-12-24T10:20:20","slug":"binder-3-in-1","status":"publish","type":"product","link":"https:\/\/oenobiol.com\/nl_be\/producten\/binder-3-in-1\/","title":{"rendered":"BINDER 3 IN 1 +"},"content":{"rendered":"<p>Oenobiol Binder 3 in 1+ helpt de calorieopname te verminderen (tot 75%) door vetten en suikers vast te leggen en verlengt het verzadigende effect (tot 4 uur), wat helpt de eetlust te verminderen. Het heeft ook een prebiotisch effect dat de darmflora binnen 48 uur herstelt en regenereert. Deze prebiotische werking helpt het aantal nuttige bacteri\u00ebn in de darmflora te verhogen: +187% Bacteroidetes\/ +25% Bifidobacterium.<\/p>\n","protected":false},"excerpt":{"rendered":"<p>Versterkt gewichtsverlies.<\/p>\n","protected":false},"featured_media":29008,"template":"","meta":{"_acf_changed":false,"inline_featured_image":false},"class_list":["post-13435","product","type-product","status-publish","has-post-thumbnail","hentry","product_category-minceur-nl_be","product_tag-geteste-efficientie"],"acf":[],"yoast_head":"<!-- This site is optimized with the Yoast SEO plugin v27.0 - https:\/\/yoast.com\/product\/yoast-seo-wordpress\/ -->\n<title>OENOBIOL Minceur Tout en 1 : programme 1 mois<\/title>\n<meta name=\"description\" content=\"D\u00e9couvrez OENOBIOL Minceur Tout en 1, le compl\u00e9ment alimentaire complet en sticks et comprim\u00e9s pour celles et ceux qui recherchent une solution minceur globale.\" \/>\n<meta name=\"robots\" content=\"index, follow, max-snippet:-1, max-image-preview:large, max-video-preview:-1\" \/>\n<link rel=\"canonical\" href=\"https:\/\/oenobiol.com\/nl_be\/producten\/binder-3-in-1\/\" \/>\n<meta property=\"og:locale\" content=\"nl_NL\" \/>\n<meta property=\"og:type\" content=\"article\" \/>\n<meta property=\"og:title\" content=\"OENOBIOL Minceur Tout en 1 : programme 1 mois\" \/>\n<meta property=\"og:description\" content=\"D\u00e9couvrez OENOBIOL Minceur Tout en 1, le compl\u00e9ment alimentaire complet en sticks et comprim\u00e9s pour celles et ceux qui recherchent une solution minceur globale.\" \/>\n<meta property=\"og:url\" content=\"https:\/\/oenobiol.com\/nl_be\/producten\/binder-3-in-1\/\" \/>\n<meta property=\"og:site_name\" content=\"Oenobiol\" \/>\n<meta property=\"article:modified_time\" content=\"2024-12-24T10:20:20+00:00\" \/>\n<meta property=\"og:image\" content=\"https:\/\/oenobiol.com\/app\/uploads\/2024\/04\/4173183-Oenobiol-Slimming-Binder-3in1_NL.png\" \/>\n\t<meta property=\"og:image:width\" content=\"1327\" \/>\n\t<meta property=\"og:image:height\" content=\"1085\" \/>\n\t<meta property=\"og:image:type\" content=\"image\/png\" \/>\n<meta name=\"twitter:card\" content=\"summary_large_image\" \/>\n<meta name=\"twitter:label1\" content=\"Est. reading time\" \/>\n\t<meta name=\"twitter:data1\" content=\"1 minute\" \/>\n<script type=\"application\/ld+json\" class=\"yoast-schema-graph\">{\"@context\":\"https:\/\/schema.org\",\"@graph\":[{\"@type\":\"WebPage\",\"@id\":\"https:\/\/oenobiol.com\/nl_be\/producten\/binder-3-in-1\/\",\"url\":\"https:\/\/oenobiol.com\/nl_be\/producten\/binder-3-in-1\/\",\"name\":\"OENOBIOL Minceur Tout en 1 : programme 1 mois\",\"isPartOf\":{\"@id\":\"https:\/\/oenobiol.com\/nl_be\/#website\"},\"primaryImageOfPage\":{\"@id\":\"https:\/\/oenobiol.com\/nl_be\/producten\/binder-3-in-1\/#primaryimage\"},\"image\":{\"@id\":\"https:\/\/oenobiol.com\/nl_be\/producten\/binder-3-in-1\/#primaryimage\"},\"thumbnailUrl\":\"https:\/\/oenobiol.com\/app\/uploads\/2024\/04\/4173183-Oenobiol-Slimming-Binder-3in1_NL.png\",\"datePublished\":\"2024-04-09T15:54:24+00:00\",\"dateModified\":\"2024-12-24T10:20:20+00:00\",\"description\":\"D\u00e9couvrez OENOBIOL Minceur Tout en 1, le compl\u00e9ment alimentaire complet en sticks et comprim\u00e9s pour celles et ceux qui recherchent une solution minceur globale.\",\"breadcrumb\":{\"@id\":\"https:\/\/oenobiol.com\/nl_be\/producten\/binder-3-in-1\/#breadcrumb\"},\"inLanguage\":\"nl-BE-\",\"potentialAction\":[{\"@type\":\"ReadAction\",\"target\":[\"https:\/\/oenobiol.com\/nl_be\/producten\/binder-3-in-1\/\"]}]},{\"@type\":\"ImageObject\",\"inLanguage\":\"nl-BE-\",\"@id\":\"https:\/\/oenobiol.com\/nl_be\/producten\/binder-3-in-1\/#primaryimage\",\"url\":\"https:\/\/oenobiol.com\/app\/uploads\/2024\/04\/4173183-Oenobiol-Slimming-Binder-3in1_NL.png\",\"contentUrl\":\"https:\/\/oenobiol.com\/app\/uploads\/2024\/04\/4173183-Oenobiol-Slimming-Binder-3in1_NL.png\",\"width\":1327,\"height\":1085},{\"@type\":\"BreadcrumbList\",\"@id\":\"https:\/\/oenobiol.com\/nl_be\/producten\/binder-3-in-1\/#breadcrumb\",\"itemListElement\":[{\"@type\":\"ListItem\",\"position\":1,\"name\":\"Homepage\",\"item\":\"https:\/\/oenobiol.com\/nl_be\/\"},{\"@type\":\"ListItem\",\"position\":2,\"name\":\"Slank &amp; fit\",\"item\":\"https:\/\/oenobiol.com\/nl_be\/assortimenten\/minceur-nl_be\/\"},{\"@type\":\"ListItem\",\"position\":3,\"name\":\"BINDER 3 IN 1 +\"}]},{\"@type\":\"WebSite\",\"@id\":\"https:\/\/oenobiol.com\/nl_be\/#website\",\"url\":\"https:\/\/oenobiol.com\/nl_be\/\",\"name\":\"Oenobiol\",\"description\":\"\",\"publisher\":{\"@id\":\"https:\/\/oenobiol.com\/nl_be\/#organization\"},\"potentialAction\":[{\"@type\":\"SearchAction\",\"target\":{\"@type\":\"EntryPoint\",\"urlTemplate\":\"https:\/\/oenobiol.com\/nl_be\/?s={search_term_string}\"},\"query-input\":{\"@type\":\"PropertyValueSpecification\",\"valueRequired\":true,\"valueName\":\"search_term_string\"}}],\"inLanguage\":\"nl-BE-\"},{\"@type\":\"Organization\",\"@id\":\"https:\/\/oenobiol.com\/nl_be\/#organization\",\"name\":\"Oenobiol\",\"url\":\"https:\/\/oenobiol.com\/nl_be\/\",\"logo\":{\"@type\":\"ImageObject\",\"inLanguage\":\"nl-BE-\",\"@id\":\"https:\/\/oenobiol.com\/nl_be\/#\/schema\/logo\/image\/\",\"url\":\"https:\/\/oenobiol.com\/app\/uploads\/2024\/05\/logo-baseline-2-1.svg\",\"contentUrl\":\"https:\/\/oenobiol.com\/app\/uploads\/2024\/05\/logo-baseline-2-1.svg\",\"width\":131,\"height\":41,\"caption\":\"Oenobiol\"},\"image\":{\"@id\":\"https:\/\/oenobiol.com\/nl_be\/#\/schema\/logo\/image\/\"}}]}<\/script>\n<!-- \/ Yoast SEO plugin. -->","yoast_head_json":{"title":"OENOBIOL Minceur Tout en 1 : programme 1 mois","description":"D\u00e9couvrez OENOBIOL Minceur Tout en 1, le compl\u00e9ment alimentaire complet en sticks et comprim\u00e9s pour celles et ceux qui recherchent une solution minceur globale.","robots":{"index":"index","follow":"follow","max-snippet":"max-snippet:-1","max-image-preview":"max-image-preview:large","max-video-preview":"max-video-preview:-1"},"canonical":"https:\/\/oenobiol.com\/nl_be\/producten\/binder-3-in-1\/","og_locale":"nl_NL","og_type":"article","og_title":"OENOBIOL Minceur Tout en 1 : programme 1 mois","og_description":"D\u00e9couvrez OENOBIOL Minceur Tout en 1, le compl\u00e9ment alimentaire complet en sticks et comprim\u00e9s pour celles et ceux qui recherchent une solution minceur globale.","og_url":"https:\/\/oenobiol.com\/nl_be\/producten\/binder-3-in-1\/","og_site_name":"Oenobiol","article_modified_time":"2024-12-24T10:20:20+00:00","og_image":[{"width":1327,"height":1085,"url":"https:\/\/oenobiol.com\/app\/uploads\/2024\/04\/4173183-Oenobiol-Slimming-Binder-3in1_NL.png","type":"image\/png"}],"twitter_card":"summary_large_image","twitter_misc":{"Est. reading time":"1 minute"},"schema":{"@context":"https:\/\/schema.org","@graph":[{"@type":"WebPage","@id":"https:\/\/oenobiol.com\/nl_be\/producten\/binder-3-in-1\/","url":"https:\/\/oenobiol.com\/nl_be\/producten\/binder-3-in-1\/","name":"OENOBIOL Minceur Tout en 1 : programme 1 mois","isPartOf":{"@id":"https:\/\/oenobiol.com\/nl_be\/#website"},"primaryImageOfPage":{"@id":"https:\/\/oenobiol.com\/nl_be\/producten\/binder-3-in-1\/#primaryimage"},"image":{"@id":"https:\/\/oenobiol.com\/nl_be\/producten\/binder-3-in-1\/#primaryimage"},"thumbnailUrl":"https:\/\/oenobiol.com\/app\/uploads\/2024\/04\/4173183-Oenobiol-Slimming-Binder-3in1_NL.png","datePublished":"2024-04-09T15:54:24+00:00","dateModified":"2024-12-24T10:20:20+00:00","description":"D\u00e9couvrez OENOBIOL Minceur Tout en 1, le compl\u00e9ment alimentaire complet en sticks et comprim\u00e9s pour celles et ceux qui recherchent une solution minceur globale.","breadcrumb":{"@id":"https:\/\/oenobiol.com\/nl_be\/producten\/binder-3-in-1\/#breadcrumb"},"inLanguage":"nl-BE-","potentialAction":[{"@type":"ReadAction","target":["https:\/\/oenobiol.com\/nl_be\/producten\/binder-3-in-1\/"]}]},{"@type":"ImageObject","inLanguage":"nl-BE-","@id":"https:\/\/oenobiol.com\/nl_be\/producten\/binder-3-in-1\/#primaryimage","url":"https:\/\/oenobiol.com\/app\/uploads\/2024\/04\/4173183-Oenobiol-Slimming-Binder-3in1_NL.png","contentUrl":"https:\/\/oenobiol.com\/app\/uploads\/2024\/04\/4173183-Oenobiol-Slimming-Binder-3in1_NL.png","width":1327,"height":1085},{"@type":"BreadcrumbList","@id":"https:\/\/oenobiol.com\/nl_be\/producten\/binder-3-in-1\/#breadcrumb","itemListElement":[{"@type":"ListItem","position":1,"name":"Homepage","item":"https:\/\/oenobiol.com\/nl_be\/"},{"@type":"ListItem","position":2,"name":"Slank &amp; fit","item":"https:\/\/oenobiol.com\/nl_be\/assortimenten\/minceur-nl_be\/"},{"@type":"ListItem","position":3,"name":"BINDER 3 IN 1 +"}]},{"@type":"WebSite","@id":"https:\/\/oenobiol.com\/nl_be\/#website","url":"https:\/\/oenobiol.com\/nl_be\/","name":"Oenobiol","description":"","publisher":{"@id":"https:\/\/oenobiol.com\/nl_be\/#organization"},"potentialAction":[{"@type":"SearchAction","target":{"@type":"EntryPoint","urlTemplate":"https:\/\/oenobiol.com\/nl_be\/?s={search_term_string}"},"query-input":{"@type":"PropertyValueSpecification","valueRequired":true,"valueName":"search_term_string"}}],"inLanguage":"nl-BE-"},{"@type":"Organization","@id":"https:\/\/oenobiol.com\/nl_be\/#organization","name":"Oenobiol","url":"https:\/\/oenobiol.com\/nl_be\/","logo":{"@type":"ImageObject","inLanguage":"nl-BE-","@id":"https:\/\/oenobiol.com\/nl_be\/#\/schema\/logo\/image\/","url":"https:\/\/oenobiol.com\/app\/uploads\/2024\/05\/logo-baseline-2-1.svg","contentUrl":"https:\/\/oenobiol.com\/app\/uploads\/2024\/05\/logo-baseline-2-1.svg","width":131,"height":41,"caption":"Oenobiol"},"image":{"@id":"https:\/\/oenobiol.com\/nl_be\/#\/schema\/logo\/image\/"}}]}},"_links":{"self":[{"href":"https:\/\/oenobiol.com\/nl_be\/wp-json\/wp\/v2\/product\/13435","targetHints":{"allow":["GET"]}}],"collection":[{"href":"https:\/\/oenobiol.com\/nl_be\/wp-json\/wp\/v2\/product"}],"about":[{"href":"https:\/\/oenobiol.com\/nl_be\/wp-json\/wp\/v2\/types\/product"}],"wp:featuredmedia":[{"embeddable":true,"href":"https:\/\/oenobiol.com\/nl_be\/wp-json\/wp\/v2\/media\/29008"}],"wp:attachment":[{"href":"https:\/\/oenobiol.com\/nl_be\/wp-json\/wp\/v2\/media?parent=13435"}],"curies":[{"name":"wp","href":"https:\/\/api.w.org\/{rel}","templated":true}]}}