{"id":13443,"date":"2024-04-04T17:15:20","date_gmt":"2024-04-04T15:15:20","guid":{"rendered":"https:\/\/oenobiol.com\/produits\/gummies-solaire-2-en-1\/"},"modified":"2025-12-31T09:17:32","modified_gmt":"2025-12-31T08:17:32","slug":"gummies-sun-bronze","status":"publish","type":"product","link":"https:\/\/oenobiol.com\/nl_be\/producten\/gummies-sun-bronze\/","title":{"rendered":"Gummies SUN BRONZE"},"content":{"rendered":"<p>Gummies SUN BRONZE biedt een dubbele belofte voor een voorbereide en zongebruinde huid het hele jaar door: actieve celbescherming\u00b9 en een stralende zongebruinde huid.<\/p>\n","protected":false},"excerpt":{"rendered":"<p>Een gummy die bijdraagt aan een stralende zongebruinde huid, maar niet enkel dat\u2026<\/p>\n","protected":false},"featured_media":28823,"template":"","meta":{"_acf_changed":false,"inline_featured_image":false},"class_list":["post-13443","product","type-product","status-publish","has-post-thumbnail","hentry","product_category-zongebruinde-huid-nl_be","product_category-zonvoorbereiding-nl_be","product_tag-made-in-france-vegan"],"acf":[],"yoast_head":"<!-- This site is optimized with the Yoast SEO plugin v27.0 - https:\/\/yoast.com\/product\/yoast-seo-wordpress\/ -->\n<title>Gummies Solaire 2en1 - sans sucre et vegan - OENOBIOL<\/title>\n<meta name=\"description\" content=\"Envie d&#039;avoir le teint dor\u00e9 et la peau pr\u00e9par\u00e9e ? D\u00e9coouvrez les gummies Solaire 2en1 double action autobronzante et pr\u00e9parateur solaire OENOBIOL !\" \/>\n<meta name=\"robots\" content=\"index, follow, max-snippet:-1, max-image-preview:large, max-video-preview:-1\" \/>\n<link rel=\"canonical\" href=\"https:\/\/oenobiol.com\/nl_be\/producten\/gummies-sun-bronze\/\" \/>\n<meta property=\"og:locale\" content=\"nl_NL\" \/>\n<meta property=\"og:type\" content=\"article\" \/>\n<meta property=\"og:title\" content=\"Gummies Solaire 2en1 - sans sucre et vegan - OENOBIOL\" \/>\n<meta property=\"og:description\" content=\"Envie d&#039;avoir le teint dor\u00e9 et la peau pr\u00e9par\u00e9e ? D\u00e9coouvrez les gummies Solaire 2en1 double action autobronzante et pr\u00e9parateur solaire OENOBIOL !\" \/>\n<meta property=\"og:url\" content=\"https:\/\/oenobiol.com\/nl_be\/producten\/gummies-sun-bronze\/\" \/>\n<meta property=\"og:site_name\" content=\"Oenobiol\" \/>\n<meta property=\"article:modified_time\" content=\"2025-12-31T08:17:32+00:00\" \/>\n<meta property=\"og:image\" content=\"https:\/\/oenobiol.com\/app\/uploads\/2024\/04\/Pot-BE-GUMMIES-Sun-1024x853.png\" \/>\n\t<meta property=\"og:image:width\" content=\"1024\" \/>\n\t<meta property=\"og:image:height\" content=\"853\" \/>\n\t<meta property=\"og:image:type\" content=\"image\/png\" \/>\n<meta name=\"twitter:card\" content=\"summary_large_image\" \/>\n<meta name=\"twitter:label1\" content=\"Est. reading time\" \/>\n\t<meta name=\"twitter:data1\" content=\"1 minute\" \/>\n<script type=\"application\/ld+json\" class=\"yoast-schema-graph\">{\"@context\":\"https:\/\/schema.org\",\"@graph\":[{\"@type\":\"WebPage\",\"@id\":\"https:\/\/oenobiol.com\/nl_be\/producten\/gummies-sun-bronze\/\",\"url\":\"https:\/\/oenobiol.com\/nl_be\/producten\/gummies-sun-bronze\/\",\"name\":\"Gummies Solaire 2en1 - sans sucre et vegan - OENOBIOL\",\"isPartOf\":{\"@id\":\"https:\/\/oenobiol.com\/nl_be\/#website\"},\"primaryImageOfPage\":{\"@id\":\"https:\/\/oenobiol.com\/nl_be\/producten\/gummies-sun-bronze\/#primaryimage\"},\"image\":{\"@id\":\"https:\/\/oenobiol.com\/nl_be\/producten\/gummies-sun-bronze\/#primaryimage\"},\"thumbnailUrl\":\"https:\/\/oenobiol.com\/app\/uploads\/2024\/04\/Pot-BE-GUMMIES-Sun.png\",\"datePublished\":\"2024-04-04T15:15:20+00:00\",\"dateModified\":\"2025-12-31T08:17:32+00:00\",\"description\":\"Envie d'avoir le teint dor\u00e9 et la peau pr\u00e9par\u00e9e ? D\u00e9coouvrez les gummies Solaire 2en1 double action autobronzante et pr\u00e9parateur solaire OENOBIOL !\",\"breadcrumb\":{\"@id\":\"https:\/\/oenobiol.com\/nl_be\/producten\/gummies-sun-bronze\/#breadcrumb\"},\"inLanguage\":\"nl-BE-\",\"potentialAction\":[{\"@type\":\"ReadAction\",\"target\":[\"https:\/\/oenobiol.com\/nl_be\/producten\/gummies-sun-bronze\/\"]}]},{\"@type\":\"ImageObject\",\"inLanguage\":\"nl-BE-\",\"@id\":\"https:\/\/oenobiol.com\/nl_be\/producten\/gummies-sun-bronze\/#primaryimage\",\"url\":\"https:\/\/oenobiol.com\/app\/uploads\/2024\/04\/Pot-BE-GUMMIES-Sun.png\",\"contentUrl\":\"https:\/\/oenobiol.com\/app\/uploads\/2024\/04\/Pot-BE-GUMMIES-Sun.png\",\"width\":2593,\"height\":2160},{\"@type\":\"BreadcrumbList\",\"@id\":\"https:\/\/oenobiol.com\/nl_be\/producten\/gummies-sun-bronze\/#breadcrumb\",\"itemListElement\":[{\"@type\":\"ListItem\",\"position\":1,\"name\":\"Homepage\",\"item\":\"https:\/\/oenobiol.com\/nl_be\/\"},{\"@type\":\"ListItem\",\"position\":2,\"name\":\"Zongebruinde huid elk seizoen\",\"item\":\"https:\/\/oenobiol.com\/nl_be\/assortimenten\/zongebruinde-huid-nl_be\/\"},{\"@type\":\"ListItem\",\"position\":3,\"name\":\"Gummies SUN BRONZE\"}]},{\"@type\":\"WebSite\",\"@id\":\"https:\/\/oenobiol.com\/nl_be\/#website\",\"url\":\"https:\/\/oenobiol.com\/nl_be\/\",\"name\":\"Oenobiol\",\"description\":\"\",\"publisher\":{\"@id\":\"https:\/\/oenobiol.com\/nl_be\/#organization\"},\"potentialAction\":[{\"@type\":\"SearchAction\",\"target\":{\"@type\":\"EntryPoint\",\"urlTemplate\":\"https:\/\/oenobiol.com\/nl_be\/?s={search_term_string}\"},\"query-input\":{\"@type\":\"PropertyValueSpecification\",\"valueRequired\":true,\"valueName\":\"search_term_string\"}}],\"inLanguage\":\"nl-BE-\"},{\"@type\":\"Organization\",\"@id\":\"https:\/\/oenobiol.com\/nl_be\/#organization\",\"name\":\"Oenobiol\",\"url\":\"https:\/\/oenobiol.com\/nl_be\/\",\"logo\":{\"@type\":\"ImageObject\",\"inLanguage\":\"nl-BE-\",\"@id\":\"https:\/\/oenobiol.com\/nl_be\/#\/schema\/logo\/image\/\",\"url\":\"https:\/\/oenobiol.com\/app\/uploads\/2024\/05\/logo-baseline-2-1.svg\",\"contentUrl\":\"https:\/\/oenobiol.com\/app\/uploads\/2024\/05\/logo-baseline-2-1.svg\",\"width\":131,\"height\":41,\"caption\":\"Oenobiol\"},\"image\":{\"@id\":\"https:\/\/oenobiol.com\/nl_be\/#\/schema\/logo\/image\/\"}}]}<\/script>\n<!-- \/ Yoast SEO plugin. -->","yoast_head_json":{"title":"Gummies Solaire 2en1 - sans sucre et vegan - OENOBIOL","description":"Envie d'avoir le teint dor\u00e9 et la peau pr\u00e9par\u00e9e ? D\u00e9coouvrez les gummies Solaire 2en1 double action autobronzante et pr\u00e9parateur solaire OENOBIOL !","robots":{"index":"index","follow":"follow","max-snippet":"max-snippet:-1","max-image-preview":"max-image-preview:large","max-video-preview":"max-video-preview:-1"},"canonical":"https:\/\/oenobiol.com\/nl_be\/producten\/gummies-sun-bronze\/","og_locale":"nl_NL","og_type":"article","og_title":"Gummies Solaire 2en1 - sans sucre et vegan - OENOBIOL","og_description":"Envie d'avoir le teint dor\u00e9 et la peau pr\u00e9par\u00e9e ? D\u00e9coouvrez les gummies Solaire 2en1 double action autobronzante et pr\u00e9parateur solaire OENOBIOL !","og_url":"https:\/\/oenobiol.com\/nl_be\/producten\/gummies-sun-bronze\/","og_site_name":"Oenobiol","article_modified_time":"2025-12-31T08:17:32+00:00","og_image":[{"width":1024,"height":853,"url":"https:\/\/oenobiol.com\/app\/uploads\/2024\/04\/Pot-BE-GUMMIES-Sun-1024x853.png","type":"image\/png"}],"twitter_card":"summary_large_image","twitter_misc":{"Est. reading time":"1 minute"},"schema":{"@context":"https:\/\/schema.org","@graph":[{"@type":"WebPage","@id":"https:\/\/oenobiol.com\/nl_be\/producten\/gummies-sun-bronze\/","url":"https:\/\/oenobiol.com\/nl_be\/producten\/gummies-sun-bronze\/","name":"Gummies Solaire 2en1 - sans sucre et vegan - OENOBIOL","isPartOf":{"@id":"https:\/\/oenobiol.com\/nl_be\/#website"},"primaryImageOfPage":{"@id":"https:\/\/oenobiol.com\/nl_be\/producten\/gummies-sun-bronze\/#primaryimage"},"image":{"@id":"https:\/\/oenobiol.com\/nl_be\/producten\/gummies-sun-bronze\/#primaryimage"},"thumbnailUrl":"https:\/\/oenobiol.com\/app\/uploads\/2024\/04\/Pot-BE-GUMMIES-Sun.png","datePublished":"2024-04-04T15:15:20+00:00","dateModified":"2025-12-31T08:17:32+00:00","description":"Envie d'avoir le teint dor\u00e9 et la peau pr\u00e9par\u00e9e ? D\u00e9coouvrez les gummies Solaire 2en1 double action autobronzante et pr\u00e9parateur solaire OENOBIOL !","breadcrumb":{"@id":"https:\/\/oenobiol.com\/nl_be\/producten\/gummies-sun-bronze\/#breadcrumb"},"inLanguage":"nl-BE-","potentialAction":[{"@type":"ReadAction","target":["https:\/\/oenobiol.com\/nl_be\/producten\/gummies-sun-bronze\/"]}]},{"@type":"ImageObject","inLanguage":"nl-BE-","@id":"https:\/\/oenobiol.com\/nl_be\/producten\/gummies-sun-bronze\/#primaryimage","url":"https:\/\/oenobiol.com\/app\/uploads\/2024\/04\/Pot-BE-GUMMIES-Sun.png","contentUrl":"https:\/\/oenobiol.com\/app\/uploads\/2024\/04\/Pot-BE-GUMMIES-Sun.png","width":2593,"height":2160},{"@type":"BreadcrumbList","@id":"https:\/\/oenobiol.com\/nl_be\/producten\/gummies-sun-bronze\/#breadcrumb","itemListElement":[{"@type":"ListItem","position":1,"name":"Homepage","item":"https:\/\/oenobiol.com\/nl_be\/"},{"@type":"ListItem","position":2,"name":"Zongebruinde huid elk seizoen","item":"https:\/\/oenobiol.com\/nl_be\/assortimenten\/zongebruinde-huid-nl_be\/"},{"@type":"ListItem","position":3,"name":"Gummies SUN BRONZE"}]},{"@type":"WebSite","@id":"https:\/\/oenobiol.com\/nl_be\/#website","url":"https:\/\/oenobiol.com\/nl_be\/","name":"Oenobiol","description":"","publisher":{"@id":"https:\/\/oenobiol.com\/nl_be\/#organization"},"potentialAction":[{"@type":"SearchAction","target":{"@type":"EntryPoint","urlTemplate":"https:\/\/oenobiol.com\/nl_be\/?s={search_term_string}"},"query-input":{"@type":"PropertyValueSpecification","valueRequired":true,"valueName":"search_term_string"}}],"inLanguage":"nl-BE-"},{"@type":"Organization","@id":"https:\/\/oenobiol.com\/nl_be\/#organization","name":"Oenobiol","url":"https:\/\/oenobiol.com\/nl_be\/","logo":{"@type":"ImageObject","inLanguage":"nl-BE-","@id":"https:\/\/oenobiol.com\/nl_be\/#\/schema\/logo\/image\/","url":"https:\/\/oenobiol.com\/app\/uploads\/2024\/05\/logo-baseline-2-1.svg","contentUrl":"https:\/\/oenobiol.com\/app\/uploads\/2024\/05\/logo-baseline-2-1.svg","width":131,"height":41,"caption":"Oenobiol"},"image":{"@id":"https:\/\/oenobiol.com\/nl_be\/#\/schema\/logo\/image\/"}}]}},"_links":{"self":[{"href":"https:\/\/oenobiol.com\/nl_be\/wp-json\/wp\/v2\/product\/13443","targetHints":{"allow":["GET"]}}],"collection":[{"href":"https:\/\/oenobiol.com\/nl_be\/wp-json\/wp\/v2\/product"}],"about":[{"href":"https:\/\/oenobiol.com\/nl_be\/wp-json\/wp\/v2\/types\/product"}],"wp:featuredmedia":[{"embeddable":true,"href":"https:\/\/oenobiol.com\/nl_be\/wp-json\/wp\/v2\/media\/28823"}],"wp:attachment":[{"href":"https:\/\/oenobiol.com\/nl_be\/wp-json\/wp\/v2\/media?parent=13443"}],"curies":[{"name":"wp","href":"https:\/\/api.w.org\/{rel}","templated":true}]}}