{"id":13445,"date":"2024-04-04T16:25:04","date_gmt":"2024-04-04T14:25:04","guid":{"rendered":"https:\/\/oenobiol.com\/produits\/hair-expert-fortifiant-anti-age\/"},"modified":"2024-12-24T11:22:42","modified_gmt":"2024-12-24T10:22:42","slug":"versterkend-anti-aging","status":"publish","type":"product","link":"https:\/\/oenobiol.com\/nl_be\/producten\/versterkend-anti-aging\/","title":{"rendered":"HAIR EXPERT VERSTERKEND ANTI-AGING"},"content":{"rendered":"<p>HAIR EXPERT VERSTERKEND ANTI-AGING is een exclusieve formule met een krachtige anti-oxidante werking\u2074 om de cellen te<br \/>\nbeschermen tegen oxidatieve stress. Het versterkt van binnenuit en revitaliseert\u00b3 zodat uw haar sterker wordt en meer gaat glanzen.\u00b2<\/p>\n","protected":false},"excerpt":{"rendered":"<p>Geef je haar een nieuw leven<\/p>\n","protected":false},"featured_media":28861,"template":"","meta":{"_acf_changed":false,"inline_featured_image":false},"class_list":["post-13445","product","type-product","status-publish","has-post-thumbnail","hentry","product_category-haar-nl_be","product_tag-nieuw-nl_be"],"acf":[],"yoast_head":"<!-- This site is optimized with the Yoast SEO plugin v27.0 - https:\/\/yoast.com\/product\/yoast-seo-wordpress\/ -->\n<title>HAIR EXPERT Fortifiant cheveux anti-\u00e2ge - Innovation OENOBIOL<\/title>\n<meta name=\"description\" content=\"Pensez-vous \u00e0 vos cheveux dont les besoins \u00e9voluent avec les ann\u00e9es ? D\u00e9couvrez le 1er anti-\u00e2ge capillaire OENOBIOL HAIR EXPERT Fortifiant anti-\u00e2ge.\" \/>\n<meta name=\"robots\" content=\"index, follow, max-snippet:-1, max-image-preview:large, max-video-preview:-1\" \/>\n<link rel=\"canonical\" href=\"https:\/\/oenobiol.com\/nl_be\/producten\/versterkend-anti-aging\/\" \/>\n<meta property=\"og:locale\" content=\"nl_NL\" \/>\n<meta property=\"og:type\" content=\"article\" \/>\n<meta property=\"og:title\" content=\"HAIR EXPERT Fortifiant cheveux anti-\u00e2ge - Innovation OENOBIOL\" \/>\n<meta property=\"og:description\" content=\"Pensez-vous \u00e0 vos cheveux dont les besoins \u00e9voluent avec les ann\u00e9es ? D\u00e9couvrez le 1er anti-\u00e2ge capillaire OENOBIOL HAIR EXPERT Fortifiant anti-\u00e2ge.\" \/>\n<meta property=\"og:url\" content=\"https:\/\/oenobiol.com\/nl_be\/producten\/versterkend-anti-aging\/\" \/>\n<meta property=\"og:site_name\" content=\"Oenobiol\" \/>\n<meta property=\"article:modified_time\" content=\"2024-12-24T10:22:42+00:00\" \/>\n<meta property=\"og:image\" content=\"https:\/\/oenobiol.com\/app\/uploads\/2024\/04\/Pot_Hair_Expert_Fortifiant_Ouvert_Couvercle_BENL-1024x752.png\" \/>\n\t<meta property=\"og:image:width\" content=\"1024\" \/>\n\t<meta property=\"og:image:height\" content=\"752\" \/>\n\t<meta property=\"og:image:type\" content=\"image\/png\" \/>\n<meta name=\"twitter:card\" content=\"summary_large_image\" \/>\n<meta name=\"twitter:label1\" content=\"Est. reading time\" \/>\n\t<meta name=\"twitter:data1\" content=\"1 minute\" \/>\n<script type=\"application\/ld+json\" class=\"yoast-schema-graph\">{\"@context\":\"https:\/\/schema.org\",\"@graph\":[{\"@type\":\"WebPage\",\"@id\":\"https:\/\/oenobiol.com\/nl_be\/producten\/versterkend-anti-aging\/\",\"url\":\"https:\/\/oenobiol.com\/nl_be\/producten\/versterkend-anti-aging\/\",\"name\":\"HAIR EXPERT Fortifiant cheveux anti-\u00e2ge - Innovation OENOBIOL\",\"isPartOf\":{\"@id\":\"https:\/\/oenobiol.com\/nl_be\/#website\"},\"primaryImageOfPage\":{\"@id\":\"https:\/\/oenobiol.com\/nl_be\/producten\/versterkend-anti-aging\/#primaryimage\"},\"image\":{\"@id\":\"https:\/\/oenobiol.com\/nl_be\/producten\/versterkend-anti-aging\/#primaryimage\"},\"thumbnailUrl\":\"https:\/\/oenobiol.com\/app\/uploads\/2024\/04\/Pot_Hair_Expert_Fortifiant_Ouvert_Couvercle_BENL.png\",\"datePublished\":\"2024-04-04T14:25:04+00:00\",\"dateModified\":\"2024-12-24T10:22:42+00:00\",\"description\":\"Pensez-vous \u00e0 vos cheveux dont les besoins \u00e9voluent avec les ann\u00e9es ? D\u00e9couvrez le 1er anti-\u00e2ge capillaire OENOBIOL HAIR EXPERT Fortifiant anti-\u00e2ge.\",\"breadcrumb\":{\"@id\":\"https:\/\/oenobiol.com\/nl_be\/producten\/versterkend-anti-aging\/#breadcrumb\"},\"inLanguage\":\"nl-BE-\",\"potentialAction\":[{\"@type\":\"ReadAction\",\"target\":[\"https:\/\/oenobiol.com\/nl_be\/producten\/versterkend-anti-aging\/\"]}]},{\"@type\":\"ImageObject\",\"inLanguage\":\"nl-BE-\",\"@id\":\"https:\/\/oenobiol.com\/nl_be\/producten\/versterkend-anti-aging\/#primaryimage\",\"url\":\"https:\/\/oenobiol.com\/app\/uploads\/2024\/04\/Pot_Hair_Expert_Fortifiant_Ouvert_Couvercle_BENL.png\",\"contentUrl\":\"https:\/\/oenobiol.com\/app\/uploads\/2024\/04\/Pot_Hair_Expert_Fortifiant_Ouvert_Couvercle_BENL.png\",\"width\":5906,\"height\":4335},{\"@type\":\"BreadcrumbList\",\"@id\":\"https:\/\/oenobiol.com\/nl_be\/producten\/versterkend-anti-aging\/#breadcrumb\",\"itemListElement\":[{\"@type\":\"ListItem\",\"position\":1,\"name\":\"Homepage\",\"item\":\"https:\/\/oenobiol.com\/nl_be\/\"},{\"@type\":\"ListItem\",\"position\":2,\"name\":\"Haar\",\"item\":\"https:\/\/oenobiol.com\/nl_be\/assortimenten\/haar-nl_be\/\"},{\"@type\":\"ListItem\",\"position\":3,\"name\":\"HAIR EXPERT VERSTERKEND ANTI-AGING\"}]},{\"@type\":\"WebSite\",\"@id\":\"https:\/\/oenobiol.com\/nl_be\/#website\",\"url\":\"https:\/\/oenobiol.com\/nl_be\/\",\"name\":\"Oenobiol\",\"description\":\"\",\"publisher\":{\"@id\":\"https:\/\/oenobiol.com\/nl_be\/#organization\"},\"potentialAction\":[{\"@type\":\"SearchAction\",\"target\":{\"@type\":\"EntryPoint\",\"urlTemplate\":\"https:\/\/oenobiol.com\/nl_be\/?s={search_term_string}\"},\"query-input\":{\"@type\":\"PropertyValueSpecification\",\"valueRequired\":true,\"valueName\":\"search_term_string\"}}],\"inLanguage\":\"nl-BE-\"},{\"@type\":\"Organization\",\"@id\":\"https:\/\/oenobiol.com\/nl_be\/#organization\",\"name\":\"Oenobiol\",\"url\":\"https:\/\/oenobiol.com\/nl_be\/\",\"logo\":{\"@type\":\"ImageObject\",\"inLanguage\":\"nl-BE-\",\"@id\":\"https:\/\/oenobiol.com\/nl_be\/#\/schema\/logo\/image\/\",\"url\":\"https:\/\/oenobiol.com\/app\/uploads\/2024\/05\/logo-baseline-2-1.svg\",\"contentUrl\":\"https:\/\/oenobiol.com\/app\/uploads\/2024\/05\/logo-baseline-2-1.svg\",\"width\":131,\"height\":41,\"caption\":\"Oenobiol\"},\"image\":{\"@id\":\"https:\/\/oenobiol.com\/nl_be\/#\/schema\/logo\/image\/\"}}]}<\/script>\n<!-- \/ Yoast SEO plugin. -->","yoast_head_json":{"title":"HAIR EXPERT Fortifiant cheveux anti-\u00e2ge - Innovation OENOBIOL","description":"Pensez-vous \u00e0 vos cheveux dont les besoins \u00e9voluent avec les ann\u00e9es ? D\u00e9couvrez le 1er anti-\u00e2ge capillaire OENOBIOL HAIR EXPERT Fortifiant anti-\u00e2ge.","robots":{"index":"index","follow":"follow","max-snippet":"max-snippet:-1","max-image-preview":"max-image-preview:large","max-video-preview":"max-video-preview:-1"},"canonical":"https:\/\/oenobiol.com\/nl_be\/producten\/versterkend-anti-aging\/","og_locale":"nl_NL","og_type":"article","og_title":"HAIR EXPERT Fortifiant cheveux anti-\u00e2ge - Innovation OENOBIOL","og_description":"Pensez-vous \u00e0 vos cheveux dont les besoins \u00e9voluent avec les ann\u00e9es ? D\u00e9couvrez le 1er anti-\u00e2ge capillaire OENOBIOL HAIR EXPERT Fortifiant anti-\u00e2ge.","og_url":"https:\/\/oenobiol.com\/nl_be\/producten\/versterkend-anti-aging\/","og_site_name":"Oenobiol","article_modified_time":"2024-12-24T10:22:42+00:00","og_image":[{"width":1024,"height":752,"url":"https:\/\/oenobiol.com\/app\/uploads\/2024\/04\/Pot_Hair_Expert_Fortifiant_Ouvert_Couvercle_BENL-1024x752.png","type":"image\/png"}],"twitter_card":"summary_large_image","twitter_misc":{"Est. reading time":"1 minute"},"schema":{"@context":"https:\/\/schema.org","@graph":[{"@type":"WebPage","@id":"https:\/\/oenobiol.com\/nl_be\/producten\/versterkend-anti-aging\/","url":"https:\/\/oenobiol.com\/nl_be\/producten\/versterkend-anti-aging\/","name":"HAIR EXPERT Fortifiant cheveux anti-\u00e2ge - Innovation OENOBIOL","isPartOf":{"@id":"https:\/\/oenobiol.com\/nl_be\/#website"},"primaryImageOfPage":{"@id":"https:\/\/oenobiol.com\/nl_be\/producten\/versterkend-anti-aging\/#primaryimage"},"image":{"@id":"https:\/\/oenobiol.com\/nl_be\/producten\/versterkend-anti-aging\/#primaryimage"},"thumbnailUrl":"https:\/\/oenobiol.com\/app\/uploads\/2024\/04\/Pot_Hair_Expert_Fortifiant_Ouvert_Couvercle_BENL.png","datePublished":"2024-04-04T14:25:04+00:00","dateModified":"2024-12-24T10:22:42+00:00","description":"Pensez-vous \u00e0 vos cheveux dont les besoins \u00e9voluent avec les ann\u00e9es ? D\u00e9couvrez le 1er anti-\u00e2ge capillaire OENOBIOL HAIR EXPERT Fortifiant anti-\u00e2ge.","breadcrumb":{"@id":"https:\/\/oenobiol.com\/nl_be\/producten\/versterkend-anti-aging\/#breadcrumb"},"inLanguage":"nl-BE-","potentialAction":[{"@type":"ReadAction","target":["https:\/\/oenobiol.com\/nl_be\/producten\/versterkend-anti-aging\/"]}]},{"@type":"ImageObject","inLanguage":"nl-BE-","@id":"https:\/\/oenobiol.com\/nl_be\/producten\/versterkend-anti-aging\/#primaryimage","url":"https:\/\/oenobiol.com\/app\/uploads\/2024\/04\/Pot_Hair_Expert_Fortifiant_Ouvert_Couvercle_BENL.png","contentUrl":"https:\/\/oenobiol.com\/app\/uploads\/2024\/04\/Pot_Hair_Expert_Fortifiant_Ouvert_Couvercle_BENL.png","width":5906,"height":4335},{"@type":"BreadcrumbList","@id":"https:\/\/oenobiol.com\/nl_be\/producten\/versterkend-anti-aging\/#breadcrumb","itemListElement":[{"@type":"ListItem","position":1,"name":"Homepage","item":"https:\/\/oenobiol.com\/nl_be\/"},{"@type":"ListItem","position":2,"name":"Haar","item":"https:\/\/oenobiol.com\/nl_be\/assortimenten\/haar-nl_be\/"},{"@type":"ListItem","position":3,"name":"HAIR EXPERT VERSTERKEND ANTI-AGING"}]},{"@type":"WebSite","@id":"https:\/\/oenobiol.com\/nl_be\/#website","url":"https:\/\/oenobiol.com\/nl_be\/","name":"Oenobiol","description":"","publisher":{"@id":"https:\/\/oenobiol.com\/nl_be\/#organization"},"potentialAction":[{"@type":"SearchAction","target":{"@type":"EntryPoint","urlTemplate":"https:\/\/oenobiol.com\/nl_be\/?s={search_term_string}"},"query-input":{"@type":"PropertyValueSpecification","valueRequired":true,"valueName":"search_term_string"}}],"inLanguage":"nl-BE-"},{"@type":"Organization","@id":"https:\/\/oenobiol.com\/nl_be\/#organization","name":"Oenobiol","url":"https:\/\/oenobiol.com\/nl_be\/","logo":{"@type":"ImageObject","inLanguage":"nl-BE-","@id":"https:\/\/oenobiol.com\/nl_be\/#\/schema\/logo\/image\/","url":"https:\/\/oenobiol.com\/app\/uploads\/2024\/05\/logo-baseline-2-1.svg","contentUrl":"https:\/\/oenobiol.com\/app\/uploads\/2024\/05\/logo-baseline-2-1.svg","width":131,"height":41,"caption":"Oenobiol"},"image":{"@id":"https:\/\/oenobiol.com\/nl_be\/#\/schema\/logo\/image\/"}}]}},"_links":{"self":[{"href":"https:\/\/oenobiol.com\/nl_be\/wp-json\/wp\/v2\/product\/13445","targetHints":{"allow":["GET"]}}],"collection":[{"href":"https:\/\/oenobiol.com\/nl_be\/wp-json\/wp\/v2\/product"}],"about":[{"href":"https:\/\/oenobiol.com\/nl_be\/wp-json\/wp\/v2\/types\/product"}],"wp:featuredmedia":[{"embeddable":true,"href":"https:\/\/oenobiol.com\/nl_be\/wp-json\/wp\/v2\/media\/28861"}],"wp:attachment":[{"href":"https:\/\/oenobiol.com\/nl_be\/wp-json\/wp\/v2\/media?parent=13445"}],"curies":[{"name":"wp","href":"https:\/\/api.w.org\/{rel}","templated":true}]}}