{"id":13447,"date":"2024-04-04T13:59:15","date_gmt":"2024-04-04T11:59:15","guid":{"rendered":"https:\/\/oenobiol.com\/produits\/perfect-bronze-autobronzant-peau-claire\/"},"modified":"2024-12-24T11:23:13","modified_gmt":"2024-12-24T10:23:13","slug":"perfect-bronze-intense","status":"publish","type":"product","link":"https:\/\/oenobiol.com\/nl_be\/producten\/perfect-bronze-intense\/","title":{"rendered":"PERFECT BRONZE INTENSE"},"content":{"rendered":"<p>Schakel het hele jaar over op zomertijd, dat is de belofte van PERFECT BRONZE. De exclusieve formule van OENOBIOL laat de huid stralen vanaf de eerste maand\u00b9. De formule helpt bij het behoud van een duurzame en natuurlijke zongebruinde huid over het hele lichaam\u00b2.<br \/>\nFormule Perfect Bronze Intense is een unieke combinatie van 5 sterk geconcentreerde pigmenten van plantaardige oorsprong.<\/p>\n","protected":false},"excerpt":{"rendered":"<p>Geniet van uw zongebruinde huid, zelfs tijdens de winter!<\/p>\n","protected":false},"featured_media":16828,"template":"","meta":{"_acf_changed":false,"inline_featured_image":false},"class_list":["post-13447","product","type-product","status-publish","has-post-thumbnail","hentry","product_category-zongebruinde-huid-nl_be","product_tag-nieuw-iconisch"],"acf":[],"yoast_head":"<!-- This site is optimized with the Yoast SEO plugin v27.0 - https:\/\/yoast.com\/product\/yoast-seo-wordpress\/ -->\n<title>PERFECT BRONZE Autobronzant N\u00b01 - peau claire - OENOBIOL<\/title>\n<meta name=\"description\" content=\"Fini le teint p\u00e2le avec le compl\u00e9ment autobronzant N\u00b01 pour les peaux claires \u00e0 base de pigments naturels pour avoir le teint dor\u00e9 toute l&#039;ann\u00e9e !\" \/>\n<meta name=\"robots\" content=\"index, follow, max-snippet:-1, max-image-preview:large, max-video-preview:-1\" \/>\n<link rel=\"canonical\" href=\"https:\/\/oenobiol.com\/nl_be\/producten\/perfect-bronze-intense\/\" \/>\n<meta property=\"og:locale\" content=\"nl_NL\" \/>\n<meta property=\"og:type\" content=\"article\" \/>\n<meta property=\"og:title\" content=\"PERFECT BRONZE Autobronzant N\u00b01 - peau claire - OENOBIOL\" \/>\n<meta property=\"og:description\" content=\"Fini le teint p\u00e2le avec le compl\u00e9ment autobronzant N\u00b01 pour les peaux claires \u00e0 base de pigments naturels pour avoir le teint dor\u00e9 toute l&#039;ann\u00e9e !\" \/>\n<meta property=\"og:url\" content=\"https:\/\/oenobiol.com\/nl_be\/producten\/perfect-bronze-intense\/\" \/>\n<meta property=\"og:site_name\" content=\"Oenobiol\" \/>\n<meta property=\"article:modified_time\" content=\"2024-12-24T10:23:13+00:00\" \/>\n<meta property=\"og:image\" content=\"https:\/\/oenobiol.com\/app\/uploads\/2024\/04\/Pot-BE-NL-Perfect-intense-ouvert-D-2023-V1-RVB-copie-1024x904.png\" \/>\n\t<meta property=\"og:image:width\" content=\"1024\" \/>\n\t<meta property=\"og:image:height\" content=\"904\" \/>\n\t<meta property=\"og:image:type\" content=\"image\/png\" \/>\n<meta name=\"twitter:card\" content=\"summary_large_image\" \/>\n<meta name=\"twitter:label1\" content=\"Est. reading time\" \/>\n\t<meta name=\"twitter:data1\" content=\"1 minute\" \/>\n<script type=\"application\/ld+json\" class=\"yoast-schema-graph\">{\"@context\":\"https:\/\/schema.org\",\"@graph\":[{\"@type\":\"WebPage\",\"@id\":\"https:\/\/oenobiol.com\/nl_be\/producten\/perfect-bronze-intense\/\",\"url\":\"https:\/\/oenobiol.com\/nl_be\/producten\/perfect-bronze-intense\/\",\"name\":\"PERFECT BRONZE Autobronzant N\u00b01 - peau claire - OENOBIOL\",\"isPartOf\":{\"@id\":\"https:\/\/oenobiol.com\/nl_be\/#website\"},\"primaryImageOfPage\":{\"@id\":\"https:\/\/oenobiol.com\/nl_be\/producten\/perfect-bronze-intense\/#primaryimage\"},\"image\":{\"@id\":\"https:\/\/oenobiol.com\/nl_be\/producten\/perfect-bronze-intense\/#primaryimage\"},\"thumbnailUrl\":\"https:\/\/oenobiol.com\/app\/uploads\/2024\/04\/Pot-BE-NL-Perfect-intense-ouvert-D-2023-V1-RVB-copie.png\",\"datePublished\":\"2024-04-04T11:59:15+00:00\",\"dateModified\":\"2024-12-24T10:23:13+00:00\",\"description\":\"Fini le teint p\u00e2le avec le compl\u00e9ment autobronzant N\u00b01 pour les peaux claires \u00e0 base de pigments naturels pour avoir le teint dor\u00e9 toute l'ann\u00e9e !\",\"breadcrumb\":{\"@id\":\"https:\/\/oenobiol.com\/nl_be\/producten\/perfect-bronze-intense\/#breadcrumb\"},\"inLanguage\":\"nl-BE-\",\"potentialAction\":[{\"@type\":\"ReadAction\",\"target\":[\"https:\/\/oenobiol.com\/nl_be\/producten\/perfect-bronze-intense\/\"]}]},{\"@type\":\"ImageObject\",\"inLanguage\":\"nl-BE-\",\"@id\":\"https:\/\/oenobiol.com\/nl_be\/producten\/perfect-bronze-intense\/#primaryimage\",\"url\":\"https:\/\/oenobiol.com\/app\/uploads\/2024\/04\/Pot-BE-NL-Perfect-intense-ouvert-D-2023-V1-RVB-copie.png\",\"contentUrl\":\"https:\/\/oenobiol.com\/app\/uploads\/2024\/04\/Pot-BE-NL-Perfect-intense-ouvert-D-2023-V1-RVB-copie.png\",\"width\":4436,\"height\":3914},{\"@type\":\"BreadcrumbList\",\"@id\":\"https:\/\/oenobiol.com\/nl_be\/producten\/perfect-bronze-intense\/#breadcrumb\",\"itemListElement\":[{\"@type\":\"ListItem\",\"position\":1,\"name\":\"Homepage\",\"item\":\"https:\/\/oenobiol.com\/nl_be\/\"},{\"@type\":\"ListItem\",\"position\":2,\"name\":\"Zongebruinde huid elk seizoen\",\"item\":\"https:\/\/oenobiol.com\/nl_be\/assortimenten\/zongebruinde-huid-nl_be\/\"},{\"@type\":\"ListItem\",\"position\":3,\"name\":\"PERFECT BRONZE INTENSE\"}]},{\"@type\":\"WebSite\",\"@id\":\"https:\/\/oenobiol.com\/nl_be\/#website\",\"url\":\"https:\/\/oenobiol.com\/nl_be\/\",\"name\":\"Oenobiol\",\"description\":\"\",\"publisher\":{\"@id\":\"https:\/\/oenobiol.com\/nl_be\/#organization\"},\"potentialAction\":[{\"@type\":\"SearchAction\",\"target\":{\"@type\":\"EntryPoint\",\"urlTemplate\":\"https:\/\/oenobiol.com\/nl_be\/?s={search_term_string}\"},\"query-input\":{\"@type\":\"PropertyValueSpecification\",\"valueRequired\":true,\"valueName\":\"search_term_string\"}}],\"inLanguage\":\"nl-BE-\"},{\"@type\":\"Organization\",\"@id\":\"https:\/\/oenobiol.com\/nl_be\/#organization\",\"name\":\"Oenobiol\",\"url\":\"https:\/\/oenobiol.com\/nl_be\/\",\"logo\":{\"@type\":\"ImageObject\",\"inLanguage\":\"nl-BE-\",\"@id\":\"https:\/\/oenobiol.com\/nl_be\/#\/schema\/logo\/image\/\",\"url\":\"https:\/\/oenobiol.com\/app\/uploads\/2024\/05\/logo-baseline-2-1.svg\",\"contentUrl\":\"https:\/\/oenobiol.com\/app\/uploads\/2024\/05\/logo-baseline-2-1.svg\",\"width\":131,\"height\":41,\"caption\":\"Oenobiol\"},\"image\":{\"@id\":\"https:\/\/oenobiol.com\/nl_be\/#\/schema\/logo\/image\/\"}}]}<\/script>\n<!-- \/ Yoast SEO plugin. -->","yoast_head_json":{"title":"PERFECT BRONZE Autobronzant N\u00b01 - peau claire - OENOBIOL","description":"Fini le teint p\u00e2le avec le compl\u00e9ment autobronzant N\u00b01 pour les peaux claires \u00e0 base de pigments naturels pour avoir le teint dor\u00e9 toute l'ann\u00e9e !","robots":{"index":"index","follow":"follow","max-snippet":"max-snippet:-1","max-image-preview":"max-image-preview:large","max-video-preview":"max-video-preview:-1"},"canonical":"https:\/\/oenobiol.com\/nl_be\/producten\/perfect-bronze-intense\/","og_locale":"nl_NL","og_type":"article","og_title":"PERFECT BRONZE Autobronzant N\u00b01 - peau claire - OENOBIOL","og_description":"Fini le teint p\u00e2le avec le compl\u00e9ment autobronzant N\u00b01 pour les peaux claires \u00e0 base de pigments naturels pour avoir le teint dor\u00e9 toute l'ann\u00e9e !","og_url":"https:\/\/oenobiol.com\/nl_be\/producten\/perfect-bronze-intense\/","og_site_name":"Oenobiol","article_modified_time":"2024-12-24T10:23:13+00:00","og_image":[{"width":1024,"height":904,"url":"https:\/\/oenobiol.com\/app\/uploads\/2024\/04\/Pot-BE-NL-Perfect-intense-ouvert-D-2023-V1-RVB-copie-1024x904.png","type":"image\/png"}],"twitter_card":"summary_large_image","twitter_misc":{"Est. reading time":"1 minute"},"schema":{"@context":"https:\/\/schema.org","@graph":[{"@type":"WebPage","@id":"https:\/\/oenobiol.com\/nl_be\/producten\/perfect-bronze-intense\/","url":"https:\/\/oenobiol.com\/nl_be\/producten\/perfect-bronze-intense\/","name":"PERFECT BRONZE Autobronzant N\u00b01 - peau claire - OENOBIOL","isPartOf":{"@id":"https:\/\/oenobiol.com\/nl_be\/#website"},"primaryImageOfPage":{"@id":"https:\/\/oenobiol.com\/nl_be\/producten\/perfect-bronze-intense\/#primaryimage"},"image":{"@id":"https:\/\/oenobiol.com\/nl_be\/producten\/perfect-bronze-intense\/#primaryimage"},"thumbnailUrl":"https:\/\/oenobiol.com\/app\/uploads\/2024\/04\/Pot-BE-NL-Perfect-intense-ouvert-D-2023-V1-RVB-copie.png","datePublished":"2024-04-04T11:59:15+00:00","dateModified":"2024-12-24T10:23:13+00:00","description":"Fini le teint p\u00e2le avec le compl\u00e9ment autobronzant N\u00b01 pour les peaux claires \u00e0 base de pigments naturels pour avoir le teint dor\u00e9 toute l'ann\u00e9e !","breadcrumb":{"@id":"https:\/\/oenobiol.com\/nl_be\/producten\/perfect-bronze-intense\/#breadcrumb"},"inLanguage":"nl-BE-","potentialAction":[{"@type":"ReadAction","target":["https:\/\/oenobiol.com\/nl_be\/producten\/perfect-bronze-intense\/"]}]},{"@type":"ImageObject","inLanguage":"nl-BE-","@id":"https:\/\/oenobiol.com\/nl_be\/producten\/perfect-bronze-intense\/#primaryimage","url":"https:\/\/oenobiol.com\/app\/uploads\/2024\/04\/Pot-BE-NL-Perfect-intense-ouvert-D-2023-V1-RVB-copie.png","contentUrl":"https:\/\/oenobiol.com\/app\/uploads\/2024\/04\/Pot-BE-NL-Perfect-intense-ouvert-D-2023-V1-RVB-copie.png","width":4436,"height":3914},{"@type":"BreadcrumbList","@id":"https:\/\/oenobiol.com\/nl_be\/producten\/perfect-bronze-intense\/#breadcrumb","itemListElement":[{"@type":"ListItem","position":1,"name":"Homepage","item":"https:\/\/oenobiol.com\/nl_be\/"},{"@type":"ListItem","position":2,"name":"Zongebruinde huid elk seizoen","item":"https:\/\/oenobiol.com\/nl_be\/assortimenten\/zongebruinde-huid-nl_be\/"},{"@type":"ListItem","position":3,"name":"PERFECT BRONZE INTENSE"}]},{"@type":"WebSite","@id":"https:\/\/oenobiol.com\/nl_be\/#website","url":"https:\/\/oenobiol.com\/nl_be\/","name":"Oenobiol","description":"","publisher":{"@id":"https:\/\/oenobiol.com\/nl_be\/#organization"},"potentialAction":[{"@type":"SearchAction","target":{"@type":"EntryPoint","urlTemplate":"https:\/\/oenobiol.com\/nl_be\/?s={search_term_string}"},"query-input":{"@type":"PropertyValueSpecification","valueRequired":true,"valueName":"search_term_string"}}],"inLanguage":"nl-BE-"},{"@type":"Organization","@id":"https:\/\/oenobiol.com\/nl_be\/#organization","name":"Oenobiol","url":"https:\/\/oenobiol.com\/nl_be\/","logo":{"@type":"ImageObject","inLanguage":"nl-BE-","@id":"https:\/\/oenobiol.com\/nl_be\/#\/schema\/logo\/image\/","url":"https:\/\/oenobiol.com\/app\/uploads\/2024\/05\/logo-baseline-2-1.svg","contentUrl":"https:\/\/oenobiol.com\/app\/uploads\/2024\/05\/logo-baseline-2-1.svg","width":131,"height":41,"caption":"Oenobiol"},"image":{"@id":"https:\/\/oenobiol.com\/nl_be\/#\/schema\/logo\/image\/"}}]}},"_links":{"self":[{"href":"https:\/\/oenobiol.com\/nl_be\/wp-json\/wp\/v2\/product\/13447","targetHints":{"allow":["GET"]}}],"collection":[{"href":"https:\/\/oenobiol.com\/nl_be\/wp-json\/wp\/v2\/product"}],"about":[{"href":"https:\/\/oenobiol.com\/nl_be\/wp-json\/wp\/v2\/types\/product"}],"wp:featuredmedia":[{"embeddable":true,"href":"https:\/\/oenobiol.com\/nl_be\/wp-json\/wp\/v2\/media\/16828"}],"wp:attachment":[{"href":"https:\/\/oenobiol.com\/nl_be\/wp-json\/wp\/v2\/media?parent=13447"}],"curies":[{"name":"wp","href":"https:\/\/api.w.org\/{rel}","templated":true}]}}