{"id":13449,"date":"2024-04-04T12:02:54","date_gmt":"2024-04-04T10:02:54","guid":{"rendered":"https:\/\/oenobiol.com\/produits\/sun-expert-preparateur-solaire-accelere\/"},"modified":"2026-03-30T15:53:25","modified_gmt":"2026-03-30T13:53:25","slug":"sun-expert-preparateur-solaire-accelere","status":"publish","type":"product","link":"https:\/\/oenobiol.com\/nl_be\/producten\/sun-expert-preparateur-solaire-accelere\/","title":{"rendered":"Sun Expert pr\u00e9parateur solaire acc\u00e9l\u00e9r\u00e9"},"content":{"rendered":"<p>SUN EXPERT Pr\u00e9paration acc\u00e9l\u00e9r\u00e9e concentre toute son efficacit\u00e9 dans un programme court en 15 jours seulement pour pr\u00e9parer la peau \u00e0 l\u2019exposition solaire, pr\u00e9server sa beaut\u00e9 et sublimer le bronzage.<\/p>\n","protected":false},"excerpt":{"rendered":"<p>Une pr\u00e9paration express avant l&#8217;exposition au soleil <\/p>\n","protected":false},"featured_media":30342,"template":"","meta":{"_acf_changed":false,"inline_featured_image":false},"class_list":["post-13449","product","type-product","status-publish","has-post-thumbnail","hentry"],"acf":[],"yoast_head":"<!-- This site is optimized with the Yoast SEO plugin v27.0 - https:\/\/yoast.com\/product\/yoast-seo-wordpress\/ -->\n<title>SUN EXPERT Pr\u00e9paration solaire acc\u00e9l\u00e9r\u00e9e - OENOBIOL<\/title>\n<meta name=\"description\" content=\"Pr\u00e9parez en seulement 15 jours, votre peau au soleil et sublimez un bronzage durable avec OENOBIOL SUN EXPERT N\u00b01 des compl\u00e9ments alimentaires solaires.\" \/>\n<meta name=\"robots\" content=\"index, follow, max-snippet:-1, max-image-preview:large, max-video-preview:-1\" \/>\n<link rel=\"canonical\" href=\"https:\/\/oenobiol.com\/nl_be\/producten\/sun-expert-preparateur-solaire-accelere\/\" \/>\n<meta property=\"og:locale\" content=\"nl_NL\" \/>\n<meta property=\"og:type\" content=\"article\" \/>\n<meta property=\"og:title\" content=\"SUN EXPERT Pr\u00e9paration solaire acc\u00e9l\u00e9r\u00e9e - OENOBIOL\" \/>\n<meta property=\"og:description\" content=\"Pr\u00e9parez en seulement 15 jours, votre peau au soleil et sublimez un bronzage durable avec OENOBIOL SUN EXPERT N\u00b01 des compl\u00e9ments alimentaires solaires.\" \/>\n<meta property=\"og:url\" content=\"https:\/\/oenobiol.com\/nl_be\/producten\/sun-expert-preparateur-solaire-accelere\/\" \/>\n<meta property=\"og:site_name\" content=\"Oenobiol\" \/>\n<meta property=\"article:modified_time\" content=\"2026-03-30T13:53:25+00:00\" \/>\n<meta property=\"og:image\" content=\"https:\/\/oenobiol.com\/app\/uploads\/2024\/04\/Sun-Expert-preparateur-solaire-accelere-Packshot-t.jpg\" \/>\n\t<meta property=\"og:image:width\" content=\"350\" \/>\n\t<meta property=\"og:image:height\" content=\"350\" \/>\n\t<meta property=\"og:image:type\" content=\"image\/jpeg\" \/>\n<meta name=\"twitter:card\" content=\"summary_large_image\" \/>\n<script type=\"application\/ld+json\" class=\"yoast-schema-graph\">{\"@context\":\"https:\/\/schema.org\",\"@graph\":[{\"@type\":\"WebPage\",\"@id\":\"https:\/\/oenobiol.com\/nl_be\/producten\/sun-expert-preparateur-solaire-accelere\/\",\"url\":\"https:\/\/oenobiol.com\/nl_be\/producten\/sun-expert-preparateur-solaire-accelere\/\",\"name\":\"SUN EXPERT Pr\u00e9paration solaire acc\u00e9l\u00e9r\u00e9e - OENOBIOL\",\"isPartOf\":{\"@id\":\"https:\/\/oenobiol.com\/nl_be\/#website\"},\"primaryImageOfPage\":{\"@id\":\"https:\/\/oenobiol.com\/nl_be\/producten\/sun-expert-preparateur-solaire-accelere\/#primaryimage\"},\"image\":{\"@id\":\"https:\/\/oenobiol.com\/nl_be\/producten\/sun-expert-preparateur-solaire-accelere\/#primaryimage\"},\"thumbnailUrl\":\"https:\/\/oenobiol.com\/app\/uploads\/2024\/04\/Sun-Expert-preparateur-solaire-accelere-Packshot-t.jpg\",\"datePublished\":\"2024-04-04T10:02:54+00:00\",\"dateModified\":\"2026-03-30T13:53:25+00:00\",\"description\":\"Pr\u00e9parez en seulement 15 jours, votre peau au soleil et sublimez un bronzage durable avec OENOBIOL SUN EXPERT N\u00b01 des compl\u00e9ments alimentaires solaires.\",\"breadcrumb\":{\"@id\":\"https:\/\/oenobiol.com\/nl_be\/producten\/sun-expert-preparateur-solaire-accelere\/#breadcrumb\"},\"inLanguage\":\"nl-BE-\",\"potentialAction\":[{\"@type\":\"ReadAction\",\"target\":[\"https:\/\/oenobiol.com\/nl_be\/producten\/sun-expert-preparateur-solaire-accelere\/\"]}]},{\"@type\":\"ImageObject\",\"inLanguage\":\"nl-BE-\",\"@id\":\"https:\/\/oenobiol.com\/nl_be\/producten\/sun-expert-preparateur-solaire-accelere\/#primaryimage\",\"url\":\"https:\/\/oenobiol.com\/app\/uploads\/2024\/04\/Sun-Expert-preparateur-solaire-accelere-Packshot-t.jpg\",\"contentUrl\":\"https:\/\/oenobiol.com\/app\/uploads\/2024\/04\/Sun-Expert-preparateur-solaire-accelere-Packshot-t.jpg\",\"width\":350,\"height\":350,\"caption\":\"Sun Expert pr\u00e9parateur solaire acc\u00e9l\u00e9r\u00e9\"},{\"@type\":\"BreadcrumbList\",\"@id\":\"https:\/\/oenobiol.com\/nl_be\/producten\/sun-expert-preparateur-solaire-accelere\/#breadcrumb\",\"itemListElement\":[{\"@type\":\"ListItem\",\"position\":1,\"name\":\"Homepage\",\"item\":\"https:\/\/oenobiol.com\/nl_be\/\"},{\"@type\":\"ListItem\",\"position\":2,\"name\":\"Sun Expert pr\u00e9parateur solaire acc\u00e9l\u00e9r\u00e9\"}]},{\"@type\":\"WebSite\",\"@id\":\"https:\/\/oenobiol.com\/nl_be\/#website\",\"url\":\"https:\/\/oenobiol.com\/nl_be\/\",\"name\":\"Oenobiol\",\"description\":\"\",\"publisher\":{\"@id\":\"https:\/\/oenobiol.com\/nl_be\/#organization\"},\"potentialAction\":[{\"@type\":\"SearchAction\",\"target\":{\"@type\":\"EntryPoint\",\"urlTemplate\":\"https:\/\/oenobiol.com\/nl_be\/?s={search_term_string}\"},\"query-input\":{\"@type\":\"PropertyValueSpecification\",\"valueRequired\":true,\"valueName\":\"search_term_string\"}}],\"inLanguage\":\"nl-BE-\"},{\"@type\":\"Organization\",\"@id\":\"https:\/\/oenobiol.com\/nl_be\/#organization\",\"name\":\"Oenobiol\",\"url\":\"https:\/\/oenobiol.com\/nl_be\/\",\"logo\":{\"@type\":\"ImageObject\",\"inLanguage\":\"nl-BE-\",\"@id\":\"https:\/\/oenobiol.com\/nl_be\/#\/schema\/logo\/image\/\",\"url\":\"https:\/\/oenobiol.com\/app\/uploads\/2024\/05\/logo-baseline-2-1.svg\",\"contentUrl\":\"https:\/\/oenobiol.com\/app\/uploads\/2024\/05\/logo-baseline-2-1.svg\",\"width\":131,\"height\":41,\"caption\":\"Oenobiol\"},\"image\":{\"@id\":\"https:\/\/oenobiol.com\/nl_be\/#\/schema\/logo\/image\/\"}}]}<\/script>\n<!-- \/ Yoast SEO plugin. -->","yoast_head_json":{"title":"SUN EXPERT Pr\u00e9paration solaire acc\u00e9l\u00e9r\u00e9e - OENOBIOL","description":"Pr\u00e9parez en seulement 15 jours, votre peau au soleil et sublimez un bronzage durable avec OENOBIOL SUN EXPERT N\u00b01 des compl\u00e9ments alimentaires solaires.","robots":{"index":"index","follow":"follow","max-snippet":"max-snippet:-1","max-image-preview":"max-image-preview:large","max-video-preview":"max-video-preview:-1"},"canonical":"https:\/\/oenobiol.com\/nl_be\/producten\/sun-expert-preparateur-solaire-accelere\/","og_locale":"nl_NL","og_type":"article","og_title":"SUN EXPERT Pr\u00e9paration solaire acc\u00e9l\u00e9r\u00e9e - OENOBIOL","og_description":"Pr\u00e9parez en seulement 15 jours, votre peau au soleil et sublimez un bronzage durable avec OENOBIOL SUN EXPERT N\u00b01 des compl\u00e9ments alimentaires solaires.","og_url":"https:\/\/oenobiol.com\/nl_be\/producten\/sun-expert-preparateur-solaire-accelere\/","og_site_name":"Oenobiol","article_modified_time":"2026-03-30T13:53:25+00:00","og_image":[{"width":350,"height":350,"url":"https:\/\/oenobiol.com\/app\/uploads\/2024\/04\/Sun-Expert-preparateur-solaire-accelere-Packshot-t.jpg","type":"image\/jpeg"}],"twitter_card":"summary_large_image","schema":{"@context":"https:\/\/schema.org","@graph":[{"@type":"WebPage","@id":"https:\/\/oenobiol.com\/nl_be\/producten\/sun-expert-preparateur-solaire-accelere\/","url":"https:\/\/oenobiol.com\/nl_be\/producten\/sun-expert-preparateur-solaire-accelere\/","name":"SUN EXPERT Pr\u00e9paration solaire acc\u00e9l\u00e9r\u00e9e - OENOBIOL","isPartOf":{"@id":"https:\/\/oenobiol.com\/nl_be\/#website"},"primaryImageOfPage":{"@id":"https:\/\/oenobiol.com\/nl_be\/producten\/sun-expert-preparateur-solaire-accelere\/#primaryimage"},"image":{"@id":"https:\/\/oenobiol.com\/nl_be\/producten\/sun-expert-preparateur-solaire-accelere\/#primaryimage"},"thumbnailUrl":"https:\/\/oenobiol.com\/app\/uploads\/2024\/04\/Sun-Expert-preparateur-solaire-accelere-Packshot-t.jpg","datePublished":"2024-04-04T10:02:54+00:00","dateModified":"2026-03-30T13:53:25+00:00","description":"Pr\u00e9parez en seulement 15 jours, votre peau au soleil et sublimez un bronzage durable avec OENOBIOL SUN EXPERT N\u00b01 des compl\u00e9ments alimentaires solaires.","breadcrumb":{"@id":"https:\/\/oenobiol.com\/nl_be\/producten\/sun-expert-preparateur-solaire-accelere\/#breadcrumb"},"inLanguage":"nl-BE-","potentialAction":[{"@type":"ReadAction","target":["https:\/\/oenobiol.com\/nl_be\/producten\/sun-expert-preparateur-solaire-accelere\/"]}]},{"@type":"ImageObject","inLanguage":"nl-BE-","@id":"https:\/\/oenobiol.com\/nl_be\/producten\/sun-expert-preparateur-solaire-accelere\/#primaryimage","url":"https:\/\/oenobiol.com\/app\/uploads\/2024\/04\/Sun-Expert-preparateur-solaire-accelere-Packshot-t.jpg","contentUrl":"https:\/\/oenobiol.com\/app\/uploads\/2024\/04\/Sun-Expert-preparateur-solaire-accelere-Packshot-t.jpg","width":350,"height":350,"caption":"Sun Expert pr\u00e9parateur solaire acc\u00e9l\u00e9r\u00e9"},{"@type":"BreadcrumbList","@id":"https:\/\/oenobiol.com\/nl_be\/producten\/sun-expert-preparateur-solaire-accelere\/#breadcrumb","itemListElement":[{"@type":"ListItem","position":1,"name":"Homepage","item":"https:\/\/oenobiol.com\/nl_be\/"},{"@type":"ListItem","position":2,"name":"Sun Expert pr\u00e9parateur solaire acc\u00e9l\u00e9r\u00e9"}]},{"@type":"WebSite","@id":"https:\/\/oenobiol.com\/nl_be\/#website","url":"https:\/\/oenobiol.com\/nl_be\/","name":"Oenobiol","description":"","publisher":{"@id":"https:\/\/oenobiol.com\/nl_be\/#organization"},"potentialAction":[{"@type":"SearchAction","target":{"@type":"EntryPoint","urlTemplate":"https:\/\/oenobiol.com\/nl_be\/?s={search_term_string}"},"query-input":{"@type":"PropertyValueSpecification","valueRequired":true,"valueName":"search_term_string"}}],"inLanguage":"nl-BE-"},{"@type":"Organization","@id":"https:\/\/oenobiol.com\/nl_be\/#organization","name":"Oenobiol","url":"https:\/\/oenobiol.com\/nl_be\/","logo":{"@type":"ImageObject","inLanguage":"nl-BE-","@id":"https:\/\/oenobiol.com\/nl_be\/#\/schema\/logo\/image\/","url":"https:\/\/oenobiol.com\/app\/uploads\/2024\/05\/logo-baseline-2-1.svg","contentUrl":"https:\/\/oenobiol.com\/app\/uploads\/2024\/05\/logo-baseline-2-1.svg","width":131,"height":41,"caption":"Oenobiol"},"image":{"@id":"https:\/\/oenobiol.com\/nl_be\/#\/schema\/logo\/image\/"}}]}},"_links":{"self":[{"href":"https:\/\/oenobiol.com\/nl_be\/wp-json\/wp\/v2\/product\/13449","targetHints":{"allow":["GET"]}}],"collection":[{"href":"https:\/\/oenobiol.com\/nl_be\/wp-json\/wp\/v2\/product"}],"about":[{"href":"https:\/\/oenobiol.com\/nl_be\/wp-json\/wp\/v2\/types\/product"}],"wp:featuredmedia":[{"embeddable":true,"href":"https:\/\/oenobiol.com\/nl_be\/wp-json\/wp\/v2\/media\/30342"}],"wp:attachment":[{"href":"https:\/\/oenobiol.com\/nl_be\/wp-json\/wp\/v2\/media?parent=13449"}],"curies":[{"name":"wp","href":"https:\/\/api.w.org\/{rel}","templated":true}]}}