{"id":13450,"date":"2024-04-04T11:24:23","date_gmt":"2024-04-04T09:24:23","guid":{"rendered":"https:\/\/oenobiol.com\/produits\/sun-expert-preparateur-solaire-anti-age\/"},"modified":"2024-12-24T11:24:08","modified_gmt":"2024-12-24T10:24:08","slug":"sun-expert-zonvoorbereiding-anti-aging","status":"publish","type":"product","link":"https:\/\/oenobiol.com\/nl_be\/producten\/sun-expert-zonvoorbereiding-anti-aging\/","title":{"rendered":"SUN EXPERT Zonvoorbereiding ANTI-AGING"},"content":{"rendered":"<p>SUN EXPERT Zonvoorbereiding ANTI-AGING met zijn versterkte formule\u00b9 biedt een drievoudige belofte: de huid voorbereiden op blootstelling aan de zon met een aagepaste cellulaire anti-oxidantbescherming\u00b2, een intense &amp; stralende zongerbruinde huid, en de stevigheid en soepelheid van de huid bevorderen.\u00b3<\/p>\n","protected":false},"excerpt":{"rendered":"<p>Bereid uw huid voor op de stralende zomerzon! <\/p>\n","protected":false},"featured_media":28734,"template":"","meta":{"_acf_changed":false,"inline_featured_image":false},"class_list":["post-13450","product","type-product","status-publish","has-post-thumbnail","hentry","product_category-zonvoorbereiding-nl_be","product_tag-nieuw-innovatie"],"acf":[],"yoast_head":"<!-- This site is optimized with the Yoast SEO plugin v27.0 - https:\/\/yoast.com\/product\/yoast-seo-wordpress\/ -->\n<title>SUN EXPERT Pr\u00e9paration solaire anti-\u00e2ge - compl\u00e9ments - OENOBIOL<\/title>\n<meta name=\"description\" content=\"D\u00e8s 35 ans, pr\u00e9parez votre peau au soleil et sublimez un bronzage durable avec un pr\u00e9parateur solaire formul\u00e9 anti-\u00e2ge pour activer votre beaut\u00e9 !\" \/>\n<meta name=\"robots\" content=\"index, follow, max-snippet:-1, max-image-preview:large, max-video-preview:-1\" \/>\n<link rel=\"canonical\" href=\"https:\/\/oenobiol.com\/nl_be\/producten\/sun-expert-zonvoorbereiding-anti-aging\/\" \/>\n<meta property=\"og:locale\" content=\"nl_NL\" \/>\n<meta property=\"og:type\" content=\"article\" \/>\n<meta property=\"og:title\" content=\"SUN EXPERT Pr\u00e9paration solaire anti-\u00e2ge - compl\u00e9ments - OENOBIOL\" \/>\n<meta property=\"og:description\" content=\"D\u00e8s 35 ans, pr\u00e9parez votre peau au soleil et sublimez un bronzage durable avec un pr\u00e9parateur solaire formul\u00e9 anti-\u00e2ge pour activer votre beaut\u00e9 !\" \/>\n<meta property=\"og:url\" content=\"https:\/\/oenobiol.com\/nl_be\/producten\/sun-expert-zonvoorbereiding-anti-aging\/\" \/>\n<meta property=\"og:site_name\" content=\"Oenobiol\" \/>\n<meta property=\"article:modified_time\" content=\"2024-12-24T10:24:08+00:00\" \/>\n<meta property=\"og:image\" content=\"https:\/\/oenobiol.com\/app\/uploads\/2024\/04\/Pot-BE-NL-Sun-Anti-Age-ouvert-D-2023-RVB-copie-e1731618415292-1024x811.png\" \/>\n\t<meta property=\"og:image:width\" content=\"1024\" \/>\n\t<meta property=\"og:image:height\" content=\"811\" \/>\n\t<meta property=\"og:image:type\" content=\"image\/png\" \/>\n<meta name=\"twitter:card\" content=\"summary_large_image\" \/>\n<meta name=\"twitter:label1\" content=\"Est. reading time\" \/>\n\t<meta name=\"twitter:data1\" content=\"1 minute\" \/>\n<script type=\"application\/ld+json\" class=\"yoast-schema-graph\">{\"@context\":\"https:\/\/schema.org\",\"@graph\":[{\"@type\":\"WebPage\",\"@id\":\"https:\/\/oenobiol.com\/nl_be\/producten\/sun-expert-zonvoorbereiding-anti-aging\/\",\"url\":\"https:\/\/oenobiol.com\/nl_be\/producten\/sun-expert-zonvoorbereiding-anti-aging\/\",\"name\":\"SUN EXPERT Pr\u00e9paration solaire anti-\u00e2ge - compl\u00e9ments - OENOBIOL\",\"isPartOf\":{\"@id\":\"https:\/\/oenobiol.com\/nl_be\/#website\"},\"primaryImageOfPage\":{\"@id\":\"https:\/\/oenobiol.com\/nl_be\/producten\/sun-expert-zonvoorbereiding-anti-aging\/#primaryimage\"},\"image\":{\"@id\":\"https:\/\/oenobiol.com\/nl_be\/producten\/sun-expert-zonvoorbereiding-anti-aging\/#primaryimage\"},\"thumbnailUrl\":\"https:\/\/oenobiol.com\/app\/uploads\/2024\/04\/Pot-BE-NL-Sun-Anti-Age-ouvert-D-2023-RVB-copie-e1731618415292.png\",\"datePublished\":\"2024-04-04T09:24:23+00:00\",\"dateModified\":\"2024-12-24T10:24:08+00:00\",\"description\":\"D\u00e8s 35 ans, pr\u00e9parez votre peau au soleil et sublimez un bronzage durable avec un pr\u00e9parateur solaire formul\u00e9 anti-\u00e2ge pour activer votre beaut\u00e9 !\",\"breadcrumb\":{\"@id\":\"https:\/\/oenobiol.com\/nl_be\/producten\/sun-expert-zonvoorbereiding-anti-aging\/#breadcrumb\"},\"inLanguage\":\"nl-BE-\",\"potentialAction\":[{\"@type\":\"ReadAction\",\"target\":[\"https:\/\/oenobiol.com\/nl_be\/producten\/sun-expert-zonvoorbereiding-anti-aging\/\"]}]},{\"@type\":\"ImageObject\",\"inLanguage\":\"nl-BE-\",\"@id\":\"https:\/\/oenobiol.com\/nl_be\/producten\/sun-expert-zonvoorbereiding-anti-aging\/#primaryimage\",\"url\":\"https:\/\/oenobiol.com\/app\/uploads\/2024\/04\/Pot-BE-NL-Sun-Anti-Age-ouvert-D-2023-RVB-copie-e1731618415292.png\",\"contentUrl\":\"https:\/\/oenobiol.com\/app\/uploads\/2024\/04\/Pot-BE-NL-Sun-Anti-Age-ouvert-D-2023-RVB-copie-e1731618415292.png\",\"width\":4734,\"height\":3750},{\"@type\":\"BreadcrumbList\",\"@id\":\"https:\/\/oenobiol.com\/nl_be\/producten\/sun-expert-zonvoorbereiding-anti-aging\/#breadcrumb\",\"itemListElement\":[{\"@type\":\"ListItem\",\"position\":1,\"name\":\"Homepage\",\"item\":\"https:\/\/oenobiol.com\/nl_be\/\"},{\"@type\":\"ListItem\",\"position\":2,\"name\":\"Zonvoorbereiding\",\"item\":\"https:\/\/oenobiol.com\/nl_be\/assortimenten\/zonvoorbereiding-nl_be\/\"},{\"@type\":\"ListItem\",\"position\":3,\"name\":\"SUN EXPERT Zonvoorbereiding ANTI-AGING\"}]},{\"@type\":\"WebSite\",\"@id\":\"https:\/\/oenobiol.com\/nl_be\/#website\",\"url\":\"https:\/\/oenobiol.com\/nl_be\/\",\"name\":\"Oenobiol\",\"description\":\"\",\"publisher\":{\"@id\":\"https:\/\/oenobiol.com\/nl_be\/#organization\"},\"potentialAction\":[{\"@type\":\"SearchAction\",\"target\":{\"@type\":\"EntryPoint\",\"urlTemplate\":\"https:\/\/oenobiol.com\/nl_be\/?s={search_term_string}\"},\"query-input\":{\"@type\":\"PropertyValueSpecification\",\"valueRequired\":true,\"valueName\":\"search_term_string\"}}],\"inLanguage\":\"nl-BE-\"},{\"@type\":\"Organization\",\"@id\":\"https:\/\/oenobiol.com\/nl_be\/#organization\",\"name\":\"Oenobiol\",\"url\":\"https:\/\/oenobiol.com\/nl_be\/\",\"logo\":{\"@type\":\"ImageObject\",\"inLanguage\":\"nl-BE-\",\"@id\":\"https:\/\/oenobiol.com\/nl_be\/#\/schema\/logo\/image\/\",\"url\":\"https:\/\/oenobiol.com\/app\/uploads\/2024\/05\/logo-baseline-2-1.svg\",\"contentUrl\":\"https:\/\/oenobiol.com\/app\/uploads\/2024\/05\/logo-baseline-2-1.svg\",\"width\":131,\"height\":41,\"caption\":\"Oenobiol\"},\"image\":{\"@id\":\"https:\/\/oenobiol.com\/nl_be\/#\/schema\/logo\/image\/\"}}]}<\/script>\n<!-- \/ Yoast SEO plugin. -->","yoast_head_json":{"title":"SUN EXPERT Pr\u00e9paration solaire anti-\u00e2ge - compl\u00e9ments - OENOBIOL","description":"D\u00e8s 35 ans, pr\u00e9parez votre peau au soleil et sublimez un bronzage durable avec un pr\u00e9parateur solaire formul\u00e9 anti-\u00e2ge pour activer votre beaut\u00e9 !","robots":{"index":"index","follow":"follow","max-snippet":"max-snippet:-1","max-image-preview":"max-image-preview:large","max-video-preview":"max-video-preview:-1"},"canonical":"https:\/\/oenobiol.com\/nl_be\/producten\/sun-expert-zonvoorbereiding-anti-aging\/","og_locale":"nl_NL","og_type":"article","og_title":"SUN EXPERT Pr\u00e9paration solaire anti-\u00e2ge - compl\u00e9ments - OENOBIOL","og_description":"D\u00e8s 35 ans, pr\u00e9parez votre peau au soleil et sublimez un bronzage durable avec un pr\u00e9parateur solaire formul\u00e9 anti-\u00e2ge pour activer votre beaut\u00e9 !","og_url":"https:\/\/oenobiol.com\/nl_be\/producten\/sun-expert-zonvoorbereiding-anti-aging\/","og_site_name":"Oenobiol","article_modified_time":"2024-12-24T10:24:08+00:00","og_image":[{"width":1024,"height":811,"url":"https:\/\/oenobiol.com\/app\/uploads\/2024\/04\/Pot-BE-NL-Sun-Anti-Age-ouvert-D-2023-RVB-copie-e1731618415292-1024x811.png","type":"image\/png"}],"twitter_card":"summary_large_image","twitter_misc":{"Est. reading time":"1 minute"},"schema":{"@context":"https:\/\/schema.org","@graph":[{"@type":"WebPage","@id":"https:\/\/oenobiol.com\/nl_be\/producten\/sun-expert-zonvoorbereiding-anti-aging\/","url":"https:\/\/oenobiol.com\/nl_be\/producten\/sun-expert-zonvoorbereiding-anti-aging\/","name":"SUN EXPERT Pr\u00e9paration solaire anti-\u00e2ge - compl\u00e9ments - OENOBIOL","isPartOf":{"@id":"https:\/\/oenobiol.com\/nl_be\/#website"},"primaryImageOfPage":{"@id":"https:\/\/oenobiol.com\/nl_be\/producten\/sun-expert-zonvoorbereiding-anti-aging\/#primaryimage"},"image":{"@id":"https:\/\/oenobiol.com\/nl_be\/producten\/sun-expert-zonvoorbereiding-anti-aging\/#primaryimage"},"thumbnailUrl":"https:\/\/oenobiol.com\/app\/uploads\/2024\/04\/Pot-BE-NL-Sun-Anti-Age-ouvert-D-2023-RVB-copie-e1731618415292.png","datePublished":"2024-04-04T09:24:23+00:00","dateModified":"2024-12-24T10:24:08+00:00","description":"D\u00e8s 35 ans, pr\u00e9parez votre peau au soleil et sublimez un bronzage durable avec un pr\u00e9parateur solaire formul\u00e9 anti-\u00e2ge pour activer votre beaut\u00e9 !","breadcrumb":{"@id":"https:\/\/oenobiol.com\/nl_be\/producten\/sun-expert-zonvoorbereiding-anti-aging\/#breadcrumb"},"inLanguage":"nl-BE-","potentialAction":[{"@type":"ReadAction","target":["https:\/\/oenobiol.com\/nl_be\/producten\/sun-expert-zonvoorbereiding-anti-aging\/"]}]},{"@type":"ImageObject","inLanguage":"nl-BE-","@id":"https:\/\/oenobiol.com\/nl_be\/producten\/sun-expert-zonvoorbereiding-anti-aging\/#primaryimage","url":"https:\/\/oenobiol.com\/app\/uploads\/2024\/04\/Pot-BE-NL-Sun-Anti-Age-ouvert-D-2023-RVB-copie-e1731618415292.png","contentUrl":"https:\/\/oenobiol.com\/app\/uploads\/2024\/04\/Pot-BE-NL-Sun-Anti-Age-ouvert-D-2023-RVB-copie-e1731618415292.png","width":4734,"height":3750},{"@type":"BreadcrumbList","@id":"https:\/\/oenobiol.com\/nl_be\/producten\/sun-expert-zonvoorbereiding-anti-aging\/#breadcrumb","itemListElement":[{"@type":"ListItem","position":1,"name":"Homepage","item":"https:\/\/oenobiol.com\/nl_be\/"},{"@type":"ListItem","position":2,"name":"Zonvoorbereiding","item":"https:\/\/oenobiol.com\/nl_be\/assortimenten\/zonvoorbereiding-nl_be\/"},{"@type":"ListItem","position":3,"name":"SUN EXPERT Zonvoorbereiding ANTI-AGING"}]},{"@type":"WebSite","@id":"https:\/\/oenobiol.com\/nl_be\/#website","url":"https:\/\/oenobiol.com\/nl_be\/","name":"Oenobiol","description":"","publisher":{"@id":"https:\/\/oenobiol.com\/nl_be\/#organization"},"potentialAction":[{"@type":"SearchAction","target":{"@type":"EntryPoint","urlTemplate":"https:\/\/oenobiol.com\/nl_be\/?s={search_term_string}"},"query-input":{"@type":"PropertyValueSpecification","valueRequired":true,"valueName":"search_term_string"}}],"inLanguage":"nl-BE-"},{"@type":"Organization","@id":"https:\/\/oenobiol.com\/nl_be\/#organization","name":"Oenobiol","url":"https:\/\/oenobiol.com\/nl_be\/","logo":{"@type":"ImageObject","inLanguage":"nl-BE-","@id":"https:\/\/oenobiol.com\/nl_be\/#\/schema\/logo\/image\/","url":"https:\/\/oenobiol.com\/app\/uploads\/2024\/05\/logo-baseline-2-1.svg","contentUrl":"https:\/\/oenobiol.com\/app\/uploads\/2024\/05\/logo-baseline-2-1.svg","width":131,"height":41,"caption":"Oenobiol"},"image":{"@id":"https:\/\/oenobiol.com\/nl_be\/#\/schema\/logo\/image\/"}}]}},"_links":{"self":[{"href":"https:\/\/oenobiol.com\/nl_be\/wp-json\/wp\/v2\/product\/13450","targetHints":{"allow":["GET"]}}],"collection":[{"href":"https:\/\/oenobiol.com\/nl_be\/wp-json\/wp\/v2\/product"}],"about":[{"href":"https:\/\/oenobiol.com\/nl_be\/wp-json\/wp\/v2\/types\/product"}],"wp:featuredmedia":[{"embeddable":true,"href":"https:\/\/oenobiol.com\/nl_be\/wp-json\/wp\/v2\/media\/28734"}],"wp:attachment":[{"href":"https:\/\/oenobiol.com\/nl_be\/wp-json\/wp\/v2\/media?parent=13450"}],"curies":[{"name":"wp","href":"https:\/\/api.w.org\/{rel}","templated":true}]}}