{"id":13451,"date":"2024-04-04T11:08:50","date_gmt":"2024-04-04T09:08:50","guid":{"rendered":"https:\/\/oenobiol.com\/produits\/sun-expert-preparateur-solaire-peau-sensible\/"},"modified":"2024-12-24T11:24:34","modified_gmt":"2024-12-24T10:24:34","slug":"sun-expert-zonvoorbereiding-gevoelige-huid","status":"publish","type":"product","link":"https:\/\/oenobiol.com\/nl_be\/producten\/sun-expert-zonvoorbereiding-gevoelige-huid\/","title":{"rendered":"SUN EXPERT Zonvoorbereiding GEVOELIGE HUID"},"content":{"rendered":"<p>SUN EXPERT bereidt je huid voor op blootstelling aan de zon. Deze formule met aangepaste cellulaire anti-oxidantbescherming\u00b9,\u00b2 is speciaal ontwikkeld voor de gevoelige huidtypes en draagt bij aan een intenseen stralende zongebruinde huid.<\/p>\n","protected":false},"excerpt":{"rendered":"<p>Bereid uw gevoelige huid voor op de stralende zomerzon!<\/p>\n","protected":false},"featured_media":28711,"template":"","meta":{"_acf_changed":false,"inline_featured_image":false},"class_list":["post-13451","product","type-product","status-publish","has-post-thumbnail","hentry","product_category-zonvoorbereiding-nl_be","product_tag-nieuw-innovatie"],"acf":[],"yoast_head":"<!-- This site is optimized with the Yoast SEO plugin v27.0 - https:\/\/yoast.com\/product\/yoast-seo-wordpress\/ -->\n<title>SUN EXPERT Pr\u00e9paration solaire peau sensible - OENOBIOL<\/title>\n<meta name=\"description\" content=\"Pr\u00e9parez votre peau sensible au soleil pour un bronzage sublim\u00e9 et prolong\u00e9 avec les compl\u00e9ments alimentaires OENOBIOL SUN EXPERT Peau Sensible.\" \/>\n<meta name=\"robots\" content=\"index, follow, max-snippet:-1, max-image-preview:large, max-video-preview:-1\" \/>\n<link rel=\"canonical\" href=\"https:\/\/oenobiol.com\/nl_be\/producten\/sun-expert-zonvoorbereiding-gevoelige-huid\/\" \/>\n<meta property=\"og:locale\" content=\"nl_NL\" \/>\n<meta property=\"og:type\" content=\"article\" \/>\n<meta property=\"og:title\" content=\"SUN EXPERT Pr\u00e9paration solaire peau sensible - OENOBIOL\" \/>\n<meta property=\"og:description\" content=\"Pr\u00e9parez votre peau sensible au soleil pour un bronzage sublim\u00e9 et prolong\u00e9 avec les compl\u00e9ments alimentaires OENOBIOL SUN EXPERT Peau Sensible.\" \/>\n<meta property=\"og:url\" content=\"https:\/\/oenobiol.com\/nl_be\/producten\/sun-expert-zonvoorbereiding-gevoelige-huid\/\" \/>\n<meta property=\"og:site_name\" content=\"Oenobiol\" \/>\n<meta property=\"article:modified_time\" content=\"2024-12-24T10:24:34+00:00\" \/>\n<meta property=\"og:image\" content=\"https:\/\/oenobiol.com\/app\/uploads\/2024\/04\/Pot-BE-NL-Sun-Peau-Sensible-ouvert-D-2023-RVB-copie-5-e1731592365680-1024x689.png\" \/>\n\t<meta property=\"og:image:width\" content=\"1024\" \/>\n\t<meta property=\"og:image:height\" content=\"689\" \/>\n\t<meta property=\"og:image:type\" content=\"image\/png\" \/>\n<meta name=\"twitter:card\" content=\"summary_large_image\" \/>\n<meta name=\"twitter:label1\" content=\"Est. reading time\" \/>\n\t<meta name=\"twitter:data1\" content=\"1 minute\" \/>\n<script type=\"application\/ld+json\" class=\"yoast-schema-graph\">{\"@context\":\"https:\/\/schema.org\",\"@graph\":[{\"@type\":\"WebPage\",\"@id\":\"https:\/\/oenobiol.com\/nl_be\/producten\/sun-expert-zonvoorbereiding-gevoelige-huid\/\",\"url\":\"https:\/\/oenobiol.com\/nl_be\/producten\/sun-expert-zonvoorbereiding-gevoelige-huid\/\",\"name\":\"SUN EXPERT Pr\u00e9paration solaire peau sensible - OENOBIOL\",\"isPartOf\":{\"@id\":\"https:\/\/oenobiol.com\/nl_be\/#website\"},\"primaryImageOfPage\":{\"@id\":\"https:\/\/oenobiol.com\/nl_be\/producten\/sun-expert-zonvoorbereiding-gevoelige-huid\/#primaryimage\"},\"image\":{\"@id\":\"https:\/\/oenobiol.com\/nl_be\/producten\/sun-expert-zonvoorbereiding-gevoelige-huid\/#primaryimage\"},\"thumbnailUrl\":\"https:\/\/oenobiol.com\/app\/uploads\/2024\/04\/Pot-BE-NL-Sun-Peau-Sensible-ouvert-D-2023-RVB-copie-5-e1731592365680.png\",\"datePublished\":\"2024-04-04T09:08:50+00:00\",\"dateModified\":\"2024-12-24T10:24:34+00:00\",\"description\":\"Pr\u00e9parez votre peau sensible au soleil pour un bronzage sublim\u00e9 et prolong\u00e9 avec les compl\u00e9ments alimentaires OENOBIOL SUN EXPERT Peau Sensible.\",\"breadcrumb\":{\"@id\":\"https:\/\/oenobiol.com\/nl_be\/producten\/sun-expert-zonvoorbereiding-gevoelige-huid\/#breadcrumb\"},\"inLanguage\":\"nl-BE-\",\"potentialAction\":[{\"@type\":\"ReadAction\",\"target\":[\"https:\/\/oenobiol.com\/nl_be\/producten\/sun-expert-zonvoorbereiding-gevoelige-huid\/\"]}]},{\"@type\":\"ImageObject\",\"inLanguage\":\"nl-BE-\",\"@id\":\"https:\/\/oenobiol.com\/nl_be\/producten\/sun-expert-zonvoorbereiding-gevoelige-huid\/#primaryimage\",\"url\":\"https:\/\/oenobiol.com\/app\/uploads\/2024\/04\/Pot-BE-NL-Sun-Peau-Sensible-ouvert-D-2023-RVB-copie-5-e1731592365680.png\",\"contentUrl\":\"https:\/\/oenobiol.com\/app\/uploads\/2024\/04\/Pot-BE-NL-Sun-Peau-Sensible-ouvert-D-2023-RVB-copie-5-e1731592365680.png\",\"width\":2953,\"height\":1988},{\"@type\":\"BreadcrumbList\",\"@id\":\"https:\/\/oenobiol.com\/nl_be\/producten\/sun-expert-zonvoorbereiding-gevoelige-huid\/#breadcrumb\",\"itemListElement\":[{\"@type\":\"ListItem\",\"position\":1,\"name\":\"Homepage\",\"item\":\"https:\/\/oenobiol.com\/nl_be\/\"},{\"@type\":\"ListItem\",\"position\":2,\"name\":\"Zonvoorbereiding\",\"item\":\"https:\/\/oenobiol.com\/nl_be\/assortimenten\/zonvoorbereiding-nl_be\/\"},{\"@type\":\"ListItem\",\"position\":3,\"name\":\"SUN EXPERT Zonvoorbereiding GEVOELIGE HUID\"}]},{\"@type\":\"WebSite\",\"@id\":\"https:\/\/oenobiol.com\/nl_be\/#website\",\"url\":\"https:\/\/oenobiol.com\/nl_be\/\",\"name\":\"Oenobiol\",\"description\":\"\",\"publisher\":{\"@id\":\"https:\/\/oenobiol.com\/nl_be\/#organization\"},\"potentialAction\":[{\"@type\":\"SearchAction\",\"target\":{\"@type\":\"EntryPoint\",\"urlTemplate\":\"https:\/\/oenobiol.com\/nl_be\/?s={search_term_string}\"},\"query-input\":{\"@type\":\"PropertyValueSpecification\",\"valueRequired\":true,\"valueName\":\"search_term_string\"}}],\"inLanguage\":\"nl-BE-\"},{\"@type\":\"Organization\",\"@id\":\"https:\/\/oenobiol.com\/nl_be\/#organization\",\"name\":\"Oenobiol\",\"url\":\"https:\/\/oenobiol.com\/nl_be\/\",\"logo\":{\"@type\":\"ImageObject\",\"inLanguage\":\"nl-BE-\",\"@id\":\"https:\/\/oenobiol.com\/nl_be\/#\/schema\/logo\/image\/\",\"url\":\"https:\/\/oenobiol.com\/app\/uploads\/2024\/05\/logo-baseline-2-1.svg\",\"contentUrl\":\"https:\/\/oenobiol.com\/app\/uploads\/2024\/05\/logo-baseline-2-1.svg\",\"width\":131,\"height\":41,\"caption\":\"Oenobiol\"},\"image\":{\"@id\":\"https:\/\/oenobiol.com\/nl_be\/#\/schema\/logo\/image\/\"}}]}<\/script>\n<!-- \/ Yoast SEO plugin. -->","yoast_head_json":{"title":"SUN EXPERT Pr\u00e9paration solaire peau sensible - OENOBIOL","description":"Pr\u00e9parez votre peau sensible au soleil pour un bronzage sublim\u00e9 et prolong\u00e9 avec les compl\u00e9ments alimentaires OENOBIOL SUN EXPERT Peau Sensible.","robots":{"index":"index","follow":"follow","max-snippet":"max-snippet:-1","max-image-preview":"max-image-preview:large","max-video-preview":"max-video-preview:-1"},"canonical":"https:\/\/oenobiol.com\/nl_be\/producten\/sun-expert-zonvoorbereiding-gevoelige-huid\/","og_locale":"nl_NL","og_type":"article","og_title":"SUN EXPERT Pr\u00e9paration solaire peau sensible - OENOBIOL","og_description":"Pr\u00e9parez votre peau sensible au soleil pour un bronzage sublim\u00e9 et prolong\u00e9 avec les compl\u00e9ments alimentaires OENOBIOL SUN EXPERT Peau Sensible.","og_url":"https:\/\/oenobiol.com\/nl_be\/producten\/sun-expert-zonvoorbereiding-gevoelige-huid\/","og_site_name":"Oenobiol","article_modified_time":"2024-12-24T10:24:34+00:00","og_image":[{"width":1024,"height":689,"url":"https:\/\/oenobiol.com\/app\/uploads\/2024\/04\/Pot-BE-NL-Sun-Peau-Sensible-ouvert-D-2023-RVB-copie-5-e1731592365680-1024x689.png","type":"image\/png"}],"twitter_card":"summary_large_image","twitter_misc":{"Est. reading time":"1 minute"},"schema":{"@context":"https:\/\/schema.org","@graph":[{"@type":"WebPage","@id":"https:\/\/oenobiol.com\/nl_be\/producten\/sun-expert-zonvoorbereiding-gevoelige-huid\/","url":"https:\/\/oenobiol.com\/nl_be\/producten\/sun-expert-zonvoorbereiding-gevoelige-huid\/","name":"SUN EXPERT Pr\u00e9paration solaire peau sensible - OENOBIOL","isPartOf":{"@id":"https:\/\/oenobiol.com\/nl_be\/#website"},"primaryImageOfPage":{"@id":"https:\/\/oenobiol.com\/nl_be\/producten\/sun-expert-zonvoorbereiding-gevoelige-huid\/#primaryimage"},"image":{"@id":"https:\/\/oenobiol.com\/nl_be\/producten\/sun-expert-zonvoorbereiding-gevoelige-huid\/#primaryimage"},"thumbnailUrl":"https:\/\/oenobiol.com\/app\/uploads\/2024\/04\/Pot-BE-NL-Sun-Peau-Sensible-ouvert-D-2023-RVB-copie-5-e1731592365680.png","datePublished":"2024-04-04T09:08:50+00:00","dateModified":"2024-12-24T10:24:34+00:00","description":"Pr\u00e9parez votre peau sensible au soleil pour un bronzage sublim\u00e9 et prolong\u00e9 avec les compl\u00e9ments alimentaires OENOBIOL SUN EXPERT Peau Sensible.","breadcrumb":{"@id":"https:\/\/oenobiol.com\/nl_be\/producten\/sun-expert-zonvoorbereiding-gevoelige-huid\/#breadcrumb"},"inLanguage":"nl-BE-","potentialAction":[{"@type":"ReadAction","target":["https:\/\/oenobiol.com\/nl_be\/producten\/sun-expert-zonvoorbereiding-gevoelige-huid\/"]}]},{"@type":"ImageObject","inLanguage":"nl-BE-","@id":"https:\/\/oenobiol.com\/nl_be\/producten\/sun-expert-zonvoorbereiding-gevoelige-huid\/#primaryimage","url":"https:\/\/oenobiol.com\/app\/uploads\/2024\/04\/Pot-BE-NL-Sun-Peau-Sensible-ouvert-D-2023-RVB-copie-5-e1731592365680.png","contentUrl":"https:\/\/oenobiol.com\/app\/uploads\/2024\/04\/Pot-BE-NL-Sun-Peau-Sensible-ouvert-D-2023-RVB-copie-5-e1731592365680.png","width":2953,"height":1988},{"@type":"BreadcrumbList","@id":"https:\/\/oenobiol.com\/nl_be\/producten\/sun-expert-zonvoorbereiding-gevoelige-huid\/#breadcrumb","itemListElement":[{"@type":"ListItem","position":1,"name":"Homepage","item":"https:\/\/oenobiol.com\/nl_be\/"},{"@type":"ListItem","position":2,"name":"Zonvoorbereiding","item":"https:\/\/oenobiol.com\/nl_be\/assortimenten\/zonvoorbereiding-nl_be\/"},{"@type":"ListItem","position":3,"name":"SUN EXPERT Zonvoorbereiding GEVOELIGE HUID"}]},{"@type":"WebSite","@id":"https:\/\/oenobiol.com\/nl_be\/#website","url":"https:\/\/oenobiol.com\/nl_be\/","name":"Oenobiol","description":"","publisher":{"@id":"https:\/\/oenobiol.com\/nl_be\/#organization"},"potentialAction":[{"@type":"SearchAction","target":{"@type":"EntryPoint","urlTemplate":"https:\/\/oenobiol.com\/nl_be\/?s={search_term_string}"},"query-input":{"@type":"PropertyValueSpecification","valueRequired":true,"valueName":"search_term_string"}}],"inLanguage":"nl-BE-"},{"@type":"Organization","@id":"https:\/\/oenobiol.com\/nl_be\/#organization","name":"Oenobiol","url":"https:\/\/oenobiol.com\/nl_be\/","logo":{"@type":"ImageObject","inLanguage":"nl-BE-","@id":"https:\/\/oenobiol.com\/nl_be\/#\/schema\/logo\/image\/","url":"https:\/\/oenobiol.com\/app\/uploads\/2024\/05\/logo-baseline-2-1.svg","contentUrl":"https:\/\/oenobiol.com\/app\/uploads\/2024\/05\/logo-baseline-2-1.svg","width":131,"height":41,"caption":"Oenobiol"},"image":{"@id":"https:\/\/oenobiol.com\/nl_be\/#\/schema\/logo\/image\/"}}]}},"_links":{"self":[{"href":"https:\/\/oenobiol.com\/nl_be\/wp-json\/wp\/v2\/product\/13451","targetHints":{"allow":["GET"]}}],"collection":[{"href":"https:\/\/oenobiol.com\/nl_be\/wp-json\/wp\/v2\/product"}],"about":[{"href":"https:\/\/oenobiol.com\/nl_be\/wp-json\/wp\/v2\/types\/product"}],"wp:featuredmedia":[{"embeddable":true,"href":"https:\/\/oenobiol.com\/nl_be\/wp-json\/wp\/v2\/media\/28711"}],"wp:attachment":[{"href":"https:\/\/oenobiol.com\/nl_be\/wp-json\/wp\/v2\/media?parent=13451"}],"curies":[{"name":"wp","href":"https:\/\/api.w.org\/{rel}","templated":true}]}}