{"id":13366,"date":"2024-04-22T10:17:03","date_gmt":"2024-04-22T08:17:03","guid":{"rendered":"https:\/\/oenobiol.com\/politique-en-matiere-de-cookies\/"},"modified":"2024-08-21T14:27:19","modified_gmt":"2024-08-21T12:27:19","slug":"politica-de-cookies","status":"publish","type":"page","link":"https:\/\/oenobiol.com\/pt_pt\/politica-de-cookies\/","title":{"rendered":"Pol\u00edtica de Cookies"},"content":{"rendered":"<p>Vers\u00e3o 1.0 &#8211; \u00faltima atualiza\u00e7\u00e3o em 20 de Mar\u00e7o de 2024<\/p>\n","protected":false},"excerpt":{"rendered":"<p>Vers\u00e3o 1.0 &#8211; \u00faltima atualiza\u00e7\u00e3o em 20 de Mar\u00e7o de 2024<\/p>\n","protected":false},"author":2,"featured_media":0,"parent":0,"menu_order":0,"comment_status":"closed","ping_status":"closed","template":"template-multifocus.php","meta":{"_acf_changed":false,"inline_featured_image":false,"footnotes":""},"class_list":["post-13366","page","type-page","status-publish","hentry"],"acf":[],"yoast_head":"<!-- This site is optimized with the Yoast SEO plugin v27.0 - https:\/\/yoast.com\/product\/yoast-seo-wordpress\/ -->\n<title>Pol\u00edtica de Cookies - Oenobiol<\/title>\n<meta name=\"description\" content=\"Entenda o que s\u00e3o cookies, os tipos de dados recolhidos e conhe\u00e7a a nossa pol\u00edtica de cookies Oenobiol para uma navega\u00e7\u00e3o segura.\" \/>\n<meta name=\"robots\" content=\"index, follow, max-snippet:-1, max-image-preview:large, max-video-preview:-1\" \/>\n<link rel=\"canonical\" href=\"https:\/\/oenobiol.com\/pt_pt\/politica-de-cookies\/\" \/>\n<meta property=\"og:locale\" content=\"pt_PT\" \/>\n<meta property=\"og:type\" content=\"article\" \/>\n<meta property=\"og:title\" content=\"Pol\u00edtica de Cookies - Oenobiol\" \/>\n<meta property=\"og:description\" content=\"Entenda o que s\u00e3o cookies, os tipos de dados recolhidos e conhe\u00e7a a nossa pol\u00edtica de cookies Oenobiol para uma navega\u00e7\u00e3o segura.\" \/>\n<meta property=\"og:url\" content=\"https:\/\/oenobiol.com\/pt_pt\/politica-de-cookies\/\" \/>\n<meta property=\"og:site_name\" content=\"Oenobiol\" \/>\n<meta property=\"article:modified_time\" content=\"2024-08-21T12:27:19+00:00\" \/>\n<meta property=\"og:image\" content=\"https:\/\/oenobiol.com\/app\/uploads\/2024\/04\/partage.jpg\" \/>\n\t<meta property=\"og:image:width\" content=\"1200\" \/>\n\t<meta property=\"og:image:height\" content=\"630\" \/>\n\t<meta property=\"og:image:type\" content=\"image\/jpeg\" \/>\n<meta name=\"twitter:card\" content=\"summary_large_image\" \/>\n<meta name=\"twitter:label1\" content=\"Est. reading time\" \/>\n\t<meta name=\"twitter:data1\" content=\"1 minute\" \/>\n<script type=\"application\/ld+json\" class=\"yoast-schema-graph\">{\"@context\":\"https:\/\/schema.org\",\"@graph\":[{\"@type\":\"WebPage\",\"@id\":\"https:\/\/oenobiol.com\/pt_pt\/politica-de-cookies\/\",\"url\":\"https:\/\/oenobiol.com\/pt_pt\/politica-de-cookies\/\",\"name\":\"Pol\u00edtica de Cookies - Oenobiol\",\"isPartOf\":{\"@id\":\"https:\/\/oenobiol.com\/pt_pt\/#website\"},\"datePublished\":\"2024-04-22T08:17:03+00:00\",\"dateModified\":\"2024-08-21T12:27:19+00:00\",\"description\":\"Entenda o que s\u00e3o cookies, os tipos de dados recolhidos e conhe\u00e7a a nossa pol\u00edtica de cookies Oenobiol para uma navega\u00e7\u00e3o segura.\",\"breadcrumb\":{\"@id\":\"https:\/\/oenobiol.com\/pt_pt\/politica-de-cookies\/#breadcrumb\"},\"inLanguage\":\"pt-PT-\",\"potentialAction\":[{\"@type\":\"ReadAction\",\"target\":[\"https:\/\/oenobiol.com\/pt_pt\/politica-de-cookies\/\"]}]},{\"@type\":\"BreadcrumbList\",\"@id\":\"https:\/\/oenobiol.com\/pt_pt\/politica-de-cookies\/#breadcrumb\",\"itemListElement\":[{\"@type\":\"ListItem\",\"position\":1,\"name\":\"Homepage\",\"item\":\"https:\/\/oenobiol.com\/pt_pt\/\"},{\"@type\":\"ListItem\",\"position\":2,\"name\":\"Pol\u00edtica de Cookies\"}]},{\"@type\":\"WebSite\",\"@id\":\"https:\/\/oenobiol.com\/pt_pt\/#website\",\"url\":\"https:\/\/oenobiol.com\/pt_pt\/\",\"name\":\"Oenobiol\",\"description\":\"\",\"publisher\":{\"@id\":\"https:\/\/oenobiol.com\/pt_pt\/#organization\"},\"potentialAction\":[{\"@type\":\"SearchAction\",\"target\":{\"@type\":\"EntryPoint\",\"urlTemplate\":\"https:\/\/oenobiol.com\/pt_pt\/?s={search_term_string}\"},\"query-input\":{\"@type\":\"PropertyValueSpecification\",\"valueRequired\":true,\"valueName\":\"search_term_string\"}}],\"inLanguage\":\"pt-PT-\"},{\"@type\":\"Organization\",\"@id\":\"https:\/\/oenobiol.com\/pt_pt\/#organization\",\"name\":\"Oenobiol\",\"url\":\"https:\/\/oenobiol.com\/pt_pt\/\",\"logo\":{\"@type\":\"ImageObject\",\"inLanguage\":\"pt-PT-\",\"@id\":\"https:\/\/oenobiol.com\/pt_pt\/#\/schema\/logo\/image\/\",\"url\":\"https:\/\/oenobiol.com\/app\/uploads\/2024\/05\/logo-baseline-2-1.svg\",\"contentUrl\":\"https:\/\/oenobiol.com\/app\/uploads\/2024\/05\/logo-baseline-2-1.svg\",\"width\":131,\"height\":41,\"caption\":\"Oenobiol\"},\"image\":{\"@id\":\"https:\/\/oenobiol.com\/pt_pt\/#\/schema\/logo\/image\/\"}}]}<\/script>\n<!-- \/ Yoast SEO plugin. -->","yoast_head_json":{"title":"Pol\u00edtica de Cookies - Oenobiol","description":"Entenda o que s\u00e3o cookies, os tipos de dados recolhidos e conhe\u00e7a a nossa pol\u00edtica de cookies Oenobiol para uma navega\u00e7\u00e3o segura.","robots":{"index":"index","follow":"follow","max-snippet":"max-snippet:-1","max-image-preview":"max-image-preview:large","max-video-preview":"max-video-preview:-1"},"canonical":"https:\/\/oenobiol.com\/pt_pt\/politica-de-cookies\/","og_locale":"pt_PT","og_type":"article","og_title":"Pol\u00edtica de Cookies - Oenobiol","og_description":"Entenda o que s\u00e3o cookies, os tipos de dados recolhidos e conhe\u00e7a a nossa pol\u00edtica de cookies Oenobiol para uma navega\u00e7\u00e3o segura.","og_url":"https:\/\/oenobiol.com\/pt_pt\/politica-de-cookies\/","og_site_name":"Oenobiol","article_modified_time":"2024-08-21T12:27:19+00:00","og_image":[{"width":1200,"height":630,"url":"https:\/\/oenobiol.com\/app\/uploads\/2024\/04\/partage.jpg","type":"image\/jpeg"}],"twitter_card":"summary_large_image","twitter_misc":{"Est. reading time":"1 minute"},"schema":{"@context":"https:\/\/schema.org","@graph":[{"@type":"WebPage","@id":"https:\/\/oenobiol.com\/pt_pt\/politica-de-cookies\/","url":"https:\/\/oenobiol.com\/pt_pt\/politica-de-cookies\/","name":"Pol\u00edtica de Cookies - Oenobiol","isPartOf":{"@id":"https:\/\/oenobiol.com\/pt_pt\/#website"},"datePublished":"2024-04-22T08:17:03+00:00","dateModified":"2024-08-21T12:27:19+00:00","description":"Entenda o que s\u00e3o cookies, os tipos de dados recolhidos e conhe\u00e7a a nossa pol\u00edtica de cookies Oenobiol para uma navega\u00e7\u00e3o segura.","breadcrumb":{"@id":"https:\/\/oenobiol.com\/pt_pt\/politica-de-cookies\/#breadcrumb"},"inLanguage":"pt-PT-","potentialAction":[{"@type":"ReadAction","target":["https:\/\/oenobiol.com\/pt_pt\/politica-de-cookies\/"]}]},{"@type":"BreadcrumbList","@id":"https:\/\/oenobiol.com\/pt_pt\/politica-de-cookies\/#breadcrumb","itemListElement":[{"@type":"ListItem","position":1,"name":"Homepage","item":"https:\/\/oenobiol.com\/pt_pt\/"},{"@type":"ListItem","position":2,"name":"Pol\u00edtica de Cookies"}]},{"@type":"WebSite","@id":"https:\/\/oenobiol.com\/pt_pt\/#website","url":"https:\/\/oenobiol.com\/pt_pt\/","name":"Oenobiol","description":"","publisher":{"@id":"https:\/\/oenobiol.com\/pt_pt\/#organization"},"potentialAction":[{"@type":"SearchAction","target":{"@type":"EntryPoint","urlTemplate":"https:\/\/oenobiol.com\/pt_pt\/?s={search_term_string}"},"query-input":{"@type":"PropertyValueSpecification","valueRequired":true,"valueName":"search_term_string"}}],"inLanguage":"pt-PT-"},{"@type":"Organization","@id":"https:\/\/oenobiol.com\/pt_pt\/#organization","name":"Oenobiol","url":"https:\/\/oenobiol.com\/pt_pt\/","logo":{"@type":"ImageObject","inLanguage":"pt-PT-","@id":"https:\/\/oenobiol.com\/pt_pt\/#\/schema\/logo\/image\/","url":"https:\/\/oenobiol.com\/app\/uploads\/2024\/05\/logo-baseline-2-1.svg","contentUrl":"https:\/\/oenobiol.com\/app\/uploads\/2024\/05\/logo-baseline-2-1.svg","width":131,"height":41,"caption":"Oenobiol"},"image":{"@id":"https:\/\/oenobiol.com\/pt_pt\/#\/schema\/logo\/image\/"}}]}},"_links":{"self":[{"href":"https:\/\/oenobiol.com\/pt_pt\/wp-json\/wp\/v2\/pages\/13366","targetHints":{"allow":["GET"]}}],"collection":[{"href":"https:\/\/oenobiol.com\/pt_pt\/wp-json\/wp\/v2\/pages"}],"about":[{"href":"https:\/\/oenobiol.com\/pt_pt\/wp-json\/wp\/v2\/types\/page"}],"author":[{"embeddable":true,"href":"https:\/\/oenobiol.com\/pt_pt\/wp-json\/wp\/v2\/users\/2"}],"replies":[{"embeddable":true,"href":"https:\/\/oenobiol.com\/pt_pt\/wp-json\/wp\/v2\/comments?post=13366"}],"version-history":[{"count":4,"href":"https:\/\/oenobiol.com\/pt_pt\/wp-json\/wp\/v2\/pages\/13366\/revisions"}],"predecessor-version":[{"id":15672,"href":"https:\/\/oenobiol.com\/pt_pt\/wp-json\/wp\/v2\/pages\/13366\/revisions\/15672"}],"wp:attachment":[{"href":"https:\/\/oenobiol.com\/pt_pt\/wp-json\/wp\/v2\/media?parent=13366"}],"curies":[{"name":"wp","href":"https:\/\/api.w.org\/{rel}","templated":true}]}}