{"id":13371,"date":"2024-04-02T05:37:14","date_gmt":"2024-04-02T03:37:14","guid":{"rendered":"https:\/\/oenobiol.com\/mes-favoris\/"},"modified":"2024-08-21T15:39:09","modified_gmt":"2024-08-21T13:39:09","slug":"meus-favoritos","status":"publish","type":"page","link":"https:\/\/oenobiol.com\/pt_pt\/meus-favoritos\/","title":{"rendered":"Meus favoritos"},"content":{"rendered":"","protected":false},"excerpt":{"rendered":"","protected":false},"author":1,"featured_media":0,"parent":0,"menu_order":0,"comment_status":"closed","ping_status":"closed","template":"template-favoris.php","meta":{"_acf_changed":false,"inline_featured_image":false,"footnotes":""},"class_list":["post-13371","page","type-page","status-publish","hentry"],"acf":[],"yoast_head":"<!-- This site is optimized with the Yoast SEO plugin v27.0 - https:\/\/yoast.com\/product\/yoast-seo-wordpress\/ -->\n<title>Meus favoritos - Oenobiol - Compl\u00e9ments alimentaires beaut\u00e9<\/title>\n<meta name=\"description\" content=\"Nesta p\u00e1gina, encontre todos os suplementos alimentares Oenobiol que voc\u00ea salvou nos favoritos e compre-os !\" \/>\n<meta name=\"robots\" content=\"index, follow, max-snippet:-1, max-image-preview:large, max-video-preview:-1\" \/>\n<link rel=\"canonical\" href=\"https:\/\/oenobiol.com\/pt_pt\/meus-favoritos\/\" \/>\n<meta property=\"og:locale\" content=\"pt_PT\" \/>\n<meta property=\"og:type\" content=\"article\" \/>\n<meta property=\"og:title\" content=\"Meus favoritos - Oenobiol - Compl\u00e9ments alimentaires beaut\u00e9\" \/>\n<meta property=\"og:description\" content=\"Nesta p\u00e1gina, encontre todos os suplementos alimentares Oenobiol que voc\u00ea salvou nos favoritos e compre-os !\" \/>\n<meta property=\"og:url\" content=\"https:\/\/oenobiol.com\/pt_pt\/meus-favoritos\/\" \/>\n<meta property=\"og:site_name\" content=\"Oenobiol\" \/>\n<meta property=\"article:modified_time\" content=\"2024-08-21T13:39:09+00:00\" \/>\n<meta property=\"og:image\" content=\"https:\/\/oenobiol.com\/app\/uploads\/2024\/04\/partage.jpg\" \/>\n\t<meta property=\"og:image:width\" content=\"1200\" \/>\n\t<meta property=\"og:image:height\" content=\"630\" \/>\n\t<meta property=\"og:image:type\" content=\"image\/jpeg\" \/>\n<meta name=\"twitter:card\" content=\"summary_large_image\" \/>\n<script type=\"application\/ld+json\" class=\"yoast-schema-graph\">{\"@context\":\"https:\/\/schema.org\",\"@graph\":[{\"@type\":\"WebPage\",\"@id\":\"https:\/\/oenobiol.com\/pt_pt\/meus-favoritos\/\",\"url\":\"https:\/\/oenobiol.com\/pt_pt\/meus-favoritos\/\",\"name\":\"Meus favoritos - Oenobiol - Compl\u00e9ments alimentaires beaut\u00e9\",\"isPartOf\":{\"@id\":\"https:\/\/oenobiol.com\/pt_pt\/#website\"},\"datePublished\":\"2024-04-02T03:37:14+00:00\",\"dateModified\":\"2024-08-21T13:39:09+00:00\",\"description\":\"Nesta p\u00e1gina, encontre todos os suplementos alimentares Oenobiol que voc\u00ea salvou nos favoritos e compre-os !\",\"breadcrumb\":{\"@id\":\"https:\/\/oenobiol.com\/pt_pt\/meus-favoritos\/#breadcrumb\"},\"inLanguage\":\"pt-PT-\",\"potentialAction\":[{\"@type\":\"ReadAction\",\"target\":[\"https:\/\/oenobiol.com\/pt_pt\/meus-favoritos\/\"]}]},{\"@type\":\"BreadcrumbList\",\"@id\":\"https:\/\/oenobiol.com\/pt_pt\/meus-favoritos\/#breadcrumb\",\"itemListElement\":[{\"@type\":\"ListItem\",\"position\":1,\"name\":\"Homepage\",\"item\":\"https:\/\/oenobiol.com\/pt_pt\/\"},{\"@type\":\"ListItem\",\"position\":2,\"name\":\"Meus favoritos\"}]},{\"@type\":\"WebSite\",\"@id\":\"https:\/\/oenobiol.com\/pt_pt\/#website\",\"url\":\"https:\/\/oenobiol.com\/pt_pt\/\",\"name\":\"Oenobiol\",\"description\":\"\",\"publisher\":{\"@id\":\"https:\/\/oenobiol.com\/pt_pt\/#organization\"},\"potentialAction\":[{\"@type\":\"SearchAction\",\"target\":{\"@type\":\"EntryPoint\",\"urlTemplate\":\"https:\/\/oenobiol.com\/pt_pt\/?s={search_term_string}\"},\"query-input\":{\"@type\":\"PropertyValueSpecification\",\"valueRequired\":true,\"valueName\":\"search_term_string\"}}],\"inLanguage\":\"pt-PT-\"},{\"@type\":\"Organization\",\"@id\":\"https:\/\/oenobiol.com\/pt_pt\/#organization\",\"name\":\"Oenobiol\",\"url\":\"https:\/\/oenobiol.com\/pt_pt\/\",\"logo\":{\"@type\":\"ImageObject\",\"inLanguage\":\"pt-PT-\",\"@id\":\"https:\/\/oenobiol.com\/pt_pt\/#\/schema\/logo\/image\/\",\"url\":\"https:\/\/oenobiol.com\/app\/uploads\/2024\/05\/logo-baseline-2-1.svg\",\"contentUrl\":\"https:\/\/oenobiol.com\/app\/uploads\/2024\/05\/logo-baseline-2-1.svg\",\"width\":131,\"height\":41,\"caption\":\"Oenobiol\"},\"image\":{\"@id\":\"https:\/\/oenobiol.com\/pt_pt\/#\/schema\/logo\/image\/\"}}]}<\/script>\n<!-- \/ Yoast SEO plugin. -->","yoast_head_json":{"title":"Meus favoritos - Oenobiol - Compl\u00e9ments alimentaires beaut\u00e9","description":"Nesta p\u00e1gina, encontre todos os suplementos alimentares Oenobiol que voc\u00ea salvou nos favoritos e compre-os !","robots":{"index":"index","follow":"follow","max-snippet":"max-snippet:-1","max-image-preview":"max-image-preview:large","max-video-preview":"max-video-preview:-1"},"canonical":"https:\/\/oenobiol.com\/pt_pt\/meus-favoritos\/","og_locale":"pt_PT","og_type":"article","og_title":"Meus favoritos - Oenobiol - Compl\u00e9ments alimentaires beaut\u00e9","og_description":"Nesta p\u00e1gina, encontre todos os suplementos alimentares Oenobiol que voc\u00ea salvou nos favoritos e compre-os !","og_url":"https:\/\/oenobiol.com\/pt_pt\/meus-favoritos\/","og_site_name":"Oenobiol","article_modified_time":"2024-08-21T13:39:09+00:00","og_image":[{"width":1200,"height":630,"url":"https:\/\/oenobiol.com\/app\/uploads\/2024\/04\/partage.jpg","type":"image\/jpeg"}],"twitter_card":"summary_large_image","schema":{"@context":"https:\/\/schema.org","@graph":[{"@type":"WebPage","@id":"https:\/\/oenobiol.com\/pt_pt\/meus-favoritos\/","url":"https:\/\/oenobiol.com\/pt_pt\/meus-favoritos\/","name":"Meus favoritos - Oenobiol - Compl\u00e9ments alimentaires beaut\u00e9","isPartOf":{"@id":"https:\/\/oenobiol.com\/pt_pt\/#website"},"datePublished":"2024-04-02T03:37:14+00:00","dateModified":"2024-08-21T13:39:09+00:00","description":"Nesta p\u00e1gina, encontre todos os suplementos alimentares Oenobiol que voc\u00ea salvou nos favoritos e compre-os !","breadcrumb":{"@id":"https:\/\/oenobiol.com\/pt_pt\/meus-favoritos\/#breadcrumb"},"inLanguage":"pt-PT-","potentialAction":[{"@type":"ReadAction","target":["https:\/\/oenobiol.com\/pt_pt\/meus-favoritos\/"]}]},{"@type":"BreadcrumbList","@id":"https:\/\/oenobiol.com\/pt_pt\/meus-favoritos\/#breadcrumb","itemListElement":[{"@type":"ListItem","position":1,"name":"Homepage","item":"https:\/\/oenobiol.com\/pt_pt\/"},{"@type":"ListItem","position":2,"name":"Meus favoritos"}]},{"@type":"WebSite","@id":"https:\/\/oenobiol.com\/pt_pt\/#website","url":"https:\/\/oenobiol.com\/pt_pt\/","name":"Oenobiol","description":"","publisher":{"@id":"https:\/\/oenobiol.com\/pt_pt\/#organization"},"potentialAction":[{"@type":"SearchAction","target":{"@type":"EntryPoint","urlTemplate":"https:\/\/oenobiol.com\/pt_pt\/?s={search_term_string}"},"query-input":{"@type":"PropertyValueSpecification","valueRequired":true,"valueName":"search_term_string"}}],"inLanguage":"pt-PT-"},{"@type":"Organization","@id":"https:\/\/oenobiol.com\/pt_pt\/#organization","name":"Oenobiol","url":"https:\/\/oenobiol.com\/pt_pt\/","logo":{"@type":"ImageObject","inLanguage":"pt-PT-","@id":"https:\/\/oenobiol.com\/pt_pt\/#\/schema\/logo\/image\/","url":"https:\/\/oenobiol.com\/app\/uploads\/2024\/05\/logo-baseline-2-1.svg","contentUrl":"https:\/\/oenobiol.com\/app\/uploads\/2024\/05\/logo-baseline-2-1.svg","width":131,"height":41,"caption":"Oenobiol"},"image":{"@id":"https:\/\/oenobiol.com\/pt_pt\/#\/schema\/logo\/image\/"}}]}},"_links":{"self":[{"href":"https:\/\/oenobiol.com\/pt_pt\/wp-json\/wp\/v2\/pages\/13371","targetHints":{"allow":["GET"]}}],"collection":[{"href":"https:\/\/oenobiol.com\/pt_pt\/wp-json\/wp\/v2\/pages"}],"about":[{"href":"https:\/\/oenobiol.com\/pt_pt\/wp-json\/wp\/v2\/types\/page"}],"author":[{"embeddable":true,"href":"https:\/\/oenobiol.com\/pt_pt\/wp-json\/wp\/v2\/users\/1"}],"replies":[{"embeddable":true,"href":"https:\/\/oenobiol.com\/pt_pt\/wp-json\/wp\/v2\/comments?post=13371"}],"version-history":[{"count":1,"href":"https:\/\/oenobiol.com\/pt_pt\/wp-json\/wp\/v2\/pages\/13371\/revisions"}],"predecessor-version":[{"id":15901,"href":"https:\/\/oenobiol.com\/pt_pt\/wp-json\/wp\/v2\/pages\/13371\/revisions\/15901"}],"wp:attachment":[{"href":"https:\/\/oenobiol.com\/pt_pt\/wp-json\/wp\/v2\/media?parent=13371"}],"curies":[{"name":"wp","href":"https:\/\/api.w.org\/{rel}","templated":true}]}}