{"id":13428,"date":"2024-04-04T12:17:41","date_gmt":"2024-04-04T10:17:41","guid":{"rendered":"https:\/\/oenobiol.com\/produits\/perfect-bronze-autobronzant\/"},"modified":"2024-09-03T15:19:44","modified_gmt":"2024-09-03T13:19:44","slug":"perfect-bronze-autobronceador-intenso","status":"publish","type":"product","link":"https:\/\/oenobiol.com\/pt_pt\/produtos\/perfect-bronze-autobronceador-intenso\/","title":{"rendered":"Perfect Bronze autobronceador intenso"},"content":{"rendered":"<p>Uma pele bronzeada durante todo o ano com Oenobiol Autobronzeador Intenso gra\u00e7as \u00e0 sua f\u00f3rmula exclusiva e efic\u00e1cia comprovada desde o primeiro m\u00eas\u00b9<\/p>\n","protected":false},"excerpt":{"rendered":"<p>Para um bronzeado sem sol<\/p>\n","protected":false},"featured_media":15241,"template":"","meta":{"_acf_changed":false,"inline_featured_image":false},"class_list":["post-13428","product","type-product","status-publish","has-post-thumbnail","hentry","product_category-autobronzeadores","product_tag-eficaz-desde-o-1o-mes"],"acf":[],"yoast_head":"<!-- This site is optimized with the Yoast SEO plugin v27.0 - https:\/\/yoast.com\/product\/yoast-seo-wordpress\/ -->\n<title>Perfect Bronze autobronceador intenso - OENOBIOL<\/title>\n<meta name=\"description\" content=\"Perfect Bronze Autobronceador Intenso da Oenobiol: bronzeado dourado o ano todo com pigmentos naturais para peles normais.\" \/>\n<meta name=\"robots\" content=\"index, follow, max-snippet:-1, max-image-preview:large, max-video-preview:-1\" \/>\n<link rel=\"canonical\" href=\"https:\/\/oenobiol.com\/pt_pt\/produtos\/perfect-bronze-autobronceador-intenso\/\" \/>\n<meta property=\"og:locale\" content=\"pt_PT\" \/>\n<meta property=\"og:type\" content=\"article\" \/>\n<meta property=\"og:title\" content=\"Perfect Bronze autobronceador intenso - OENOBIOL\" \/>\n<meta property=\"og:description\" content=\"Perfect Bronze Autobronceador Intenso da Oenobiol: bronzeado dourado o ano todo com pigmentos naturais para peles normais.\" \/>\n<meta property=\"og:url\" content=\"https:\/\/oenobiol.com\/pt_pt\/produtos\/perfect-bronze-autobronceador-intenso\/\" \/>\n<meta property=\"og:site_name\" content=\"Oenobiol\" \/>\n<meta property=\"article:modified_time\" content=\"2024-09-03T13:19:44+00:00\" \/>\n<meta property=\"og:image\" content=\"https:\/\/oenobiol.com\/app\/uploads\/2024\/04\/packshot-produit-350x350px-autobronceador.png\" \/>\n\t<meta property=\"og:image:width\" content=\"350\" \/>\n\t<meta property=\"og:image:height\" content=\"350\" \/>\n\t<meta property=\"og:image:type\" content=\"image\/png\" \/>\n<meta name=\"twitter:card\" content=\"summary_large_image\" \/>\n<meta name=\"twitter:label1\" content=\"Est. reading time\" \/>\n\t<meta name=\"twitter:data1\" content=\"1 minute\" \/>\n<script type=\"application\/ld+json\" class=\"yoast-schema-graph\">{\"@context\":\"https:\/\/schema.org\",\"@graph\":[{\"@type\":\"WebPage\",\"@id\":\"https:\/\/oenobiol.com\/pt_pt\/produtos\/perfect-bronze-autobronceador-intenso\/\",\"url\":\"https:\/\/oenobiol.com\/pt_pt\/produtos\/perfect-bronze-autobronceador-intenso\/\",\"name\":\"Perfect Bronze autobronceador intenso - OENOBIOL\",\"isPartOf\":{\"@id\":\"https:\/\/oenobiol.com\/pt_pt\/#website\"},\"primaryImageOfPage\":{\"@id\":\"https:\/\/oenobiol.com\/pt_pt\/produtos\/perfect-bronze-autobronceador-intenso\/#primaryimage\"},\"image\":{\"@id\":\"https:\/\/oenobiol.com\/pt_pt\/produtos\/perfect-bronze-autobronceador-intenso\/#primaryimage\"},\"thumbnailUrl\":\"https:\/\/oenobiol.com\/app\/uploads\/2024\/04\/packshot-produit-350x350px-autobronceador.png\",\"datePublished\":\"2024-04-04T10:17:41+00:00\",\"dateModified\":\"2024-09-03T13:19:44+00:00\",\"description\":\"Perfect Bronze Autobronceador Intenso da Oenobiol: bronzeado dourado o ano todo com pigmentos naturais para peles normais.\",\"breadcrumb\":{\"@id\":\"https:\/\/oenobiol.com\/pt_pt\/produtos\/perfect-bronze-autobronceador-intenso\/#breadcrumb\"},\"inLanguage\":\"pt-PT-\",\"potentialAction\":[{\"@type\":\"ReadAction\",\"target\":[\"https:\/\/oenobiol.com\/pt_pt\/produtos\/perfect-bronze-autobronceador-intenso\/\"]}]},{\"@type\":\"ImageObject\",\"inLanguage\":\"pt-PT-\",\"@id\":\"https:\/\/oenobiol.com\/pt_pt\/produtos\/perfect-bronze-autobronceador-intenso\/#primaryimage\",\"url\":\"https:\/\/oenobiol.com\/app\/uploads\/2024\/04\/packshot-produit-350x350px-autobronceador.png\",\"contentUrl\":\"https:\/\/oenobiol.com\/app\/uploads\/2024\/04\/packshot-produit-350x350px-autobronceador.png\",\"width\":350,\"height\":350,\"caption\":\"Perfect Bronze autobronceador - packshot\"},{\"@type\":\"BreadcrumbList\",\"@id\":\"https:\/\/oenobiol.com\/pt_pt\/produtos\/perfect-bronze-autobronceador-intenso\/#breadcrumb\",\"itemListElement\":[{\"@type\":\"ListItem\",\"position\":1,\"name\":\"Homepage\",\"item\":\"https:\/\/oenobiol.com\/pt_pt\/\"},{\"@type\":\"ListItem\",\"position\":2,\"name\":\"Autobronzeadores\",\"item\":\"https:\/\/oenobiol.com\/pt_pt\/gammes\/autobronzeadores\/\"},{\"@type\":\"ListItem\",\"position\":3,\"name\":\"Perfect Bronze autobronceador intenso\"}]},{\"@type\":\"WebSite\",\"@id\":\"https:\/\/oenobiol.com\/pt_pt\/#website\",\"url\":\"https:\/\/oenobiol.com\/pt_pt\/\",\"name\":\"Oenobiol\",\"description\":\"\",\"publisher\":{\"@id\":\"https:\/\/oenobiol.com\/pt_pt\/#organization\"},\"potentialAction\":[{\"@type\":\"SearchAction\",\"target\":{\"@type\":\"EntryPoint\",\"urlTemplate\":\"https:\/\/oenobiol.com\/pt_pt\/?s={search_term_string}\"},\"query-input\":{\"@type\":\"PropertyValueSpecification\",\"valueRequired\":true,\"valueName\":\"search_term_string\"}}],\"inLanguage\":\"pt-PT-\"},{\"@type\":\"Organization\",\"@id\":\"https:\/\/oenobiol.com\/pt_pt\/#organization\",\"name\":\"Oenobiol\",\"url\":\"https:\/\/oenobiol.com\/pt_pt\/\",\"logo\":{\"@type\":\"ImageObject\",\"inLanguage\":\"pt-PT-\",\"@id\":\"https:\/\/oenobiol.com\/pt_pt\/#\/schema\/logo\/image\/\",\"url\":\"https:\/\/oenobiol.com\/app\/uploads\/2024\/05\/logo-baseline-2-1.svg\",\"contentUrl\":\"https:\/\/oenobiol.com\/app\/uploads\/2024\/05\/logo-baseline-2-1.svg\",\"width\":131,\"height\":41,\"caption\":\"Oenobiol\"},\"image\":{\"@id\":\"https:\/\/oenobiol.com\/pt_pt\/#\/schema\/logo\/image\/\"}}]}<\/script>\n<!-- \/ Yoast SEO plugin. -->","yoast_head_json":{"title":"Perfect Bronze autobronceador intenso - OENOBIOL","description":"Perfect Bronze Autobronceador Intenso da Oenobiol: bronzeado dourado o ano todo com pigmentos naturais para peles normais.","robots":{"index":"index","follow":"follow","max-snippet":"max-snippet:-1","max-image-preview":"max-image-preview:large","max-video-preview":"max-video-preview:-1"},"canonical":"https:\/\/oenobiol.com\/pt_pt\/produtos\/perfect-bronze-autobronceador-intenso\/","og_locale":"pt_PT","og_type":"article","og_title":"Perfect Bronze autobronceador intenso - OENOBIOL","og_description":"Perfect Bronze Autobronceador Intenso da Oenobiol: bronzeado dourado o ano todo com pigmentos naturais para peles normais.","og_url":"https:\/\/oenobiol.com\/pt_pt\/produtos\/perfect-bronze-autobronceador-intenso\/","og_site_name":"Oenobiol","article_modified_time":"2024-09-03T13:19:44+00:00","og_image":[{"width":350,"height":350,"url":"https:\/\/oenobiol.com\/app\/uploads\/2024\/04\/packshot-produit-350x350px-autobronceador.png","type":"image\/png"}],"twitter_card":"summary_large_image","twitter_misc":{"Est. reading time":"1 minute"},"schema":{"@context":"https:\/\/schema.org","@graph":[{"@type":"WebPage","@id":"https:\/\/oenobiol.com\/pt_pt\/produtos\/perfect-bronze-autobronceador-intenso\/","url":"https:\/\/oenobiol.com\/pt_pt\/produtos\/perfect-bronze-autobronceador-intenso\/","name":"Perfect Bronze autobronceador intenso - OENOBIOL","isPartOf":{"@id":"https:\/\/oenobiol.com\/pt_pt\/#website"},"primaryImageOfPage":{"@id":"https:\/\/oenobiol.com\/pt_pt\/produtos\/perfect-bronze-autobronceador-intenso\/#primaryimage"},"image":{"@id":"https:\/\/oenobiol.com\/pt_pt\/produtos\/perfect-bronze-autobronceador-intenso\/#primaryimage"},"thumbnailUrl":"https:\/\/oenobiol.com\/app\/uploads\/2024\/04\/packshot-produit-350x350px-autobronceador.png","datePublished":"2024-04-04T10:17:41+00:00","dateModified":"2024-09-03T13:19:44+00:00","description":"Perfect Bronze Autobronceador Intenso da Oenobiol: bronzeado dourado o ano todo com pigmentos naturais para peles normais.","breadcrumb":{"@id":"https:\/\/oenobiol.com\/pt_pt\/produtos\/perfect-bronze-autobronceador-intenso\/#breadcrumb"},"inLanguage":"pt-PT-","potentialAction":[{"@type":"ReadAction","target":["https:\/\/oenobiol.com\/pt_pt\/produtos\/perfect-bronze-autobronceador-intenso\/"]}]},{"@type":"ImageObject","inLanguage":"pt-PT-","@id":"https:\/\/oenobiol.com\/pt_pt\/produtos\/perfect-bronze-autobronceador-intenso\/#primaryimage","url":"https:\/\/oenobiol.com\/app\/uploads\/2024\/04\/packshot-produit-350x350px-autobronceador.png","contentUrl":"https:\/\/oenobiol.com\/app\/uploads\/2024\/04\/packshot-produit-350x350px-autobronceador.png","width":350,"height":350,"caption":"Perfect Bronze autobronceador - packshot"},{"@type":"BreadcrumbList","@id":"https:\/\/oenobiol.com\/pt_pt\/produtos\/perfect-bronze-autobronceador-intenso\/#breadcrumb","itemListElement":[{"@type":"ListItem","position":1,"name":"Homepage","item":"https:\/\/oenobiol.com\/pt_pt\/"},{"@type":"ListItem","position":2,"name":"Autobronzeadores","item":"https:\/\/oenobiol.com\/pt_pt\/gammes\/autobronzeadores\/"},{"@type":"ListItem","position":3,"name":"Perfect Bronze autobronceador intenso"}]},{"@type":"WebSite","@id":"https:\/\/oenobiol.com\/pt_pt\/#website","url":"https:\/\/oenobiol.com\/pt_pt\/","name":"Oenobiol","description":"","publisher":{"@id":"https:\/\/oenobiol.com\/pt_pt\/#organization"},"potentialAction":[{"@type":"SearchAction","target":{"@type":"EntryPoint","urlTemplate":"https:\/\/oenobiol.com\/pt_pt\/?s={search_term_string}"},"query-input":{"@type":"PropertyValueSpecification","valueRequired":true,"valueName":"search_term_string"}}],"inLanguage":"pt-PT-"},{"@type":"Organization","@id":"https:\/\/oenobiol.com\/pt_pt\/#organization","name":"Oenobiol","url":"https:\/\/oenobiol.com\/pt_pt\/","logo":{"@type":"ImageObject","inLanguage":"pt-PT-","@id":"https:\/\/oenobiol.com\/pt_pt\/#\/schema\/logo\/image\/","url":"https:\/\/oenobiol.com\/app\/uploads\/2024\/05\/logo-baseline-2-1.svg","contentUrl":"https:\/\/oenobiol.com\/app\/uploads\/2024\/05\/logo-baseline-2-1.svg","width":131,"height":41,"caption":"Oenobiol"},"image":{"@id":"https:\/\/oenobiol.com\/pt_pt\/#\/schema\/logo\/image\/"}}]}},"_links":{"self":[{"href":"https:\/\/oenobiol.com\/pt_pt\/wp-json\/wp\/v2\/product\/13428","targetHints":{"allow":["GET"]}}],"collection":[{"href":"https:\/\/oenobiol.com\/pt_pt\/wp-json\/wp\/v2\/product"}],"about":[{"href":"https:\/\/oenobiol.com\/pt_pt\/wp-json\/wp\/v2\/types\/product"}],"wp:featuredmedia":[{"embeddable":true,"href":"https:\/\/oenobiol.com\/pt_pt\/wp-json\/wp\/v2\/media\/15241"}],"wp:attachment":[{"href":"https:\/\/oenobiol.com\/pt_pt\/wp-json\/wp\/v2\/media?parent=13428"}],"curies":[{"name":"wp","href":"https:\/\/api.w.org\/{rel}","templated":true}]}}